{"id":997,"date":"2023-04-18T08:18:02","date_gmt":"2023-04-18T08:18:02","guid":{"rendered":"https:\/\/demo.gdjiexun.cn\/?post_type=product&#038;p=997"},"modified":"2023-06-05T03:14:49","modified_gmt":"2023-06-05T03:14:49","slug":"kx-p014-odm-plastic-handle-flatware-sets-manufacturers-in-china","status":"publish","type":"product","link":"https:\/\/www.gdkaixuan.com\/tr\/urun\/kx-p014-odm-plastic-handle-flatware-sets-manufacturers-in-china\/","title":{"rendered":"\u00c7in'de KX-P014 ODM plastik sapl\u0131 sofra tak\u0131m\u0131 setleri \u00fcreticileri"},"content":{"rendered":"<p><img fetchpriority=\"high\" decoding=\"async\" class=\"aligncenter size-full wp-image-998\" src=\"http:\/\/demo.gdjiexun.cn\/wp-content\/uploads\/2023\/04\/Kaixuan-cutlery-KX-P014-1.jpg\" alt=\"\" width=\"700\" height=\"700\" srcset=\"https:\/\/www.gdkaixuan.com\/wp-content\/uploads\/2023\/04\/Kaixuan-cutlery-KX-P014-1.jpg 700w, https:\/\/www.gdkaixuan.com\/wp-content\/uploads\/2023\/04\/Kaixuan-cutlery-KX-P014-1-600x600.jpg 600w, https:\/\/www.gdkaixuan.com\/wp-content\/uploads\/2023\/04\/Kaixuan-cutlery-KX-P014-1-100x100.jpg 100w, https:\/\/www.gdkaixuan.com\/wp-content\/uploads\/2023\/04\/Kaixuan-cutlery-KX-P014-1-500x500.jpg 500w\" sizes=\"(max-width: 700px) 100vw, 700px\" \/><\/p>\n<h5 style=\"color: #0f4087;\">\u25b8 \u00dcR\u00dcN PARAMETRELERI<\/h5>\n<table style=\"height: 107px; width: 100%; border-collapse: collapse; border-style: solid; border-color: #dddddd;\" border=\"1\">\n<tbody>\n<tr style=\"height: 24px;\">\n<td style=\"width: 17.1956%; height: 24px; border: 1px solid #dddddd; background-color: #f2f2f2;\">\u00dcr\u00fcn No:<\/td>\n<td style=\"width: 16.6707%; height: 24px; border: 1px solid #dddddd; background-color: #f2f2f2;\">\u0130sim<\/td>\n<td style=\"width: 15.654%; height: 24px; border: 1px solid #dddddd; background-color: #f2f2f2;\">Uzunluk (mm)<\/td>\n<td style=\"width: 16.8075%; height: 24px; border: 1px solid #dddddd; background-color: #f2f2f2;\">Geni\u015flik (mm)<\/td>\n<td style=\"width: 16.5862%; border: 1px solid #dddddd; background-color: #f2f2f2; height: 24px;\">Kal\u0131nl\u0131k (mm)<\/td>\n<td style=\"width: 17.086%; height: 24px; border: 1px solid #dddddd; background-color: #f2f2f2;\">A\u011f\u0131rl\u0131k (g)<\/td>\n<\/tr>\n<tr style=\"height: 24px;\">\n<td style=\"width: 17.1956%; height: 83px; border: 1px solid #dddddd; vertical-align: middle;\" rowspan=\"4\">KX-P014<\/td>\n<td style=\"width: 16.6707%; height: 25px; border: 1px solid #dddddd;\">Masa b\u0131\u00e7a\u011f\u0131<\/td>\n<td style=\"width: 15.654%; height: 25px; border: 1px solid #dddddd;\">211<\/td>\n<td style=\"width: 16.8075%; height: 25px; border: 1px solid #dddddd;\">15<\/td>\n<td style=\"width: 16.5862%; border: 1px solid #dddddd; height: 25px;\">1.5<\/td>\n<td style=\"width: 17.086%; height: 25px; border: 1px solid #dddddd;\">21.4<\/td>\n<\/tr>\n<tr style=\"height: 24px;\">\n<td style=\"width: 16.6707%; height: 23px; border: 1px solid #dddddd;\">Masa \u00e7atal\u0131<\/td>\n<td style=\"width: 15.654%; height: 23px; border: 1px solid #dddddd;\">189<\/td>\n<td style=\"width: 16.8075%; height: 23px; border: 1px solid #dddddd;\">99<\/td>\n<td style=\"width: 16.5862%; border: 1px solid #dddddd; height: 23px;\">1.5<\/td>\n<td style=\"width: 17.086%; height: 23px; border: 1px solid #dddddd;\">23.8<\/td>\n<\/tr>\n<tr style=\"height: 24px;\">\n<td style=\"width: 16.6707%; height: 25px; border: 1px solid #dddddd;\">Masa ka\u015f\u0131\u011f\u0131<\/td>\n<td style=\"width: 15.654%; height: 25px; border: 1px solid #dddddd;\">186<\/td>\n<td style=\"width: 16.8075%; height: 25px; border: 1px solid #dddddd;\">40<\/td>\n<td style=\"width: 16.5862%; border: 1px solid #dddddd; height: 25px;\">1.5<\/td>\n<td style=\"width: 17.086%; height: 25px; border: 1px solid #dddddd;\">26.6<\/td>\n<\/tr>\n<tr style=\"height: 41px;\">\n<td style=\"width: 16.6707%; border: 1px solid #dddddd; height: 10px;\">\u00c7ay ka\u015f\u0131\u011f\u0131<\/td>\n<td style=\"width: 15.654%; border: 1px solid #dddddd; height: 10px;\">136<\/td>\n<td style=\"width: 16.8075%; border: 1px solid #dddddd; height: 10px;\">28<\/td>\n<td style=\"width: 16.5862%; border: 1px solid #dddddd; height: 10px;\">1.5<\/td>\n<td style=\"width: 17.086%; border: 1px solid #dddddd; height: 10px;\">13.5<\/td>\n<\/tr>\n<\/tbody>\n<\/table>\n<p>&nbsp;<\/p>","protected":false},"excerpt":{"rendered":"<p>\u00dcR\u00dcN PARAMETRELER\u0130 \u00dcr\u00fcn No: Ad\u0131 Uzunluk (mm) Geni\u015flik (mm) Kal\u0131nl\u0131k (mm) A\u011f\u0131rl\u0131k (g) KX-P014 Sofra b\u0131\u00e7a\u011f\u0131 211 15 1,5 21,4 Sofra \u00e7atal\u0131 189 99 1,5 23,8 Sofra ka\u015f\u0131\u011f\u0131 186 40 1,5 26,6 \u00c7ay ka\u015f\u0131\u011f\u0131 136 28 1,5 13,5 &nbsp;<\/p>","protected":false},"featured_media":998,"template":"","meta":{"_seopress_robots_primary_cat":"none","_seopress_titles_title":"","_seopress_titles_desc":"","_seopress_robots_index":""},"product_cat":[18],"product_tag":[],"_links":{"self":[{"href":"https:\/\/www.gdkaixuan.com\/tr\/wp-json\/wp\/v2\/product\/997"}],"collection":[{"href":"https:\/\/www.gdkaixuan.com\/tr\/wp-json\/wp\/v2\/product"}],"about":[{"href":"https:\/\/www.gdkaixuan.com\/tr\/wp-json\/wp\/v2\/types\/product"}],"wp:featuredmedia":[{"embeddable":true,"href":"https:\/\/www.gdkaixuan.com\/tr\/wp-json\/wp\/v2\/media\/998"}],"wp:attachment":[{"href":"https:\/\/www.gdkaixuan.com\/tr\/wp-json\/wp\/v2\/media?parent=997"}],"wp:term":[{"taxonomy":"product_cat","embeddable":true,"href":"https:\/\/www.gdkaixuan.com\/tr\/wp-json\/wp\/v2\/product_cat?post=997"},{"taxonomy":"product_tag","embeddable":true,"href":"https:\/\/www.gdkaixuan.com\/tr\/wp-json\/wp\/v2\/product_tag?post=997"}],"curies":[{"name":"wp","href":"https:\/\/api.w.org\/{rel}","templated":true}]}}