{"id":952,"date":"2023-04-18T03:37:26","date_gmt":"2023-04-18T03:37:26","guid":{"rendered":"https:\/\/demo.gdjiexun.cn\/?post_type=product&#038;p=952"},"modified":"2023-04-18T07:05:53","modified_gmt":"2023-04-18T07:05:53","slug":"kx-s907-wholesale-stainless-steel-flatware-sets-suppliers-in-china","status":"publish","type":"product","link":"https:\/\/www.gdkaixuan.com\/tr\/urun\/kx-s907-wholesale-stainless-steel-flatware-sets-suppliers-in-china\/","title":{"rendered":"\u00c7in'de KX-S907 toptan paslanmaz \u00e7elik sofra tak\u0131m\u0131 setleri tedarik\u00e7ileri"},"content":{"rendered":"<p><img fetchpriority=\"high\" decoding=\"async\" class=\"aligncenter size-full wp-image-953\" src=\"http:\/\/demo.gdjiexun.cn\/wp-content\/uploads\/2023\/04\/Kaixuan-cutlery-KX-S907.jpg\" alt=\"\" width=\"700\" height=\"700\" srcset=\"https:\/\/www.gdkaixuan.com\/wp-content\/uploads\/2023\/04\/Kaixuan-cutlery-KX-S907.jpg 700w, https:\/\/www.gdkaixuan.com\/wp-content\/uploads\/2023\/04\/Kaixuan-cutlery-KX-S907-600x600.jpg 600w, https:\/\/www.gdkaixuan.com\/wp-content\/uploads\/2023\/04\/Kaixuan-cutlery-KX-S907-100x100.jpg 100w, https:\/\/www.gdkaixuan.com\/wp-content\/uploads\/2023\/04\/Kaixuan-cutlery-KX-S907-500x500.jpg 500w\" sizes=\"(max-width: 700px) 100vw, 700px\" \/><\/p>\n<h5 style=\"color: #0f4087;\">\u25b8 \u00dcR\u00dcN PARAMETRELERI<\/h5>\n<table style=\"height: 864px; width: 96.6268%; border-collapse: collapse; border-style: solid; border-color: #dddddd;\" border=\"1\">\n<tbody>\n<tr style=\"height: 24px;\">\n<td style=\"width: 17.1956%; height: 24px; border: 1px solid #dddddd; background-color: #f2f2f2;\">\u00dcr\u00fcn No:<\/td>\n<td style=\"width: 17.4606%; height: 24px; border: 1px solid #dddddd; background-color: #f2f2f2;\">\u0130sim<\/td>\n<td style=\"width: 14.8641%; height: 24px; border: 1px solid #dddddd; background-color: #f2f2f2;\">Uzunluk (mm)<\/td>\n<td style=\"width: 16.8075%; height: 24px; border: 1px solid #dddddd; background-color: #f2f2f2;\">Geni\u015flik (mm)<\/td>\n<td style=\"width: 16.5862%; border: 1px solid #dddddd; background-color: #f2f2f2; height: 24px;\">Kal\u0131nl\u0131k (mm)<\/td>\n<td style=\"width: 17.086%; height: 24px; border: 1px solid #dddddd; background-color: #f2f2f2;\">A\u011f\u0131rl\u0131k (g)<\/td>\n<\/tr>\n<tr style=\"height: 24px;\">\n<td style=\"width: 17.1956%; height: 840px; border: 1px solid #dddddd; vertical-align: middle;\" rowspan=\"23\">KX-S907<\/td>\n<td style=\"width: 17.4606%; border: 1px solid #dddddd; height: 14px;\">Biftek b\u0131\u00e7a\u011f\u0131<\/td>\n<td style=\"width: 14.8641%; border: 1px solid #dddddd; height: 14px;\">225<\/td>\n<td style=\"width: 16.8075%; border: 1px solid #dddddd; height: 14px;\">20<\/td>\n<td style=\"width: 16.5862%; border: 1px solid #dddddd; height: 14px;\">6<\/td>\n<td style=\"width: 17.086%; border: 1px solid #dddddd; height: 14px;\">82<\/td>\n<\/tr>\n<tr style=\"height: 24px;\">\n<td style=\"width: 17.4606%; border: 1px solid #dddddd; height: 24px;\">Yemek b\u0131\u00e7a\u011f\u0131<\/td>\n<td style=\"width: 14.8641%; border: 1px solid #dddddd; height: 24px;\">226<\/td>\n<td style=\"width: 16.8075%; border: 1px solid #dddddd; height: 24px;\">18<\/td>\n<td style=\"width: 16.5862%; border: 1px solid #dddddd; height: 24px;\">6<\/td>\n<td style=\"width: 17.086%; border: 1px solid #dddddd; height: 24px;\">84<\/td>\n<\/tr>\n<tr style=\"height: 24px;\">\n<td style=\"width: 17.4606%; border: 1px solid #dddddd; height: 27px;\">Yemek \u00e7atal\u0131<\/td>\n<td style=\"width: 14.8641%; border: 1px solid #dddddd; height: 27px;\">200<\/td>\n<td style=\"width: 16.8075%; border: 1px solid #dddddd; height: 27px;\">25<\/td>\n<td style=\"width: 16.5862%; border: 1px solid #dddddd; height: 27px;\">2.2<\/td>\n<td style=\"width: 17.086%; border: 1px solid #dddddd; height: 27px;\">36.5<\/td>\n<\/tr>\n<tr style=\"height: 24px;\">\n<td style=\"width: 17.4606%; border: 1px solid #dddddd; height: 24px;\">Yemek ka\u015f\u0131\u011f\u0131<\/td>\n<td style=\"width: 14.8641%; border: 1px solid #dddddd; height: 24px;\">199<\/td>\n<td style=\"width: 16.8075%; border: 1px solid #dddddd; height: 24px;\">44<\/td>\n<td style=\"width: 16.5862%; border: 1px solid #dddddd; height: 24px;\">2.2<\/td>\n<td style=\"width: 17.086%; border: 1px solid #dddddd; height: 24px;\">46.8<\/td>\n<\/tr>\n<tr style=\"height: 24px;\">\n<td style=\"width: 17.4606%; border: 1px solid #dddddd; height: 24px;\">\u00c7ay ka\u015f\u0131\u011f\u0131<\/td>\n<td style=\"width: 14.8641%; border: 1px solid #dddddd; height: 24px;\">150<\/td>\n<td style=\"width: 16.8075%; border: 1px solid #dddddd; height: 24px;\">31<\/td>\n<td style=\"width: 16.5862%; border: 1px solid #dddddd; height: 24px;\">1.8<\/td>\n<td style=\"width: 17.086%; border: 1px solid #dddddd; height: 24px;\">22<\/td>\n<\/tr>\n<tr style=\"height: 24px;\">\n<td style=\"width: 17.4606%; border: 1px solid #dddddd; height: 24px;\">Pasta \u00e7atal\u0131<\/td>\n<td style=\"width: 14.8641%; border: 1px solid #dddddd; height: 24px;\">151<\/td>\n<td style=\"width: 16.8075%; border: 1px solid #dddddd; height: 24px;\">20<\/td>\n<td style=\"width: 16.5862%; border: 1px solid #dddddd; height: 24px;\">1.8<\/td>\n<td style=\"width: 17.086%; border: 1px solid #dddddd; height: 24px;\">17.2<\/td>\n<\/tr>\n<tr style=\"height: 24px;\">\n<td style=\"width: 17.4606%; border: 1px solid #dddddd; height: 24px;\">Kahve ka\u015f\u0131\u011f\u0131<\/td>\n<td style=\"width: 14.8641%; border: 1px solid #dddddd; height: 24px;\">125<\/td>\n<td style=\"width: 16.8075%; border: 1px solid #dddddd; height: 24px;\">25<\/td>\n<td style=\"width: 16.5862%; border: 1px solid #dddddd; height: 24px;\">1.5<\/td>\n<td style=\"width: 17.086%; border: 1px solid #dddddd; height: 24px;\">13<\/td>\n<\/tr>\n<tr style=\"height: 24px;\">\n<td style=\"width: 17.4606%; border: 1px solid #dddddd; height: 24px;\">Tatl\u0131 b\u0131\u00e7a\u011f\u0131<\/td>\n<td style=\"width: 14.8641%; border: 1px solid #dddddd; height: 24px;\">195<\/td>\n<td style=\"width: 16.8075%; border: 1px solid #dddddd; height: 24px;\">16<\/td>\n<td style=\"width: 16.5862%; border: 1px solid #dddddd; height: 24px;\">5<\/td>\n<td style=\"width: 17.086%; border: 1px solid #dddddd; height: 24px;\">55.2<\/td>\n<\/tr>\n<tr style=\"height: 48px;\">\n<td style=\"width: 17.4606%; border: 1px solid #dddddd; height: 48px;\">Tatl\u0131 \u00e7atal\u0131<\/td>\n<td style=\"width: 14.8641%; border: 1px solid #dddddd; height: 48px;\">174<\/td>\n<td style=\"width: 16.8075%; border: 1px solid #dddddd; height: 48px;\">23<\/td>\n<td style=\"width: 16.5862%; border: 1px solid #dddddd; height: 48px;\">2.2<\/td>\n<td style=\"width: 17.086%; border: 1px solid #dddddd; height: 48px;\">28.5<\/td>\n<\/tr>\n<tr style=\"height: 48px;\">\n<td style=\"width: 17.4606%; border: 1px solid #dddddd; height: 48px;\">\u015eeker ka\u015f\u0131\u011f\u0131<\/td>\n<td style=\"width: 14.8641%; border: 1px solid #dddddd; height: 48px;\">145<\/td>\n<td style=\"width: 16.8075%; border: 1px solid #dddddd; height: 48px;\">29<\/td>\n<td style=\"width: 16.5862%; border: 1px solid #dddddd; height: 48px;\">1.8<\/td>\n<td style=\"width: 17.086%; border: 1px solid #dddddd; height: 48px;\">21<\/td>\n<\/tr>\n<tr style=\"height: 48px;\">\n<td style=\"width: 17.4606%; border: 1px solid #dddddd; height: 48px;\">Buz ka\u015f\u0131\u011f\u0131<\/td>\n<td style=\"width: 14.8641%; border: 1px solid #dddddd; height: 48px;\">206<\/td>\n<td style=\"width: 16.8075%; border: 1px solid #dddddd; height: 48px;\">28<\/td>\n<td style=\"width: 16.5862%; border: 1px solid #dddddd; height: 48px;\">1.8<\/td>\n<td style=\"width: 17.086%; border: 1px solid #dddddd; height: 48px;\">25<\/td>\n<\/tr>\n<tr style=\"height: 48px;\">\n<td style=\"width: 17.4606%; border: 1px solid #dddddd; height: 48px;\">Bal\u0131k b\u0131\u00e7a\u011f\u0131<\/td>\n<td style=\"width: 14.8641%; border: 1px solid #dddddd; height: 48px;\">212<\/td>\n<td style=\"width: 16.8075%; border: 1px solid #dddddd; height: 48px;\">21<\/td>\n<td style=\"width: 16.5862%; border: 1px solid #dddddd; height: 48px;\">2.2<\/td>\n<td style=\"width: 17.086%; border: 1px solid #dddddd; height: 48px;\">34<\/td>\n<\/tr>\n<tr style=\"height: 48px;\">\n<td style=\"width: 17.4606%; border: 1px solid #dddddd; height: 48px;\">Bal\u0131k \u00e7atal\u0131<\/td>\n<td style=\"width: 14.8641%; border: 1px solid #dddddd; height: 48px;\">190<\/td>\n<td style=\"width: 16.8075%; border: 1px solid #dddddd; height: 48px;\">26<\/td>\n<td style=\"width: 16.5862%; border: 1px solid #dddddd; height: 48px;\">2.2<\/td>\n<td style=\"width: 17.086%; border: 1px solid #dddddd; height: 48px;\">30<\/td>\n<\/tr>\n<tr style=\"height: 48px;\">\n<td style=\"width: 17.4606%; border: 1px solid #dddddd; height: 48px;\">Tereya\u011f\u0131 b\u0131\u00e7a\u011f\u0131<\/td>\n<td style=\"width: 14.8641%; border: 1px solid #dddddd; height: 48px;\">166<\/td>\n<td style=\"width: 16.8075%; border: 1px solid #dddddd; height: 48px;\">19<\/td>\n<td style=\"width: 16.5862%; border: 1px solid #dddddd; height: 48px;\">1.8<\/td>\n<td style=\"width: 17.086%; border: 1px solid #dddddd; height: 48px;\">20<\/td>\n<\/tr>\n<tr style=\"height: 48px;\">\n<td style=\"width: 17.4606%; border: 1px solid #dddddd; height: 48px;\">\u0130stiridye \u00e7atal\u0131<\/td>\n<td style=\"width: 14.8641%; border: 1px solid #dddddd; height: 48px;\">136<\/td>\n<td style=\"width: 16.8075%; border: 1px solid #dddddd; height: 48px;\">11<\/td>\n<td style=\"width: 16.5862%; border: 1px solid #dddddd; height: 48px;\">1.5<\/td>\n<td style=\"width: 17.086%; border: 1px solid #dddddd; height: 48px;\">10.2<\/td>\n<\/tr>\n<tr style=\"height: 48px;\">\n<td style=\"width: 17.4606%; border: 1px solid #dddddd; height: 48px;\">Salata \u00e7atal\u0131<\/td>\n<td style=\"width: 14.8641%; border: 1px solid #dddddd; height: 48px;\">211<\/td>\n<td style=\"width: 16.8075%; border: 1px solid #dddddd; height: 48px;\">47<\/td>\n<td style=\"width: 16.5862%; border: 1px solid #dddddd; height: 48px;\">2.3<\/td>\n<td style=\"width: 17.086%; border: 1px solid #dddddd; height: 48px;\">48<\/td>\n<\/tr>\n<tr style=\"height: 48px;\">\n<td style=\"width: 17.4606%; border: 1px solid #dddddd; height: 48px;\">Salata ka\u015f\u0131\u011f\u0131<\/td>\n<td style=\"width: 14.8641%; border: 1px solid #dddddd; height: 48px;\">212<\/td>\n<td style=\"width: 16.8075%; border: 1px solid #dddddd; height: 48px;\">47<\/td>\n<td style=\"width: 16.5862%; border: 1px solid #dddddd; height: 48px;\">2.2<\/td>\n<td style=\"width: 17.086%; border: 1px solid #dddddd; height: 48px;\">49<\/td>\n<\/tr>\n<tr style=\"height: 48px;\">\n<td style=\"width: 17.4606%; border: 1px solid #dddddd; height: 48px;\">Servis \u00e7atal\u0131<\/td>\n<td style=\"width: 14.8641%; border: 1px solid #dddddd; height: 48px;\">248<\/td>\n<td style=\"width: 16.8075%; border: 1px solid #dddddd; height: 48px;\">41<\/td>\n<td style=\"width: 16.5862%; border: 1px solid #dddddd; height: 48px;\">2.8<\/td>\n<td style=\"width: 17.086%; border: 1px solid #dddddd; height: 48px;\">70<\/td>\n<\/tr>\n<tr style=\"height: 48px;\">\n<td style=\"width: 17.4606%; border: 1px solid #dddddd; height: 48px;\">Servis ka\u015f\u0131\u011f\u0131<\/td>\n<td style=\"width: 14.8641%; border: 1px solid #dddddd; height: 48px;\">248<\/td>\n<td style=\"width: 16.8075%; border: 1px solid #dddddd; height: 48px;\">56<\/td>\n<td style=\"width: 16.5862%; border: 1px solid #dddddd; height: 48px;\">2.8<\/td>\n<td style=\"width: 17.086%; border: 1px solid #dddddd; height: 48px;\">78<\/td>\n<\/tr>\n<tr style=\"height: 41px;\">\n<td style=\"width: 17.4606%; border: 1px solid #dddddd; height: 41px;\">\u00c7orba kep\u00e7esi<\/td>\n<td style=\"width: 14.8641%; border: 1px solid #dddddd; height: 41px;\">186<\/td>\n<td style=\"width: 16.8075%; border: 1px solid #dddddd; height: 41px;\">59<\/td>\n<td style=\"width: 16.5862%; border: 1px solid #dddddd; height: 41px;\">3<\/td>\n<td style=\"width: 17.086%; border: 1px solid #dddddd; height: 41px;\">66.8<\/td>\n<\/tr>\n<tr style=\"height: 38px;\">\n<td style=\"width: 17.4606%; border: 1px solid #dddddd; height: 38px;\">Pasta sunucusu<\/td>\n<td style=\"width: 14.8641%; border: 1px solid #dddddd; height: 38px;\">263<\/td>\n<td style=\"width: 16.8075%; border: 1px solid #dddddd; height: 38px;\">55<\/td>\n<td style=\"width: 16.5862%; border: 1px solid #dddddd; height: 38px;\">2.5<\/td>\n<td style=\"width: 17.086%; border: 1px solid #dddddd; height: 38px;\">79<\/td>\n<\/tr>\n<tr style=\"height: 24px;\">\n<td style=\"width: 17.4606%; border: 1px solid #dddddd; height: 24px;\">Kep\u00e7e<\/td>\n<td style=\"width: 14.8641%; border: 1px solid #dddddd; height: 24px;\">301<\/td>\n<td style=\"width: 16.8075%; border: 1px solid #dddddd; height: 24px;\">89<\/td>\n<td style=\"width: 16.5862%; border: 1px solid #dddddd; height: 24px;\">3<\/td>\n<td style=\"width: 17.086%; border: 1px solid #dddddd; height: 24px;\">145<\/td>\n<\/tr>\n<tr style=\"height: 24px;\">\n<td style=\"width: 17.4606%; border: 1px solid #dddddd; height: 24px;\">Pasta b\u0131\u00e7a\u011f\u0131<\/td>\n<td style=\"width: 14.8641%; border: 1px solid #dddddd; height: 24px;\">284<\/td>\n<td style=\"width: 16.8075%; border: 1px solid #dddddd; height: 24px;\">30<\/td>\n<td style=\"width: 16.5862%; border: 1px solid #dddddd; height: 24px;\">8.1<\/td>\n<td style=\"width: 17.086%; border: 1px solid #dddddd; height: 24px;\">124<\/td>\n<\/tr>\n<\/tbody>\n<\/table>\n<p>&nbsp;<\/p>","protected":false},"excerpt":{"rendered":"<p>\u25b8 PRODUCT PARAMETERS Item No: Name Length(mm) Width(mm) Thickness(mm) Weight(g) KX-S907 Steak knife 225 20 6 82 Dinner knife 226 18 6 84 Dinner fork 200 25 2.2 36.5 Dinner spoon 199 44 2.2 46.8 Tea spoon 150 31 1.8 22 Cake fork 151 20 1.8 17.2 Coffee spoon 125 25 1.5 13 Dessert knife [&hellip;]<\/p>","protected":false},"featured_media":954,"template":"","meta":{"_seopress_robots_primary_cat":"","_seopress_titles_title":"","_seopress_titles_desc":"","_seopress_robots_index":""},"product_cat":[20],"product_tag":[],"_links":{"self":[{"href":"https:\/\/www.gdkaixuan.com\/tr\/wp-json\/wp\/v2\/product\/952"}],"collection":[{"href":"https:\/\/www.gdkaixuan.com\/tr\/wp-json\/wp\/v2\/product"}],"about":[{"href":"https:\/\/www.gdkaixuan.com\/tr\/wp-json\/wp\/v2\/types\/product"}],"wp:featuredmedia":[{"embeddable":true,"href":"https:\/\/www.gdkaixuan.com\/tr\/wp-json\/wp\/v2\/media\/954"}],"wp:attachment":[{"href":"https:\/\/www.gdkaixuan.com\/tr\/wp-json\/wp\/v2\/media?parent=952"}],"wp:term":[{"taxonomy":"product_cat","embeddable":true,"href":"https:\/\/www.gdkaixuan.com\/tr\/wp-json\/wp\/v2\/product_cat?post=952"},{"taxonomy":"product_tag","embeddable":true,"href":"https:\/\/www.gdkaixuan.com\/tr\/wp-json\/wp\/v2\/product_tag?post=952"}],"curies":[{"name":"wp","href":"https:\/\/api.w.org\/{rel}","templated":true}]}}