{"id":946,"date":"2023-04-18T03:31:47","date_gmt":"2023-04-18T03:31:47","guid":{"rendered":"https:\/\/demo.gdjiexun.cn\/?post_type=product&#038;p=946"},"modified":"2023-04-20T03:33:35","modified_gmt":"2023-04-20T03:33:35","slug":"kx-s664-6-custom-stainless-steel-flatware-sets-manufacturers-in-china","status":"publish","type":"product","link":"https:\/\/www.gdkaixuan.com\/tr\/urun\/kx-s664-6-custom-stainless-steel-flatware-sets-manufacturers-in-china\/","title":{"rendered":"\u00c7in'de KX-S664-6 \u00f6zel paslanmaz \u00e7elik sofra tak\u0131m\u0131 setleri \u00fcreticileri"},"content":{"rendered":"<p><img fetchpriority=\"high\" decoding=\"async\" class=\"aligncenter size-full wp-image-948\" src=\"http:\/\/demo.gdjiexun.cn\/wp-content\/uploads\/2023\/04\/Kaixuan-cutlery-KX-S664-6-1.jpg\" alt=\"\" width=\"700\" height=\"466\" srcset=\"https:\/\/www.gdkaixuan.com\/wp-content\/uploads\/2023\/04\/Kaixuan-cutlery-KX-S664-6-1.jpg 700w, https:\/\/www.gdkaixuan.com\/wp-content\/uploads\/2023\/04\/Kaixuan-cutlery-KX-S664-6-1-600x399.jpg 600w\" sizes=\"(max-width: 700px) 100vw, 700px\" \/><\/p>\n<p><img decoding=\"async\" class=\"aligncenter size-full wp-image-949\" src=\"http:\/\/demo.gdjiexun.cn\/wp-content\/uploads\/2023\/04\/Kaixuan-cutlery-KX-S664-6-2.jpg\" alt=\"\" width=\"700\" height=\"466\" srcset=\"https:\/\/www.gdkaixuan.com\/wp-content\/uploads\/2023\/04\/Kaixuan-cutlery-KX-S664-6-2.jpg 700w, https:\/\/www.gdkaixuan.com\/wp-content\/uploads\/2023\/04\/Kaixuan-cutlery-KX-S664-6-2-600x399.jpg 600w\" sizes=\"(max-width: 700px) 100vw, 700px\" \/><\/p>\n<p><img decoding=\"async\" class=\"aligncenter size-full wp-image-950\" src=\"http:\/\/demo.gdjiexun.cn\/wp-content\/uploads\/2023\/04\/Kaixuan-cutlery-KX-S664-6-3.jpg\" alt=\"\" width=\"700\" height=\"466\" srcset=\"https:\/\/www.gdkaixuan.com\/wp-content\/uploads\/2023\/04\/Kaixuan-cutlery-KX-S664-6-3.jpg 700w, https:\/\/www.gdkaixuan.com\/wp-content\/uploads\/2023\/04\/Kaixuan-cutlery-KX-S664-6-3-600x399.jpg 600w\" sizes=\"(max-width: 700px) 100vw, 700px\" \/><\/p>\n<p><img loading=\"lazy\" decoding=\"async\" class=\"aligncenter size-full wp-image-951\" src=\"http:\/\/demo.gdjiexun.cn\/wp-content\/uploads\/2023\/04\/Kaixuan-cutlery-KX-S664-6-4.jpg\" alt=\"\" width=\"700\" height=\"466\" srcset=\"https:\/\/www.gdkaixuan.com\/wp-content\/uploads\/2023\/04\/Kaixuan-cutlery-KX-S664-6-4.jpg 700w, https:\/\/www.gdkaixuan.com\/wp-content\/uploads\/2023\/04\/Kaixuan-cutlery-KX-S664-6-4-600x399.jpg 600w\" sizes=\"(max-width: 700px) 100vw, 700px\" \/><\/p>\n<h5 style=\"color: #0f4087;\">\u25b8 \u00dcR\u00dcN PARAMETRELERI<\/h5>\n<table style=\"height: 185px; width: 96.6268%; border-collapse: collapse; border-style: solid; border-color: #dddddd;\" border=\"1\">\n<tbody>\n<tr style=\"height: 24px;\">\n<td style=\"width: 17.1956%; height: 24px; border: 1px solid #dddddd; background-color: #f2f2f2;\">\u00dcr\u00fcn No:<\/td>\n<td style=\"width: 17.4606%; height: 24px; border: 1px solid #dddddd; background-color: #f2f2f2;\">\u0130sim<\/td>\n<td style=\"width: 14.8641%; height: 24px; border: 1px solid #dddddd; background-color: #f2f2f2;\">Uzunluk (mm)<\/td>\n<td style=\"width: 16.8075%; height: 24px; border: 1px solid #dddddd; background-color: #f2f2f2;\">Geni\u015flik (mm)<\/td>\n<td style=\"width: 16.5862%; border: 1px solid #dddddd; background-color: #f2f2f2; height: 24px;\">Kal\u0131nl\u0131k (mm)<\/td>\n<td style=\"width: 17.086%; height: 24px; border: 1px solid #dddddd; background-color: #f2f2f2;\">A\u011f\u0131rl\u0131k (g)<\/td>\n<\/tr>\n<tr style=\"height: 24px;\">\n<td style=\"width: 17.1956%; height: 161px; border: 1px solid #dddddd; vertical-align: middle;\" rowspan=\"9\">KX-S664-6<\/td>\n<td style=\"width: 17.4606%; border: 1px solid #dddddd; height: 14px;\">Biftek b\u0131\u00e7a\u011f\u0131<\/td>\n<td style=\"width: 14.8641%; border: 1px solid #dddddd; height: 14px;\">220<\/td>\n<td style=\"width: 16.8075%; border: 1px solid #dddddd; height: 14px;\">18<\/td>\n<td style=\"width: 16.5862%; border: 1px solid #dddddd; height: 14px;\">7.8<\/td>\n<td style=\"width: 17.086%; border: 1px solid #dddddd; height: 14px;\">78<\/td>\n<\/tr>\n<tr style=\"height: 24px;\">\n<td style=\"width: 17.4606%; border: 1px solid #dddddd; height: 24px;\">Masa \u00e7atal\u0131<\/td>\n<td style=\"width: 14.8641%; border: 1px solid #dddddd; height: 24px;\">200<\/td>\n<td style=\"width: 16.8075%; border: 1px solid #dddddd; height: 24px;\">26<\/td>\n<td style=\"width: 16.5862%; border: 1px solid #dddddd; height: 24px;\">3<\/td>\n<td style=\"width: 17.086%; border: 1px solid #dddddd; height: 24px;\">45.7<\/td>\n<\/tr>\n<tr style=\"height: 24px;\">\n<td style=\"width: 17.4606%; border: 1px solid #dddddd; height: 27px;\">Masa ka\u015f\u0131\u011f\u0131<\/td>\n<td style=\"width: 14.8641%; border: 1px solid #dddddd; height: 27px;\">203<\/td>\n<td style=\"width: 16.8075%; border: 1px solid #dddddd; height: 27px;\">42<\/td>\n<td style=\"width: 16.5862%; border: 1px solid #dddddd; height: 27px;\">2.8<\/td>\n<td style=\"width: 17.086%; border: 1px solid #dddddd; height: 27px;\">52.2<\/td>\n<\/tr>\n<tr style=\"height: 24px;\">\n<td style=\"width: 17.4606%; border: 1px solid #dddddd; height: 24px;\">Tatl\u0131 ka\u015f\u0131\u011f\u0131<\/td>\n<td style=\"width: 14.8641%; border: 1px solid #dddddd; height: 24px;\">186<\/td>\n<td style=\"width: 16.8075%; border: 1px solid #dddddd; height: 24px;\">38<\/td>\n<td style=\"width: 16.5862%; border: 1px solid #dddddd; height: 24px;\">3<\/td>\n<td style=\"width: 17.086%; border: 1px solid #dddddd; height: 24px;\">43.5<\/td>\n<\/tr>\n<tr>\n<td style=\"width: 17.4606%; border: 1px solid #dddddd;\">Tatl\u0131 \u00e7atal\u0131<\/td>\n<td style=\"width: 14.8641%; border: 1px solid #dddddd;\">186<\/td>\n<td style=\"width: 16.8075%; border: 1px solid #dddddd;\">38<\/td>\n<td style=\"width: 16.5862%; border: 1px solid #dddddd;\">3<\/td>\n<td style=\"width: 17.086%; border: 1px solid #dddddd;\">373.<\/td>\n<\/tr>\n<tr>\n<td style=\"width: 17.4606%; border: 1px solid #dddddd;\">\u00c7ay ka\u015f\u0131\u011f\u0131<\/td>\n<td style=\"width: 14.8641%; border: 1px solid #dddddd;\">157<\/td>\n<td style=\"width: 16.8075%; border: 1px solid #dddddd;\">32<\/td>\n<td style=\"width: 16.5862%; border: 1px solid #dddddd;\">2.5<\/td>\n<td style=\"width: 17.086%; border: 1px solid #dddddd;\">26.1<\/td>\n<\/tr>\n<tr style=\"height: 24px;\">\n<td style=\"width: 17.4606%; border: 1px solid #dddddd; height: 24px;\">\u00c7ay \u00e7atal\u0131<\/td>\n<td style=\"width: 14.8641%; border: 1px solid #dddddd; height: 24px;\">157<\/td>\n<td style=\"width: 16.8075%; border: 1px solid #dddddd; height: 24px;\">22<\/td>\n<td style=\"width: 16.5862%; border: 1px solid #dddddd; height: 24px;\">2.5<\/td>\n<td style=\"width: 17.086%; border: 1px solid #dddddd; height: 24px;\">24.8<\/td>\n<\/tr>\n<tr style=\"height: 24px;\">\n<td style=\"width: 17.4606%; border: 1px solid #dddddd; height: 24px;\">Kahve ka\u015f\u0131\u011f\u0131<\/td>\n<td style=\"width: 14.8641%; border: 1px solid #dddddd; height: 24px;\">113<\/td>\n<td style=\"width: 16.8075%; border: 1px solid #dddddd; height: 24px;\">22<\/td>\n<td style=\"width: 16.5862%; border: 1px solid #dddddd; height: 24px;\">2.5<\/td>\n<td style=\"width: 17.086%; border: 1px solid #dddddd; height: 24px;\">15<\/td>\n<\/tr>\n<tr style=\"height: 24px;\">\n<td style=\"width: 17.4606%; border: 1px solid #dddddd; height: 24px;\">Meyve \u00e7atal\u0131<\/td>\n<td style=\"width: 14.8641%; border: 1px solid #dddddd; height: 24px;\">115<\/td>\n<td style=\"width: 16.8075%; border: 1px solid #dddddd; height: 24px;\">11<\/td>\n<td style=\"width: 16.5862%; border: 1px solid #dddddd; height: 24px;\">2.5<\/td>\n<td style=\"width: 17.086%; border: 1px solid #dddddd; height: 24px;\">12.5<\/td>\n<\/tr>\n<\/tbody>\n<\/table>\n<p>&nbsp;<\/p>","protected":false},"excerpt":{"rendered":"<p>\u25b8 PRODUCT PARAMETERS Item No: Name Length(mm) Width(mm) Thickness(mm) Weight(g) KX-S664-6 Steak knife 220 18 7.8 78 Table fork 200 26 3 45.7 Table spoon 203 42 2.8 52.2 Dessert spoon 186 38 3 43.5 Dessert fork 186 38 3 373. Tea spoon 157 32 2.5 26.1 Tea fork 157 22 2.5 24.8 Coffee spoon [&hellip;]<\/p>","protected":false},"featured_media":1241,"template":"","meta":{"_seopress_robots_primary_cat":"","_seopress_titles_title":"","_seopress_titles_desc":"","_seopress_robots_index":""},"product_cat":[20],"product_tag":[],"_links":{"self":[{"href":"https:\/\/www.gdkaixuan.com\/tr\/wp-json\/wp\/v2\/product\/946"}],"collection":[{"href":"https:\/\/www.gdkaixuan.com\/tr\/wp-json\/wp\/v2\/product"}],"about":[{"href":"https:\/\/www.gdkaixuan.com\/tr\/wp-json\/wp\/v2\/types\/product"}],"wp:featuredmedia":[{"embeddable":true,"href":"https:\/\/www.gdkaixuan.com\/tr\/wp-json\/wp\/v2\/media\/1241"}],"wp:attachment":[{"href":"https:\/\/www.gdkaixuan.com\/tr\/wp-json\/wp\/v2\/media?parent=946"}],"wp:term":[{"taxonomy":"product_cat","embeddable":true,"href":"https:\/\/www.gdkaixuan.com\/tr\/wp-json\/wp\/v2\/product_cat?post=946"},{"taxonomy":"product_tag","embeddable":true,"href":"https:\/\/www.gdkaixuan.com\/tr\/wp-json\/wp\/v2\/product_tag?post=946"}],"curies":[{"name":"wp","href":"https:\/\/api.w.org\/{rel}","templated":true}]}}