{"id":915,"date":"2023-04-18T03:05:12","date_gmt":"2023-04-18T03:05:12","guid":{"rendered":"https:\/\/demo.gdjiexun.cn\/?post_type=product&#038;p=915"},"modified":"2023-04-20T03:44:21","modified_gmt":"2023-04-20T03:44:21","slug":"kx-s270-oem-stainless-steel-cutlery-sets-manufacturers-in-china","status":"publish","type":"product","link":"https:\/\/www.gdkaixuan.com\/tr\/urun\/kx-s270-oem-paslanmaz-celik-catal-bicak-setleri-ureticileri-icinde-cin\/","title":{"rendered":"\u00c7in'de KX-S270 OEM paslanmaz \u00e7elik \u00e7atal b\u0131\u00e7ak tak\u0131m\u0131 \u00fcreticileri"},"content":{"rendered":"<p><img fetchpriority=\"high\" decoding=\"async\" class=\"aligncenter size-full wp-image-1246\" src=\"http:\/\/demo.gdjiexun.cn\/wp-content\/uploads\/2023\/04\/Kaixuan-cutlery-KX-S270-1.jpg\" alt=\"\" width=\"700\" height=\"700\" srcset=\"https:\/\/www.gdkaixuan.com\/wp-content\/uploads\/2023\/04\/Kaixuan-cutlery-KX-S270-1.jpg 700w, https:\/\/www.gdkaixuan.com\/wp-content\/uploads\/2023\/04\/Kaixuan-cutlery-KX-S270-1-600x600.jpg 600w, https:\/\/www.gdkaixuan.com\/wp-content\/uploads\/2023\/04\/Kaixuan-cutlery-KX-S270-1-100x100.jpg 100w, https:\/\/www.gdkaixuan.com\/wp-content\/uploads\/2023\/04\/Kaixuan-cutlery-KX-S270-1-500x500.jpg 500w\" sizes=\"(max-width: 700px) 100vw, 700px\" \/><\/p>\n<h5 style=\"color: #0f4087;\">\u25b8 \u00dcR\u00dcN PARAMETRELERI<\/h5>\n<table style=\"height: 230px; width: 96.6268%; border-collapse: collapse; border-style: solid; border-color: #dddddd;\" border=\"1\">\n<tbody>\n<tr style=\"height: 24px;\">\n<td style=\"width: 17.1956%; height: 24px; border: 1px solid #dddddd; background-color: #f2f2f2;\">\u00dcr\u00fcn No:<\/td>\n<td style=\"width: 17.4606%; height: 24px; border: 1px solid #dddddd; background-color: #f2f2f2;\">\u0130sim<\/td>\n<td style=\"width: 14.8641%; height: 24px; border: 1px solid #dddddd; background-color: #f2f2f2;\">Uzunluk (mm)<\/td>\n<td style=\"width: 16.8075%; height: 24px; border: 1px solid #dddddd; background-color: #f2f2f2;\">Geni\u015flik (mm)<\/td>\n<td style=\"width: 16.5862%; border: 1px solid #dddddd; background-color: #f2f2f2; height: 24px;\">Kal\u0131nl\u0131k (mm)<\/td>\n<td style=\"width: 17.086%; height: 24px; border: 1px solid #dddddd; background-color: #f2f2f2;\">A\u011f\u0131rl\u0131k (g)<\/td>\n<\/tr>\n<tr style=\"height: 24px;\">\n<td style=\"width: 17.1956%; height: 206px; border: 1px solid #dddddd; vertical-align: middle;\" rowspan=\"7\">KX-S270<\/td>\n<td style=\"width: 17.4606%; border: 1px solid #dddddd; height: 14px;\">Yemek b\u0131\u00e7a\u011f\u0131<\/td>\n<td style=\"width: 14.8641%; border: 1px solid #dddddd; height: 14px;\">235<\/td>\n<td style=\"width: 16.8075%; border: 1px solid #dddddd; height: 14px;\">20<\/td>\n<td style=\"width: 16.5862%; border: 1px solid #dddddd; height: 14px;\">7<\/td>\n<td style=\"width: 17.086%; border: 1px solid #dddddd; height: 14px;\">100.4<\/td>\n<\/tr>\n<tr style=\"height: 24px;\">\n<td style=\"width: 17.4606%; border: 1px solid #dddddd; height: 24px;\">Yemek \u00e7atal\u0131<\/td>\n<td style=\"width: 14.8641%; border: 1px solid #dddddd; height: 24px;\">202<\/td>\n<td style=\"width: 16.8075%; border: 1px solid #dddddd; height: 24px;\">26<\/td>\n<td style=\"width: 16.5862%; border: 1px solid #dddddd; height: 24px;\">3.7<\/td>\n<td style=\"width: 17.086%; border: 1px solid #dddddd; height: 24px;\">48.2<\/td>\n<\/tr>\n<tr style=\"height: 24px;\">\n<td style=\"width: 17.4606%; border: 1px solid #dddddd; height: 24px;\">Tatl\u0131 b\u0131\u00e7a\u011f\u0131<\/td>\n<td style=\"width: 14.8641%; border: 1px solid #dddddd; height: 24px;\">203<\/td>\n<td style=\"width: 16.8075%; border: 1px solid #dddddd; height: 24px;\">16<\/td>\n<td style=\"width: 16.5862%; border: 1px solid #dddddd; height: 24px;\">6<\/td>\n<td style=\"width: 17.086%; border: 1px solid #dddddd; height: 24px;\">61.1<\/td>\n<\/tr>\n<tr style=\"height: 24px;\">\n<td style=\"width: 17.4606%; border: 1px solid #dddddd; height: 24px;\">Tatl\u0131 ka\u015f\u0131\u011f\u0131<\/td>\n<td style=\"width: 14.8641%; border: 1px solid #dddddd; height: 24px;\">180<\/td>\n<td style=\"width: 16.8075%; border: 1px solid #dddddd; height: 24px;\">37<\/td>\n<td style=\"width: 16.5862%; border: 1px solid #dddddd; height: 24px;\">3.5<\/td>\n<td style=\"width: 17.086%; border: 1px solid #dddddd; height: 24px;\">46.5<\/td>\n<\/tr>\n<tr style=\"height: 24px;\">\n<td style=\"width: 17.4606%; border: 1px solid #dddddd; height: 24px;\">Tatl\u0131 \u00e7atal\u0131<\/td>\n<td style=\"width: 14.8641%; border: 1px solid #dddddd; height: 24px;\">180<\/td>\n<td style=\"width: 16.8075%; border: 1px solid #dddddd; height: 24px;\">23<\/td>\n<td style=\"width: 16.5862%; border: 1px solid #dddddd; height: 24px;\">3.5<\/td>\n<td style=\"width: 17.086%; border: 1px solid #dddddd; height: 24px;\">35.9<\/td>\n<\/tr>\n<tr style=\"height: 24px;\">\n<td style=\"width: 17.4606%; border: 1px solid #dddddd; height: 24px;\">\u00c7ay ka\u015f\u0131\u011f\u0131<\/td>\n<td style=\"width: 14.8641%; border: 1px solid #dddddd; height: 24px;\">138<\/td>\n<td style=\"width: 16.8075%; border: 1px solid #dddddd; height: 24px;\">29<\/td>\n<td style=\"width: 16.5862%; border: 1px solid #dddddd; height: 24px;\">3<\/td>\n<td style=\"width: 17.086%; border: 1px solid #dddddd; height: 24px;\">27.3<\/td>\n<\/tr>\n<tr style=\"height: 24px;\">\n<td style=\"width: 17.4606%; border: 1px solid #dddddd; height: 24px;\">\u00c7orba ka\u015f\u0131\u011f\u0131<\/td>\n<td style=\"width: 14.8641%; border: 1px solid #dddddd; height: 24px;\">175<\/td>\n<td style=\"width: 16.8075%; border: 1px solid #dddddd; height: 24px;\">42<\/td>\n<td style=\"width: 16.5862%; border: 1px solid #dddddd; height: 24px;\">3.5<\/td>\n<td style=\"width: 17.086%; border: 1px solid #dddddd; height: 24px;\">50.4<\/td>\n<\/tr>\n<\/tbody>\n<\/table>\n<p>&nbsp;<\/p>","protected":false},"excerpt":{"rendered":"<p>\u25b8 PRODUCT PARAMETERS Item No: Name Length(mm) Width(mm) Thickness(mm) Weight(g) KX-S270 Dinner knife 235 20 7 100.4 Dinner fork 202 26 3.7 48.2 Dessert\u00a0knife 203 16 6 61.1 Dessert spoon 180 37 3.5 46.5 Dessert fork 180 23 3.5 35.9 Tea spoon 138 29 3 27.3 Soup\u00a0spoon 175 42 3.5 50.4 &nbsp;<\/p>","protected":false},"featured_media":1246,"template":"","meta":{"_seopress_robots_primary_cat":"","_seopress_titles_title":"","_seopress_titles_desc":"","_seopress_robots_index":""},"product_cat":[20],"product_tag":[],"_links":{"self":[{"href":"https:\/\/www.gdkaixuan.com\/tr\/wp-json\/wp\/v2\/product\/915"}],"collection":[{"href":"https:\/\/www.gdkaixuan.com\/tr\/wp-json\/wp\/v2\/product"}],"about":[{"href":"https:\/\/www.gdkaixuan.com\/tr\/wp-json\/wp\/v2\/types\/product"}],"wp:featuredmedia":[{"embeddable":true,"href":"https:\/\/www.gdkaixuan.com\/tr\/wp-json\/wp\/v2\/media\/1246"}],"wp:attachment":[{"href":"https:\/\/www.gdkaixuan.com\/tr\/wp-json\/wp\/v2\/media?parent=915"}],"wp:term":[{"taxonomy":"product_cat","embeddable":true,"href":"https:\/\/www.gdkaixuan.com\/tr\/wp-json\/wp\/v2\/product_cat?post=915"},{"taxonomy":"product_tag","embeddable":true,"href":"https:\/\/www.gdkaixuan.com\/tr\/wp-json\/wp\/v2\/product_tag?post=915"}],"curies":[{"name":"wp","href":"https:\/\/api.w.org\/{rel}","templated":true}]}}