{"id":909,"date":"2023-04-18T02:41:17","date_gmt":"2023-04-18T02:41:17","guid":{"rendered":"https:\/\/demo.gdjiexun.cn\/?post_type=product&#038;p=909"},"modified":"2023-04-20T07:05:57","modified_gmt":"2023-04-20T07:05:57","slug":"kx-s261-wholesale-stainless-steel-flatware-sets-exporter","status":"publish","type":"product","link":"https:\/\/www.gdkaixuan.com\/tr\/urun\/kx-s261-toptan-paslanmaz-celik-doseme-takimlari-ihracatci-2\/","title":{"rendered":"KX-S261 toptan paslanmaz \u00e7elik sofra tak\u0131m\u0131 setleri ihracat\u00e7\u0131s\u0131"},"content":{"rendered":"<p><img fetchpriority=\"high\" decoding=\"async\" class=\"aligncenter size-full wp-image-1247\" src=\"http:\/\/demo.gdjiexun.cn\/wp-content\/uploads\/2023\/04\/Kaixuan-cutlery-KX-S261-1.jpg\" alt=\"\" width=\"700\" height=\"700\" srcset=\"https:\/\/www.gdkaixuan.com\/wp-content\/uploads\/2023\/04\/Kaixuan-cutlery-KX-S261-1.jpg 700w, https:\/\/www.gdkaixuan.com\/wp-content\/uploads\/2023\/04\/Kaixuan-cutlery-KX-S261-1-600x600.jpg 600w, https:\/\/www.gdkaixuan.com\/wp-content\/uploads\/2023\/04\/Kaixuan-cutlery-KX-S261-1-100x100.jpg 100w, https:\/\/www.gdkaixuan.com\/wp-content\/uploads\/2023\/04\/Kaixuan-cutlery-KX-S261-1-500x500.jpg 500w\" sizes=\"(max-width: 700px) 100vw, 700px\" \/><\/p>\n<h5 style=\"color: #0f4087;\">\u25b8 \u00dcR\u00dcN PARAMETRELERI<\/h5>\n<table style=\"height: 231px; width: 97.989%; border-collapse: collapse; border-style: solid; border-color: #dddddd;\" border=\"1\">\n<tbody>\n<tr style=\"height: 24px;\">\n<td style=\"width: 17.1956%; height: 24px; border: 1px solid #dddddd; background-color: #f2f2f2;\">\u00dcr\u00fcn No:<\/td>\n<td style=\"width: 16.8665%; height: 24px; border: 1px solid #dddddd; background-color: #f2f2f2;\">\u0130sim<\/td>\n<td style=\"width: 15.4582%; height: 24px; border: 1px solid #dddddd; background-color: #f2f2f2;\">Uzunluk (mm)<\/td>\n<td style=\"width: 16.8075%; height: 24px; border: 1px solid #dddddd; background-color: #f2f2f2;\">Geni\u015flik (mm)<\/td>\n<td style=\"width: 16.5862%; border: 1px solid #dddddd; background-color: #f2f2f2; height: 24px;\">Kal\u0131nl\u0131k (mm)<\/td>\n<td style=\"width: 17.086%; height: 24px; border: 1px solid #dddddd; background-color: #f2f2f2;\">A\u011f\u0131rl\u0131k (g)<\/td>\n<\/tr>\n<tr style=\"height: 24px;\">\n<td style=\"width: 17.1956%; height: 207px; border: 1px solid #dddddd; vertical-align: middle;\" rowspan=\"11\">KX-S261<\/td>\n<td style=\"width: 16.8665%; height: 25px; border: 1px solid #dddddd;\">Biftek b\u0131\u00e7a\u011f\u0131<\/td>\n<td style=\"width: 15.4582%; height: 25px; border: 1px solid #dddddd;\">240<\/td>\n<td style=\"width: 16.8075%; height: 25px; border: 1px solid #dddddd;\">18<\/td>\n<td style=\"width: 16.5862%; border: 1px solid #dddddd; height: 25px;\">7<\/td>\n<td style=\"width: 17.086%; height: 25px; border: 1px solid #dddddd;\">98.3<\/td>\n<\/tr>\n<tr style=\"height: 41px;\">\n<td style=\"width: 16.8665%; border: 1px solid #dddddd; height: 14px;\">Yemek b\u0131\u00e7a\u011f\u0131<\/td>\n<td style=\"width: 15.4582%; border: 1px solid #dddddd; height: 14px;\">233<\/td>\n<td style=\"width: 16.8075%; border: 1px solid #dddddd; height: 14px;\">19<\/td>\n<td style=\"width: 16.5862%; border: 1px solid #dddddd; height: 14px;\">7<\/td>\n<td style=\"width: 17.086%; border: 1px solid #dddddd; height: 14px;\">96.5<\/td>\n<\/tr>\n<tr style=\"height: 24px;\">\n<td style=\"width: 16.8665%; border: 1px solid #dddddd; height: 24px;\">Tatl\u0131 b\u0131\u00e7a\u011f\u0131<\/td>\n<td style=\"width: 15.4582%; border: 1px solid #dddddd; height: 24px;\">211<\/td>\n<td style=\"width: 16.8075%; border: 1px solid #dddddd; height: 24px;\">18<\/td>\n<td style=\"width: 16.5862%; border: 1px solid #dddddd; height: 24px;\">5<\/td>\n<td style=\"width: 17.086%; border: 1px solid #dddddd; height: 24px;\">61.9<\/td>\n<\/tr>\n<tr style=\"height: 24px;\">\n<td style=\"width: 16.8665%; border: 1px solid #dddddd; height: 24px;\">Yemek \u00e7atal\u0131<\/td>\n<td style=\"width: 15.4582%; border: 1px solid #dddddd; height: 24px;\">211<\/td>\n<td style=\"width: 16.8075%; border: 1px solid #dddddd; height: 24px;\">28<\/td>\n<td style=\"width: 16.5862%; border: 1px solid #dddddd; height: 24px;\">4<\/td>\n<td style=\"width: 17.086%; border: 1px solid #dddddd; height: 24px;\">57.4<\/td>\n<\/tr>\n<tr style=\"height: 24px;\">\n<td style=\"width: 16.8665%; border: 1px solid #dddddd; height: 24px;\">Yemek ka\u015f\u0131\u011f\u0131<\/td>\n<td style=\"width: 15.4582%; border: 1px solid #dddddd; height: 24px;\">211<\/td>\n<td style=\"width: 16.8075%; border: 1px solid #dddddd; height: 24px;\">41<\/td>\n<td style=\"width: 16.5862%; border: 1px solid #dddddd; height: 24px;\">4<\/td>\n<td style=\"width: 17.086%; border: 1px solid #dddddd; height: 24px;\">68.9<\/td>\n<\/tr>\n<tr style=\"height: 24px;\">\n<td style=\"width: 16.8665%; border: 1px solid #dddddd; height: 24px;\">Tatl\u0131 \u00e7atal\u0131<\/td>\n<td style=\"width: 15.4582%; border: 1px solid #dddddd; height: 24px;\">188<\/td>\n<td style=\"width: 16.8075%; border: 1px solid #dddddd; height: 24px;\">22<\/td>\n<td style=\"width: 16.5862%; border: 1px solid #dddddd; height: 24px;\">3<\/td>\n<td style=\"width: 17.086%; border: 1px solid #dddddd; height: 24px;\">37.5<\/td>\n<\/tr>\n<tr>\n<td style=\"width: 16.8665%; border: 1px solid #dddddd;\">Tatl\u0131 ka\u015f\u0131\u011f\u0131<\/td>\n<td style=\"width: 15.4582%; border: 1px solid #dddddd;\">188<\/td>\n<td style=\"width: 16.8075%; border: 1px solid #dddddd;\">38<\/td>\n<td style=\"width: 16.5862%; border: 1px solid #dddddd;\">3<\/td>\n<td style=\"width: 17.086%; border: 1px solid #dddddd;\">45.5<\/td>\n<\/tr>\n<tr>\n<td style=\"width: 16.8665%; border: 1px solid #dddddd;\">\u00c7ay ka\u015f\u0131\u011f\u0131<\/td>\n<td style=\"width: 15.4582%; border: 1px solid #dddddd;\">158<\/td>\n<td style=\"width: 16.8075%; border: 1px solid #dddddd;\">32<\/td>\n<td style=\"width: 16.5862%; border: 1px solid #dddddd;\">3<\/td>\n<td style=\"width: 17.086%; border: 1px solid #dddddd;\">31.7<\/td>\n<\/tr>\n<tr>\n<td style=\"width: 16.8665%; border: 1px solid #dddddd;\">Kahve ka\u015f\u0131\u011f\u0131<\/td>\n<td style=\"width: 15.4582%; border: 1px solid #dddddd;\">111<\/td>\n<td style=\"width: 16.8075%; border: 1px solid #dddddd;\">22<\/td>\n<td style=\"width: 16.5862%; border: 1px solid #dddddd;\">2<\/td>\n<td style=\"width: 17.086%; border: 1px solid #dddddd;\">12.4<\/td>\n<\/tr>\n<tr>\n<td style=\"width: 16.8665%; border: 1px solid #dddddd;\">Bal\u0131k b\u0131\u00e7a\u011f\u0131<\/td>\n<td style=\"width: 15.4582%; border: 1px solid #dddddd;\">203<\/td>\n<td style=\"width: 16.8075%; border: 1px solid #dddddd;\">20<\/td>\n<td style=\"width: 16.5862%; border: 1px solid #dddddd;\">3<\/td>\n<td style=\"width: 17.086%; border: 1px solid #dddddd;\">42.7<\/td>\n<\/tr>\n<tr>\n<td style=\"width: 16.8665%; border: 1px solid #dddddd;\">Bal\u0131k \u00e7atal\u0131<\/td>\n<td style=\"width: 15.4582%; border: 1px solid #dddddd;\">192<\/td>\n<td style=\"width: 16.8075%; border: 1px solid #dddddd;\">24<\/td>\n<td style=\"width: 16.5862%; border: 1px solid #dddddd;\">3<\/td>\n<td style=\"width: 17.086%; border: 1px solid #dddddd;\">40<\/td>\n<\/tr>\n<\/tbody>\n<\/table>\n<p>&nbsp;<\/p>","protected":false},"excerpt":{"rendered":"<p>\u25b8 \u00dcR\u00dcN PARAMETRELER\u0130 \u00dcr\u00fcn No: Ad\u0131 Uzunluk (mm) Geni\u015flik (mm) Kal\u0131nl\u0131k (mm) A\u011f\u0131rl\u0131k (g) KX-S261 Biftek b\u0131\u00e7a\u011f\u0131 240 18 7 98,3 Yemek b\u0131\u00e7a\u011f\u0131 233 19 7 96,5 Tatl\u0131 b\u0131\u00e7a\u011f\u0131 211 18 5 61,9 Yemek \u00e7atal\u0131 211 28 4 57,4 Yemek ka\u015f\u0131\u011f\u0131 211 41 4 68,9 Tatl\u0131 \u00e7atal\u0131 188 22 3 37,5 Tatl\u0131 ka\u015f\u0131\u011f\u0131 188 38 3 45,5 \u00c7ay ka\u015f\u0131\u011f\u0131 [...]<\/p>","protected":false},"featured_media":1247,"template":"","meta":{"_seopress_robots_primary_cat":"","_seopress_titles_title":"","_seopress_titles_desc":"","_seopress_robots_index":""},"product_cat":[20],"product_tag":[],"_links":{"self":[{"href":"https:\/\/www.gdkaixuan.com\/tr\/wp-json\/wp\/v2\/product\/909"}],"collection":[{"href":"https:\/\/www.gdkaixuan.com\/tr\/wp-json\/wp\/v2\/product"}],"about":[{"href":"https:\/\/www.gdkaixuan.com\/tr\/wp-json\/wp\/v2\/types\/product"}],"wp:featuredmedia":[{"embeddable":true,"href":"https:\/\/www.gdkaixuan.com\/tr\/wp-json\/wp\/v2\/media\/1247"}],"wp:attachment":[{"href":"https:\/\/www.gdkaixuan.com\/tr\/wp-json\/wp\/v2\/media?parent=909"}],"wp:term":[{"taxonomy":"product_cat","embeddable":true,"href":"https:\/\/www.gdkaixuan.com\/tr\/wp-json\/wp\/v2\/product_cat?post=909"},{"taxonomy":"product_tag","embeddable":true,"href":"https:\/\/www.gdkaixuan.com\/tr\/wp-json\/wp\/v2\/product_tag?post=909"}],"curies":[{"name":"wp","href":"https:\/\/api.w.org\/{rel}","templated":true}]}}