{"id":879,"date":"2023-04-18T02:27:02","date_gmt":"2023-04-18T02:27:02","guid":{"rendered":"https:\/\/demo.gdjiexun.cn\/?post_type=product&#038;p=879"},"modified":"2023-07-19T01:19:54","modified_gmt":"2023-07-19T01:19:54","slug":"kx-s215-custom-stainless-steel-flatware-sets-suppliers-in-china-2","status":"publish","type":"product","link":"https:\/\/www.gdkaixuan.com\/tr\/urun\/kx-s215-custom-stainless-steel-flatware-sets-suppliers-in-china-2\/","title":{"rendered":"\u00c7in'de KX-S215 \u00f6zel paslanmaz \u00e7elik sofra tak\u0131m\u0131 setleri tedarik\u00e7ileri"},"content":{"rendered":"<p><img fetchpriority=\"high\" decoding=\"async\" class=\"aligncenter size-full wp-image-880\" src=\"http:\/\/demo.gdjiexun.cn\/wp-content\/uploads\/2023\/04\/KX-S215-2.jpg\" alt=\"\" width=\"700\" height=\"700\" srcset=\"https:\/\/www.gdkaixuan.com\/wp-content\/uploads\/2023\/04\/KX-S215-2.jpg 700w, https:\/\/www.gdkaixuan.com\/wp-content\/uploads\/2023\/04\/KX-S215-2-600x600.jpg 600w, https:\/\/www.gdkaixuan.com\/wp-content\/uploads\/2023\/04\/KX-S215-2-100x100.jpg 100w, https:\/\/www.gdkaixuan.com\/wp-content\/uploads\/2023\/04\/KX-S215-2-500x500.jpg 500w\" sizes=\"(max-width: 700px) 100vw, 700px\" \/><\/p>\n<p><img decoding=\"async\" class=\"aligncenter size-full wp-image-881\" src=\"http:\/\/demo.gdjiexun.cn\/wp-content\/uploads\/2023\/04\/KX-S215-2-1.jpg\" alt=\"\" width=\"700\" height=\"476\" srcset=\"https:\/\/www.gdkaixuan.com\/wp-content\/uploads\/2023\/04\/KX-S215-2-1.jpg 700w, https:\/\/www.gdkaixuan.com\/wp-content\/uploads\/2023\/04\/KX-S215-2-1-600x408.jpg 600w\" sizes=\"(max-width: 700px) 100vw, 700px\" \/><\/p>\n<h5 style=\"color: #0f4087;\">\u25b8 \u00dcR\u00dcN PARAMETRELERI<\/h5>\n<table style=\"height: 131px; width: 100%; border-collapse: collapse; border-style: solid; border-color: #dddddd;\" border=\"1\">\n<tbody>\n<tr style=\"height: 24px;\">\n<td style=\"width: 17.1956%; height: 24px; border: 1px solid #dddddd; background-color: #f2f2f2;\">\u00dcr\u00fcn No:<\/td>\n<td style=\"width: 16.6707%; height: 24px; border: 1px solid #dddddd; background-color: #f2f2f2;\">\u0130sim<\/td>\n<td style=\"width: 15.654%; height: 24px; border: 1px solid #dddddd; background-color: #f2f2f2;\">Uzunluk (mm)<\/td>\n<td style=\"width: 16.8075%; height: 24px; border: 1px solid #dddddd; background-color: #f2f2f2;\">Geni\u015flik (mm)<\/td>\n<td style=\"width: 16.5862%; border: 1px solid #dddddd; background-color: #f2f2f2; height: 24px;\">Kal\u0131nl\u0131k (mm)<\/td>\n<td style=\"width: 17.086%; height: 24px; border: 1px solid #dddddd; background-color: #f2f2f2;\">A\u011f\u0131rl\u0131k (g)<\/td>\n<\/tr>\n<tr style=\"height: 24px;\">\n<td style=\"width: 17.1956%; height: 107px; border: 1px solid #dddddd; vertical-align: middle;\" rowspan=\"4\">KX-S215<\/td>\n<td style=\"width: 16.6707%; height: 25px; border: 1px solid #dddddd;\">Masa b\u0131\u00e7a\u011f\u0131<\/td>\n<td style=\"width: 15.654%; height: 25px; border: 1px solid #dddddd;\">220<\/td>\n<td style=\"width: 16.8075%; height: 25px; border: 1px solid #dddddd;\">21<\/td>\n<td style=\"width: 16.5862%; border: 1px solid #dddddd; height: 25px;\">6.8<\/td>\n<td style=\"width: 17.086%; height: 25px; border: 1px solid #dddddd;\">92.6<\/td>\n<\/tr>\n<tr style=\"height: 24px;\">\n<td style=\"width: 16.6707%; height: 23px; border: 1px solid #dddddd;\">Masa \u00e7atal\u0131<\/td>\n<td style=\"width: 15.654%; height: 23px; border: 1px solid #dddddd;\">200<\/td>\n<td style=\"width: 16.8075%; height: 23px; border: 1px solid #dddddd;\">28<\/td>\n<td style=\"width: 16.5862%; border: 1px solid #dddddd; height: 23px;\">2.4<\/td>\n<td style=\"width: 17.086%; height: 23px; border: 1px solid #dddddd;\">44.5<\/td>\n<\/tr>\n<tr style=\"height: 24px;\">\n<td style=\"width: 16.6707%; height: 25px; border: 1px solid #dddddd;\">Tatl\u0131 ka\u015f\u0131\u011f\u0131<\/td>\n<td style=\"width: 15.654%; height: 25px; border: 1px solid #dddddd;\">184<\/td>\n<td style=\"width: 16.8075%; height: 25px; border: 1px solid #dddddd;\">41<\/td>\n<td style=\"width: 16.5862%; border: 1px solid #dddddd; height: 25px;\">2.5<\/td>\n<td style=\"width: 17.086%; height: 25px; border: 1px solid #dddddd;\">42<\/td>\n<\/tr>\n<tr style=\"height: 41px;\">\n<td style=\"width: 16.6707%; border: 1px solid #dddddd; height: 10px;\">\u00c7ay ka\u015f\u0131\u011f\u0131<\/td>\n<td style=\"width: 15.654%; border: 1px solid #dddddd; height: 10px;\">134<\/td>\n<td style=\"width: 16.8075%; border: 1px solid #dddddd; height: 10px;\">29<\/td>\n<td style=\"width: 16.5862%; border: 1px solid #dddddd; height: 10px;\">2<\/td>\n<td style=\"width: 17.086%; border: 1px solid #dddddd; height: 10px;\">19.9<\/td>\n<\/tr>\n<\/tbody>\n<\/table>\n<p>&nbsp;<\/p>","protected":false},"excerpt":{"rendered":"<p>\u00dcR\u00dcN PARAMETRELER\u0130 \u00dcr\u00fcn No: Ad\u0131 Uzunluk (mm) Geni\u015flik (mm) Kal\u0131nl\u0131k (mm) A\u011f\u0131rl\u0131k (g) KX-S215 Sofra b\u0131\u00e7a\u011f\u0131 220 21 6,8 92,6 Sofra \u00e7atal\u0131 200 28 2,4 44,5 Tatl\u0131 ka\u015f\u0131\u011f\u0131 184 41 2,5 42 \u00c7ay ka\u015f\u0131\u011f\u0131 134 29 2 19,9 &nbsp;<\/p>","protected":false},"featured_media":880,"template":"","meta":{"_seopress_robots_primary_cat":"none","_seopress_titles_title":"","_seopress_titles_desc":"","_seopress_robots_index":""},"product_cat":[20],"product_tag":[],"_links":{"self":[{"href":"https:\/\/www.gdkaixuan.com\/tr\/wp-json\/wp\/v2\/product\/879"}],"collection":[{"href":"https:\/\/www.gdkaixuan.com\/tr\/wp-json\/wp\/v2\/product"}],"about":[{"href":"https:\/\/www.gdkaixuan.com\/tr\/wp-json\/wp\/v2\/types\/product"}],"wp:featuredmedia":[{"embeddable":true,"href":"https:\/\/www.gdkaixuan.com\/tr\/wp-json\/wp\/v2\/media\/880"}],"wp:attachment":[{"href":"https:\/\/www.gdkaixuan.com\/tr\/wp-json\/wp\/v2\/media?parent=879"}],"wp:term":[{"taxonomy":"product_cat","embeddable":true,"href":"https:\/\/www.gdkaixuan.com\/tr\/wp-json\/wp\/v2\/product_cat?post=879"},{"taxonomy":"product_tag","embeddable":true,"href":"https:\/\/www.gdkaixuan.com\/tr\/wp-json\/wp\/v2\/product_tag?post=879"}],"curies":[{"name":"wp","href":"https:\/\/api.w.org\/{rel}","templated":true}]}}