{"id":860,"date":"2023-04-18T01:58:27","date_gmt":"2023-04-18T01:58:27","guid":{"rendered":"https:\/\/demo.gdjiexun.cn\/?post_type=product&#038;p=860"},"modified":"2023-07-18T09:20:17","modified_gmt":"2023-07-18T09:20:17","slug":"kx-s203-oem-stainless-steel-cutlery-sets-manufacturers-in-china","status":"publish","type":"product","link":"https:\/\/www.gdkaixuan.com\/tr\/urun\/kx-s203-oem-paslanmaz-celik-catal-bicak-setleri-ureticileri-icinde-cin\/","title":{"rendered":"\u00c7in'de KX-S203 OEM paslanmaz \u00e7elik \u00e7atal b\u0131\u00e7ak tak\u0131m\u0131 \u00fcreticileri"},"content":{"rendered":"<p><img fetchpriority=\"high\" decoding=\"async\" class=\"aligncenter size-full wp-image-862\" src=\"http:\/\/demo.gdjiexun.cn\/wp-content\/uploads\/2023\/04\/Kaixuan-cutlery-KX-S203-1.jpg\" alt=\"\" width=\"700\" height=\"466\" srcset=\"https:\/\/www.gdkaixuan.com\/wp-content\/uploads\/2023\/04\/Kaixuan-cutlery-KX-S203-1.jpg 700w, https:\/\/www.gdkaixuan.com\/wp-content\/uploads\/2023\/04\/Kaixuan-cutlery-KX-S203-1-600x399.jpg 600w\" sizes=\"(max-width: 700px) 100vw, 700px\" \/><\/p>\n<p><img decoding=\"async\" class=\"aligncenter size-full wp-image-863\" src=\"http:\/\/demo.gdjiexun.cn\/wp-content\/uploads\/2023\/04\/Kaixuan-cutlery-KX-S203-2.jpg\" alt=\"\" width=\"700\" height=\"466\" srcset=\"https:\/\/www.gdkaixuan.com\/wp-content\/uploads\/2023\/04\/Kaixuan-cutlery-KX-S203-2.jpg 700w, https:\/\/www.gdkaixuan.com\/wp-content\/uploads\/2023\/04\/Kaixuan-cutlery-KX-S203-2-600x399.jpg 600w\" sizes=\"(max-width: 700px) 100vw, 700px\" \/><\/p>\n<h5 style=\"color: #0f4087;\">\u25b8 \u00dcR\u00dcN PARAMETRELERI<\/h5>\n<table style=\"height: 131px; width: 100%; border-collapse: collapse; border-style: solid; border-color: #dddddd;\" border=\"1\">\n<tbody>\n<tr style=\"height: 24px;\">\n<td style=\"width: 17.1956%; height: 24px; border: 1px solid #dddddd; background-color: #f2f2f2;\">\u00dcr\u00fcn No:<\/td>\n<td style=\"width: 16.6707%; height: 24px; border: 1px solid #dddddd; background-color: #f2f2f2;\">\u0130sim<\/td>\n<td style=\"width: 15.654%; height: 24px; border: 1px solid #dddddd; background-color: #f2f2f2;\">Uzunluk (mm)<\/td>\n<td style=\"width: 16.8075%; height: 24px; border: 1px solid #dddddd; background-color: #f2f2f2;\">Geni\u015flik (mm)<\/td>\n<td style=\"width: 16.5862%; border: 1px solid #dddddd; background-color: #f2f2f2; height: 24px;\">Kal\u0131nl\u0131k (mm)<\/td>\n<td style=\"width: 17.086%; height: 24px; border: 1px solid #dddddd; background-color: #f2f2f2;\">A\u011f\u0131rl\u0131k (g)<\/td>\n<\/tr>\n<tr style=\"height: 24px;\">\n<td style=\"width: 17.1956%; height: 107px; border: 1px solid #dddddd; vertical-align: middle;\" rowspan=\"4\">KX-S203<\/td>\n<td style=\"width: 16.6707%; height: 25px; border: 1px solid #dddddd;\">Masa b\u0131\u00e7a\u011f\u0131<\/td>\n<td style=\"width: 15.654%; height: 25px; border: 1px solid #dddddd;\">225<\/td>\n<td style=\"width: 16.8075%; height: 25px; border: 1px solid #dddddd;\">19<\/td>\n<td style=\"width: 16.5862%; border: 1px solid #dddddd; height: 25px;\">6.8<\/td>\n<td style=\"width: 17.086%; height: 25px; border: 1px solid #dddddd;\">86.9<\/td>\n<\/tr>\n<tr style=\"height: 24px;\">\n<td style=\"width: 16.6707%; height: 23px; border: 1px solid #dddddd;\">Masa \u00e7atal\u0131<\/td>\n<td style=\"width: 15.654%; height: 23px; border: 1px solid #dddddd;\">200<\/td>\n<td style=\"width: 16.8075%; height: 23px; border: 1px solid #dddddd;\">27<\/td>\n<td style=\"width: 16.5862%; border: 1px solid #dddddd; height: 23px;\">2.5<\/td>\n<td style=\"width: 17.086%; height: 23px; border: 1px solid #dddddd;\">52.1<\/td>\n<\/tr>\n<tr style=\"height: 24px;\">\n<td style=\"width: 16.6707%; height: 25px; border: 1px solid #dddddd;\">Masa ka\u015f\u0131\u011f\u0131<\/td>\n<td style=\"width: 15.654%; height: 25px; border: 1px solid #dddddd;\">204<\/td>\n<td style=\"width: 16.8075%; height: 25px; border: 1px solid #dddddd;\">46<\/td>\n<td style=\"width: 16.5862%; border: 1px solid #dddddd; height: 25px;\">2.5<\/td>\n<td style=\"width: 17.086%; height: 25px; border: 1px solid #dddddd;\">60.2<\/td>\n<\/tr>\n<tr style=\"height: 41px;\">\n<td style=\"width: 16.6707%; border: 1px solid #dddddd; height: 10px;\">\u00c7ay ka\u015f\u0131\u011f\u0131<\/td>\n<td style=\"width: 15.654%; border: 1px solid #dddddd; height: 10px;\">143<\/td>\n<td style=\"width: 16.8075%; border: 1px solid #dddddd; height: 10px;\">31<\/td>\n<td style=\"width: 16.5862%; border: 1px solid #dddddd; height: 10px;\">1.5<\/td>\n<td style=\"width: 17.086%; border: 1px solid #dddddd; height: 10px;\">24.1<\/td>\n<\/tr>\n<\/tbody>\n<\/table>\n<p>&nbsp;<\/p>","protected":false},"excerpt":{"rendered":"<p>\u25b8 \u00dcR\u00dcN PARAMETRELER\u0130 \u00dcr\u00fcn No: Ad\u0131 Uzunluk (mm) Geni\u015flik (mm) Kal\u0131nl\u0131k (mm) A\u011f\u0131rl\u0131k (g) KX-S203 Sofra b\u0131\u00e7a\u011f\u0131 225 19 6,8 86,9 Sofra \u00e7atal\u0131 200 27 2,5 52,1 Sofra ka\u015f\u0131\u011f\u0131 204 46 2,5 60,2 \u00c7ay ka\u015f\u0131\u011f\u0131 143 31 1,5 24,1 &nbsp;<\/p>","protected":false},"featured_media":861,"template":"","meta":{"_seopress_robots_primary_cat":"none","_seopress_titles_title":"","_seopress_titles_desc":"","_seopress_robots_index":""},"product_cat":[20],"product_tag":[],"_links":{"self":[{"href":"https:\/\/www.gdkaixuan.com\/tr\/wp-json\/wp\/v2\/product\/860"}],"collection":[{"href":"https:\/\/www.gdkaixuan.com\/tr\/wp-json\/wp\/v2\/product"}],"about":[{"href":"https:\/\/www.gdkaixuan.com\/tr\/wp-json\/wp\/v2\/types\/product"}],"wp:featuredmedia":[{"embeddable":true,"href":"https:\/\/www.gdkaixuan.com\/tr\/wp-json\/wp\/v2\/media\/861"}],"wp:attachment":[{"href":"https:\/\/www.gdkaixuan.com\/tr\/wp-json\/wp\/v2\/media?parent=860"}],"wp:term":[{"taxonomy":"product_cat","embeddable":true,"href":"https:\/\/www.gdkaixuan.com\/tr\/wp-json\/wp\/v2\/product_cat?post=860"},{"taxonomy":"product_tag","embeddable":true,"href":"https:\/\/www.gdkaixuan.com\/tr\/wp-json\/wp\/v2\/product_tag?post=860"}],"curies":[{"name":"wp","href":"https:\/\/api.w.org\/{rel}","templated":true}]}}