{"id":849,"date":"2023-04-18T01:50:08","date_gmt":"2023-04-18T01:50:08","guid":{"rendered":"https:\/\/demo.gdjiexun.cn\/?post_type=product&#038;p=849"},"modified":"2023-07-18T08:56:13","modified_gmt":"2023-07-18T08:56:13","slug":"kx-s201-oem-stainless-steel-cutlery-sets-manufacturers-in-china","status":"publish","type":"product","link":"https:\/\/www.gdkaixuan.com\/tr\/urun\/kx-s201-oem-paslanmaz-celik-catal-bicak-setleri-ureticileri-icinde-cin\/","title":{"rendered":"\u00c7in'de KX-S201 OEM paslanmaz \u00e7elik \u00e7atal b\u0131\u00e7ak tak\u0131m\u0131 \u00fcreticileri"},"content":{"rendered":"<p><img fetchpriority=\"high\" decoding=\"async\" class=\"aligncenter size-full wp-image-852\" src=\"http:\/\/demo.gdjiexun.cn\/wp-content\/uploads\/2023\/04\/Kaixuan-cutlery-KX-S201-1-1.jpg\" alt=\"\" width=\"700\" height=\"466\" srcset=\"https:\/\/www.gdkaixuan.com\/wp-content\/uploads\/2023\/04\/Kaixuan-cutlery-KX-S201-1-1.jpg 700w, https:\/\/www.gdkaixuan.com\/wp-content\/uploads\/2023\/04\/Kaixuan-cutlery-KX-S201-1-1-600x399.jpg 600w\" sizes=\"(max-width: 700px) 100vw, 700px\" \/><\/p>\n<p><img decoding=\"async\" class=\"aligncenter size-full wp-image-853\" src=\"http:\/\/demo.gdjiexun.cn\/wp-content\/uploads\/2023\/04\/Kaixuan-cutlery-KX-S201-2.jpg\" alt=\"\" width=\"700\" height=\"466\" srcset=\"https:\/\/www.gdkaixuan.com\/wp-content\/uploads\/2023\/04\/Kaixuan-cutlery-KX-S201-2.jpg 700w, https:\/\/www.gdkaixuan.com\/wp-content\/uploads\/2023\/04\/Kaixuan-cutlery-KX-S201-2-600x399.jpg 600w\" sizes=\"(max-width: 700px) 100vw, 700px\" \/><\/p>\n<h5 style=\"color: #0f4087;\">\u25b8 \u00dcR\u00dcN PARAMETRELERI<\/h5>\n<table style=\"height: 231px; width: 97.989%; border-collapse: collapse; border-style: solid; border-color: #dddddd;\" border=\"1\">\n<tbody>\n<tr style=\"height: 24px;\">\n<td style=\"width: 17.1956%; height: 24px; border: 1px solid #dddddd; background-color: #f2f2f2;\">\u00dcr\u00fcn No:<\/td>\n<td style=\"width: 16.8665%; height: 24px; border: 1px solid #dddddd; background-color: #f2f2f2;\">\u0130sim<\/td>\n<td style=\"width: 15.4582%; height: 24px; border: 1px solid #dddddd; background-color: #f2f2f2;\">Uzunluk (mm)<\/td>\n<td style=\"width: 16.8075%; height: 24px; border: 1px solid #dddddd; background-color: #f2f2f2;\">Geni\u015flik (mm)<\/td>\n<td style=\"width: 16.5862%; border: 1px solid #dddddd; background-color: #f2f2f2; height: 24px;\">Kal\u0131nl\u0131k (mm)<\/td>\n<td style=\"width: 17.086%; height: 24px; border: 1px solid #dddddd; background-color: #f2f2f2;\">A\u011f\u0131rl\u0131k (g)<\/td>\n<\/tr>\n<tr style=\"height: 24px;\">\n<td style=\"width: 17.1956%; height: 207px; border: 1px solid #dddddd; vertical-align: middle;\" rowspan=\"7\">KX-S201<\/td>\n<td style=\"width: 16.8665%; height: 25px; border: 1px solid #dddddd;\">Masa b\u0131\u00e7a\u011f\u0131<\/td>\n<td style=\"width: 15.4582%; height: 25px; border: 1px solid #dddddd;\">213<\/td>\n<td style=\"width: 16.8075%; height: 25px; border: 1px solid #dddddd;\">19<\/td>\n<td style=\"width: 16.5862%; border: 1px solid #dddddd; height: 25px;\">7.7<\/td>\n<td style=\"width: 17.086%; height: 25px; border: 1px solid #dddddd;\">85.8<\/td>\n<\/tr>\n<tr style=\"height: 41px;\">\n<td style=\"width: 16.8665%; border: 1px solid #dddddd; height: 14px;\">Masa \u00e7atal\u0131<\/td>\n<td style=\"width: 15.4582%; border: 1px solid #dddddd; height: 14px;\">202<\/td>\n<td style=\"width: 16.8075%; border: 1px solid #dddddd; height: 14px;\">28<\/td>\n<td style=\"width: 16.5862%; border: 1px solid #dddddd; height: 14px;\">2.7<\/td>\n<td style=\"width: 17.086%; border: 1px solid #dddddd; height: 14px;\">45.3<\/td>\n<\/tr>\n<tr style=\"height: 24px;\">\n<td style=\"width: 16.8665%; border: 1px solid #dddddd; height: 24px;\">Masa ka\u015f\u0131\u011f\u0131<\/td>\n<td style=\"width: 15.4582%; border: 1px solid #dddddd; height: 24px;\">202<\/td>\n<td style=\"width: 16.8075%; border: 1px solid #dddddd; height: 24px;\">43<\/td>\n<td style=\"width: 16.5862%; border: 1px solid #dddddd; height: 24px;\">2.8<\/td>\n<td style=\"width: 17.086%; border: 1px solid #dddddd; height: 24px;\">51.4<\/td>\n<\/tr>\n<tr style=\"height: 24px;\">\n<td style=\"width: 16.8665%; border: 1px solid #dddddd; height: 24px;\">\u00c7ay ka\u015f\u0131\u011f\u0131<\/td>\n<td style=\"width: 15.4582%; border: 1px solid #dddddd; height: 24px;\">138<\/td>\n<td style=\"width: 16.8075%; border: 1px solid #dddddd; height: 24px;\">28<\/td>\n<td style=\"width: 16.5862%; border: 1px solid #dddddd; height: 24px;\">2.2<\/td>\n<td style=\"width: 17.086%; border: 1px solid #dddddd; height: 24px;\">20.5<\/td>\n<\/tr>\n<tr style=\"height: 24px;\">\n<td style=\"width: 16.8665%; border: 1px solid #dddddd; height: 24px;\">Pasta \u00e7atal\u0131<\/td>\n<td style=\"width: 15.4582%; border: 1px solid #dddddd; height: 24px;\">145<\/td>\n<td style=\"width: 16.8075%; border: 1px solid #dddddd; height: 24px;\">22<\/td>\n<td style=\"width: 16.5862%; border: 1px solid #dddddd; height: 24px;\">2.2<\/td>\n<td style=\"width: 17.086%; border: 1px solid #dddddd; height: 24px;\">21.2<\/td>\n<\/tr>\n<tr style=\"height: 24px;\">\n<td style=\"width: 16.8665%; border: 1px solid #dddddd; height: 24px;\">Kahve ka\u015f\u0131\u011f\u0131<\/td>\n<td style=\"width: 15.4582%; border: 1px solid #dddddd; height: 24px;\">125<\/td>\n<td style=\"width: 16.8075%; border: 1px solid #dddddd; height: 24px;\">26<\/td>\n<td style=\"width: 16.5862%; border: 1px solid #dddddd; height: 24px;\">2.2<\/td>\n<td style=\"width: 17.086%; border: 1px solid #dddddd; height: 24px;\">16.8<\/td>\n<\/tr>\n<tr style=\"height: 24px;\">\n<td style=\"width: 16.8665%; border: 1px solid #dddddd; height: 24px;\">Buz ka\u015f\u0131\u011f\u0131<\/td>\n<td style=\"width: 15.4582%; border: 1px solid #dddddd; height: 24px;\">202<\/td>\n<td style=\"width: 16.8075%; border: 1px solid #dddddd; height: 24px;\">29<\/td>\n<td style=\"width: 16.5862%; border: 1px solid #dddddd; height: 24px;\">2.2<\/td>\n<td style=\"width: 17.086%; border: 1px solid #dddddd; height: 24px;\">27.7<\/td>\n<\/tr>\n<\/tbody>\n<\/table>\n<p>&nbsp;<\/p>","protected":false},"excerpt":{"rendered":"<p>\u25b8 PRODUCT PARAMETERS Item No: Name Length(mm) Width(mm) Thickness(mm) Weight(g) KX-S201 Table knife 213 19 7.7 85.8 Table fork 202 28 2.7 45.3 Table spoon 202 43 2.8 51.4 Tea spoon 138 28 2.2 20.5 Cake fork 145 22 2.2 21.2 Coffee spoon 125 26 2.2 16.8 Ice spoon 202 29 2.2 27.7 &nbsp;<\/p>","protected":false},"featured_media":851,"template":"","meta":{"_seopress_robots_primary_cat":"none","_seopress_titles_title":"","_seopress_titles_desc":"","_seopress_robots_index":""},"product_cat":[20],"product_tag":[],"_links":{"self":[{"href":"https:\/\/www.gdkaixuan.com\/tr\/wp-json\/wp\/v2\/product\/849"}],"collection":[{"href":"https:\/\/www.gdkaixuan.com\/tr\/wp-json\/wp\/v2\/product"}],"about":[{"href":"https:\/\/www.gdkaixuan.com\/tr\/wp-json\/wp\/v2\/types\/product"}],"wp:featuredmedia":[{"embeddable":true,"href":"https:\/\/www.gdkaixuan.com\/tr\/wp-json\/wp\/v2\/media\/851"}],"wp:attachment":[{"href":"https:\/\/www.gdkaixuan.com\/tr\/wp-json\/wp\/v2\/media?parent=849"}],"wp:term":[{"taxonomy":"product_cat","embeddable":true,"href":"https:\/\/www.gdkaixuan.com\/tr\/wp-json\/wp\/v2\/product_cat?post=849"},{"taxonomy":"product_tag","embeddable":true,"href":"https:\/\/www.gdkaixuan.com\/tr\/wp-json\/wp\/v2\/product_tag?post=849"}],"curies":[{"name":"wp","href":"https:\/\/api.w.org\/{rel}","templated":true}]}}