{"id":825,"date":"2023-04-17T09:50:08","date_gmt":"2023-04-17T09:50:08","guid":{"rendered":"https:\/\/demo.gdjiexun.cn\/?post_type=product&#038;p=825"},"modified":"2023-04-17T09:54:02","modified_gmt":"2023-04-17T09:54:02","slug":"kx-s192-wholesale-stainless-steel-flatware-sets-exporter","status":"publish","type":"product","link":"https:\/\/www.gdkaixuan.com\/tr\/urun\/kx-s192-toptan-paslanmaz-celik-doseme-takimlari-ihracatci\/","title":{"rendered":"KX-S192 toptan paslanmaz \u00e7elik sofra tak\u0131m\u0131 setleri ihracat\u00e7\u0131s\u0131"},"content":{"rendered":"<p><img fetchpriority=\"high\" decoding=\"async\" class=\"aligncenter size-full wp-image-826\" src=\"http:\/\/demo.gdjiexun.cn\/wp-content\/uploads\/2023\/04\/Kaixuan-cutlery-KX-S192.jpg\" alt=\"\" width=\"700\" height=\"500\" srcset=\"https:\/\/www.gdkaixuan.com\/wp-content\/uploads\/2023\/04\/Kaixuan-cutlery-KX-S192.jpg 700w, https:\/\/www.gdkaixuan.com\/wp-content\/uploads\/2023\/04\/Kaixuan-cutlery-KX-S192-600x429.jpg 600w\" sizes=\"(max-width: 700px) 100vw, 700px\" \/><\/p>\n<h5 style=\"color: #0f4087;\">\u25b8 \u00dcR\u00dcN PARAMETRELERI<\/h5>\n<table style=\"height: 131px; width: 100%; border-collapse: collapse; border-style: solid; border-color: #dddddd;\" border=\"1\">\n<tbody>\n<tr style=\"height: 24px;\">\n<td style=\"width: 17.1956%; height: 24px; border: 1px solid #dddddd; background-color: #f2f2f2;\">\u00dcr\u00fcn No:<\/td>\n<td style=\"width: 16.6707%; height: 24px; border: 1px solid #dddddd; background-color: #f2f2f2;\">\u0130sim<\/td>\n<td style=\"width: 15.654%; height: 24px; border: 1px solid #dddddd; background-color: #f2f2f2;\">Uzunluk (mm)<\/td>\n<td style=\"width: 16.8075%; height: 24px; border: 1px solid #dddddd; background-color: #f2f2f2;\">Geni\u015flik (mm)<\/td>\n<td style=\"width: 16.5862%; border: 1px solid #dddddd; background-color: #f2f2f2; height: 24px;\">Kal\u0131nl\u0131k (mm)<\/td>\n<td style=\"width: 17.086%; height: 24px; border: 1px solid #dddddd; background-color: #f2f2f2;\">A\u011f\u0131rl\u0131k (g)<\/td>\n<\/tr>\n<tr style=\"height: 24px;\">\n<td style=\"width: 17.1956%; height: 107px; border: 1px solid #dddddd; vertical-align: middle;\" rowspan=\"6\">KX-S192<\/td>\n<td style=\"width: 16.6707%; height: 25px; border: 1px solid #dddddd;\">Masa b\u0131\u00e7a\u011f\u0131<\/td>\n<td style=\"width: 15.654%; height: 25px; border: 1px solid #dddddd;\">210<\/td>\n<td style=\"width: 16.8075%; height: 25px; border: 1px solid #dddddd;\">19<\/td>\n<td style=\"width: 16.5862%; border: 1px solid #dddddd; height: 25px;\">6.5<\/td>\n<td style=\"width: 17.086%; height: 25px; border: 1px solid #dddddd;\">77.2<\/td>\n<\/tr>\n<tr style=\"height: 24px;\">\n<td style=\"width: 16.6707%; height: 23px; border: 1px solid #dddddd;\">Masa \u00e7atal\u0131<\/td>\n<td style=\"width: 15.654%; height: 23px; border: 1px solid #dddddd;\">185<\/td>\n<td style=\"width: 16.8075%; height: 23px; border: 1px solid #dddddd;\">25<\/td>\n<td style=\"width: 16.5862%; border: 1px solid #dddddd; height: 23px;\">2.4<\/td>\n<td style=\"width: 17.086%; height: 23px; border: 1px solid #dddddd;\">31.9<\/td>\n<\/tr>\n<tr style=\"height: 24px;\">\n<td style=\"width: 16.6707%; height: 25px; border: 1px solid #dddddd;\">Masa ka\u015f\u0131\u011f\u0131<\/td>\n<td style=\"width: 15.654%; height: 25px; border: 1px solid #dddddd;\">183<\/td>\n<td style=\"width: 16.8075%; height: 25px; border: 1px solid #dddddd;\">40<\/td>\n<td style=\"width: 16.5862%; border: 1px solid #dddddd; height: 25px;\">2.1<\/td>\n<td style=\"width: 17.086%; height: 25px; border: 1px solid #dddddd;\">36.6<\/td>\n<\/tr>\n<tr style=\"height: 41px;\">\n<td style=\"width: 16.6707%; border: 1px solid #dddddd; height: 10px;\">\u00c7ay ka\u015f\u0131\u011f\u0131<\/td>\n<td style=\"width: 15.654%; border: 1px solid #dddddd; height: 10px;\">155<\/td>\n<td style=\"width: 16.8075%; border: 1px solid #dddddd; height: 10px;\">34<\/td>\n<td style=\"width: 16.5862%; border: 1px solid #dddddd; height: 10px;\">2.1<\/td>\n<td style=\"width: 17.086%; border: 1px solid #dddddd; height: 10px;\">26.8<\/td>\n<\/tr>\n<tr>\n<td style=\"width: 16.6707%; border: 1px solid #dddddd;\">Kahve ka\u015f\u0131\u011f\u0131<\/td>\n<td style=\"width: 15.654%; border: 1px solid #dddddd;\">118<\/td>\n<td style=\"width: 16.8075%; border: 1px solid #dddddd;\">23<\/td>\n<td style=\"width: 16.5862%; border: 1px solid #dddddd;\">2.2<\/td>\n<td style=\"width: 17.086%; border: 1px solid #dddddd;\">17.2<\/td>\n<\/tr>\n<tr style=\"height: 24px;\">\n<td style=\"width: 16.6707%; border: 1px solid #dddddd; height: 24px;\">Yuvarlak ka\u015f\u0131k<\/td>\n<td style=\"width: 15.654%; border: 1px solid #dddddd; height: 24px;\">142<\/td>\n<td style=\"width: 16.8075%; border: 1px solid #dddddd; height: 24px;\">42<\/td>\n<td style=\"width: 16.5862%; border: 1px solid #dddddd; height: 24px;\">2.1<\/td>\n<td style=\"width: 17.086%; border: 1px solid #dddddd; height: 24px;\">25.8<\/td>\n<\/tr>\n<\/tbody>\n<\/table>\n<p>&nbsp;<\/p>","protected":false},"excerpt":{"rendered":"<p>\u25b8 \u00dcR\u00dcN PARAMETRELER\u0130 \u00dcr\u00fcn No: Ad\u0131 Uzunluk (mm) Geni\u015flik (mm) Kal\u0131nl\u0131k (mm) A\u011f\u0131rl\u0131k (g) KX-S192 Sofra b\u0131\u00e7a\u011f\u0131 210 19 6,5 77,2 Sofra \u00e7atal\u0131 185 25 2,4 31,9 Sofra ka\u015f\u0131\u011f\u0131 183 40 2,1 36,6 \u00c7ay ka\u015f\u0131\u011f\u0131 155 34 2,1 26,8 Kahve ka\u015f\u0131\u011f\u0131 118 23 2,2 17,2 Yuvarlak ka\u015f\u0131k 142 42 2,1 25,8 &nbsp;<\/p>","protected":false},"featured_media":827,"template":"","meta":{"_seopress_robots_primary_cat":"","_seopress_titles_title":"","_seopress_titles_desc":"","_seopress_robots_index":""},"product_cat":[20],"product_tag":[],"_links":{"self":[{"href":"https:\/\/www.gdkaixuan.com\/tr\/wp-json\/wp\/v2\/product\/825"}],"collection":[{"href":"https:\/\/www.gdkaixuan.com\/tr\/wp-json\/wp\/v2\/product"}],"about":[{"href":"https:\/\/www.gdkaixuan.com\/tr\/wp-json\/wp\/v2\/types\/product"}],"wp:featuredmedia":[{"embeddable":true,"href":"https:\/\/www.gdkaixuan.com\/tr\/wp-json\/wp\/v2\/media\/827"}],"wp:attachment":[{"href":"https:\/\/www.gdkaixuan.com\/tr\/wp-json\/wp\/v2\/media?parent=825"}],"wp:term":[{"taxonomy":"product_cat","embeddable":true,"href":"https:\/\/www.gdkaixuan.com\/tr\/wp-json\/wp\/v2\/product_cat?post=825"},{"taxonomy":"product_tag","embeddable":true,"href":"https:\/\/www.gdkaixuan.com\/tr\/wp-json\/wp\/v2\/product_tag?post=825"}],"curies":[{"name":"wp","href":"https:\/\/api.w.org\/{rel}","templated":true}]}}