{"id":752,"date":"2023-04-17T08:18:29","date_gmt":"2023-04-17T08:18:29","guid":{"rendered":"https:\/\/demo.gdjiexun.cn\/?post_type=product&#038;p=752"},"modified":"2023-04-17T08:22:34","modified_gmt":"2023-04-17T08:22:34","slug":"kx-s126-oem-stainless-steel-flatware-sets-factory-from-china","status":"publish","type":"product","link":"https:\/\/www.gdkaixuan.com\/tr\/urun\/kx-s126-oem-paslanmaz-celik-duz-yazilim-setleri-fabrika-cinden\/","title":{"rendered":"\u00c7in'den KX-S126 OEM paslanmaz \u00e7elik sofra tak\u0131mlar\u0131 fabrikas\u0131"},"content":{"rendered":"<p><img fetchpriority=\"high\" decoding=\"async\" class=\"aligncenter size-full wp-image-753\" src=\"http:\/\/demo.gdjiexun.cn\/wp-content\/uploads\/2023\/04\/Kaixuan-cutlery-KX-S126.jpg\" alt=\"\" width=\"700\" height=\"466\" srcset=\"https:\/\/www.gdkaixuan.com\/wp-content\/uploads\/2023\/04\/Kaixuan-cutlery-KX-S126.jpg 700w, https:\/\/www.gdkaixuan.com\/wp-content\/uploads\/2023\/04\/Kaixuan-cutlery-KX-S126-600x399.jpg 600w\" sizes=\"(max-width: 700px) 100vw, 700px\" \/><\/p>\n<h5 style=\"color: #0f4087;\">\u25b8 \u00dcR\u00dcN PARAMETRELERI<\/h5>\n<table style=\"height: 131px; width: 100%; border-collapse: collapse; border-style: solid; border-color: #dddddd;\" border=\"1\">\n<tbody>\n<tr style=\"height: 24px;\">\n<td style=\"width: 17.1956%; height: 24px; border: 1px solid #dddddd; background-color: #f2f2f2;\">\u00dcr\u00fcn No:<\/td>\n<td style=\"width: 16.4575%; height: 24px; border: 1px solid #dddddd; background-color: #f2f2f2;\">\u0130sim<\/td>\n<td style=\"width: 15.8672%; height: 24px; border: 1px solid #dddddd; background-color: #f2f2f2;\">Uzunluk (mm)<\/td>\n<td style=\"width: 16.8075%; height: 24px; border: 1px solid #dddddd; background-color: #f2f2f2;\">Geni\u015flik (mm)<\/td>\n<td style=\"width: 16.5862%; border: 1px solid #dddddd; background-color: #f2f2f2; height: 24px;\">Kal\u0131nl\u0131k (mm)<\/td>\n<td style=\"width: 17.086%; height: 24px; border: 1px solid #dddddd; background-color: #f2f2f2;\">A\u011f\u0131rl\u0131k (g)<\/td>\n<\/tr>\n<tr style=\"height: 24px;\">\n<td style=\"width: 17.1956%; height: 107px; border: 1px solid #dddddd; vertical-align: middle;\" rowspan=\"6\">KX-S126<\/td>\n<td style=\"width: 16.4575%; height: 25px; border: 1px solid #dddddd;\">Biftek b\u0131\u00e7a\u011f\u0131<\/td>\n<td style=\"width: 15.8672%; height: 25px; border: 1px solid #dddddd;\">220<\/td>\n<td style=\"width: 16.8075%; height: 25px; border: 1px solid #dddddd;\">22<\/td>\n<td style=\"width: 16.5862%; border: 1px solid #dddddd; height: 25px;\">4<\/td>\n<td style=\"width: 17.086%; height: 25px; border: 1px solid #dddddd;\">57<\/td>\n<\/tr>\n<tr style=\"height: 24px;\">\n<td style=\"width: 16.4575%; height: 23px; border: 1px solid #dddddd;\">Masa b\u0131\u00e7a\u011f\u0131<\/td>\n<td style=\"width: 15.8672%; height: 23px; border: 1px solid #dddddd;\">215<\/td>\n<td style=\"width: 16.8075%; height: 23px; border: 1px solid #dddddd;\">22<\/td>\n<td style=\"width: 16.5862%; border: 1px solid #dddddd; height: 23px;\">4<\/td>\n<td style=\"width: 17.086%; height: 23px; border: 1px solid #dddddd;\">59<\/td>\n<\/tr>\n<tr style=\"height: 24px;\">\n<td style=\"width: 16.4575%; height: 25px; border: 1px solid #dddddd;\">Masa \u00e7atal\u0131<\/td>\n<td style=\"width: 15.8672%; height: 25px; border: 1px solid #dddddd;\">205<\/td>\n<td style=\"width: 16.8075%; height: 25px; border: 1px solid #dddddd;\">45<\/td>\n<td style=\"width: 16.5862%; border: 1px solid #dddddd; height: 25px;\">2.5<\/td>\n<td style=\"width: 17.086%; height: 25px; border: 1px solid #dddddd;\">54<\/td>\n<\/tr>\n<tr style=\"height: 41px;\">\n<td style=\"width: 16.4575%; border: 1px solid #dddddd; height: 10px;\">Masa ka\u015f\u0131\u011f\u0131<\/td>\n<td style=\"width: 15.8672%; border: 1px solid #dddddd; height: 10px;\">207<\/td>\n<td style=\"width: 16.8075%; border: 1px solid #dddddd; height: 10px;\">27<\/td>\n<td style=\"width: 16.5862%; border: 1px solid #dddddd; height: 10px;\">2.5<\/td>\n<td style=\"width: 17.086%; border: 1px solid #dddddd; height: 10px;\">46<\/td>\n<\/tr>\n<tr>\n<td style=\"width: 16.4575%; border: 1px solid #dddddd;\">\u00c7ay ka\u015f\u0131\u011f\u0131<\/td>\n<td style=\"width: 15.8672%; border: 1px solid #dddddd;\">160<\/td>\n<td style=\"width: 16.8075%; border: 1px solid #dddddd;\">24<\/td>\n<td style=\"width: 16.5862%; border: 1px solid #dddddd;\">2.5<\/td>\n<td style=\"width: 17.086%; border: 1px solid #dddddd;\">58<\/td>\n<\/tr>\n<tr style=\"height: 24px;\">\n<td style=\"width: 16.4575%; border: 1px solid #dddddd; height: 24px;\">Pasta \u00e7atal\u0131<\/td>\n<td style=\"width: 15.8672%; border: 1px solid #dddddd; height: 24px;\">157<\/td>\n<td style=\"width: 16.8075%; border: 1px solid #dddddd; height: 24px;\">34<\/td>\n<td style=\"width: 16.5862%; border: 1px solid #dddddd; height: 24px;\">2.5<\/td>\n<td style=\"width: 17.086%; border: 1px solid #dddddd; height: 24px;\">32<\/td>\n<\/tr>\n<\/tbody>\n<\/table>\n<p>&nbsp;<\/p>","protected":false},"excerpt":{"rendered":"<p>\u00dcR\u00dcN PARAMETRELER\u0130 \u00dcr\u00fcn No: Ad\u0131 Uzunluk (mm) Geni\u015flik (mm) Kal\u0131nl\u0131k (mm) A\u011f\u0131rl\u0131k (g) KX-S126 Biftek b\u0131\u00e7a\u011f\u0131 220 22 4 57 Sofra b\u0131\u00e7a\u011f\u0131 215 22 4 59 Sofra \u00e7atal\u0131 205 45 2,5 54 Sofra ka\u015f\u0131\u011f\u0131 207 27 2,5 46 \u00c7ay ka\u015f\u0131\u011f\u0131 160 24 2,5 58 Kek \u00e7atal\u0131 157 34 2,5 32 &nbsp;<\/p>","protected":false},"featured_media":754,"template":"","meta":{"_seopress_robots_primary_cat":"","_seopress_titles_title":"","_seopress_titles_desc":"","_seopress_robots_index":""},"product_cat":[20],"product_tag":[],"_links":{"self":[{"href":"https:\/\/www.gdkaixuan.com\/tr\/wp-json\/wp\/v2\/product\/752"}],"collection":[{"href":"https:\/\/www.gdkaixuan.com\/tr\/wp-json\/wp\/v2\/product"}],"about":[{"href":"https:\/\/www.gdkaixuan.com\/tr\/wp-json\/wp\/v2\/types\/product"}],"wp:featuredmedia":[{"embeddable":true,"href":"https:\/\/www.gdkaixuan.com\/tr\/wp-json\/wp\/v2\/media\/754"}],"wp:attachment":[{"href":"https:\/\/www.gdkaixuan.com\/tr\/wp-json\/wp\/v2\/media?parent=752"}],"wp:term":[{"taxonomy":"product_cat","embeddable":true,"href":"https:\/\/www.gdkaixuan.com\/tr\/wp-json\/wp\/v2\/product_cat?post=752"},{"taxonomy":"product_tag","embeddable":true,"href":"https:\/\/www.gdkaixuan.com\/tr\/wp-json\/wp\/v2\/product_tag?post=752"}],"curies":[{"name":"wp","href":"https:\/\/api.w.org\/{rel}","templated":true}]}}