{"id":697,"date":"2023-04-17T01:21:35","date_gmt":"2023-04-17T01:21:35","guid":{"rendered":"https:\/\/demo.gdjiexun.cn\/?post_type=product&#038;p=697"},"modified":"2023-07-18T09:30:35","modified_gmt":"2023-07-18T09:30:35","slug":"kx-s094-bulk-stainless-steel-cutlery-sets-factory-from-china","status":"publish","type":"product","link":"https:\/\/www.gdkaixuan.com\/tr\/urun\/kx-s094-bulk-paslanmaz-celik-catal-bicak-setleri-fabrika-cinden\/","title":{"rendered":"\u00c7in'den KX-S094 d\u00f6kme paslanmaz \u00e7elik \u00e7atal b\u0131\u00e7ak tak\u0131m\u0131 fabrikas\u0131"},"content":{"rendered":"<p><img fetchpriority=\"high\" decoding=\"async\" class=\"aligncenter size-full wp-image-698\" src=\"http:\/\/demo.gdjiexun.cn\/wp-content\/uploads\/2023\/04\/Kaixuan-cutlery-KX-S094.jpg\" alt=\"\" width=\"700\" height=\"466\" srcset=\"https:\/\/www.gdkaixuan.com\/wp-content\/uploads\/2023\/04\/Kaixuan-cutlery-KX-S094.jpg 700w, https:\/\/www.gdkaixuan.com\/wp-content\/uploads\/2023\/04\/Kaixuan-cutlery-KX-S094-600x399.jpg 600w\" sizes=\"(max-width: 700px) 100vw, 700px\" \/><\/p>\n<h5 style=\"color: #0f4087;\">\u25b8 \u00dcR\u00dcN PARAMETRELERI<\/h5>\n<table style=\"height: 227px; width: 100%; border-collapse: collapse; border-style: solid; border-color: #dddddd;\" border=\"1\">\n<tbody>\n<tr style=\"height: 24px;\">\n<td style=\"width: 17.1956%; height: 24px; border: 1px solid #dddddd; background-color: #f2f2f2;\">\u00dcr\u00fcn No:<\/td>\n<td style=\"width: 16.4575%; height: 24px; border: 1px solid #dddddd; background-color: #f2f2f2;\">\u0130sim<\/td>\n<td style=\"width: 15.8672%; height: 24px; border: 1px solid #dddddd; background-color: #f2f2f2;\">Uzunluk (mm)<\/td>\n<td style=\"width: 16.8075%; height: 24px; border: 1px solid #dddddd; background-color: #f2f2f2;\">Geni\u015flik (mm)<\/td>\n<td style=\"width: 16.5862%; border: 1px solid #dddddd; background-color: #f2f2f2; height: 24px;\">Kal\u0131nl\u0131k (mm)<\/td>\n<td style=\"width: 17.086%; height: 24px; border: 1px solid #dddddd; background-color: #f2f2f2;\">A\u011f\u0131rl\u0131k (g)<\/td>\n<\/tr>\n<tr style=\"height: 24px;\">\n<td style=\"width: 17.1956%; height: 203px; border: 1px solid #dddddd; vertical-align: middle;\" rowspan=\"9\">KX-S094<\/td>\n<td style=\"width: 16.4575%; height: 25px; border: 1px solid #dddddd;\">Biftek b\u0131\u00e7a\u011f\u0131<\/td>\n<td style=\"width: 15.8672%; height: 25px; border: 1px solid #dddddd;\">210<\/td>\n<td style=\"width: 16.8075%; height: 25px; border: 1px solid #dddddd;\">18<\/td>\n<td style=\"width: 16.5862%; border: 1px solid #dddddd; height: 25px;\">3<\/td>\n<td style=\"width: 17.086%; height: 25px; border: 1px solid #dddddd;\">44<\/td>\n<\/tr>\n<tr style=\"height: 24px;\">\n<td style=\"width: 16.4575%; height: 23px; border: 1px solid #dddddd;\">Masa b\u0131\u00e7a\u011f\u0131<\/td>\n<td style=\"width: 15.8672%; height: 23px; border: 1px solid #dddddd;\">210<\/td>\n<td style=\"width: 16.8075%; height: 23px; border: 1px solid #dddddd;\">18<\/td>\n<td style=\"width: 16.5862%; border: 1px solid #dddddd; height: 23px;\">3<\/td>\n<td style=\"width: 17.086%; height: 23px; border: 1px solid #dddddd;\">44<\/td>\n<\/tr>\n<tr style=\"height: 24px;\">\n<td style=\"width: 16.4575%; height: 25px; border: 1px solid #dddddd;\">Masa \u00e7atal\u0131<\/td>\n<td style=\"width: 15.8672%; height: 25px; border: 1px solid #dddddd;\">190<\/td>\n<td style=\"width: 16.8075%; height: 25px; border: 1px solid #dddddd;\">22<\/td>\n<td style=\"width: 16.5862%; border: 1px solid #dddddd; height: 25px;\">1.5<\/td>\n<td style=\"width: 17.086%; height: 25px; border: 1px solid #dddddd;\">29<\/td>\n<\/tr>\n<tr style=\"height: 41px;\">\n<td style=\"width: 16.4575%; border: 1px solid #dddddd; height: 10px;\">Masa ka\u015f\u0131\u011f\u0131<\/td>\n<td style=\"width: 15.8672%; border: 1px solid #dddddd; height: 10px;\">190<\/td>\n<td style=\"width: 16.8075%; border: 1px solid #dddddd; height: 10px;\">43<\/td>\n<td style=\"width: 16.5862%; border: 1px solid #dddddd; height: 10px;\">1.8<\/td>\n<td style=\"width: 17.086%; border: 1px solid #dddddd; height: 10px;\">39<\/td>\n<\/tr>\n<tr style=\"height: 24px;\">\n<td style=\"width: 16.4575%; border: 1px solid #dddddd; height: 24px;\">\u00c7ay ka\u015f\u0131\u011f\u0131<\/td>\n<td style=\"width: 15.8672%; border: 1px solid #dddddd; height: 24px;\">128<\/td>\n<td style=\"width: 16.8075%; border: 1px solid #dddddd; height: 24px;\">30<\/td>\n<td style=\"width: 16.5862%; border: 1px solid #dddddd; height: 24px;\">1<\/td>\n<td style=\"width: 17.086%; border: 1px solid #dddddd; height: 24px;\">16<\/td>\n<\/tr>\n<tr style=\"height: 24px;\">\n<td style=\"width: 16.4575%; border: 1px solid #dddddd; height: 24px;\">Tatl\u0131 b\u0131\u00e7a\u011f\u0131<\/td>\n<td style=\"width: 15.8672%; border: 1px solid #dddddd; height: 24px;\">182<\/td>\n<td style=\"width: 16.8075%; border: 1px solid #dddddd; height: 24px;\">16<\/td>\n<td style=\"width: 16.5862%; border: 1px solid #dddddd; height: 24px;\">3<\/td>\n<td style=\"width: 17.086%; border: 1px solid #dddddd; height: 24px;\">29.9<\/td>\n<\/tr>\n<tr style=\"height: 24px;\">\n<td style=\"width: 16.4575%; border: 1px solid #dddddd; height: 24px;\">Tatl\u0131 \u00e7atal\u0131<\/td>\n<td style=\"width: 15.8672%; border: 1px solid #dddddd; height: 24px;\">165<\/td>\n<td style=\"width: 16.8075%; border: 1px solid #dddddd; height: 24px;\">20<\/td>\n<td style=\"width: 16.5862%; border: 1px solid #dddddd; height: 24px;\">1.2<\/td>\n<td style=\"width: 17.086%; border: 1px solid #dddddd; height: 24px;\">17<\/td>\n<\/tr>\n<tr style=\"height: 24px;\">\n<td style=\"width: 16.4575%; border: 1px solid #dddddd; height: 24px;\">Tatl\u0131 ka\u015f\u0131\u011f\u0131<\/td>\n<td style=\"width: 15.8672%; border: 1px solid #dddddd; height: 24px;\">165<\/td>\n<td style=\"width: 16.8075%; border: 1px solid #dddddd; height: 24px;\">32<\/td>\n<td style=\"width: 16.5862%; border: 1px solid #dddddd; height: 24px;\">1.2<\/td>\n<td style=\"width: 17.086%; border: 1px solid #dddddd; height: 24px;\">27<\/td>\n<\/tr>\n<tr style=\"height: 24px;\">\n<td style=\"width: 16.4575%; border: 1px solid #dddddd; height: 24px;\">Kahve ka\u015f\u0131\u011f\u0131<\/td>\n<td style=\"width: 15.8672%; border: 1px solid #dddddd; height: 24px;\">95<\/td>\n<td style=\"width: 16.8075%; border: 1px solid #dddddd; height: 24px;\">21<\/td>\n<td style=\"width: 16.5862%; border: 1px solid #dddddd; height: 24px;\">1<\/td>\n<td style=\"width: 17.086%; border: 1px solid #dddddd; height: 24px;\">8.2<\/td>\n<\/tr>\n<\/tbody>\n<\/table>\n<p>&nbsp;<\/p>","protected":false},"excerpt":{"rendered":"<p>\u25b8 PRODUCT PARAMETERS Item No: Name Length(mm) Width(mm) Thickness(mm) Weight(g) KX-S094 Steak\u00a0knife 210 18 3 44 Table knife 210 18 3 44 Table fork 190 22 1.5 29 Table spoon 190 43 1.8 39 Tea spoon 128 30 1 16 Dessert knife 182 16 3 29.9 Dessert fork 165 20 1.2 17 Dessert spoon 165 [&hellip;]<\/p>","protected":false},"featured_media":699,"template":"","meta":{"_seopress_robots_primary_cat":"none","_seopress_titles_title":"","_seopress_titles_desc":"","_seopress_robots_index":""},"product_cat":[20],"product_tag":[],"_links":{"self":[{"href":"https:\/\/www.gdkaixuan.com\/tr\/wp-json\/wp\/v2\/product\/697"}],"collection":[{"href":"https:\/\/www.gdkaixuan.com\/tr\/wp-json\/wp\/v2\/product"}],"about":[{"href":"https:\/\/www.gdkaixuan.com\/tr\/wp-json\/wp\/v2\/types\/product"}],"wp:featuredmedia":[{"embeddable":true,"href":"https:\/\/www.gdkaixuan.com\/tr\/wp-json\/wp\/v2\/media\/699"}],"wp:attachment":[{"href":"https:\/\/www.gdkaixuan.com\/tr\/wp-json\/wp\/v2\/media?parent=697"}],"wp:term":[{"taxonomy":"product_cat","embeddable":true,"href":"https:\/\/www.gdkaixuan.com\/tr\/wp-json\/wp\/v2\/product_cat?post=697"},{"taxonomy":"product_tag","embeddable":true,"href":"https:\/\/www.gdkaixuan.com\/tr\/wp-json\/wp\/v2\/product_tag?post=697"}],"curies":[{"name":"wp","href":"https:\/\/api.w.org\/{rel}","templated":true}]}}