{"id":1979,"date":"2024-07-23T06:54:23","date_gmt":"2024-07-23T06:54:23","guid":{"rendered":"https:\/\/www.gdkaixuan.com\/?post_type=product&#038;p=1979"},"modified":"2024-08-02T08:30:08","modified_gmt":"2024-08-02T08:30:08","slug":"kx-s305-oem-stainless-steel-cutlery-sets-manufacturers-in-china","status":"publish","type":"product","link":"https:\/\/www.gdkaixuan.com\/tr\/urun\/kx-s305-oem-paslanmaz-celik-catal-bicak-setleri-ureticileri-icinde-cin\/","title":{"rendered":"\u00c7in'de KX-S305 OEM paslanmaz \u00e7elik \u00e7atal b\u0131\u00e7ak tak\u0131m\u0131 \u00fcreticileri"},"content":{"rendered":"<p><a href=\"https:\/\/www.gdkaixuan.com\/tr\/?attachment_id=1980\/\" rel=\"attachment wp-att-1980\"><img fetchpriority=\"high\" decoding=\"async\" class=\"aligncenter size-full wp-image-1980\" src=\"https:\/\/www.gdkaixuan.com\/wp-content\/uploads\/2024\/07\/305.webp\" alt=\"\u00c7in&#039;de kx v001 1 oem paslanmaz \u00e7elik \u00e7atal b\u0131\u00e7ak tak\u0131m\u0131 \u00fcreticileri (\u590d\u5236)\" width=\"700\" height=\"700\" srcset=\"https:\/\/www.gdkaixuan.com\/wp-content\/uploads\/2024\/07\/305.webp 700w, https:\/\/www.gdkaixuan.com\/wp-content\/uploads\/2024\/07\/305-600x600.webp 600w, https:\/\/www.gdkaixuan.com\/wp-content\/uploads\/2024\/07\/305-100x100.webp 100w, https:\/\/www.gdkaixuan.com\/wp-content\/uploads\/2024\/07\/305-500x500.webp 500w, https:\/\/www.gdkaixuan.com\/wp-content\/uploads\/2024\/07\/305-12x12.webp 12w\" sizes=\"(max-width: 700px) 100vw, 700px\" \/><\/a><\/p>\n<p>&nbsp;<\/p>\n<h5 style=\"color: #0f4087;\">\u25b8 \u00dcR\u00dcN PARAMETRELERI<\/h5>\n<table style=\"height: 131px; width: 100%; border-collapse: collapse; border-style: solid; border-color: #dddddd;\" border=\"1\">\n<tbody>\n<tr style=\"height: 24px;\">\n<td style=\"width: 17.1956%; height: 24px; border: 1px solid #dddddd; background-color: #f2f2f2;\">\u00dcr\u00fcn No:<\/td>\n<td style=\"width: 16.6707%; height: 24px; border: 1px solid #dddddd; background-color: #f2f2f2;\">\u0130sim<\/td>\n<td style=\"width: 15.654%; height: 24px; border: 1px solid #dddddd; background-color: #f2f2f2;\">Uzunluk (mm)<\/td>\n<td style=\"width: 16.8075%; height: 24px; border: 1px solid #dddddd; background-color: #f2f2f2;\">Geni\u015flik (mm)<\/td>\n<td style=\"width: 16.5862%; border: 1px solid #dddddd; background-color: #f2f2f2; height: 24px;\">Kal\u0131nl\u0131k (mm)<\/td>\n<td style=\"width: 17.086%; height: 24px; border: 1px solid #dddddd; background-color: #f2f2f2;\">A\u011f\u0131rl\u0131k (g)<\/td>\n<\/tr>\n<tr style=\"height: 24px;\">\n<td style=\"width: 17.1956%; height: 107px; border: 1px solid #dddddd; vertical-align: middle;\" rowspan=\"5\">KX-S305<\/td>\n<td style=\"width: 16.6707%; height: 25px; border: 1px solid #dddddd;\">Yemek b\u0131\u00e7a\u011f\u0131<\/td>\n<td style=\"width: 15.654%; height: 25px; border: 1px solid #dddddd;\">225<\/td>\n<td style=\"width: 16.8075%; height: 25px; border: 1px solid #dddddd;\">19<\/td>\n<td style=\"width: 16.5862%; border: 1px solid #dddddd; height: 25px;\">5.0<\/td>\n<td style=\"width: 17.086%; height: 25px; border: 1px solid #dddddd;\">72.6<\/td>\n<\/tr>\n<tr style=\"height: 24px;\">\n<td style=\"width: 16.6707%; height: 23px; border: 1px solid #dddddd;\">Yemek \u00e7atal\u0131<\/td>\n<td style=\"width: 15.654%; height: 23px; border: 1px solid #dddddd;\">199<\/td>\n<td style=\"width: 16.8075%; height: 23px; border: 1px solid #dddddd;\">26<\/td>\n<td style=\"width: 16.5862%; border: 1px solid #dddddd; height: 23px;\">2.5<\/td>\n<td style=\"width: 17.086%; height: 23px; border: 1px solid #dddddd;\">41.3<\/td>\n<\/tr>\n<tr style=\"height: 24px;\">\n<td style=\"width: 16.6707%; height: 25px; border: 1px solid #dddddd;\">Yemek ka\u015f\u0131\u011f\u0131<\/td>\n<td style=\"width: 15.654%; height: 25px; border: 1px solid #dddddd;\">199<\/td>\n<td style=\"width: 16.8075%; height: 25px; border: 1px solid #dddddd;\">42<\/td>\n<td style=\"width: 16.5862%; border: 1px solid #dddddd; height: 25px;\">2.5<\/td>\n<td style=\"width: 17.086%; height: 25px; border: 1px solid #dddddd;\">49.2<\/td>\n<\/tr>\n<tr style=\"height: 41px;\">\n<td style=\"width: 16.6707%; border: 1px solid #dddddd; height: 10px;\">\u00c7ay ka\u015f\u0131\u011f\u0131<\/td>\n<td style=\"width: 15.654%; border: 1px solid #dddddd; height: 10px;\">142<\/td>\n<td style=\"width: 16.8075%; border: 1px solid #dddddd; height: 10px;\">31<\/td>\n<td style=\"width: 16.5862%; border: 1px solid #dddddd; height: 10px;\">1.8<\/td>\n<td style=\"width: 17.086%; border: 1px solid #dddddd; height: 10px;\">21.5<\/td>\n<\/tr>\n<tr style=\"height: 24px;\">\n<td style=\"width: 16.6707%; border: 1px solid #dddddd; height: 24px;\">\u00c7ay \u00e7atal\u0131<\/td>\n<td style=\"width: 15.654%; border: 1px solid #dddddd; height: 24px;\">170<\/td>\n<td style=\"width: 16.8075%; border: 1px solid #dddddd; height: 24px;\">22<\/td>\n<td style=\"width: 16.5862%; border: 1px solid #dddddd; height: 24px;\">1.8<\/td>\n<td style=\"width: 17.086%; border: 1px solid #dddddd; height: 24px;\">24.3<\/td>\n<\/tr>\n<\/tbody>\n<\/table>\n<p>&nbsp;<\/p>","protected":false},"excerpt":{"rendered":"<p>&nbsp; \u25b8 \u00dcR\u00dcN PARAMETRELER\u0130 \u00dcr\u00fcn No: Ad\u0131 Uzunluk (mm) Geni\u015flik (mm) Kal\u0131nl\u0131k (mm) A\u011f\u0131rl\u0131k (g) KX-S305 Yemek b\u0131\u00e7a\u011f\u0131 225 19 5,0 72,6 Yemek \u00e7atal\u0131 199 26 2,5 41,3 Yemek ka\u015f\u0131\u011f\u0131 199 42 2,5 49,2 \u00c7ay ka\u015f\u0131\u011f\u0131 142 31 1,8 21,5 \u00c7ay \u00e7atal\u0131 170 22 1,8 24,3 &nbsp;<\/p>","protected":false},"featured_media":1980,"template":"","meta":{"_seopress_robots_primary_cat":"none","_seopress_titles_title":"","_seopress_titles_desc":"","_seopress_robots_index":""},"product_cat":[20],"product_tag":[],"_links":{"self":[{"href":"https:\/\/www.gdkaixuan.com\/tr\/wp-json\/wp\/v2\/product\/1979"}],"collection":[{"href":"https:\/\/www.gdkaixuan.com\/tr\/wp-json\/wp\/v2\/product"}],"about":[{"href":"https:\/\/www.gdkaixuan.com\/tr\/wp-json\/wp\/v2\/types\/product"}],"wp:featuredmedia":[{"embeddable":true,"href":"https:\/\/www.gdkaixuan.com\/tr\/wp-json\/wp\/v2\/media\/1980"}],"wp:attachment":[{"href":"https:\/\/www.gdkaixuan.com\/tr\/wp-json\/wp\/v2\/media?parent=1979"}],"wp:term":[{"taxonomy":"product_cat","embeddable":true,"href":"https:\/\/www.gdkaixuan.com\/tr\/wp-json\/wp\/v2\/product_cat?post=1979"},{"taxonomy":"product_tag","embeddable":true,"href":"https:\/\/www.gdkaixuan.com\/tr\/wp-json\/wp\/v2\/product_tag?post=1979"}],"curies":[{"name":"wp","href":"https:\/\/api.w.org\/{rel}","templated":true}]}}