{"id":1975,"date":"2024-07-24T03:37:04","date_gmt":"2024-07-24T03:37:04","guid":{"rendered":"https:\/\/www.gdkaixuan.com\/?post_type=product&#038;p=1975"},"modified":"2024-08-02T08:30:47","modified_gmt":"2024-08-02T08:30:47","slug":"kx-s254-wholesale-stainless-steel-flatware-sets-suppliers-in-china","status":"publish","type":"product","link":"https:\/\/www.gdkaixuan.com\/tr\/urun\/kx-s254-wholesale-stainless-steel-flatware-sets-suppliers-in-china\/","title":{"rendered":"\u00c7in'de KX-S254 toptan paslanmaz \u00e7elik sofra tak\u0131m\u0131 setleri tedarik\u00e7ileri"},"content":{"rendered":"<p><a href=\"https:\/\/www.gdkaixuan.com\/tr\/?attachment_id=1976\/\" rel=\"attachment wp-att-1976\"><img fetchpriority=\"high\" decoding=\"async\" class=\"aligncenter size-full wp-image-1976\" src=\"https:\/\/www.gdkaixuan.com\/wp-content\/uploads\/2024\/07\/254.webp\" alt=\"\u00c7in&#039;de kx s1570 toptan paslanmaz \u00e7elik sofra tak\u0131m\u0131 setleri tedarik\u00e7ileri (\u590d\u5236)\" width=\"700\" height=\"700\" srcset=\"https:\/\/www.gdkaixuan.com\/wp-content\/uploads\/2024\/07\/254.webp 700w, https:\/\/www.gdkaixuan.com\/wp-content\/uploads\/2024\/07\/254-600x600.webp 600w, https:\/\/www.gdkaixuan.com\/wp-content\/uploads\/2024\/07\/254-100x100.webp 100w, https:\/\/www.gdkaixuan.com\/wp-content\/uploads\/2024\/07\/254-500x500.webp 500w, https:\/\/www.gdkaixuan.com\/wp-content\/uploads\/2024\/07\/254-12x12.webp 12w\" sizes=\"(max-width: 700px) 100vw, 700px\" \/><\/a><\/p>\n<p>&nbsp;<\/p>\n<p>&nbsp;<\/p>\n<h5 style=\"color: #0f4087;\">\u25b8 \u00dcR\u00dcN PARAMETRELERI<\/h5>\n<table style=\"height: 240px; width: 96.1835%; border-collapse: collapse; border-style: solid; border-color: #dddddd;\" border=\"1\">\n<tbody>\n<tr style=\"height: 24px;\">\n<td style=\"width: 17.1956%; height: 24px; border: 1px solid #dddddd; background-color: #f2f2f2;\">\u00dcr\u00fcn No:<\/td>\n<td style=\"width: 15.8192%; height: 24px; border: 1px solid #dddddd; background-color: #f2f2f2;\">\u0130sim<\/td>\n<td style=\"width: 16.5055%; height: 24px; border: 1px solid #dddddd; background-color: #f2f2f2;\">Uzunluk (mm)<\/td>\n<td style=\"width: 16.8075%; height: 24px; border: 1px solid #dddddd; background-color: #f2f2f2;\">Geni\u015flik (mm)<\/td>\n<td style=\"width: 16.5862%; border: 1px solid #dddddd; background-color: #f2f2f2; height: 24px;\">Kal\u0131nl\u0131k (mm)<\/td>\n<td style=\"width: 17.086%; height: 24px; border: 1px solid #dddddd; background-color: #f2f2f2;\">A\u011f\u0131rl\u0131k (g)<\/td>\n<\/tr>\n<tr style=\"height: 24px;\">\n<td style=\"width: 17.1956%; height: 216px; border: 1px solid #dddddd; vertical-align: middle;\" rowspan=\"10\">KX-S254<\/td>\n<td style=\"width: 15.8192%; border: 1px solid #dddddd; height: 21px;\">Yemek b\u0131\u00e7a\u011f\u0131<\/td>\n<td style=\"width: 16.5055%; border: 1px solid #dddddd; height: 21px;\">227<\/td>\n<td style=\"width: 16.8075%; border: 1px solid #dddddd; height: 21px;\">20<\/td>\n<td style=\"width: 16.5862%; border: 1px solid #dddddd; height: 21px;\">8.0<\/td>\n<td style=\"width: 17.086%; border: 1px solid #dddddd; height: 21px;\">84.7<\/td>\n<\/tr>\n<tr style=\"height: 24px;\">\n<td style=\"width: 15.8192%; border: 1px solid #dddddd; height: 24px;\">Yemek \u00e7atal\u0131<\/td>\n<td style=\"width: 16.5055%; border: 1px solid #dddddd; height: 24px;\">211<\/td>\n<td style=\"width: 16.8075%; border: 1px solid #dddddd; height: 24px;\">27<\/td>\n<td style=\"width: 16.5862%; border: 1px solid #dddddd; height: 24px;\">3.5<\/td>\n<td style=\"width: 17.086%; border: 1px solid #dddddd; height: 24px;\">45.2<\/td>\n<\/tr>\n<tr style=\"height: 24px;\">\n<td style=\"width: 15.8192%; border: 1px solid #dddddd; height: 24px;\">Yemek ka\u015f\u0131\u011f\u0131<\/td>\n<td style=\"width: 16.5055%; border: 1px solid #dddddd; height: 24px;\">209<\/td>\n<td style=\"width: 16.8075%; border: 1px solid #dddddd; height: 24px;\">42<\/td>\n<td style=\"width: 16.5862%; border: 1px solid #dddddd; height: 24px;\">3.8<\/td>\n<td style=\"width: 17.086%; border: 1px solid #dddddd; height: 24px;\">59.2<\/td>\n<\/tr>\n<tr style=\"height: 24px;\">\n<td style=\"width: 15.8192%; border: 1px solid #dddddd; height: 24px;\">\u00c7ay ka\u015f\u0131\u011f\u0131<\/td>\n<td style=\"width: 16.5055%; border: 1px solid #dddddd; height: 24px;\">141<\/td>\n<td style=\"width: 16.8075%; border: 1px solid #dddddd; height: 24px;\">29<\/td>\n<td style=\"width: 16.5862%; border: 1px solid #dddddd; height: 24px;\">2.8<\/td>\n<td style=\"width: 17.086%; border: 1px solid #dddddd; height: 24px;\">23.8<\/td>\n<\/tr>\n<tr style=\"height: 27px;\">\n<td style=\"width: 15.8192%; border: 1px solid #dddddd; height: 27px;\">Buz \u00e7atal\u0131<\/td>\n<td style=\"width: 16.5055%; border: 1px solid #dddddd; height: 27px;\">185<\/td>\n<td style=\"width: 16.8075%; border: 1px solid #dddddd; height: 27px;\">26<\/td>\n<td style=\"width: 16.5862%; border: 1px solid #dddddd; height: 27px;\">2.4<\/td>\n<td style=\"width: 17.086%; border: 1px solid #dddddd; height: 27px;\">26.7<\/td>\n<\/tr>\n<tr style=\"height: 24px;\">\n<td style=\"width: 15.8192%; border: 1px solid #dddddd; height: 24px;\">Tatl\u0131 b\u0131\u00e7a\u011f\u0131<\/td>\n<td style=\"width: 16.5055%; border: 1px solid #dddddd; height: 24px;\">212<\/td>\n<td style=\"width: 16.8075%; border: 1px solid #dddddd; height: 24px;\">19<\/td>\n<td style=\"width: 16.5862%; border: 1px solid #dddddd; height: 24px;\">6.3<\/td>\n<td style=\"width: 17.086%; border: 1px solid #dddddd; height: 24px;\">65.0<\/td>\n<\/tr>\n<tr style=\"height: 24px;\">\n<td style=\"width: 15.8192%; border: 1px solid #dddddd; height: 24px;\">Tatl\u0131 \u00e7atal\u0131<\/td>\n<td style=\"width: 16.5055%; border: 1px solid #dddddd; height: 24px;\">193<\/td>\n<td style=\"width: 16.8075%; border: 1px solid #dddddd; height: 24px;\">28<\/td>\n<td style=\"width: 16.5862%; border: 1px solid #dddddd; height: 24px;\">3.0<\/td>\n<td style=\"width: 17.086%; border: 1px solid #dddddd; height: 24px;\">34.6<\/td>\n<\/tr>\n<tr style=\"height: 24px;\">\n<td style=\"width: 15.8192%; border: 1px solid #dddddd; height: 24px;\">Tatl\u0131 ka\u015f\u0131\u011f\u0131<\/td>\n<td style=\"width: 16.5055%; border: 1px solid #dddddd; height: 24px;\">192<\/td>\n<td style=\"width: 16.8075%; border: 1px solid #dddddd; height: 24px;\">40<\/td>\n<td style=\"width: 16.5862%; border: 1px solid #dddddd; height: 24px;\">3.0<\/td>\n<td style=\"width: 17.086%; border: 1px solid #dddddd; height: 24px;\">41.4<\/td>\n<\/tr>\n<tr style=\"height: 24px;\">\n<td style=\"width: 15.8192%; border: 1px solid #dddddd; height: 24px;\">Kahve ka\u015f\u0131\u011f\u0131<\/td>\n<td style=\"width: 16.5055%; border: 1px solid #dddddd; height: 24px;\">123<\/td>\n<td style=\"width: 16.8075%; border: 1px solid #dddddd; height: 24px;\">25<\/td>\n<td style=\"width: 16.5862%; border: 1px solid #dddddd; height: 24px;\">2.0<\/td>\n<td style=\"width: 17.086%; border: 1px solid #dddddd; height: 24px;\">11.9<\/td>\n<\/tr>\n<tr>\n<td style=\"width: 15.8192%; border: 1px solid #dddddd;\">Bulyon ka\u015f\u0131\u011f\u0131<\/td>\n<td style=\"width: 16.5055%; border: 1px solid #dddddd;\">185<\/td>\n<td style=\"width: 16.8075%; border: 1px solid #dddddd;\">47<\/td>\n<td style=\"width: 16.5862%; border: 1px solid #dddddd;\">2.8<\/td>\n<td style=\"width: 17.086%; border: 1px solid #dddddd;\">38.9<\/td>\n<\/tr>\n<\/tbody>\n<\/table>\n<p>&nbsp;<\/p>","protected":false},"excerpt":{"rendered":"<p>&nbsp; &nbsp; \u25b8 \u00dcR\u00dcN PARAMETRELER\u0130 \u00dcr\u00fcn No: Ad\u0131 Uzunluk (mm) Geni\u015flik (mm) Kal\u0131nl\u0131k (mm) A\u011f\u0131rl\u0131k (g) KX-S254 Yemek b\u0131\u00e7a\u011f\u0131 227 20 8,0 84,7 Yemek \u00e7atal\u0131 211 27 3,5 45,2 Yemek ka\u015f\u0131\u011f\u0131 209 42 3,8 59,2 \u00c7ay ka\u015f\u0131\u011f\u0131 141 29 2,8 23,8 Buz \u00e7atal\u0131 185 26 2,4 26,7 Tatl\u0131 b\u0131\u00e7a\u011f\u0131 212 19 6,3 65,0 Tatl\u0131 \u00e7atal\u0131 193 28 3,0 34,6 [...]<\/p>","protected":false},"featured_media":1976,"template":"","meta":{"_seopress_robots_primary_cat":"none","_seopress_titles_title":"","_seopress_titles_desc":"","_seopress_robots_index":""},"product_cat":[20],"product_tag":[],"_links":{"self":[{"href":"https:\/\/www.gdkaixuan.com\/tr\/wp-json\/wp\/v2\/product\/1975"}],"collection":[{"href":"https:\/\/www.gdkaixuan.com\/tr\/wp-json\/wp\/v2\/product"}],"about":[{"href":"https:\/\/www.gdkaixuan.com\/tr\/wp-json\/wp\/v2\/types\/product"}],"wp:featuredmedia":[{"embeddable":true,"href":"https:\/\/www.gdkaixuan.com\/tr\/wp-json\/wp\/v2\/media\/1976"}],"wp:attachment":[{"href":"https:\/\/www.gdkaixuan.com\/tr\/wp-json\/wp\/v2\/media?parent=1975"}],"wp:term":[{"taxonomy":"product_cat","embeddable":true,"href":"https:\/\/www.gdkaixuan.com\/tr\/wp-json\/wp\/v2\/product_cat?post=1975"},{"taxonomy":"product_tag","embeddable":true,"href":"https:\/\/www.gdkaixuan.com\/tr\/wp-json\/wp\/v2\/product_tag?post=1975"}],"curies":[{"name":"wp","href":"https:\/\/api.w.org\/{rel}","templated":true}]}}