{"id":1217,"date":"2023-04-20T02:52:19","date_gmt":"2023-04-20T02:52:19","guid":{"rendered":"https:\/\/demo.gdjiexun.cn\/?post_type=product&#038;p=1217"},"modified":"2023-07-18T09:01:48","modified_gmt":"2023-07-18T09:01:48","slug":"handmade-kitchen-high-grade-home-and-kitchen-tea-strainer-handle-separator-tea-filter-infuser","status":"publish","type":"product","link":"https:\/\/www.gdkaixuan.com\/tr\/urun\/el-yapimi-mutfak-yuksek-dereceli-ev-ve-mutfak-cay-suzgeci-kolu-ayirici-cay-suzgeci-infuzor\/","title":{"rendered":"El yap\u0131m\u0131 mutfak y\u00fcksek dereceli ev ve mutfak \u00e7ay s\u00fczgeci kolu ay\u0131r\u0131c\u0131 \u00e7ay filtresi demlik"},"content":{"rendered":"<p><img fetchpriority=\"high\" decoding=\"async\" class=\"aligncenter size-full wp-image-1218\" src=\"http:\/\/demo.gdjiexun.cn\/wp-content\/uploads\/2023\/04\/Kaixuan-cutlery-KX-T0187-KX-T0175-KX-T0170-KX-T0150.jpg\" alt=\"\" width=\"700\" height=\"700\" srcset=\"https:\/\/www.gdkaixuan.com\/wp-content\/uploads\/2023\/04\/Kaixuan-cutlery-KX-T0187-KX-T0175-KX-T0170-KX-T0150.jpg 700w, https:\/\/www.gdkaixuan.com\/wp-content\/uploads\/2023\/04\/Kaixuan-cutlery-KX-T0187-KX-T0175-KX-T0170-KX-T0150-600x600.jpg 600w, https:\/\/www.gdkaixuan.com\/wp-content\/uploads\/2023\/04\/Kaixuan-cutlery-KX-T0187-KX-T0175-KX-T0170-KX-T0150-100x100.jpg 100w, https:\/\/www.gdkaixuan.com\/wp-content\/uploads\/2023\/04\/Kaixuan-cutlery-KX-T0187-KX-T0175-KX-T0170-KX-T0150-500x500.jpg 500w\" sizes=\"(max-width: 700px) 100vw, 700px\" \/><\/p>","protected":false},"excerpt":{"rendered":"","protected":false},"featured_media":1218,"template":"","meta":{"_seopress_robots_primary_cat":"none","_seopress_titles_title":"","_seopress_titles_desc":"","_seopress_robots_index":""},"product_cat":[40],"product_tag":[],"_links":{"self":[{"href":"https:\/\/www.gdkaixuan.com\/tr\/wp-json\/wp\/v2\/product\/1217"}],"collection":[{"href":"https:\/\/www.gdkaixuan.com\/tr\/wp-json\/wp\/v2\/product"}],"about":[{"href":"https:\/\/www.gdkaixuan.com\/tr\/wp-json\/wp\/v2\/types\/product"}],"wp:featuredmedia":[{"embeddable":true,"href":"https:\/\/www.gdkaixuan.com\/tr\/wp-json\/wp\/v2\/media\/1218"}],"wp:attachment":[{"href":"https:\/\/www.gdkaixuan.com\/tr\/wp-json\/wp\/v2\/media?parent=1217"}],"wp:term":[{"taxonomy":"product_cat","embeddable":true,"href":"https:\/\/www.gdkaixuan.com\/tr\/wp-json\/wp\/v2\/product_cat?post=1217"},{"taxonomy":"product_tag","embeddable":true,"href":"https:\/\/www.gdkaixuan.com\/tr\/wp-json\/wp\/v2\/product_tag?post=1217"}],"curies":[{"name":"wp","href":"https:\/\/api.w.org\/{rel}","templated":true}]}}