{"id":1187,"date":"2023-04-20T02:38:51","date_gmt":"2023-04-20T02:38:51","guid":{"rendered":"https:\/\/demo.gdjiexun.cn\/?post_type=product&#038;p=1187"},"modified":"2023-07-18T09:33:26","modified_gmt":"2023-07-18T09:33:26","slug":"food-serving-tong-stainless-steel-bbq-clip-clamps-bbq-tongs-grill-clamps-food-utensils-stainless-steel-tongs","status":"publish","type":"product","link":"https:\/\/www.gdkaixuan.com\/tr\/urun\/gida-servis-masasi-paslanmaz-celik-bbq-klips-kelepceleri-bbq-masasi-izgara-kelepceleri-gida-utensilleri-paslanmaz-celik-masa\/","title":{"rendered":"Yemek servis ma\u015fas\u0131 paslanmaz \u00e7elik barbek\u00fc klipsi kelep\u00e7eleri Barbek\u00fc ma\u015fas\u0131 \u0131zgara kelep\u00e7eleri g\u0131da gere\u00e7leri paslanmaz \u00e7elik ma\u015fa"},"content":{"rendered":"<p><img fetchpriority=\"high\" decoding=\"async\" class=\"aligncenter size-full wp-image-1188\" src=\"http:\/\/demo.gdjiexun.cn\/wp-content\/uploads\/2023\/04\/Kaixuan-cutlery-KX-A015-KX-A016-KX-A016-KX-A017.jpg\" alt=\"\" width=\"700\" height=\"700\" srcset=\"https:\/\/www.gdkaixuan.com\/wp-content\/uploads\/2023\/04\/Kaixuan-cutlery-KX-A015-KX-A016-KX-A016-KX-A017.jpg 700w, https:\/\/www.gdkaixuan.com\/wp-content\/uploads\/2023\/04\/Kaixuan-cutlery-KX-A015-KX-A016-KX-A016-KX-A017-600x600.jpg 600w, https:\/\/www.gdkaixuan.com\/wp-content\/uploads\/2023\/04\/Kaixuan-cutlery-KX-A015-KX-A016-KX-A016-KX-A017-100x100.jpg 100w, https:\/\/www.gdkaixuan.com\/wp-content\/uploads\/2023\/04\/Kaixuan-cutlery-KX-A015-KX-A016-KX-A016-KX-A017-500x500.jpg 500w\" sizes=\"(max-width: 700px) 100vw, 700px\" \/><\/p>","protected":false},"excerpt":{"rendered":"","protected":false},"featured_media":1188,"template":"","meta":{"_seopress_robots_primary_cat":"none","_seopress_titles_title":"","_seopress_titles_desc":"","_seopress_robots_index":""},"product_cat":[40],"product_tag":[],"_links":{"self":[{"href":"https:\/\/www.gdkaixuan.com\/tr\/wp-json\/wp\/v2\/product\/1187"}],"collection":[{"href":"https:\/\/www.gdkaixuan.com\/tr\/wp-json\/wp\/v2\/product"}],"about":[{"href":"https:\/\/www.gdkaixuan.com\/tr\/wp-json\/wp\/v2\/types\/product"}],"wp:featuredmedia":[{"embeddable":true,"href":"https:\/\/www.gdkaixuan.com\/tr\/wp-json\/wp\/v2\/media\/1188"}],"wp:attachment":[{"href":"https:\/\/www.gdkaixuan.com\/tr\/wp-json\/wp\/v2\/media?parent=1187"}],"wp:term":[{"taxonomy":"product_cat","embeddable":true,"href":"https:\/\/www.gdkaixuan.com\/tr\/wp-json\/wp\/v2\/product_cat?post=1187"},{"taxonomy":"product_tag","embeddable":true,"href":"https:\/\/www.gdkaixuan.com\/tr\/wp-json\/wp\/v2\/product_tag?post=1187"}],"curies":[{"name":"wp","href":"https:\/\/api.w.org\/{rel}","templated":true}]}}