{"id":1185,"date":"2023-04-20T02:37:17","date_gmt":"2023-04-20T02:37:17","guid":{"rendered":"https:\/\/demo.gdjiexun.cn\/?post_type=product&#038;p=1185"},"modified":"2023-07-18T09:34:40","modified_gmt":"2023-07-18T09:34:40","slug":"creative-stainless-steel-seafood-spoon-hanging-tasting-bent-handle-serving-spoon-ice-cream-spoon","status":"publish","type":"product","link":"https:\/\/www.gdkaixuan.com\/tr\/urun\/creative-stainless-steel-seafood-spoon-hanging-tasting-bent-handle-serving-spoon-ice-cream-spoon\/","title":{"rendered":"Yarat\u0131c\u0131 Paslanmaz \u00c7elik Deniz \u00dcr\u00fcnleri Ka\u015f\u0131\u011f\u0131 As\u0131l\u0131 Tad\u0131m B\u00fck\u00fclm\u00fc\u015f Sapl\u0131 Servis Ka\u015f\u0131\u011f\u0131 Dondurma Ka\u015f\u0131\u011f\u0131"},"content":{"rendered":"<p><img fetchpriority=\"high\" decoding=\"async\" class=\"aligncenter size-full wp-image-1186\" src=\"http:\/\/demo.gdjiexun.cn\/wp-content\/uploads\/2023\/04\/Kaixuan-cutlery-KX-A013-KX-A013-1.jpg\" alt=\"\" width=\"700\" height=\"700\" srcset=\"https:\/\/www.gdkaixuan.com\/wp-content\/uploads\/2023\/04\/Kaixuan-cutlery-KX-A013-KX-A013-1.jpg 700w, https:\/\/www.gdkaixuan.com\/wp-content\/uploads\/2023\/04\/Kaixuan-cutlery-KX-A013-KX-A013-1-600x600.jpg 600w, https:\/\/www.gdkaixuan.com\/wp-content\/uploads\/2023\/04\/Kaixuan-cutlery-KX-A013-KX-A013-1-100x100.jpg 100w, https:\/\/www.gdkaixuan.com\/wp-content\/uploads\/2023\/04\/Kaixuan-cutlery-KX-A013-KX-A013-1-500x500.jpg 500w\" sizes=\"(max-width: 700px) 100vw, 700px\" \/><\/p>","protected":false},"excerpt":{"rendered":"","protected":false},"featured_media":1186,"template":"","meta":{"_seopress_robots_primary_cat":"none","_seopress_titles_title":"","_seopress_titles_desc":"","_seopress_robots_index":""},"product_cat":[40],"product_tag":[],"_links":{"self":[{"href":"https:\/\/www.gdkaixuan.com\/tr\/wp-json\/wp\/v2\/product\/1185"}],"collection":[{"href":"https:\/\/www.gdkaixuan.com\/tr\/wp-json\/wp\/v2\/product"}],"about":[{"href":"https:\/\/www.gdkaixuan.com\/tr\/wp-json\/wp\/v2\/types\/product"}],"wp:featuredmedia":[{"embeddable":true,"href":"https:\/\/www.gdkaixuan.com\/tr\/wp-json\/wp\/v2\/media\/1186"}],"wp:attachment":[{"href":"https:\/\/www.gdkaixuan.com\/tr\/wp-json\/wp\/v2\/media?parent=1185"}],"wp:term":[{"taxonomy":"product_cat","embeddable":true,"href":"https:\/\/www.gdkaixuan.com\/tr\/wp-json\/wp\/v2\/product_cat?post=1185"},{"taxonomy":"product_tag","embeddable":true,"href":"https:\/\/www.gdkaixuan.com\/tr\/wp-json\/wp\/v2\/product_tag?post=1185"}],"curies":[{"name":"wp","href":"https:\/\/api.w.org\/{rel}","templated":true}]}}