{"id":1130,"date":"2023-04-19T08:57:44","date_gmt":"2023-04-19T08:57:44","guid":{"rendered":"https:\/\/demo.gdjiexun.cn\/?post_type=product&#038;p=1130"},"modified":"2023-07-18T09:40:23","modified_gmt":"2023-07-18T09:40:23","slug":"kx-pa24p-7-custom-cutlery-packing-manufacturers-in-china","status":"publish","type":"product","link":"https:\/\/www.gdkaixuan.com\/tr\/urun\/kx-pa24p-7-custom-cutlery-packing-manufacturers-in-china\/","title":{"rendered":"\u00c7in'de KX-PA24P-7 \u00f6zel \u00e7atal b\u0131\u00e7ak tak\u0131m\u0131 ambalaj \u00fcreticileri"},"content":{"rendered":"<p><img fetchpriority=\"high\" decoding=\"async\" class=\"aligncenter size-full wp-image-1131\" src=\"http:\/\/demo.gdjiexun.cn\/wp-content\/uploads\/2023\/04\/Kaixuan-cutlery-KX-PA24P-7.jpg\" alt=\"\" width=\"700\" height=\"700\" srcset=\"https:\/\/www.gdkaixuan.com\/wp-content\/uploads\/2023\/04\/Kaixuan-cutlery-KX-PA24P-7.jpg 700w, https:\/\/www.gdkaixuan.com\/wp-content\/uploads\/2023\/04\/Kaixuan-cutlery-KX-PA24P-7-600x600.jpg 600w, https:\/\/www.gdkaixuan.com\/wp-content\/uploads\/2023\/04\/Kaixuan-cutlery-KX-PA24P-7-100x100.jpg 100w, https:\/\/www.gdkaixuan.com\/wp-content\/uploads\/2023\/04\/Kaixuan-cutlery-KX-PA24P-7-500x500.jpg 500w\" sizes=\"(max-width: 700px) 100vw, 700px\" \/><\/p>","protected":false},"excerpt":{"rendered":"","protected":false},"featured_media":1131,"template":"","meta":{"_seopress_robots_primary_cat":"none","_seopress_titles_title":"","_seopress_titles_desc":"","_seopress_robots_index":""},"product_cat":[19],"product_tag":[],"_links":{"self":[{"href":"https:\/\/www.gdkaixuan.com\/tr\/wp-json\/wp\/v2\/product\/1130"}],"collection":[{"href":"https:\/\/www.gdkaixuan.com\/tr\/wp-json\/wp\/v2\/product"}],"about":[{"href":"https:\/\/www.gdkaixuan.com\/tr\/wp-json\/wp\/v2\/types\/product"}],"wp:featuredmedia":[{"embeddable":true,"href":"https:\/\/www.gdkaixuan.com\/tr\/wp-json\/wp\/v2\/media\/1131"}],"wp:attachment":[{"href":"https:\/\/www.gdkaixuan.com\/tr\/wp-json\/wp\/v2\/media?parent=1130"}],"wp:term":[{"taxonomy":"product_cat","embeddable":true,"href":"https:\/\/www.gdkaixuan.com\/tr\/wp-json\/wp\/v2\/product_cat?post=1130"},{"taxonomy":"product_tag","embeddable":true,"href":"https:\/\/www.gdkaixuan.com\/tr\/wp-json\/wp\/v2\/product_tag?post=1130"}],"curies":[{"name":"wp","href":"https:\/\/api.w.org\/{rel}","templated":true}]}}