{"id":1096,"date":"2023-04-18T03:50:44","date_gmt":"2023-04-18T03:50:44","guid":{"rendered":"https:\/\/demo.gdjiexun.cn\/?post_type=product&#038;p=1096"},"modified":"2023-04-19T07:59:22","modified_gmt":"2023-04-19T07:59:22","slug":"kx-s908-custom-stainless-steel-flatware-sets-manufacturers-in-china","status":"publish","type":"product","link":"https:\/\/www.gdkaixuan.com\/tr\/urun\/kx-s908-custom-stainless-steel-flatware-sets-manufacturers-in-china\/","title":{"rendered":"\u00c7in'de KX-S908 \u00f6zel paslanmaz \u00e7elik sofra tak\u0131m\u0131 setleri \u00fcreticileri"},"content":{"rendered":"<p><img fetchpriority=\"high\" decoding=\"async\" class=\"aligncenter size-full wp-image-1098\" src=\"http:\/\/demo.gdjiexun.cn\/wp-content\/uploads\/2023\/04\/KX-S908.jpg\" alt=\"\" width=\"700\" height=\"467\" srcset=\"https:\/\/www.gdkaixuan.com\/wp-content\/uploads\/2023\/04\/KX-S908.jpg 700w, https:\/\/www.gdkaixuan.com\/wp-content\/uploads\/2023\/04\/KX-S908-600x400.jpg 600w\" sizes=\"(max-width: 700px) 100vw, 700px\" \/><\/p>\n<h5 style=\"color: #0f4087;\">\u25b8 \u00dcR\u00dcN PARAMETRELERI<\/h5>\n<table style=\"height: 294px; width: 96.1835%; border-collapse: collapse; border-style: solid; border-color: #dddddd;\" border=\"1\">\n<tbody>\n<tr style=\"height: 24px;\">\n<td style=\"width: 17.1956%; height: 24px; border: 1px solid #dddddd; background-color: #f2f2f2;\">\u00dcr\u00fcn No:<\/td>\n<td style=\"width: 15.8192%; height: 24px; border: 1px solid #dddddd; background-color: #f2f2f2;\">\u0130sim<\/td>\n<td style=\"width: 16.5055%; height: 24px; border: 1px solid #dddddd; background-color: #f2f2f2;\">Uzunluk (mm)<\/td>\n<td style=\"width: 16.8075%; height: 24px; border: 1px solid #dddddd; background-color: #f2f2f2;\">Geni\u015flik (mm)<\/td>\n<td style=\"width: 16.5862%; border: 1px solid #dddddd; background-color: #f2f2f2; height: 24px;\">Kal\u0131nl\u0131k (mm)<\/td>\n<td style=\"width: 17.086%; height: 24px; border: 1px solid #dddddd; background-color: #f2f2f2;\">A\u011f\u0131rl\u0131k (g)<\/td>\n<\/tr>\n<tr style=\"height: 24px;\">\n<td style=\"width: 17.1956%; height: 270px; border: 1px solid #dddddd; vertical-align: middle;\" rowspan=\"15\">KX-S908<\/td>\n<td style=\"width: 15.8192%; border: 1px solid #dddddd; height: 24px;\">Yemek \u00e7atal\u0131<\/td>\n<td style=\"width: 16.5055%; border: 1px solid #dddddd; height: 24px;\">199<\/td>\n<td style=\"width: 16.8075%; border: 1px solid #dddddd; height: 24px;\">25<\/td>\n<td style=\"width: 16.5862%; border: 1px solid #dddddd; height: 24px;\">2.2<\/td>\n<td style=\"width: 17.086%; border: 1px solid #dddddd; height: 24px;\">40.9<\/td>\n<\/tr>\n<tr style=\"height: 24px;\">\n<td style=\"width: 15.8192%; border: 1px solid #dddddd; height: 24px;\">Yemek ka\u015f\u0131\u011f\u0131<\/td>\n<td style=\"width: 16.5055%; border: 1px solid #dddddd; height: 24px;\">199<\/td>\n<td style=\"width: 16.8075%; border: 1px solid #dddddd; height: 24px;\">44<\/td>\n<td style=\"width: 16.5862%; border: 1px solid #dddddd; height: 24px;\">2.2<\/td>\n<td style=\"width: 17.086%; border: 1px solid #dddddd; height: 24px;\">49<\/td>\n<\/tr>\n<tr style=\"height: 32px;\">\n<td style=\"width: 15.8192%; border: 1px solid #dddddd; height: 32px;\">\u00c7ay ka\u015f\u0131\u011f\u0131<\/td>\n<td style=\"width: 16.5055%; border: 1px solid #dddddd; height: 32px;\">149<\/td>\n<td style=\"width: 16.8075%; border: 1px solid #dddddd; height: 32px;\">31<\/td>\n<td style=\"width: 16.5862%; border: 1px solid #dddddd; height: 32px;\">1.8<\/td>\n<td style=\"width: 17.086%; border: 1px solid #dddddd; height: 32px;\">22.8<\/td>\n<\/tr>\n<tr style=\"height: 24px;\">\n<td style=\"width: 15.8192%; border: 1px solid #dddddd; height: 24px;\">Pasta \u00e7atal\u0131<\/td>\n<td style=\"width: 16.5055%; border: 1px solid #dddddd; height: 24px;\">150<\/td>\n<td style=\"width: 16.8075%; border: 1px solid #dddddd; height: 24px;\">19<\/td>\n<td style=\"width: 16.5862%; border: 1px solid #dddddd; height: 24px;\">1.8<\/td>\n<td style=\"width: 17.086%; border: 1px solid #dddddd; height: 24px;\">17.7<\/td>\n<\/tr>\n<tr>\n<td style=\"width: 15.8192%; border: 1px solid #dddddd;\">Tatl\u0131 b\u0131\u00e7a\u011f\u0131<\/td>\n<td style=\"width: 16.5055%; border: 1px solid #dddddd;\">194<\/td>\n<td style=\"width: 16.8075%; border: 1px solid #dddddd;\">16<\/td>\n<td style=\"width: 16.5862%; border: 1px solid #dddddd;\">5<\/td>\n<td style=\"width: 17.086%; border: 1px solid #dddddd;\">56.9<\/td>\n<\/tr>\n<tr style=\"height: 24px;\">\n<td style=\"width: 15.8192%; border: 1px solid #dddddd; height: 24px;\">Kahve ka\u015f\u0131\u011f\u0131<\/td>\n<td style=\"width: 16.5055%; border: 1px solid #dddddd; height: 24px;\">124<\/td>\n<td style=\"width: 16.8075%; border: 1px solid #dddddd; height: 24px;\">26<\/td>\n<td style=\"width: 16.5862%; border: 1px solid #dddddd; height: 24px;\">1.5<\/td>\n<td style=\"width: 17.086%; border: 1px solid #dddddd; height: 24px;\">12.1<\/td>\n<\/tr>\n<tr style=\"height: 24px;\">\n<td style=\"width: 15.8192%; border: 1px solid #dddddd; height: 24px;\">Bal\u0131k b\u0131\u00e7a\u011f\u0131<\/td>\n<td style=\"width: 16.5055%; border: 1px solid #dddddd; height: 24px;\">212<\/td>\n<td style=\"width: 16.8075%; border: 1px solid #dddddd; height: 24px;\">20<\/td>\n<td style=\"width: 16.5862%; border: 1px solid #dddddd; height: 24px;\">2.2<\/td>\n<td style=\"width: 17.086%; border: 1px solid #dddddd; height: 24px;\">38.6<\/td>\n<\/tr>\n<tr style=\"height: 48px;\">\n<td style=\"width: 15.8192%; border: 1px solid #dddddd; height: 48px;\">Bal\u0131k \u00e7atal\u0131<\/td>\n<td style=\"width: 16.5055%; border: 1px solid #dddddd; height: 48px;\">190<\/td>\n<td style=\"width: 16.8075%; border: 1px solid #dddddd; height: 48px;\">25<\/td>\n<td style=\"width: 16.5862%; border: 1px solid #dddddd; height: 48px;\">2.2<\/td>\n<td style=\"width: 17.086%; border: 1px solid #dddddd; height: 48px;\">33.7<\/td>\n<\/tr>\n<tr>\n<td style=\"width: 15.8192%; border: 1px solid #dddddd;\">Buz ka\u015f\u0131\u011f\u0131<\/td>\n<td style=\"width: 16.5055%; border: 1px solid #dddddd;\">206<\/td>\n<td style=\"width: 16.8075%; border: 1px solid #dddddd;\">27<\/td>\n<td style=\"width: 16.5862%; border: 1px solid #dddddd;\">1.8<\/td>\n<td style=\"width: 17.086%; border: 1px solid #dddddd;\">25.1<\/td>\n<\/tr>\n<tr>\n<td style=\"width: 15.8192%; border: 1px solid #dddddd;\">Tereya\u011f\u0131 b\u0131\u00e7a\u011f\u0131<\/td>\n<td style=\"width: 16.5055%; border: 1px solid #dddddd;\">167<\/td>\n<td style=\"width: 16.8075%; border: 1px solid #dddddd;\">18<\/td>\n<td style=\"width: 16.5862%; border: 1px solid #dddddd;\">1.8<\/td>\n<td style=\"width: 17.086%; border: 1px solid #dddddd;\">19.9<\/td>\n<\/tr>\n<tr>\n<td style=\"width: 15.8192%; border: 1px solid #dddddd;\">\u0130stiridye \u00e7atal\u0131<\/td>\n<td style=\"width: 16.5055%; border: 1px solid #dddddd;\">135<\/td>\n<td style=\"width: 16.8075%; border: 1px solid #dddddd;\">31<\/td>\n<td style=\"width: 16.5862%; border: 1px solid #dddddd;\">1.5<\/td>\n<td style=\"width: 17.086%; border: 1px solid #dddddd;\">10.7<\/td>\n<\/tr>\n<tr>\n<td style=\"width: 15.8192%; border: 1px solid #dddddd;\">Sos kep\u00e7esi<\/td>\n<td style=\"width: 16.5055%; border: 1px solid #dddddd;\">190<\/td>\n<td style=\"width: 16.8075%; border: 1px solid #dddddd;\">58<\/td>\n<td style=\"width: 16.5862%; border: 1px solid #dddddd;\">3<\/td>\n<td style=\"width: 17.086%; border: 1px solid #dddddd;\">71<\/td>\n<\/tr>\n<tr>\n<td style=\"width: 15.8192%; border: 1px solid #dddddd;\">Pasta sunucusu<\/td>\n<td style=\"width: 16.5055%; border: 1px solid #dddddd;\">159<\/td>\n<td style=\"width: 16.8075%; border: 1px solid #dddddd;\">54<\/td>\n<td style=\"width: 16.5862%; border: 1px solid #dddddd;\">2.5<\/td>\n<td style=\"width: 17.086%; border: 1px solid #dddddd;\">80.1<\/td>\n<\/tr>\n<tr>\n<td style=\"width: 15.8192%; border: 1px solid #dddddd;\">Servis \u00e7atal\u0131<\/td>\n<td style=\"width: 16.5055%; border: 1px solid #dddddd;\">251<\/td>\n<td style=\"width: 16.8075%; border: 1px solid #dddddd;\">41<\/td>\n<td style=\"width: 16.5862%; border: 1px solid #dddddd;\">2.8<\/td>\n<td style=\"width: 17.086%; border: 1px solid #dddddd;\">72.6<\/td>\n<\/tr>\n<tr style=\"height: 24px;\">\n<td style=\"width: 15.8192%; border: 1px solid #dddddd; height: 24px;\">Servis ka\u015f\u0131\u011f\u0131<\/td>\n<td style=\"width: 16.5055%; border: 1px solid #dddddd; height: 24px;\">260<\/td>\n<td style=\"width: 16.8075%; border: 1px solid #dddddd; height: 24px;\">55<\/td>\n<td style=\"width: 16.5862%; border: 1px solid #dddddd; height: 24px;\">2.8<\/td>\n<td style=\"width: 17.086%; border: 1px solid #dddddd; height: 24px;\">82.1<\/td>\n<\/tr>\n<\/tbody>\n<\/table>\n<p>&nbsp;<\/p>","protected":false},"excerpt":{"rendered":"<p>\u25b8 PRODUCT PARAMETERS Item No: Name Length(mm) Width(mm) Thickness(mm) Weight(g) KX-S908 Dinner fork 199 25 2.2 40.9 Dinner spoon 199 44 2.2 49 Tea spoon 149 31 1.8 22.8 Cake fork 150 19 1.8 17.7 Dessert knife 194 16 5 56.9 Coffee spoon 124 26 1.5 12.1 Fish knife 212 20 2.2 38.6 Fish fork [&hellip;]<\/p>","protected":false},"featured_media":1097,"template":"","meta":{"_seopress_robots_primary_cat":"","_seopress_titles_title":"","_seopress_titles_desc":"","_seopress_robots_index":""},"product_cat":[20],"product_tag":[],"_links":{"self":[{"href":"https:\/\/www.gdkaixuan.com\/tr\/wp-json\/wp\/v2\/product\/1096"}],"collection":[{"href":"https:\/\/www.gdkaixuan.com\/tr\/wp-json\/wp\/v2\/product"}],"about":[{"href":"https:\/\/www.gdkaixuan.com\/tr\/wp-json\/wp\/v2\/types\/product"}],"wp:featuredmedia":[{"embeddable":true,"href":"https:\/\/www.gdkaixuan.com\/tr\/wp-json\/wp\/v2\/media\/1097"}],"wp:attachment":[{"href":"https:\/\/www.gdkaixuan.com\/tr\/wp-json\/wp\/v2\/media?parent=1096"}],"wp:term":[{"taxonomy":"product_cat","embeddable":true,"href":"https:\/\/www.gdkaixuan.com\/tr\/wp-json\/wp\/v2\/product_cat?post=1096"},{"taxonomy":"product_tag","embeddable":true,"href":"https:\/\/www.gdkaixuan.com\/tr\/wp-json\/wp\/v2\/product_tag?post=1096"}],"curies":[{"name":"wp","href":"https:\/\/api.w.org\/{rel}","templated":true}]}}