{"id":1092,"date":"2023-04-19T07:39:14","date_gmt":"2023-04-19T07:39:14","guid":{"rendered":"https:\/\/demo.gdjiexun.cn\/?post_type=product&#038;p=1092"},"modified":"2023-04-19T07:41:40","modified_gmt":"2023-04-19T07:41:40","slug":"kx-s3002-made-stainless-steel-flatware-sets-manufacturers-in-china","status":"publish","type":"product","link":"https:\/\/www.gdkaixuan.com\/tr\/urun\/kx-s3002-cinde-paslanmaz-celik-duz-esya-setleri-ureticileri\/","title":{"rendered":"\u00c7in'de KX-S3002 paslanmaz \u00e7elik sofra tak\u0131m\u0131 \u00fcreticileri yapt\u0131"},"content":{"rendered":"<p><img fetchpriority=\"high\" decoding=\"async\" class=\"aligncenter size-full wp-image-1093\" src=\"http:\/\/demo.gdjiexun.cn\/wp-content\/uploads\/2023\/04\/KX-S3002.jpg\" alt=\"\" width=\"700\" height=\"700\" srcset=\"https:\/\/www.gdkaixuan.com\/wp-content\/uploads\/2023\/04\/KX-S3002.jpg 700w, https:\/\/www.gdkaixuan.com\/wp-content\/uploads\/2023\/04\/KX-S3002-600x600.jpg 600w, https:\/\/www.gdkaixuan.com\/wp-content\/uploads\/2023\/04\/KX-S3002-100x100.jpg 100w, https:\/\/www.gdkaixuan.com\/wp-content\/uploads\/2023\/04\/KX-S3002-500x500.jpg 500w\" sizes=\"(max-width: 700px) 100vw, 700px\" \/><\/p>\n<h5 style=\"color: #0f4087;\">\u25b8 \u00dcR\u00dcN PARAMETRELERI<\/h5>\n<table style=\"height: 240px; width: 96.1835%; border-collapse: collapse; border-style: solid; border-color: #dddddd;\" border=\"1\">\n<tbody>\n<tr style=\"height: 24px;\">\n<td style=\"width: 17.1956%; height: 24px; border: 1px solid #dddddd; background-color: #f2f2f2;\">\u00dcr\u00fcn No:<\/td>\n<td style=\"width: 15.8192%; height: 24px; border: 1px solid #dddddd; background-color: #f2f2f2;\">\u0130sim<\/td>\n<td style=\"width: 16.5055%; height: 24px; border: 1px solid #dddddd; background-color: #f2f2f2;\">Uzunluk (mm)<\/td>\n<td style=\"width: 16.8075%; height: 24px; border: 1px solid #dddddd; background-color: #f2f2f2;\">Geni\u015flik (mm)<\/td>\n<td style=\"width: 16.5862%; border: 1px solid #dddddd; background-color: #f2f2f2; height: 24px;\">Kal\u0131nl\u0131k (mm)<\/td>\n<td style=\"width: 17.086%; height: 24px; border: 1px solid #dddddd; background-color: #f2f2f2;\">A\u011f\u0131rl\u0131k (g)<\/td>\n<\/tr>\n<tr style=\"height: 24px;\">\n<td style=\"width: 17.1956%; height: 216px; border: 1px solid #dddddd; vertical-align: middle;\" rowspan=\"7\">KX-3002<\/td>\n<td style=\"width: 15.8192%; border: 1px solid #dddddd; height: 21px;\">\u00c7orba ka\u015f\u0131\u011f\u0131<\/td>\n<td style=\"width: 16.5055%; border: 1px solid #dddddd; height: 21px;\">148<\/td>\n<td style=\"width: 16.8075%; border: 1px solid #dddddd; height: 21px;\">42.5<\/td>\n<td style=\"width: 16.5862%; border: 1px solid #dddddd; height: 21px;\">2.5<\/td>\n<td style=\"width: 17.086%; border: 1px solid #dddddd; height: 21px;\">38.7<\/td>\n<\/tr>\n<tr style=\"height: 24px;\">\n<td style=\"width: 15.8192%; border: 1px solid #dddddd; height: 24px;\">Yemek \u00e7atal\u0131<\/td>\n<td style=\"width: 16.5055%; border: 1px solid #dddddd; height: 24px;\">192<\/td>\n<td style=\"width: 16.8075%; border: 1px solid #dddddd; height: 24px;\">28<\/td>\n<td style=\"width: 16.5862%; border: 1px solid #dddddd; height: 24px;\">3<\/td>\n<td style=\"width: 17.086%; border: 1px solid #dddddd; height: 24px;\">41.9<\/td>\n<\/tr>\n<tr style=\"height: 24px;\">\n<td style=\"width: 15.8192%; border: 1px solid #dddddd; height: 24px;\">Salata \u00e7atal\u0131<\/td>\n<td style=\"width: 16.5055%; border: 1px solid #dddddd; height: 24px;\">174<\/td>\n<td style=\"width: 16.8075%; border: 1px solid #dddddd; height: 24px;\">25<\/td>\n<td style=\"width: 16.5862%; border: 1px solid #dddddd; height: 24px;\">2.5<\/td>\n<td style=\"width: 17.086%; border: 1px solid #dddddd; height: 24px;\">34.8<\/td>\n<\/tr>\n<tr style=\"height: 24px;\">\n<td style=\"width: 15.8192%; border: 1px solid #dddddd; height: 24px;\">\u0130stiridye \u00e7atal\u0131<\/td>\n<td style=\"width: 16.5055%; border: 1px solid #dddddd; height: 24px;\">141<\/td>\n<td style=\"width: 16.8075%; border: 1px solid #dddddd; height: 24px;\">15.3<\/td>\n<td style=\"width: 16.5862%; border: 1px solid #dddddd; height: 24px;\">2.45<\/td>\n<td style=\"width: 17.086%; border: 1px solid #dddddd; height: 24px;\">25.6<\/td>\n<\/tr>\n<tr style=\"height: 27px;\">\n<td style=\"width: 15.8192%; border: 1px solid #dddddd; height: 27px;\">Yemek b\u0131\u00e7a\u011f\u0131<\/td>\n<td style=\"width: 16.5055%; border: 1px solid #dddddd; height: 27px;\">219<\/td>\n<td style=\"width: 16.8075%; border: 1px solid #dddddd; height: 27px;\">20.5<\/td>\n<td style=\"width: 16.5862%; border: 1px solid #dddddd; height: 27px;\">6<\/td>\n<td style=\"width: 17.086%; border: 1px solid #dddddd; height: 27px;\">96.9<\/td>\n<\/tr>\n<tr style=\"height: 24px;\">\n<td style=\"width: 15.8192%; border: 1px solid #dddddd; height: 24px;\">Servis ka\u015f\u0131\u011f\u0131<\/td>\n<td style=\"width: 16.5055%; border: 1px solid #dddddd; height: 24px;\">207<\/td>\n<td style=\"width: 16.8075%; border: 1px solid #dddddd; height: 24px;\">47.6<\/td>\n<td style=\"width: 16.5862%; border: 1px solid #dddddd; height: 24px;\">3<\/td>\n<td style=\"width: 17.086%; border: 1px solid #dddddd; height: 24px;\">72<\/td>\n<\/tr>\n<tr style=\"height: 24px;\">\n<td style=\"width: 15.8192%; border: 1px solid #dddddd; height: 24px;\">Tereya\u011f\u0131 b\u0131\u00e7a\u011f\u0131<\/td>\n<td style=\"width: 16.5055%; border: 1px solid #dddddd; height: 24px;\">204<\/td>\n<td style=\"width: 16.8075%; border: 1px solid #dddddd; height: 24px;\">26.8<\/td>\n<td style=\"width: 16.5862%; border: 1px solid #dddddd; height: 24px;\">3<\/td>\n<td style=\"width: 17.086%; border: 1px solid #dddddd; height: 24px;\">49.9<\/td>\n<\/tr>\n<\/tbody>\n<\/table>\n<p>&nbsp;<\/p>","protected":false},"excerpt":{"rendered":"<p>\u25b8 PRODUCT PARAMETERS Item No: Name Length(mm) Width(mm) Thickness(mm) Weight(g) KX-3002 Soup spoon 148 42.5 2.5 38.7 Dinner fork 192 28 3 41.9 Salad fork 174 25 2.5 34.8 Oyster fork 141 15.3 2.45 25.6 Dinner knife 219 20.5 6 96.9 Serving spoon 207 47.6 3 72 Butter knife 204 26.8 3 49.9 &nbsp;<\/p>","protected":false},"featured_media":1093,"template":"","meta":{"_seopress_robots_primary_cat":"","_seopress_titles_title":"","_seopress_titles_desc":"","_seopress_robots_index":""},"product_cat":[20],"product_tag":[],"_links":{"self":[{"href":"https:\/\/www.gdkaixuan.com\/tr\/wp-json\/wp\/v2\/product\/1092"}],"collection":[{"href":"https:\/\/www.gdkaixuan.com\/tr\/wp-json\/wp\/v2\/product"}],"about":[{"href":"https:\/\/www.gdkaixuan.com\/tr\/wp-json\/wp\/v2\/types\/product"}],"wp:featuredmedia":[{"embeddable":true,"href":"https:\/\/www.gdkaixuan.com\/tr\/wp-json\/wp\/v2\/media\/1093"}],"wp:attachment":[{"href":"https:\/\/www.gdkaixuan.com\/tr\/wp-json\/wp\/v2\/media?parent=1092"}],"wp:term":[{"taxonomy":"product_cat","embeddable":true,"href":"https:\/\/www.gdkaixuan.com\/tr\/wp-json\/wp\/v2\/product_cat?post=1092"},{"taxonomy":"product_tag","embeddable":true,"href":"https:\/\/www.gdkaixuan.com\/tr\/wp-json\/wp\/v2\/product_tag?post=1092"}],"curies":[{"name":"wp","href":"https:\/\/api.w.org\/{rel}","templated":true}]}}