{"id":1090,"date":"2023-04-19T07:35:04","date_gmt":"2023-04-19T07:35:04","guid":{"rendered":"https:\/\/demo.gdjiexun.cn\/?post_type=product&#038;p=1090"},"modified":"2023-04-19T07:45:33","modified_gmt":"2023-04-19T07:45:33","slug":"kx-s3001-custom-stainless-steel-flatware-sets-manufacturers-in-china","status":"publish","type":"product","link":"https:\/\/www.gdkaixuan.com\/tr\/urun\/kx-s3001-custom-stainless-steel-flatware-sets-manufacturers-in-china\/","title":{"rendered":"\u00c7in'de KX-S3001 \u00f6zel paslanmaz \u00e7elik sofra tak\u0131m\u0131 setleri \u00fcreticileri"},"content":{"rendered":"<p><img fetchpriority=\"high\" decoding=\"async\" class=\"aligncenter size-full wp-image-1091\" src=\"http:\/\/demo.gdjiexun.cn\/wp-content\/uploads\/2023\/04\/KX-S3001.jpg\" alt=\"\" width=\"700\" height=\"700\" srcset=\"https:\/\/www.gdkaixuan.com\/wp-content\/uploads\/2023\/04\/KX-S3001.jpg 700w, https:\/\/www.gdkaixuan.com\/wp-content\/uploads\/2023\/04\/KX-S3001-600x600.jpg 600w, https:\/\/www.gdkaixuan.com\/wp-content\/uploads\/2023\/04\/KX-S3001-100x100.jpg 100w, https:\/\/www.gdkaixuan.com\/wp-content\/uploads\/2023\/04\/KX-S3001-500x500.jpg 500w\" sizes=\"(max-width: 700px) 100vw, 700px\" \/><\/p>\n<h5 style=\"color: #0f4087;\">\u25b8 \u00dcR\u00dcN PARAMETRELERI<\/h5>\n<table style=\"height: 240px; width: 96.1835%; border-collapse: collapse; border-style: solid; border-color: #dddddd;\" border=\"1\">\n<tbody>\n<tr style=\"height: 24px;\">\n<td style=\"width: 17.1956%; height: 24px; border: 1px solid #dddddd; background-color: #f2f2f2;\">\u00dcr\u00fcn No:<\/td>\n<td style=\"width: 15.8192%; height: 24px; border: 1px solid #dddddd; background-color: #f2f2f2;\">\u0130sim<\/td>\n<td style=\"width: 16.5055%; height: 24px; border: 1px solid #dddddd; background-color: #f2f2f2;\">Uzunluk (mm)<\/td>\n<td style=\"width: 16.8075%; height: 24px; border: 1px solid #dddddd; background-color: #f2f2f2;\">Geni\u015flik (mm)<\/td>\n<td style=\"width: 16.5862%; border: 1px solid #dddddd; background-color: #f2f2f2; height: 24px;\">Kal\u0131nl\u0131k (mm)<\/td>\n<td style=\"width: 17.086%; height: 24px; border: 1px solid #dddddd; background-color: #f2f2f2;\">A\u011f\u0131rl\u0131k (g)<\/td>\n<\/tr>\n<tr style=\"height: 24px;\">\n<td style=\"width: 17.1956%; height: 216px; border: 1px solid #dddddd; vertical-align: middle;\" rowspan=\"7\">KX-3001<\/td>\n<td style=\"width: 15.8192%; border: 1px solid #dddddd; height: 21px;\">\u00c7orba ka\u015f\u0131\u011f\u0131<\/td>\n<td style=\"width: 16.5055%; border: 1px solid #dddddd; height: 21px;\">157<\/td>\n<td style=\"width: 16.8075%; border: 1px solid #dddddd; height: 21px;\">42.6<\/td>\n<td style=\"width: 16.5862%; border: 1px solid #dddddd; height: 21px;\">2.5<\/td>\n<td style=\"width: 17.086%; border: 1px solid #dddddd; height: 21px;\">47<\/td>\n<\/tr>\n<tr style=\"height: 24px;\">\n<td style=\"width: 15.8192%; border: 1px solid #dddddd; height: 24px;\">Yemek \u00e7atal\u0131<\/td>\n<td style=\"width: 16.5055%; border: 1px solid #dddddd; height: 24px;\">196<\/td>\n<td style=\"width: 16.8075%; border: 1px solid #dddddd; height: 24px;\">25.5<\/td>\n<td style=\"width: 16.5862%; border: 1px solid #dddddd; height: 24px;\">3<\/td>\n<td style=\"width: 17.086%; border: 1px solid #dddddd; height: 24px;\">49.6<\/td>\n<\/tr>\n<tr style=\"height: 24px;\">\n<td style=\"width: 15.8192%; border: 1px solid #dddddd; height: 24px;\">Salata \u00e7atal\u0131<\/td>\n<td style=\"width: 16.5055%; border: 1px solid #dddddd; height: 24px;\">184<\/td>\n<td style=\"width: 16.8075%; border: 1px solid #dddddd; height: 24px;\">26.3<\/td>\n<td style=\"width: 16.5862%; border: 1px solid #dddddd; height: 24px;\">2.5<\/td>\n<td style=\"width: 17.086%; border: 1px solid #dddddd; height: 24px;\">41.8<\/td>\n<\/tr>\n<tr style=\"height: 24px;\">\n<td style=\"width: 15.8192%; border: 1px solid #dddddd; height: 24px;\">\u0130stiridye \u00e7atal\u0131<\/td>\n<td style=\"width: 16.5055%; border: 1px solid #dddddd; height: 24px;\">154<\/td>\n<td style=\"width: 16.8075%; border: 1px solid #dddddd; height: 24px;\">19<\/td>\n<td style=\"width: 16.5862%; border: 1px solid #dddddd; height: 24px;\">2.5<\/td>\n<td style=\"width: 17.086%; border: 1px solid #dddddd; height: 24px;\">27<\/td>\n<\/tr>\n<tr style=\"height: 27px;\">\n<td style=\"width: 15.8192%; border: 1px solid #dddddd; height: 27px;\">Yemek b\u0131\u00e7a\u011f\u0131<\/td>\n<td style=\"width: 16.5055%; border: 1px solid #dddddd; height: 27px;\">223<\/td>\n<td style=\"width: 16.8075%; border: 1px solid #dddddd; height: 27px;\">22<\/td>\n<td style=\"width: 16.5862%; border: 1px solid #dddddd; height: 27px;\">5<\/td>\n<td style=\"width: 17.086%; border: 1px solid #dddddd; height: 27px;\">82<\/td>\n<\/tr>\n<tr style=\"height: 24px;\">\n<td style=\"width: 15.8192%; border: 1px solid #dddddd; height: 24px;\">Servis ka\u015f\u0131\u011f\u0131<\/td>\n<td style=\"width: 16.5055%; border: 1px solid #dddddd; height: 24px;\">216<\/td>\n<td style=\"width: 16.8075%; border: 1px solid #dddddd; height: 24px;\">48.8<\/td>\n<td style=\"width: 16.5862%; border: 1px solid #dddddd; height: 24px;\">3<\/td>\n<td style=\"width: 17.086%; border: 1px solid #dddddd; height: 24px;\">78.6<\/td>\n<\/tr>\n<tr style=\"height: 24px;\">\n<td style=\"width: 15.8192%; border: 1px solid #dddddd; height: 24px;\">Tereya\u011f\u0131 b\u0131\u00e7a\u011f\u0131<\/td>\n<td style=\"width: 16.5055%; border: 1px solid #dddddd; height: 24px;\">179<\/td>\n<td style=\"width: 16.8075%; border: 1px solid #dddddd; height: 24px;\">21.3<\/td>\n<td style=\"width: 16.5862%; border: 1px solid #dddddd; height: 24px;\">2.2<\/td>\n<td style=\"width: 17.086%; border: 1px solid #dddddd; height: 24px;\">33.6<\/td>\n<\/tr>\n<\/tbody>\n<\/table>\n<p>&nbsp;<\/p>","protected":false},"excerpt":{"rendered":"<p>\u25b8 PRODUCT PARAMETERS Item No: Name Length(mm) Width(mm) Thickness(mm) Weight(g) KX-3001 Soup spoon 157 42.6 2.5 47 Dinner fork 196 25.5 3 49.6 Salad fork 184 26.3 2.5 41.8 Oyster fork 154 19 2.5 27 Dinner knife 223 22 5 82 Serving spoon 216 48.8 3 78.6 Butter knife 179 21.3 2.2 33.6 &nbsp;<\/p>","protected":false},"featured_media":1091,"template":"","meta":{"_seopress_robots_primary_cat":"","_seopress_titles_title":"","_seopress_titles_desc":"","_seopress_robots_index":""},"product_cat":[20],"product_tag":[],"_links":{"self":[{"href":"https:\/\/www.gdkaixuan.com\/tr\/wp-json\/wp\/v2\/product\/1090"}],"collection":[{"href":"https:\/\/www.gdkaixuan.com\/tr\/wp-json\/wp\/v2\/product"}],"about":[{"href":"https:\/\/www.gdkaixuan.com\/tr\/wp-json\/wp\/v2\/types\/product"}],"wp:featuredmedia":[{"embeddable":true,"href":"https:\/\/www.gdkaixuan.com\/tr\/wp-json\/wp\/v2\/media\/1091"}],"wp:attachment":[{"href":"https:\/\/www.gdkaixuan.com\/tr\/wp-json\/wp\/v2\/media?parent=1090"}],"wp:term":[{"taxonomy":"product_cat","embeddable":true,"href":"https:\/\/www.gdkaixuan.com\/tr\/wp-json\/wp\/v2\/product_cat?post=1090"},{"taxonomy":"product_tag","embeddable":true,"href":"https:\/\/www.gdkaixuan.com\/tr\/wp-json\/wp\/v2\/product_tag?post=1090"}],"curies":[{"name":"wp","href":"https:\/\/api.w.org\/{rel}","templated":true}]}}