{"id":1084,"date":"2023-04-19T07:26:32","date_gmt":"2023-04-19T07:26:32","guid":{"rendered":"https:\/\/demo.gdjiexun.cn\/?post_type=product&#038;p=1084"},"modified":"2023-07-18T09:12:25","modified_gmt":"2023-07-18T09:12:25","slug":"kx-s1460-made-stainless-steel-cutlery-sets-company","status":"publish","type":"product","link":"https:\/\/www.gdkaixuan.com\/tr\/urun\/kx-s1460-paslanmaz-celik-catal-bicak-setleri-sirketi\/","title":{"rendered":"KX-S1460 paslanmaz \u00e7elik \u00e7atal b\u0131\u00e7ak tak\u0131mlar\u0131 \u015firketi yapt\u0131"},"content":{"rendered":"<p><img fetchpriority=\"high\" decoding=\"async\" class=\"aligncenter size-full wp-image-1085\" src=\"http:\/\/demo.gdjiexun.cn\/wp-content\/uploads\/2023\/04\/KX-S1460.jpg\" alt=\"\" width=\"700\" height=\"700\" srcset=\"https:\/\/www.gdkaixuan.com\/wp-content\/uploads\/2023\/04\/KX-S1460.jpg 700w, https:\/\/www.gdkaixuan.com\/wp-content\/uploads\/2023\/04\/KX-S1460-600x600.jpg 600w, https:\/\/www.gdkaixuan.com\/wp-content\/uploads\/2023\/04\/KX-S1460-100x100.jpg 100w, https:\/\/www.gdkaixuan.com\/wp-content\/uploads\/2023\/04\/KX-S1460-500x500.jpg 500w\" sizes=\"(max-width: 700px) 100vw, 700px\" \/><\/p>\n<h5 style=\"color: #0f4087;\">\u25b8 \u00dcR\u00dcN PARAMETRELERI<\/h5>\n<table style=\"height: 240px; width: 96.1835%; border-collapse: collapse; border-style: solid; border-color: #dddddd;\" border=\"1\">\n<tbody>\n<tr style=\"height: 24px;\">\n<td style=\"width: 17.1956%; height: 24px; border: 1px solid #dddddd; background-color: #f2f2f2;\">\u00dcr\u00fcn No:<\/td>\n<td style=\"width: 15.8192%; height: 24px; border: 1px solid #dddddd; background-color: #f2f2f2;\">\u0130sim<\/td>\n<td style=\"width: 16.5055%; height: 24px; border: 1px solid #dddddd; background-color: #f2f2f2;\">Uzunluk (mm)<\/td>\n<td style=\"width: 16.8075%; height: 24px; border: 1px solid #dddddd; background-color: #f2f2f2;\">Geni\u015flik (mm)<\/td>\n<td style=\"width: 16.5862%; border: 1px solid #dddddd; background-color: #f2f2f2; height: 24px;\">Kal\u0131nl\u0131k (mm)<\/td>\n<td style=\"width: 17.086%; height: 24px; border: 1px solid #dddddd; background-color: #f2f2f2;\">A\u011f\u0131rl\u0131k (g)<\/td>\n<\/tr>\n<tr style=\"height: 24px;\">\n<td style=\"width: 17.1956%; height: 216px; border: 1px solid #dddddd; vertical-align: middle;\" rowspan=\"9\">KX-S1460<\/td>\n<td style=\"width: 15.8192%; border: 1px solid #dddddd; height: 21px;\">Yemek b\u0131\u00e7a\u011f\u0131<\/td>\n<td style=\"width: 16.5055%; border: 1px solid #dddddd; height: 21px;\">235<\/td>\n<td style=\"width: 16.8075%; border: 1px solid #dddddd; height: 21px;\">15<\/td>\n<td style=\"width: 16.5862%; border: 1px solid #dddddd; height: 21px;\">6.2<\/td>\n<td style=\"width: 17.086%; border: 1px solid #dddddd; height: 21px;\">62.7<\/td>\n<\/tr>\n<tr style=\"height: 24px;\">\n<td style=\"width: 15.8192%; border: 1px solid #dddddd; height: 24px;\">Yemek \u00e7atal\u0131<\/td>\n<td style=\"width: 16.5055%; border: 1px solid #dddddd; height: 24px;\">209<\/td>\n<td style=\"width: 16.8075%; border: 1px solid #dddddd; height: 24px;\">22<\/td>\n<td style=\"width: 16.5862%; border: 1px solid #dddddd; height: 24px;\">3.9<\/td>\n<td style=\"width: 17.086%; border: 1px solid #dddddd; height: 24px;\">42.3<\/td>\n<\/tr>\n<tr style=\"height: 24px;\">\n<td style=\"width: 15.8192%; border: 1px solid #dddddd; height: 24px;\">Yemek ka\u015f\u0131\u011f\u0131<\/td>\n<td style=\"width: 16.5055%; border: 1px solid #dddddd; height: 24px;\">207<\/td>\n<td style=\"width: 16.8075%; border: 1px solid #dddddd; height: 24px;\">41.5<\/td>\n<td style=\"width: 16.5862%; border: 1px solid #dddddd; height: 24px;\">3.9<\/td>\n<td style=\"width: 17.086%; border: 1px solid #dddddd; height: 24px;\">56.7<\/td>\n<\/tr>\n<tr style=\"height: 24px;\">\n<td style=\"width: 15.8192%; border: 1px solid #dddddd; height: 24px;\">\u00c7ay ka\u015f\u0131\u011f\u0131<\/td>\n<td style=\"width: 16.5055%; border: 1px solid #dddddd; height: 24px;\">145.5<\/td>\n<td style=\"width: 16.8075%; border: 1px solid #dddddd; height: 24px;\">27<\/td>\n<td style=\"width: 16.5862%; border: 1px solid #dddddd; height: 24px;\">2.2<\/td>\n<td style=\"width: 17.086%; border: 1px solid #dddddd; height: 24px;\">19.5<\/td>\n<\/tr>\n<tr style=\"height: 27px;\">\n<td style=\"width: 15.8192%; border: 1px solid #dddddd; height: 27px;\">Pasta \u00e7atal\u0131<\/td>\n<td style=\"width: 16.5055%; border: 1px solid #dddddd; height: 27px;\">146<\/td>\n<td style=\"width: 16.8075%; border: 1px solid #dddddd; height: 27px;\">24<\/td>\n<td style=\"width: 16.5862%; border: 1px solid #dddddd; height: 27px;\">2.2<\/td>\n<td style=\"width: 17.086%; border: 1px solid #dddddd; height: 27px;\">17.8<\/td>\n<\/tr>\n<tr style=\"height: 24px;\">\n<td style=\"width: 15.8192%; border: 1px solid #dddddd; height: 24px;\">Tatl\u0131 b\u0131\u00e7a\u011f\u0131<\/td>\n<td style=\"width: 16.5055%; border: 1px solid #dddddd; height: 24px;\">212.5<\/td>\n<td style=\"width: 16.8075%; border: 1px solid #dddddd; height: 24px;\">13.5<\/td>\n<td style=\"width: 16.5862%; border: 1px solid #dddddd; height: 24px;\">5.8<\/td>\n<td style=\"width: 17.086%; border: 1px solid #dddddd; height: 24px;\">52.4<\/td>\n<\/tr>\n<tr style=\"height: 24px;\">\n<td style=\"width: 15.8192%; border: 1px solid #dddddd; height: 24px;\">Tatl\u0131 \u00e7atal\u0131<\/td>\n<td style=\"width: 16.5055%; border: 1px solid #dddddd; height: 24px;\">189.5<\/td>\n<td style=\"width: 16.8075%; border: 1px solid #dddddd; height: 24px;\">20<\/td>\n<td style=\"width: 16.5862%; border: 1px solid #dddddd; height: 24px;\">3<\/td>\n<td style=\"width: 17.086%; border: 1px solid #dddddd; height: 24px;\">28.5<\/td>\n<\/tr>\n<tr style=\"height: 24px;\">\n<td style=\"width: 15.8192%; border: 1px solid #dddddd; height: 24px;\">Tatl\u0131 ka\u015f\u0131\u011f\u0131<\/td>\n<td style=\"width: 16.5055%; border: 1px solid #dddddd; height: 24px;\">188<\/td>\n<td style=\"width: 16.8075%; border: 1px solid #dddddd; height: 24px;\">38<\/td>\n<td style=\"width: 16.5862%; border: 1px solid #dddddd; height: 24px;\">3<\/td>\n<td style=\"width: 17.086%; border: 1px solid #dddddd; height: 24px;\">37.9<\/td>\n<\/tr>\n<tr style=\"height: 24px;\">\n<td style=\"width: 15.8192%; border: 1px solid #dddddd; height: 24px;\">Kahve ka\u015f\u0131\u011f\u0131<\/td>\n<td style=\"width: 16.5055%; border: 1px solid #dddddd; height: 24px;\">111<\/td>\n<td style=\"width: 16.8075%; border: 1px solid #dddddd; height: 24px;\">20.5<\/td>\n<td style=\"width: 16.5862%; border: 1px solid #dddddd; height: 24px;\">2<\/td>\n<td style=\"width: 17.086%; border: 1px solid #dddddd; height: 24px;\">10.4<\/td>\n<\/tr>\n<\/tbody>\n<\/table>\n<p>&nbsp;<\/p>","protected":false},"excerpt":{"rendered":"<p>\u25b8 PRODUCT PARAMETERS Item No: Name Length(mm) Width(mm) Thickness(mm) Weight(g) KX-S1460 Dinner knife 235 15 6.2 62.7 Dinner fork 209 22 3.9 42.3 Dinner spoon 207 41.5 3.9 56.7 Tea spoon 145.5 27 2.2 19.5 Cake fork 146 24 2.2 17.8 Dessert knife 212.5 13.5 5.8 52.4 Dessert fork 189.5 20 3 28.5 Dessert spoon [&hellip;]<\/p>","protected":false},"featured_media":1085,"template":"","meta":{"_seopress_robots_primary_cat":"none","_seopress_titles_title":"","_seopress_titles_desc":"","_seopress_robots_index":""},"product_cat":[20],"product_tag":[],"_links":{"self":[{"href":"https:\/\/www.gdkaixuan.com\/tr\/wp-json\/wp\/v2\/product\/1084"}],"collection":[{"href":"https:\/\/www.gdkaixuan.com\/tr\/wp-json\/wp\/v2\/product"}],"about":[{"href":"https:\/\/www.gdkaixuan.com\/tr\/wp-json\/wp\/v2\/types\/product"}],"wp:featuredmedia":[{"embeddable":true,"href":"https:\/\/www.gdkaixuan.com\/tr\/wp-json\/wp\/v2\/media\/1085"}],"wp:attachment":[{"href":"https:\/\/www.gdkaixuan.com\/tr\/wp-json\/wp\/v2\/media?parent=1084"}],"wp:term":[{"taxonomy":"product_cat","embeddable":true,"href":"https:\/\/www.gdkaixuan.com\/tr\/wp-json\/wp\/v2\/product_cat?post=1084"},{"taxonomy":"product_tag","embeddable":true,"href":"https:\/\/www.gdkaixuan.com\/tr\/wp-json\/wp\/v2\/product_tag?post=1084"}],"curies":[{"name":"wp","href":"https:\/\/api.w.org\/{rel}","templated":true}]}}