{"id":1082,"date":"2023-04-19T07:25:08","date_gmt":"2023-04-19T07:25:08","guid":{"rendered":"https:\/\/demo.gdjiexun.cn\/?post_type=product&#038;p=1082"},"modified":"2023-04-19T08:35:33","modified_gmt":"2023-04-19T08:35:33","slug":"kx-s301-oem-stainless-steel-flatware-sets-factory-from-china","status":"publish","type":"product","link":"https:\/\/www.gdkaixuan.com\/tr\/urun\/kx-s301-oem-paslanmaz-celik-duz-yazilim-setleri-fabrika-cinden\/","title":{"rendered":"\u00c7in'den KX-S301 OEM paslanmaz \u00e7elik sofra tak\u0131mlar\u0131 fabrikas\u0131"},"content":{"rendered":"<p><img fetchpriority=\"high\" decoding=\"async\" class=\"aligncenter size-full wp-image-1083\" src=\"http:\/\/demo.gdjiexun.cn\/wp-content\/uploads\/2023\/04\/KX-S301.jpg\" alt=\"\" width=\"700\" height=\"700\" srcset=\"https:\/\/www.gdkaixuan.com\/wp-content\/uploads\/2023\/04\/KX-S301.jpg 700w, https:\/\/www.gdkaixuan.com\/wp-content\/uploads\/2023\/04\/KX-S301-600x600.jpg 600w, https:\/\/www.gdkaixuan.com\/wp-content\/uploads\/2023\/04\/KX-S301-100x100.jpg 100w, https:\/\/www.gdkaixuan.com\/wp-content\/uploads\/2023\/04\/KX-S301-500x500.jpg 500w\" sizes=\"(max-width: 700px) 100vw, 700px\" \/><\/p>\n<h5 style=\"color: #0f4087;\">\u25b8 \u00dcR\u00dcN PARAMETRELERI<\/h5>\n<table style=\"height: 216px; width: 96.1835%; border-collapse: collapse; border-style: solid; border-color: #dddddd;\" border=\"1\">\n<tbody>\n<tr style=\"height: 24px;\">\n<td style=\"width: 17.1956%; height: 24px; border: 1px solid #dddddd; background-color: #f2f2f2;\">\u00dcr\u00fcn No:<\/td>\n<td style=\"width: 15.8192%; height: 24px; border: 1px solid #dddddd; background-color: #f2f2f2;\">\u0130sim<\/td>\n<td style=\"width: 16.5055%; height: 24px; border: 1px solid #dddddd; background-color: #f2f2f2;\">Uzunluk (mm)<\/td>\n<td style=\"width: 16.8075%; height: 24px; border: 1px solid #dddddd; background-color: #f2f2f2;\">Geni\u015flik (mm)<\/td>\n<td style=\"width: 16.5862%; border: 1px solid #dddddd; background-color: #f2f2f2; height: 24px;\">Kal\u0131nl\u0131k (mm)<\/td>\n<td style=\"width: 17.086%; height: 24px; border: 1px solid #dddddd; background-color: #f2f2f2;\">A\u011f\u0131rl\u0131k (g)<\/td>\n<\/tr>\n<tr>\n<td style=\"width: 17.1956%; border: 1px solid #dddddd; vertical-align: middle;\" rowspan=\"9\">KX-S301<\/td>\n<td style=\"width: 15.8192%; border: 1px solid #dddddd;\">Biftek b\u0131\u00e7a\u011f\u0131<\/td>\n<td style=\"width: 16.5055%; border: 1px solid #dddddd;\">242<\/td>\n<td style=\"width: 16.8075%; border: 1px solid #dddddd;\">19<\/td>\n<td style=\"width: 16.5862%; border: 1px solid #dddddd;\">\/<\/td>\n<td style=\"width: 17.086%; border: 1px solid #dddddd;\">132.2<\/td>\n<\/tr>\n<tr style=\"height: 24px;\">\n<td style=\"width: 15.8192%; border: 1px solid #dddddd; height: 21px;\">Yemek b\u0131\u00e7a\u011f\u0131<\/td>\n<td style=\"width: 16.5055%; border: 1px solid #dddddd; height: 21px;\">240<\/td>\n<td style=\"width: 16.8075%; border: 1px solid #dddddd; height: 21px;\">21<\/td>\n<td style=\"width: 16.5862%; border: 1px solid #dddddd; height: 21px;\">\/<\/td>\n<td style=\"width: 17.086%; border: 1px solid #dddddd; height: 21px;\">132.2<\/td>\n<\/tr>\n<tr style=\"height: 24px;\">\n<td style=\"width: 15.8192%; border: 1px solid #dddddd; height: 24px;\">Tatl\u0131 b\u0131\u00e7a\u011f\u0131<\/td>\n<td style=\"width: 16.5055%; border: 1px solid #dddddd; height: 24px;\">220<\/td>\n<td style=\"width: 16.8075%; border: 1px solid #dddddd; height: 24px;\">24<\/td>\n<td style=\"width: 16.5862%; border: 1px solid #dddddd; height: 24px;\">\/<\/td>\n<td style=\"width: 17.086%; border: 1px solid #dddddd; height: 24px;\">154.6<\/td>\n<\/tr>\n<tr style=\"height: 24px;\">\n<td style=\"width: 15.8192%; border: 1px solid #dddddd; height: 24px;\">Tereya\u011f\u0131 b\u0131\u00e7a\u011f\u0131<\/td>\n<td style=\"width: 16.5055%; border: 1px solid #dddddd; height: 24px;\">168<\/td>\n<td style=\"width: 16.8075%; border: 1px solid #dddddd; height: 24px;\">17<\/td>\n<td style=\"width: 16.5862%; border: 1px solid #dddddd; height: 24px;\">\/<\/td>\n<td style=\"width: 17.086%; border: 1px solid #dddddd; height: 24px;\">72.8<\/td>\n<\/tr>\n<tr style=\"height: 24px;\">\n<td style=\"width: 15.8192%; border: 1px solid #dddddd; height: 24px;\">Yemek \u00e7atal\u0131<\/td>\n<td style=\"width: 16.5055%; border: 1px solid #dddddd; height: 24px;\">194<\/td>\n<td style=\"width: 16.8075%; border: 1px solid #dddddd; height: 24px;\">26<\/td>\n<td style=\"width: 16.5862%; border: 1px solid #dddddd; height: 24px;\">4.5<\/td>\n<td style=\"width: 17.086%; border: 1px solid #dddddd; height: 24px;\">60<\/td>\n<\/tr>\n<tr style=\"height: 27px;\">\n<td style=\"width: 15.8192%; border: 1px solid #dddddd; height: 27px;\">Yemek ka\u015f\u0131\u011f\u0131<\/td>\n<td style=\"width: 16.5055%; border: 1px solid #dddddd; height: 27px;\">180<\/td>\n<td style=\"width: 16.8075%; border: 1px solid #dddddd; height: 27px;\">38<\/td>\n<td style=\"width: 16.5862%; border: 1px solid #dddddd; height: 27px;\">4.5<\/td>\n<td style=\"width: 17.086%; border: 1px solid #dddddd; height: 27px;\">69.6<\/td>\n<\/tr>\n<tr style=\"height: 24px;\">\n<td style=\"width: 15.8192%; border: 1px solid #dddddd; height: 24px;\">Tatl\u0131 ka\u015f\u0131\u011f\u0131<\/td>\n<td style=\"width: 16.5055%; border: 1px solid #dddddd; height: 24px;\">175<\/td>\n<td style=\"width: 16.8075%; border: 1px solid #dddddd; height: 24px;\">24<\/td>\n<td style=\"width: 16.5862%; border: 1px solid #dddddd; height: 24px;\">4.5<\/td>\n<td style=\"width: 17.086%; border: 1px solid #dddddd; height: 24px;\">50.2<\/td>\n<\/tr>\n<tr style=\"height: 24px;\">\n<td style=\"width: 15.8192%; border: 1px solid #dddddd; height: 24px;\">\u00c7ay ka\u015f\u0131\u011f\u0131<\/td>\n<td style=\"width: 16.5055%; border: 1px solid #dddddd; height: 24px;\">157<\/td>\n<td style=\"width: 16.8075%; border: 1px solid #dddddd; height: 24px;\">33<\/td>\n<td style=\"width: 16.5862%; border: 1px solid #dddddd; height: 24px;\">4.5<\/td>\n<td style=\"width: 17.086%; border: 1px solid #dddddd; height: 24px;\">52<\/td>\n<\/tr>\n<tr style=\"height: 24px;\">\n<td style=\"width: 15.8192%; border: 1px solid #dddddd; height: 24px;\">Buz ka\u015f\u0131\u011f\u0131<\/td>\n<td style=\"width: 16.5055%; border: 1px solid #dddddd; height: 24px;\">192<\/td>\n<td style=\"width: 16.8075%; border: 1px solid #dddddd; height: 24px;\">30<\/td>\n<td style=\"width: 16.5862%; border: 1px solid #dddddd; height: 24px;\">1<\/td>\n<td style=\"width: 17.086%; border: 1px solid #dddddd; height: 24px;\">48.4<\/td>\n<\/tr>\n<\/tbody>\n<\/table>\n<p>&nbsp;<\/p>","protected":false},"excerpt":{"rendered":"<p>\u25b8 PRODUCT PARAMETERS Item No: Name Length(mm) Width(mm) Thickness(mm) Weight(g) KX-S301 Steak knife 242 19 \/ 132.2 Dinner knife 240 21 \/ 132.2 Dessert knife 220 24 \/ 154.6 Butter knife 168 17 \/ 72.8 Dinner fork 194 26 4.5 60 Dinner spoon 180 38 4.5 69.6 Dessert spoon 175 24 4.5 50.2 Tea spoon [&hellip;]<\/p>","protected":false},"featured_media":1083,"template":"","meta":{"_seopress_robots_primary_cat":"","_seopress_titles_title":"","_seopress_titles_desc":"","_seopress_robots_index":""},"product_cat":[20],"product_tag":[],"_links":{"self":[{"href":"https:\/\/www.gdkaixuan.com\/tr\/wp-json\/wp\/v2\/product\/1082"}],"collection":[{"href":"https:\/\/www.gdkaixuan.com\/tr\/wp-json\/wp\/v2\/product"}],"about":[{"href":"https:\/\/www.gdkaixuan.com\/tr\/wp-json\/wp\/v2\/types\/product"}],"wp:featuredmedia":[{"embeddable":true,"href":"https:\/\/www.gdkaixuan.com\/tr\/wp-json\/wp\/v2\/media\/1083"}],"wp:attachment":[{"href":"https:\/\/www.gdkaixuan.com\/tr\/wp-json\/wp\/v2\/media?parent=1082"}],"wp:term":[{"taxonomy":"product_cat","embeddable":true,"href":"https:\/\/www.gdkaixuan.com\/tr\/wp-json\/wp\/v2\/product_cat?post=1082"},{"taxonomy":"product_tag","embeddable":true,"href":"https:\/\/www.gdkaixuan.com\/tr\/wp-json\/wp\/v2\/product_tag?post=1082"}],"curies":[{"name":"wp","href":"https:\/\/api.w.org\/{rel}","templated":true}]}}