{"id":1071,"date":"2023-04-19T07:09:02","date_gmt":"2023-04-19T07:09:02","guid":{"rendered":"https:\/\/demo.gdjiexun.cn\/?post_type=product&#038;p=1071"},"modified":"2023-04-19T07:44:16","modified_gmt":"2023-04-19T07:44:16","slug":"kx-s291-wholesale-stainless-steel-flatware-sets-suppliers-in-china","status":"publish","type":"product","link":"https:\/\/www.gdkaixuan.com\/tr\/urun\/kx-s291-wholesale-stainless-steel-flatware-sets-suppliers-in-china\/","title":{"rendered":"\u00c7in'de KX-S291 toptan paslanmaz \u00e7elik sofra tak\u0131m\u0131 setleri tedarik\u00e7ileri"},"content":{"rendered":"<p><img fetchpriority=\"high\" decoding=\"async\" class=\"aligncenter size-full wp-image-1072\" src=\"http:\/\/demo.gdjiexun.cn\/wp-content\/uploads\/2023\/04\/KX-S291.jpg\" alt=\"\" width=\"700\" height=\"700\" srcset=\"https:\/\/www.gdkaixuan.com\/wp-content\/uploads\/2023\/04\/KX-S291.jpg 700w, https:\/\/www.gdkaixuan.com\/wp-content\/uploads\/2023\/04\/KX-S291-600x600.jpg 600w, https:\/\/www.gdkaixuan.com\/wp-content\/uploads\/2023\/04\/KX-S291-100x100.jpg 100w, https:\/\/www.gdkaixuan.com\/wp-content\/uploads\/2023\/04\/KX-S291-500x500.jpg 500w\" sizes=\"(max-width: 700px) 100vw, 700px\" \/><\/p>\n<h5 style=\"color: #0f4087;\">\u25b8 \u00dcR\u00dcN PARAMETRELERI<\/h5>\n<table style=\"height: 356px; width: 95.4594%; border-collapse: collapse; border-style: solid; border-color: #dddddd;\" border=\"1\">\n<tbody>\n<tr style=\"height: 24px;\">\n<td style=\"width: 17.1956%; height: 24px; border: 1px solid #dddddd; background-color: #f2f2f2;\">\u00dcr\u00fcn No:<\/td>\n<td style=\"width: 15.8192%; height: 24px; border: 1px solid #dddddd; background-color: #f2f2f2;\">\u0130sim<\/td>\n<td style=\"width: 16.5055%; height: 24px; border: 1px solid #dddddd; background-color: #f2f2f2;\">Uzunluk (mm)<\/td>\n<td style=\"width: 16.8075%; height: 24px; border: 1px solid #dddddd; background-color: #f2f2f2;\">Geni\u015flik (mm)<\/td>\n<td style=\"width: 16.5862%; border: 1px solid #dddddd; background-color: #f2f2f2; height: 24px;\">Kal\u0131nl\u0131k (mm)<\/td>\n<td style=\"width: 17.086%; height: 24px; border: 1px solid #dddddd; background-color: #f2f2f2;\">A\u011f\u0131rl\u0131k (g)<\/td>\n<\/tr>\n<tr style=\"height: 24px;\">\n<td style=\"width: 17.1956%; height: 332px; border: 1px solid #dddddd; vertical-align: middle;\" rowspan=\"5\">KX-S291<\/td>\n<td style=\"width: 15.8192%; border: 1px solid #dddddd; height: 21px;\">Yemek b\u0131\u00e7a\u011f\u0131<\/td>\n<td style=\"width: 16.5055%; border: 1px solid #dddddd; height: 21px;\">217<\/td>\n<td style=\"width: 16.8075%; border: 1px solid #dddddd; height: 21px;\">17<\/td>\n<td style=\"width: 16.5862%; border: 1px solid #dddddd; height: 21px;\">7.8<\/td>\n<td style=\"width: 17.086%; border: 1px solid #dddddd; height: 21px;\">74.5<\/td>\n<\/tr>\n<tr style=\"height: 24px;\">\n<td style=\"width: 15.8192%; border: 1px solid #dddddd; height: 24px;\">Yemek \u00e7atal\u0131<\/td>\n<td style=\"width: 16.5055%; border: 1px solid #dddddd; height: 24px;\">204<\/td>\n<td style=\"width: 16.8075%; border: 1px solid #dddddd; height: 24px;\">23<\/td>\n<td style=\"width: 16.5862%; border: 1px solid #dddddd; height: 24px;\">7.3<\/td>\n<td style=\"width: 17.086%; border: 1px solid #dddddd; height: 24px;\">61.4<\/td>\n<\/tr>\n<tr style=\"height: 24px;\">\n<td style=\"width: 15.8192%; border: 1px solid #dddddd; height: 24px;\">Yemek ka\u015f\u0131\u011f\u0131<\/td>\n<td style=\"width: 16.5055%; border: 1px solid #dddddd; height: 24px;\">198<\/td>\n<td style=\"width: 16.8075%; border: 1px solid #dddddd; height: 24px;\">39<\/td>\n<td style=\"width: 16.5862%; border: 1px solid #dddddd; height: 24px;\">7.3<\/td>\n<td style=\"width: 17.086%; border: 1px solid #dddddd; height: 24px;\">75.9<\/td>\n<\/tr>\n<tr style=\"height: 48px;\">\n<td style=\"width: 15.8192%; border: 1px solid #dddddd; height: 48px;\">\u00c7ay ka\u015f\u0131\u011f\u0131<\/td>\n<td style=\"width: 16.5055%; border: 1px solid #dddddd; height: 48px;\">147<\/td>\n<td style=\"width: 16.8075%; border: 1px solid #dddddd; height: 48px;\">29<\/td>\n<td style=\"width: 16.5862%; border: 1px solid #dddddd; height: 48px;\">6.6<\/td>\n<td style=\"width: 17.086%; border: 1px solid #dddddd; height: 48px;\">41.9<\/td>\n<\/tr>\n<tr style=\"height: 32px;\">\n<td style=\"width: 15.8192%; border: 1px solid #dddddd; height: 32px;\">Pasta \u00e7atal\u0131<\/td>\n<td style=\"width: 16.5055%; border: 1px solid #dddddd; height: 32px;\">149<\/td>\n<td style=\"width: 16.8075%; border: 1px solid #dddddd; height: 32px;\">20<\/td>\n<td style=\"width: 16.5862%; border: 1px solid #dddddd; height: 32px;\">6.6<\/td>\n<td style=\"width: 17.086%; border: 1px solid #dddddd; height: 32px;\">37.6<\/td>\n<\/tr>\n<\/tbody>\n<\/table>\n<p>&nbsp;<\/p>","protected":false},"excerpt":{"rendered":"<p>\u00dcR\u00dcN PARAMETRELER\u0130 \u00dcr\u00fcn No: Ad\u0131 Uzunluk (mm) Geni\u015flik (mm) Kal\u0131nl\u0131k (mm) A\u011f\u0131rl\u0131k (g) KX-S291 Yemek b\u0131\u00e7a\u011f\u0131 217 17 7,8 74,5 Yemek \u00e7atal\u0131 204 23 7,3 61,4 Yemek ka\u015f\u0131\u011f\u0131 198 39 7,3 75,9 \u00c7ay ka\u015f\u0131\u011f\u0131 147 29 6,6 41,9 Kek \u00e7atal\u0131 149 20 6,6 37,6 &nbsp;<\/p>","protected":false},"featured_media":1072,"template":"","meta":{"_seopress_robots_primary_cat":"","_seopress_titles_title":"","_seopress_titles_desc":"","_seopress_robots_index":""},"product_cat":[20],"product_tag":[],"_links":{"self":[{"href":"https:\/\/www.gdkaixuan.com\/tr\/wp-json\/wp\/v2\/product\/1071"}],"collection":[{"href":"https:\/\/www.gdkaixuan.com\/tr\/wp-json\/wp\/v2\/product"}],"about":[{"href":"https:\/\/www.gdkaixuan.com\/tr\/wp-json\/wp\/v2\/types\/product"}],"wp:featuredmedia":[{"embeddable":true,"href":"https:\/\/www.gdkaixuan.com\/tr\/wp-json\/wp\/v2\/media\/1072"}],"wp:attachment":[{"href":"https:\/\/www.gdkaixuan.com\/tr\/wp-json\/wp\/v2\/media?parent=1071"}],"wp:term":[{"taxonomy":"product_cat","embeddable":true,"href":"https:\/\/www.gdkaixuan.com\/tr\/wp-json\/wp\/v2\/product_cat?post=1071"},{"taxonomy":"product_tag","embeddable":true,"href":"https:\/\/www.gdkaixuan.com\/tr\/wp-json\/wp\/v2\/product_tag?post=1071"}],"curies":[{"name":"wp","href":"https:\/\/api.w.org\/{rel}","templated":true}]}}