{"id":1069,"date":"2023-04-19T07:02:25","date_gmt":"2023-04-19T07:02:25","guid":{"rendered":"https:\/\/demo.gdjiexun.cn\/?post_type=product&#038;p=1069"},"modified":"2023-07-18T08:58:56","modified_gmt":"2023-07-18T08:58:56","slug":"kx-s290-oem-stainless-steel-flatware-sets-factory-from-china","status":"publish","type":"product","link":"https:\/\/www.gdkaixuan.com\/tr\/urun\/kx-s290-oem-paslanmaz-celik-duz-yazilim-setleri-fabrika-cinden\/","title":{"rendered":"\u00c7in'den KX-S290 OEM paslanmaz \u00e7elik sofra tak\u0131mlar\u0131 fabrikas\u0131"},"content":{"rendered":"<p><img fetchpriority=\"high\" decoding=\"async\" class=\"aligncenter size-full wp-image-1070\" src=\"http:\/\/demo.gdjiexun.cn\/wp-content\/uploads\/2023\/04\/KX-S290.jpg\" alt=\"\" width=\"700\" height=\"700\" srcset=\"https:\/\/www.gdkaixuan.com\/wp-content\/uploads\/2023\/04\/KX-S290.jpg 700w, https:\/\/www.gdkaixuan.com\/wp-content\/uploads\/2023\/04\/KX-S290-600x600.jpg 600w, https:\/\/www.gdkaixuan.com\/wp-content\/uploads\/2023\/04\/KX-S290-100x100.jpg 100w, https:\/\/www.gdkaixuan.com\/wp-content\/uploads\/2023\/04\/KX-S290-500x500.jpg 500w\" sizes=\"(max-width: 700px) 100vw, 700px\" \/><\/p>\n<h5 style=\"color: #0f4087;\">\u25b8 \u00dcR\u00dcN PARAMETRELERI<\/h5>\n<table style=\"height: 356px; width: 96.1835%; border-collapse: collapse; border-style: solid; border-color: #dddddd;\" border=\"1\">\n<tbody>\n<tr style=\"height: 24px;\">\n<td style=\"width: 17.1956%; height: 24px; border: 1px solid #dddddd; background-color: #f2f2f2;\">\u00dcr\u00fcn No:<\/td>\n<td style=\"width: 15.8192%; height: 24px; border: 1px solid #dddddd; background-color: #f2f2f2;\">\u0130sim<\/td>\n<td style=\"width: 16.5055%; height: 24px; border: 1px solid #dddddd; background-color: #f2f2f2;\">Uzunluk (mm)<\/td>\n<td style=\"width: 16.8075%; height: 24px; border: 1px solid #dddddd; background-color: #f2f2f2;\">Geni\u015flik (mm)<\/td>\n<td style=\"width: 16.5862%; border: 1px solid #dddddd; background-color: #f2f2f2; height: 24px;\">Kal\u0131nl\u0131k (mm)<\/td>\n<td style=\"width: 17.086%; height: 24px; border: 1px solid #dddddd; background-color: #f2f2f2;\">A\u011f\u0131rl\u0131k (g)<\/td>\n<\/tr>\n<tr style=\"height: 24px;\">\n<td style=\"width: 17.1956%; height: 332px; border: 1px solid #dddddd; vertical-align: middle;\" rowspan=\"12\">KX-S290<\/td>\n<td style=\"width: 15.8192%; height: 25px; border: 1px solid #dddddd;\">Biftek b\u0131\u00e7a\u011f\u0131<\/td>\n<td style=\"width: 16.5055%; height: 25px; border: 1px solid #dddddd;\">223<\/td>\n<td style=\"width: 16.8075%; height: 25px; border: 1px solid #dddddd;\">18<\/td>\n<td style=\"width: 16.5862%; border: 1px solid #dddddd; height: 25px;\">8<\/td>\n<td style=\"width: 17.086%; height: 25px; border: 1px solid #dddddd;\">84.4<\/td>\n<\/tr>\n<tr style=\"height: 41px;\">\n<td style=\"width: 15.8192%; border: 1px solid #dddddd; height: 21px;\">Yemek b\u0131\u00e7a\u011f\u0131<\/td>\n<td style=\"width: 16.5055%; border: 1px solid #dddddd; height: 21px;\">233<\/td>\n<td style=\"width: 16.8075%; border: 1px solid #dddddd; height: 21px;\">20<\/td>\n<td style=\"width: 16.5862%; border: 1px solid #dddddd; height: 21px;\">8<\/td>\n<td style=\"width: 17.086%; border: 1px solid #dddddd; height: 21px;\">92.1<\/td>\n<\/tr>\n<tr style=\"height: 24px;\">\n<td style=\"width: 15.8192%; border: 1px solid #dddddd; height: 24px;\">Yemek \u00e7atal\u0131<\/td>\n<td style=\"width: 16.5055%; border: 1px solid #dddddd; height: 24px;\">205<\/td>\n<td style=\"width: 16.8075%; border: 1px solid #dddddd; height: 24px;\">26<\/td>\n<td style=\"width: 16.5862%; border: 1px solid #dddddd; height: 24px;\">4<\/td>\n<td style=\"width: 17.086%; border: 1px solid #dddddd; height: 24px;\">57.4<\/td>\n<\/tr>\n<tr style=\"height: 24px;\">\n<td style=\"width: 15.8192%; border: 1px solid #dddddd; height: 24px;\">Yemek ka\u015f\u0131\u011f\u0131<\/td>\n<td style=\"width: 16.5055%; border: 1px solid #dddddd; height: 24px;\">205<\/td>\n<td style=\"width: 16.8075%; border: 1px solid #dddddd; height: 24px;\">43<\/td>\n<td style=\"width: 16.5862%; border: 1px solid #dddddd; height: 24px;\">4<\/td>\n<td style=\"width: 17.086%; border: 1px solid #dddddd; height: 24px;\">72.2<\/td>\n<\/tr>\n<tr style=\"height: 48px;\">\n<td style=\"width: 15.8192%; border: 1px solid #dddddd; height: 48px;\">\u00c7ay ka\u015f\u0131\u011f\u0131<\/td>\n<td style=\"width: 16.5055%; border: 1px solid #dddddd; height: 48px;\">135<\/td>\n<td style=\"width: 16.8075%; border: 1px solid #dddddd; height: 48px;\">27<\/td>\n<td style=\"width: 16.5862%; border: 1px solid #dddddd; height: 48px;\">3<\/td>\n<td style=\"width: 17.086%; border: 1px solid #dddddd; height: 48px;\">28.3<\/td>\n<\/tr>\n<tr style=\"height: 32px;\">\n<td style=\"width: 15.8192%; border: 1px solid #dddddd; height: 32px;\">Pasta \u00e7atal\u0131<\/td>\n<td style=\"width: 16.5055%; border: 1px solid #dddddd; height: 32px;\">153<\/td>\n<td style=\"width: 16.8075%; border: 1px solid #dddddd; height: 32px;\">22<\/td>\n<td style=\"width: 16.5862%; border: 1px solid #dddddd; height: 32px;\">3<\/td>\n<td style=\"width: 17.086%; border: 1px solid #dddddd; height: 32px;\">24.3<\/td>\n<\/tr>\n<tr style=\"height: 24px;\">\n<td style=\"width: 15.8192%; border: 1px solid #dddddd; height: 24px;\">Tatl\u0131 b\u0131\u00e7a\u011f\u0131<\/td>\n<td style=\"width: 16.5055%; border: 1px solid #dddddd; height: 24px;\">199<\/td>\n<td style=\"width: 16.8075%; border: 1px solid #dddddd; height: 24px;\">16<\/td>\n<td style=\"width: 16.5862%; border: 1px solid #dddddd; height: 24px;\">8<\/td>\n<td style=\"width: 17.086%; border: 1px solid #dddddd; height: 24px;\">66.7<\/td>\n<\/tr>\n<tr style=\"height: 24px;\">\n<td style=\"width: 15.8192%; border: 1px solid #dddddd; height: 24px;\">Tatl\u0131 \u00e7atal\u0131<\/td>\n<td style=\"width: 16.5055%; border: 1px solid #dddddd; height: 24px;\">170<\/td>\n<td style=\"width: 16.8075%; border: 1px solid #dddddd; height: 24px;\">24<\/td>\n<td style=\"width: 16.5862%; border: 1px solid #dddddd; height: 24px;\">4<\/td>\n<td style=\"width: 17.086%; border: 1px solid #dddddd; height: 24px;\">44.4<\/td>\n<\/tr>\n<tr style=\"height: 24px;\">\n<td style=\"width: 15.8192%; border: 1px solid #dddddd; height: 24px;\">Tatl\u0131 ka\u015f\u0131\u011f\u0131<\/td>\n<td style=\"width: 16.5055%; border: 1px solid #dddddd; height: 24px;\">170<\/td>\n<td style=\"width: 16.8075%; border: 1px solid #dddddd; height: 24px;\">37<\/td>\n<td style=\"width: 16.5862%; border: 1px solid #dddddd; height: 24px;\">4<\/td>\n<td style=\"width: 17.086%; border: 1px solid #dddddd; height: 24px;\">54<\/td>\n<\/tr>\n<tr style=\"height: 38px;\">\n<td style=\"width: 15.8192%; border: 1px solid #dddddd; height: 38px;\">Buz ka\u015f\u0131\u011f\u0131<\/td>\n<td style=\"width: 16.5055%; border: 1px solid #dddddd; height: 38px;\">220<\/td>\n<td style=\"width: 16.8075%; border: 1px solid #dddddd; height: 38px;\">27<\/td>\n<td style=\"width: 16.5862%; border: 1px solid #dddddd; height: 38px;\">3<\/td>\n<td style=\"width: 17.086%; border: 1px solid #dddddd; height: 38px;\">42.7<\/td>\n<\/tr>\n<tr style=\"height: 24px;\">\n<td style=\"width: 15.8192%; border: 1px solid #dddddd; height: 24px;\">Kahve ka\u015f\u0131\u011f\u0131<\/td>\n<td style=\"width: 16.5055%; border: 1px solid #dddddd; height: 24px;\">102<\/td>\n<td style=\"width: 16.8075%; border: 1px solid #dddddd; height: 24px;\">24<\/td>\n<td style=\"width: 16.5862%; border: 1px solid #dddddd; height: 24px;\">2.6<\/td>\n<td style=\"width: 17.086%; border: 1px solid #dddddd; height: 24px;\">15.4<\/td>\n<\/tr>\n<tr style=\"height: 24px;\">\n<td style=\"width: 15.8192%; border: 1px solid #dddddd; height: 24px;\">Bal\u0131k b\u0131\u00e7a\u011f\u0131<\/td>\n<td style=\"width: 16.5055%; border: 1px solid #dddddd; height: 24px;\">220<\/td>\n<td style=\"width: 16.8075%; border: 1px solid #dddddd; height: 24px;\">27<\/td>\n<td style=\"width: 16.5862%; border: 1px solid #dddddd; height: 24px;\">3<\/td>\n<td style=\"width: 17.086%; border: 1px solid #dddddd; height: 24px;\">42.7<\/td>\n<\/tr>\n<\/tbody>\n<\/table>\n<p>&nbsp;<\/p>","protected":false},"excerpt":{"rendered":"<p>\u25b8 PRODUCT PARAMETERS Item No: Name Length(mm) Width(mm) Thickness(mm) Weight(g) KX-S290 Steak knife 223 18 8 84.4 Dinner knife 233 20 8 92.1 Dinner fork 205 26 4 57.4 Dinner spoon 205 43 4 72.2 Tea spoon 135 27 3 28.3 Cake fork 153 22 3 24.3 Dessert knife 199 16 8 66.7 Dessert fork [&hellip;]<\/p>","protected":false},"featured_media":1070,"template":"","meta":{"_seopress_robots_primary_cat":"none","_seopress_titles_title":"","_seopress_titles_desc":"","_seopress_robots_index":""},"product_cat":[20],"product_tag":[],"_links":{"self":[{"href":"https:\/\/www.gdkaixuan.com\/tr\/wp-json\/wp\/v2\/product\/1069"}],"collection":[{"href":"https:\/\/www.gdkaixuan.com\/tr\/wp-json\/wp\/v2\/product"}],"about":[{"href":"https:\/\/www.gdkaixuan.com\/tr\/wp-json\/wp\/v2\/types\/product"}],"wp:featuredmedia":[{"embeddable":true,"href":"https:\/\/www.gdkaixuan.com\/tr\/wp-json\/wp\/v2\/media\/1070"}],"wp:attachment":[{"href":"https:\/\/www.gdkaixuan.com\/tr\/wp-json\/wp\/v2\/media?parent=1069"}],"wp:term":[{"taxonomy":"product_cat","embeddable":true,"href":"https:\/\/www.gdkaixuan.com\/tr\/wp-json\/wp\/v2\/product_cat?post=1069"},{"taxonomy":"product_tag","embeddable":true,"href":"https:\/\/www.gdkaixuan.com\/tr\/wp-json\/wp\/v2\/product_tag?post=1069"}],"curies":[{"name":"wp","href":"https:\/\/api.w.org\/{rel}","templated":true}]}}