{"id":1067,"date":"2023-04-19T06:52:26","date_gmt":"2023-04-19T06:52:26","guid":{"rendered":"https:\/\/demo.gdjiexun.cn\/?post_type=product&#038;p=1067"},"modified":"2023-04-19T06:59:01","modified_gmt":"2023-04-19T06:59:01","slug":"kx-s289-made-stainless-steel-cutlery-sets-company","status":"publish","type":"product","link":"https:\/\/www.gdkaixuan.com\/tr\/urun\/kx-s289-paslanmaz-celik-catal-bicak-setleri-sirketi\/","title":{"rendered":"KX-S289 paslanmaz \u00e7elik \u00e7atal b\u0131\u00e7ak tak\u0131mlar\u0131 \u015firketi yapt\u0131"},"content":{"rendered":"<p><img fetchpriority=\"high\" decoding=\"async\" class=\"aligncenter size-full wp-image-1068\" src=\"http:\/\/demo.gdjiexun.cn\/wp-content\/uploads\/2023\/04\/KX-S289.jpg\" alt=\"\" width=\"700\" height=\"700\" srcset=\"https:\/\/www.gdkaixuan.com\/wp-content\/uploads\/2023\/04\/KX-S289.jpg 700w, https:\/\/www.gdkaixuan.com\/wp-content\/uploads\/2023\/04\/KX-S289-600x600.jpg 600w, https:\/\/www.gdkaixuan.com\/wp-content\/uploads\/2023\/04\/KX-S289-100x100.jpg 100w, https:\/\/www.gdkaixuan.com\/wp-content\/uploads\/2023\/04\/KX-S289-500x500.jpg 500w\" sizes=\"(max-width: 700px) 100vw, 700px\" \/><\/p>\n<h5 style=\"color: #0f4087;\">\u25b8 \u00dcR\u00dcN PARAMETRELERI<\/h5>\n<table style=\"height: 334px; width: 96.1835%; border-collapse: collapse; border-style: solid; border-color: #dddddd;\" border=\"1\">\n<tbody>\n<tr style=\"height: 24px;\">\n<td style=\"width: 17.1956%; height: 24px; border: 1px solid #dddddd; background-color: #f2f2f2;\">\u00dcr\u00fcn No:<\/td>\n<td style=\"width: 15.8192%; height: 24px; border: 1px solid #dddddd; background-color: #f2f2f2;\">\u0130sim<\/td>\n<td style=\"width: 16.5055%; height: 24px; border: 1px solid #dddddd; background-color: #f2f2f2;\">Uzunluk (mm)<\/td>\n<td style=\"width: 16.8075%; height: 24px; border: 1px solid #dddddd; background-color: #f2f2f2;\">Geni\u015flik (mm)<\/td>\n<td style=\"width: 16.5862%; border: 1px solid #dddddd; background-color: #f2f2f2; height: 24px;\">Kal\u0131nl\u0131k (mm)<\/td>\n<td style=\"width: 17.086%; height: 24px; border: 1px solid #dddddd; background-color: #f2f2f2;\">A\u011f\u0131rl\u0131k (g)<\/td>\n<\/tr>\n<tr style=\"height: 24px;\">\n<td style=\"width: 17.1956%; height: 310px; border: 1px solid #dddddd; vertical-align: middle;\" rowspan=\"9\">KX-S289<\/td>\n<td style=\"width: 15.8192%; border: 1px solid #dddddd; height: 21px;\">Yemek b\u0131\u00e7a\u011f\u0131<\/td>\n<td style=\"width: 16.5055%; border: 1px solid #dddddd; height: 21px;\">231<\/td>\n<td style=\"width: 16.8075%; border: 1px solid #dddddd; height: 21px;\">18<\/td>\n<td style=\"width: 16.5862%; border: 1px solid #dddddd; height: 21px;\">7.5<\/td>\n<td style=\"width: 17.086%; border: 1px solid #dddddd; height: 21px;\">99.5<\/td>\n<\/tr>\n<tr style=\"height: 24px;\">\n<td style=\"width: 15.8192%; border: 1px solid #dddddd; height: 24px;\">Yemek \u00e7atal\u0131<\/td>\n<td style=\"width: 16.5055%; border: 1px solid #dddddd; height: 24px;\">208<\/td>\n<td style=\"width: 16.8075%; border: 1px solid #dddddd; height: 24px;\">24<\/td>\n<td style=\"width: 16.5862%; border: 1px solid #dddddd; height: 24px;\">5<\/td>\n<td style=\"width: 17.086%; border: 1px solid #dddddd; height: 24px;\">67.1<\/td>\n<\/tr>\n<tr style=\"height: 24px;\">\n<td style=\"width: 15.8192%; border: 1px solid #dddddd; height: 24px;\">Yemek ka\u015f\u0131\u011f\u0131<\/td>\n<td style=\"width: 16.5055%; border: 1px solid #dddddd; height: 24px;\">207<\/td>\n<td style=\"width: 16.8075%; border: 1px solid #dddddd; height: 24px;\">46<\/td>\n<td style=\"width: 16.5862%; border: 1px solid #dddddd; height: 24px;\">5<\/td>\n<td style=\"width: 17.086%; border: 1px solid #dddddd; height: 24px;\">80.8<\/td>\n<\/tr>\n<tr style=\"height: 24px;\">\n<td style=\"width: 15.8192%; border: 1px solid #dddddd; height: 24px;\">\u00c7ay ka\u015f\u0131\u011f\u0131<\/td>\n<td style=\"width: 16.5055%; border: 1px solid #dddddd; height: 24px;\">142<\/td>\n<td style=\"width: 16.8075%; border: 1px solid #dddddd; height: 24px;\">31<\/td>\n<td style=\"width: 16.5862%; border: 1px solid #dddddd; height: 24px;\">3<\/td>\n<td style=\"width: 17.086%; border: 1px solid #dddddd; height: 24px;\">26.7<\/td>\n<\/tr>\n<tr style=\"height: 24px;\">\n<td style=\"width: 15.8192%; border: 1px solid #dddddd; height: 24px;\">Tatl\u0131 b\u0131\u00e7a\u011f\u0131<\/td>\n<td style=\"width: 16.5055%; border: 1px solid #dddddd; height: 24px;\">207<\/td>\n<td style=\"width: 16.8075%; border: 1px solid #dddddd; height: 24px;\">17<\/td>\n<td style=\"width: 16.5862%; border: 1px solid #dddddd; height: 24px;\">6.6<\/td>\n<td style=\"width: 17.086%; border: 1px solid #dddddd; height: 24px;\">62.6<\/td>\n<\/tr>\n<tr style=\"height: 24px;\">\n<td style=\"width: 15.8192%; border: 1px solid #dddddd; height: 24px;\">Tatl\u0131 \u00e7atal\u0131<\/td>\n<td style=\"width: 16.5055%; border: 1px solid #dddddd; height: 24px;\">186<\/td>\n<td style=\"width: 16.8075%; border: 1px solid #dddddd; height: 24px;\">22<\/td>\n<td style=\"width: 16.5862%; border: 1px solid #dddddd; height: 24px;\">4<\/td>\n<td style=\"width: 17.086%; border: 1px solid #dddddd; height: 24px;\">38.8<\/td>\n<\/tr>\n<tr style=\"height: 24px;\">\n<td style=\"width: 15.8192%; border: 1px solid #dddddd; height: 24px;\">Tatl\u0131 ka\u015f\u0131\u011f\u0131<\/td>\n<td style=\"width: 16.5055%; border: 1px solid #dddddd; height: 24px;\">182<\/td>\n<td style=\"width: 16.8075%; border: 1px solid #dddddd; height: 24px;\">41<\/td>\n<td style=\"width: 16.5862%; border: 1px solid #dddddd; height: 24px;\">4<\/td>\n<td style=\"width: 17.086%; border: 1px solid #dddddd; height: 24px;\">51.8<\/td>\n<\/tr>\n<tr style=\"height: 24px;\">\n<td style=\"width: 15.8192%; border: 1px solid #dddddd; height: 24px;\">Pasta \u00e7atal\u0131<\/td>\n<td style=\"width: 16.5055%; border: 1px solid #dddddd; height: 24px;\">153<\/td>\n<td style=\"width: 16.8075%; border: 1px solid #dddddd; height: 24px;\">18<\/td>\n<td style=\"width: 16.5862%; border: 1px solid #dddddd; height: 24px;\">3<\/td>\n<td style=\"width: 17.086%; border: 1px solid #dddddd; height: 24px;\">22<\/td>\n<\/tr>\n<tr style=\"height: 24px;\">\n<td style=\"width: 15.8192%; border: 1px solid #dddddd; height: 24px;\">Kahve ka\u015f\u0131\u011f\u0131<\/td>\n<td style=\"width: 16.5055%; border: 1px solid #dddddd; height: 24px;\">110<\/td>\n<td style=\"width: 16.8075%; border: 1px solid #dddddd; height: 24px;\">24<\/td>\n<td style=\"width: 16.5862%; border: 1px solid #dddddd; height: 24px;\">2.5<\/td>\n<td style=\"width: 17.086%; border: 1px solid #dddddd; height: 24px;\">13<\/td>\n<\/tr>\n<\/tbody>\n<\/table>\n<p>&nbsp;<\/p>","protected":false},"excerpt":{"rendered":"<p>\u25b8 PRODUCT PARAMETERS Item No: Name Length(mm) Width(mm) Thickness(mm) Weight(g) KX-S289 Dinner knife 231 18 7.5 99.5 Dinner fork 208 24 5 67.1 Dinner spoon 207 46 5 80.8 Tea spoon 142 31 3 26.7 Dessert knife 207 17 6.6 62.6 Dessert fork 186 22 4 38.8 Dessert spoon 182 41 4 51.8 Cake fork [&hellip;]<\/p>","protected":false},"featured_media":1068,"template":"","meta":{"_seopress_robots_primary_cat":"","_seopress_titles_title":"","_seopress_titles_desc":"","_seopress_robots_index":""},"product_cat":[20],"product_tag":[],"_links":{"self":[{"href":"https:\/\/www.gdkaixuan.com\/tr\/wp-json\/wp\/v2\/product\/1067"}],"collection":[{"href":"https:\/\/www.gdkaixuan.com\/tr\/wp-json\/wp\/v2\/product"}],"about":[{"href":"https:\/\/www.gdkaixuan.com\/tr\/wp-json\/wp\/v2\/types\/product"}],"wp:featuredmedia":[{"embeddable":true,"href":"https:\/\/www.gdkaixuan.com\/tr\/wp-json\/wp\/v2\/media\/1068"}],"wp:attachment":[{"href":"https:\/\/www.gdkaixuan.com\/tr\/wp-json\/wp\/v2\/media?parent=1067"}],"wp:term":[{"taxonomy":"product_cat","embeddable":true,"href":"https:\/\/www.gdkaixuan.com\/tr\/wp-json\/wp\/v2\/product_cat?post=1067"},{"taxonomy":"product_tag","embeddable":true,"href":"https:\/\/www.gdkaixuan.com\/tr\/wp-json\/wp\/v2\/product_tag?post=1067"}],"curies":[{"name":"wp","href":"https:\/\/api.w.org\/{rel}","templated":true}]}}