{"id":1049,"date":"2023-04-19T02:08:41","date_gmt":"2023-04-19T02:08:41","guid":{"rendered":"https:\/\/demo.gdjiexun.cn\/?post_type=product&#038;p=1049"},"modified":"2023-06-05T03:04:39","modified_gmt":"2023-06-05T03:04:39","slug":"kx-p061-oem-plastic-handle-flatware-sets-factory-from-china","status":"publish","type":"product","link":"https:\/\/www.gdkaixuan.com\/tr\/urun\/kx-p061-oem-plastic-handle-flatware-sets-factory-from-china\/","title":{"rendered":"\u00c7in'den KX-P061 OEM plastik sapl\u0131 sofra tak\u0131m\u0131 setleri fabrikas\u0131"},"content":{"rendered":"<p><img fetchpriority=\"high\" decoding=\"async\" class=\"aligncenter size-full wp-image-1050\" src=\"http:\/\/demo.gdjiexun.cn\/wp-content\/uploads\/2023\/04\/Kaixuan-cutlery-KX-P061.jpg\" alt=\"\" width=\"700\" height=\"700\" srcset=\"https:\/\/www.gdkaixuan.com\/wp-content\/uploads\/2023\/04\/Kaixuan-cutlery-KX-P061.jpg 700w, https:\/\/www.gdkaixuan.com\/wp-content\/uploads\/2023\/04\/Kaixuan-cutlery-KX-P061-600x600.jpg 600w, https:\/\/www.gdkaixuan.com\/wp-content\/uploads\/2023\/04\/Kaixuan-cutlery-KX-P061-100x100.jpg 100w, https:\/\/www.gdkaixuan.com\/wp-content\/uploads\/2023\/04\/Kaixuan-cutlery-KX-P061-500x500.jpg 500w\" sizes=\"(max-width: 700px) 100vw, 700px\" \/><\/p>\n<p>&nbsp;<\/p>\n<h5 style=\"color: #0f4087;\">\u25b8 \u00dcR\u00dcN PARAMETRELERI<\/h5>\n<table style=\"height: 107px; width: 100%; border-collapse: collapse; border-style: solid; border-color: #dddddd;\" border=\"1\">\n<tbody>\n<tr style=\"height: 24px;\">\n<td style=\"width: 17.1956%; height: 24px; border: 1px solid #dddddd; background-color: #f2f2f2;\">\u00dcr\u00fcn No:<\/td>\n<td style=\"width: 16.6707%; height: 24px; border: 1px solid #dddddd; background-color: #f2f2f2;\">\u0130sim<\/td>\n<td style=\"width: 15.654%; height: 24px; border: 1px solid #dddddd; background-color: #f2f2f2;\">Uzunluk (mm)<\/td>\n<td style=\"width: 16.8075%; height: 24px; border: 1px solid #dddddd; background-color: #f2f2f2;\">Geni\u015flik (mm)<\/td>\n<td style=\"width: 16.5862%; border: 1px solid #dddddd; background-color: #f2f2f2; height: 24px;\">Kal\u0131nl\u0131k (mm)<\/td>\n<td style=\"width: 17.086%; height: 24px; border: 1px solid #dddddd; background-color: #f2f2f2;\">A\u011f\u0131rl\u0131k (g)<\/td>\n<\/tr>\n<tr style=\"height: 24px;\">\n<td style=\"width: 17.1956%; height: 83px; border: 1px solid #dddddd; vertical-align: middle;\" rowspan=\"4\">KX-P061<\/td>\n<td style=\"width: 16.6707%; height: 25px; border: 1px solid #dddddd;\">Masa b\u0131\u00e7a\u011f\u0131<\/td>\n<td style=\"width: 15.654%; height: 25px; border: 1px solid #dddddd;\">215<\/td>\n<td style=\"width: 16.8075%; height: 25px; border: 1px solid #dddddd;\">17<\/td>\n<td style=\"width: 16.5862%; border: 1px solid #dddddd; height: 25px;\">1.5<\/td>\n<td style=\"width: 17.086%; height: 25px; border: 1px solid #dddddd;\">36.3<\/td>\n<\/tr>\n<tr style=\"height: 24px;\">\n<td style=\"width: 16.6707%; height: 23px; border: 1px solid #dddddd;\">Masa \u00e7atal\u0131<\/td>\n<td style=\"width: 15.654%; height: 23px; border: 1px solid #dddddd;\">197<\/td>\n<td style=\"width: 16.8075%; height: 23px; border: 1px solid #dddddd;\">24<\/td>\n<td style=\"width: 16.5862%; border: 1px solid #dddddd; height: 23px;\">1.5<\/td>\n<td style=\"width: 17.086%; height: 23px; border: 1px solid #dddddd;\">32.9<\/td>\n<\/tr>\n<tr style=\"height: 24px;\">\n<td style=\"width: 16.6707%; height: 25px; border: 1px solid #dddddd;\">Masa ka\u015f\u0131\u011f\u0131<\/td>\n<td style=\"width: 15.654%; height: 25px; border: 1px solid #dddddd;\">200<\/td>\n<td style=\"width: 16.8075%; height: 25px; border: 1px solid #dddddd;\">43<\/td>\n<td style=\"width: 16.5862%; border: 1px solid #dddddd; height: 25px;\">1.5<\/td>\n<td style=\"width: 17.086%; height: 25px; border: 1px solid #dddddd;\">45.9<\/td>\n<\/tr>\n<tr style=\"height: 41px;\">\n<td style=\"width: 16.6707%; border: 1px solid #dddddd; height: 10px;\">\u00c7ay ka\u015f\u0131\u011f\u0131<\/td>\n<td style=\"width: 15.654%; border: 1px solid #dddddd; height: 10px;\">161<\/td>\n<td style=\"width: 16.8075%; border: 1px solid #dddddd; height: 10px;\">33<\/td>\n<td style=\"width: 16.5862%; border: 1px solid #dddddd; height: 10px;\">1.5<\/td>\n<td style=\"width: 17.086%; border: 1px solid #dddddd; height: 10px;\">27.2<\/td>\n<\/tr>\n<\/tbody>\n<\/table>\n<p>&nbsp;<\/p>","protected":false},"excerpt":{"rendered":"<p>&nbsp; \u00dcR\u00dcN PARAMETRELER\u0130 \u00dcr\u00fcn No: Ad\u0131 Uzunluk (mm) Geni\u015flik (mm) Kal\u0131nl\u0131k (mm) A\u011f\u0131rl\u0131k (g) KX-P061 Sofra b\u0131\u00e7a\u011f\u0131 215 17 1,5 36,3 Sofra \u00e7atal\u0131 197 24 1,5 32,9 Sofra ka\u015f\u0131\u011f\u0131 200 43 1,5 45,9 \u00c7ay ka\u015f\u0131\u011f\u0131 161 33 1,5 27,2 &nbsp;<\/p>","protected":false},"featured_media":1050,"template":"","meta":{"_seopress_robots_primary_cat":"none","_seopress_titles_title":"","_seopress_titles_desc":"","_seopress_robots_index":""},"product_cat":[18],"product_tag":[],"_links":{"self":[{"href":"https:\/\/www.gdkaixuan.com\/tr\/wp-json\/wp\/v2\/product\/1049"}],"collection":[{"href":"https:\/\/www.gdkaixuan.com\/tr\/wp-json\/wp\/v2\/product"}],"about":[{"href":"https:\/\/www.gdkaixuan.com\/tr\/wp-json\/wp\/v2\/types\/product"}],"wp:featuredmedia":[{"embeddable":true,"href":"https:\/\/www.gdkaixuan.com\/tr\/wp-json\/wp\/v2\/media\/1050"}],"wp:attachment":[{"href":"https:\/\/www.gdkaixuan.com\/tr\/wp-json\/wp\/v2\/media?parent=1049"}],"wp:term":[{"taxonomy":"product_cat","embeddable":true,"href":"https:\/\/www.gdkaixuan.com\/tr\/wp-json\/wp\/v2\/product_cat?post=1049"},{"taxonomy":"product_tag","embeddable":true,"href":"https:\/\/www.gdkaixuan.com\/tr\/wp-json\/wp\/v2\/product_tag?post=1049"}],"curies":[{"name":"wp","href":"https:\/\/api.w.org\/{rel}","templated":true}]}}