{"id":1033,"date":"2023-04-19T01:48:34","date_gmt":"2023-04-19T01:48:34","guid":{"rendered":"https:\/\/demo.gdjiexun.cn\/?post_type=product&#038;p=1033"},"modified":"2023-06-05T03:09:58","modified_gmt":"2023-06-05T03:09:58","slug":"kx-p039-wholesale-plastic-handle-flatware-sets-exporter","status":"publish","type":"product","link":"https:\/\/www.gdkaixuan.com\/tr\/urun\/kx-p039-wholesale-plastic-handle-flatware-sets-exporter\/","title":{"rendered":"KX-P039 toptan plastik sapl\u0131 sofra tak\u0131m\u0131 setleri ihracat\u00e7\u0131s\u0131"},"content":{"rendered":"<p><img fetchpriority=\"high\" decoding=\"async\" class=\"aligncenter size-full wp-image-1036\" src=\"http:\/\/demo.gdjiexun.cn\/wp-content\/uploads\/2023\/04\/Kaixuan-cutlery-KX-P039-3.jpg\" alt=\"\" width=\"700\" height=\"700\" srcset=\"https:\/\/www.gdkaixuan.com\/wp-content\/uploads\/2023\/04\/Kaixuan-cutlery-KX-P039-3.jpg 700w, https:\/\/www.gdkaixuan.com\/wp-content\/uploads\/2023\/04\/Kaixuan-cutlery-KX-P039-3-600x600.jpg 600w, https:\/\/www.gdkaixuan.com\/wp-content\/uploads\/2023\/04\/Kaixuan-cutlery-KX-P039-3-100x100.jpg 100w, https:\/\/www.gdkaixuan.com\/wp-content\/uploads\/2023\/04\/Kaixuan-cutlery-KX-P039-3-500x500.jpg 500w\" sizes=\"(max-width: 700px) 100vw, 700px\" \/><\/p>\n<p><img decoding=\"async\" class=\"aligncenter size-full wp-image-1035\" src=\"http:\/\/demo.gdjiexun.cn\/wp-content\/uploads\/2023\/04\/Kaixuan-cutlery-KX-P039-2.jpg\" alt=\"\" width=\"700\" height=\"700\" srcset=\"https:\/\/www.gdkaixuan.com\/wp-content\/uploads\/2023\/04\/Kaixuan-cutlery-KX-P039-2.jpg 700w, https:\/\/www.gdkaixuan.com\/wp-content\/uploads\/2023\/04\/Kaixuan-cutlery-KX-P039-2-600x600.jpg 600w, https:\/\/www.gdkaixuan.com\/wp-content\/uploads\/2023\/04\/Kaixuan-cutlery-KX-P039-2-100x100.jpg 100w, https:\/\/www.gdkaixuan.com\/wp-content\/uploads\/2023\/04\/Kaixuan-cutlery-KX-P039-2-500x500.jpg 500w\" sizes=\"(max-width: 700px) 100vw, 700px\" \/><\/p>\n<p><img decoding=\"async\" class=\"aligncenter size-full wp-image-1034\" src=\"http:\/\/demo.gdjiexun.cn\/wp-content\/uploads\/2023\/04\/Kaixuan-cutlery-KX-P039-1.jpg\" alt=\"\" width=\"700\" height=\"700\" srcset=\"https:\/\/www.gdkaixuan.com\/wp-content\/uploads\/2023\/04\/Kaixuan-cutlery-KX-P039-1.jpg 700w, https:\/\/www.gdkaixuan.com\/wp-content\/uploads\/2023\/04\/Kaixuan-cutlery-KX-P039-1-600x600.jpg 600w, https:\/\/www.gdkaixuan.com\/wp-content\/uploads\/2023\/04\/Kaixuan-cutlery-KX-P039-1-100x100.jpg 100w, https:\/\/www.gdkaixuan.com\/wp-content\/uploads\/2023\/04\/Kaixuan-cutlery-KX-P039-1-500x500.jpg 500w\" sizes=\"(max-width: 700px) 100vw, 700px\" \/><\/p>\n<p>&nbsp;<\/p>\n<h5 style=\"color: #0f4087;\">\u25b8 \u00dcR\u00dcN PARAMETRELERI<\/h5>\n<table style=\"height: 107px; width: 100%; border-collapse: collapse; border-style: solid; border-color: #dddddd;\" border=\"1\">\n<tbody>\n<tr style=\"height: 24px;\">\n<td style=\"width: 17.1956%; height: 24px; border: 1px solid #dddddd; background-color: #f2f2f2;\">\u00dcr\u00fcn No:<\/td>\n<td style=\"width: 16.6707%; height: 24px; border: 1px solid #dddddd; background-color: #f2f2f2;\">\u0130sim<\/td>\n<td style=\"width: 15.654%; height: 24px; border: 1px solid #dddddd; background-color: #f2f2f2;\">Uzunluk (mm)<\/td>\n<td style=\"width: 16.8075%; height: 24px; border: 1px solid #dddddd; background-color: #f2f2f2;\">Geni\u015flik (mm)<\/td>\n<td style=\"width: 16.5862%; border: 1px solid #dddddd; background-color: #f2f2f2; height: 24px;\">Kal\u0131nl\u0131k (mm)<\/td>\n<td style=\"width: 17.086%; height: 24px; border: 1px solid #dddddd; background-color: #f2f2f2;\">A\u011f\u0131rl\u0131k (g)<\/td>\n<\/tr>\n<tr style=\"height: 24px;\">\n<td style=\"width: 17.1956%; height: 83px; border: 1px solid #dddddd; vertical-align: middle;\" rowspan=\"4\">KX-P039<\/td>\n<td style=\"width: 16.6707%; height: 25px; border: 1px solid #dddddd;\">Masa b\u0131\u00e7a\u011f\u0131<\/td>\n<td style=\"width: 15.654%; height: 25px; border: 1px solid #dddddd;\">222<\/td>\n<td style=\"width: 16.8075%; height: 25px; border: 1px solid #dddddd;\">18<\/td>\n<td style=\"width: 16.5862%; border: 1px solid #dddddd; height: 25px;\">1.5<\/td>\n<td style=\"width: 17.086%; height: 25px; border: 1px solid #dddddd;\">32.8<\/td>\n<\/tr>\n<tr style=\"height: 24px;\">\n<td style=\"width: 16.6707%; height: 23px; border: 1px solid #dddddd;\">Masa \u00e7atal\u0131<\/td>\n<td style=\"width: 15.654%; height: 23px; border: 1px solid #dddddd;\">200<\/td>\n<td style=\"width: 16.8075%; height: 23px; border: 1px solid #dddddd;\">25<\/td>\n<td style=\"width: 16.5862%; border: 1px solid #dddddd; height: 23px;\">1.5<\/td>\n<td style=\"width: 17.086%; height: 23px; border: 1px solid #dddddd;\">27.3<\/td>\n<\/tr>\n<tr style=\"height: 24px;\">\n<td style=\"width: 16.6707%; height: 25px; border: 1px solid #dddddd;\">Masa ka\u015f\u0131\u011f\u0131<\/td>\n<td style=\"width: 15.654%; height: 25px; border: 1px solid #dddddd;\">200<\/td>\n<td style=\"width: 16.8075%; height: 25px; border: 1px solid #dddddd;\">41<\/td>\n<td style=\"width: 16.5862%; border: 1px solid #dddddd; height: 25px;\">1.5<\/td>\n<td style=\"width: 17.086%; height: 25px; border: 1px solid #dddddd;\">39.4<\/td>\n<\/tr>\n<tr style=\"height: 41px;\">\n<td style=\"width: 16.6707%; border: 1px solid #dddddd; height: 10px;\">\u00c7ay ka\u015f\u0131\u011f\u0131<\/td>\n<td style=\"width: 15.654%; border: 1px solid #dddddd; height: 10px;\">174<\/td>\n<td style=\"width: 16.8075%; border: 1px solid #dddddd; height: 10px;\">33<\/td>\n<td style=\"width: 16.5862%; border: 1px solid #dddddd; height: 10px;\">1.5<\/td>\n<td style=\"width: 17.086%; border: 1px solid #dddddd; height: 10px;\">29.4<\/td>\n<\/tr>\n<\/tbody>\n<\/table>\n<p>&nbsp;<\/p>","protected":false},"excerpt":{"rendered":"<p>&nbsp; \u00dcR\u00dcN PARAMETRELER\u0130 \u00dcr\u00fcn No: Ad\u0131 Uzunluk (mm) Geni\u015flik (mm) Kal\u0131nl\u0131k (mm) A\u011f\u0131rl\u0131k (g) KX-P039 Masa b\u0131\u00e7a\u011f\u0131 222 18 1,5 32,8 Masa \u00e7atal\u0131 200 25 1,5 27,3 Masa ka\u015f\u0131\u011f\u0131 200 41 1,5 39,4 \u00c7ay ka\u015f\u0131\u011f\u0131 174 33 1,5 29,4 &nbsp;<\/p>","protected":false},"featured_media":1036,"template":"","meta":{"_seopress_robots_primary_cat":"none","_seopress_titles_title":"","_seopress_titles_desc":"","_seopress_robots_index":""},"product_cat":[18],"product_tag":[],"_links":{"self":[{"href":"https:\/\/www.gdkaixuan.com\/tr\/wp-json\/wp\/v2\/product\/1033"}],"collection":[{"href":"https:\/\/www.gdkaixuan.com\/tr\/wp-json\/wp\/v2\/product"}],"about":[{"href":"https:\/\/www.gdkaixuan.com\/tr\/wp-json\/wp\/v2\/types\/product"}],"wp:featuredmedia":[{"embeddable":true,"href":"https:\/\/www.gdkaixuan.com\/tr\/wp-json\/wp\/v2\/media\/1036"}],"wp:attachment":[{"href":"https:\/\/www.gdkaixuan.com\/tr\/wp-json\/wp\/v2\/media?parent=1033"}],"wp:term":[{"taxonomy":"product_cat","embeddable":true,"href":"https:\/\/www.gdkaixuan.com\/tr\/wp-json\/wp\/v2\/product_cat?post=1033"},{"taxonomy":"product_tag","embeddable":true,"href":"https:\/\/www.gdkaixuan.com\/tr\/wp-json\/wp\/v2\/product_tag?post=1033"}],"curies":[{"name":"wp","href":"https:\/\/api.w.org\/{rel}","templated":true}]}}