{"id":69,"date":"2023-04-04T07:24:08","date_gmt":"2023-04-04T07:24:08","guid":{"rendered":"https:\/\/demo.gdjiexun.cn\/?page_id=69"},"modified":"2023-06-01T02:47:52","modified_gmt":"2023-06-01T02:47:52","slug":"customization","status":"publish","type":"page","link":"https:\/\/www.gdkaixuan.com\/tr\/ozellesti%cc%87rme\/","title":{"rendered":"\u00d6zelle\u015ftirme"},"content":{"rendered":"<div data-elementor-type=\"wp-page\" data-elementor-id=\"69\" class=\"elementor elementor-69\" data-elementor-post-type=\"page\">\n\t\t\t\t<div class=\"elementor-element elementor-element-c925c0b e-flex e-con-boxed e-con e-parent\" data-id=\"c925c0b\" data-element_type=\"container\" data-settings=\"{&quot;background_background&quot;:&quot;classic&quot;}\">\n\t\t\t\t\t<div class=\"e-con-inner\">\n\t\t\t\t<div class=\"elementor-element elementor-element-e2c2612 elementor-widget elementor-widget-heading\" data-id=\"e2c2612\" data-element_type=\"widget\" data-widget_type=\"heading.default\">\n\t\t\t\t<div class=\"elementor-widget-container\">\n\t\t\t\t\t<h1 class=\"elementor-heading-title elementor-size-default\">\u00d6ZELLE\u015eT\u0130RME<\/h1>\t\t\t\t<\/div>\n\t\t\t\t<\/div>\n\t\t\t\t<div class=\"elementor-element elementor-element-20e6eba elementor-widget elementor-widget-sp-breadcrumbs\" data-id=\"20e6eba\" data-element_type=\"widget\" data-widget_type=\"sp-breadcrumbs.default\">\n\t\t\t\t<div class=\"elementor-widget-container\">\n\t\t\t\t\t<nav  aria-label=\"ekmek k\u0131r\u0131nt\u0131s\u0131\"><ol class=\"breadcrumb\" itemscope itemtype=\"https:\/\/schema.org\/BreadcrumbList\"><li class=\"breadcrumb-item active\" aria-current=\"page\" itemprop=\"itemListElement\" itemscope itemtype=\"https:\/\/schema.org\/ListItem\"><span itemprop=\"name\">Ev<\/span><meta itemprop=\"position\" content=\"1\"><\/li><\/ol><\/nav>\t\t\t\t<\/div>\n\t\t\t\t<\/div>\n\t\t\t\t\t<\/div>\n\t\t\t\t<\/div>\n\t\t<div class=\"elementor-element elementor-element-ce8c9dc e-flex e-con-boxed e-con e-parent\" data-id=\"ce8c9dc\" data-element_type=\"container\">\n\t\t\t\t\t<div class=\"e-con-inner\">\n\t\t\t\t<div class=\"elementor-element elementor-element-05c2ac5 elementor-widget elementor-widget-heading\" data-id=\"05c2ac5\" data-element_type=\"widget\" data-widget_type=\"heading.default\">\n\t\t\t\t<div class=\"elementor-widget-container\">\n\t\t\t\t\t<h1 class=\"elementor-heading-title elementor-size-default\">NEDEN B\u0130Z\u0130 SE\u00c7T\u0130N\u0130Z<\/h1>\t\t\t\t<\/div>\n\t\t\t\t<\/div>\n\t\t\t\t<div class=\"elementor-element elementor-element-ecf8707 elementor-widget elementor-widget-text-editor\" data-id=\"ecf8707\" data-element_type=\"widget\" data-widget_type=\"text-editor.default\">\n\t\t\t\t<div class=\"elementor-widget-container\">\n\t\t\t\t\t\t\t\t\t<p>Temel i\u015fimiz olan OEM \/ ODM ve \u00f6zel \u00e7atal b\u0131\u00e7ak tak\u0131m\u0131 hizmeti veriyoruz. ihtiya\u00e7lar\u0131n\u0131za g\u00f6re \u015fekil, logo, malzeme, s\u00fcre\u00e7 \u00f6zelle\u015ftirebilirsiniz.<\/p>\t\t\t\t\t\t\t\t<\/div>\n\t\t\t\t<\/div>\n\t\t\t\t\t<\/div>\n\t\t\t\t<\/div>\n\t\t<div class=\"elementor-element elementor-element-6b2fa3e e-flex e-con-boxed e-con e-parent\" data-id=\"6b2fa3e\" data-element_type=\"container\">\n\t\t\t\t\t<div class=\"e-con-inner\">\n\t\t<div class=\"elementor-element elementor-element-daef79f e-con-full e-flex e-con e-parent\" data-id=\"daef79f\" data-element_type=\"container\">\n\t\t<div class=\"elementor-element elementor-element-b83a779 e-con-full e-flex e-con e-parent\" data-id=\"b83a779\" data-element_type=\"container\">\n\t\t\t\t<div class=\"elementor-element elementor-element-71b640e elementor-position-top elementor-widget elementor-widget-image-box\" data-id=\"71b640e\" data-element_type=\"widget\" data-widget_type=\"image-box.default\">\n\t\t\t\t<div class=\"elementor-widget-container\">\n\t\t\t\t\t<div class=\"elementor-image-box-wrapper\"><figure class=\"elementor-image-box-img\"><img decoding=\"async\" width=\"123\" height=\"97\" src=\"https:\/\/www.gdkaixuan.com\/wp-content\/uploads\/2023\/04\/Kaixuan-flatware-icon11.png\" class=\"attachment-full size-full wp-image-315\" alt=\"Kaixuan sofra tak\u0131m\u0131 simgesi11\" \/><\/figure><div class=\"elementor-image-box-content\"><h3 class=\"elementor-image-box-title\">\u00dcr\u00fcn \u00c7e\u015fitlili\u011fi<\/h3><p class=\"elementor-image-box-description\">\u00c7atal-b\u0131\u00e7ak tak\u0131m\u0131 ve mutfak e\u015fyalar\u0131 alan\u0131nda sundu\u011fumuz \u00fcr\u00fcn yelpazesi, en son \u00e7\u0131kan onlarca \u00fcr\u00fcn\u00fc g\u00fcncellemektedir.<\/p><\/div><\/div>\t\t\t\t<\/div>\n\t\t\t\t<\/div>\n\t\t\t\t<\/div>\n\t\t<div class=\"elementor-element elementor-element-bce4e1e e-con-full e-flex e-con e-parent\" data-id=\"bce4e1e\" data-element_type=\"container\">\n\t\t\t\t<div class=\"elementor-element elementor-element-b3e4cf8 elementor-position-top elementor-widget elementor-widget-image-box\" data-id=\"b3e4cf8\" data-element_type=\"widget\" data-widget_type=\"image-box.default\">\n\t\t\t\t<div class=\"elementor-widget-container\">\n\t\t\t\t\t<div class=\"elementor-image-box-wrapper\"><figure class=\"elementor-image-box-img\"><img decoding=\"async\" width=\"123\" height=\"97\" src=\"https:\/\/www.gdkaixuan.com\/wp-content\/uploads\/2023\/04\/Kaixuan-flatware-icon22.png\" class=\"attachment-full size-full wp-image-316\" alt=\"Kaixuan sofra tak\u0131m\u0131 simgesi22\" \/><\/figure><div class=\"elementor-image-box-content\"><h3 class=\"elementor-image-box-title\">Y\u00fcksek Kalite<\/h3><p class=\"elementor-image-box-description\">Kaixuan, lezzet, fiyat ve teslimat-m\u00fc\u015fteri odakl\u0131 kalite gereksinimlerinizi kar\u015f\u0131lamak i\u00e7in \u00e7aba g\u00f6sterecektir.<\/p><\/div><\/div>\t\t\t\t<\/div>\n\t\t\t\t<\/div>\n\t\t\t\t<\/div>\n\t\t\t\t<\/div>\n\t\t<div class=\"elementor-element elementor-element-cb4bfe0 e-con-full e-flex e-con e-parent\" data-id=\"cb4bfe0\" data-element_type=\"container\">\n\t\t<div class=\"elementor-element elementor-element-4e00353 e-con-full e-flex e-con e-parent\" data-id=\"4e00353\" data-element_type=\"container\">\n\t\t\t\t<div class=\"elementor-element elementor-element-27f6af0 elementor-position-top elementor-widget elementor-widget-image-box\" data-id=\"27f6af0\" data-element_type=\"widget\" data-widget_type=\"image-box.default\">\n\t\t\t\t<div class=\"elementor-widget-container\">\n\t\t\t\t\t<div class=\"elementor-image-box-wrapper\"><figure class=\"elementor-image-box-img\"><img decoding=\"async\" width=\"123\" height=\"97\" src=\"https:\/\/www.gdkaixuan.com\/wp-content\/uploads\/2023\/04\/Kaixuan-flatware-icon33.png\" class=\"attachment-full size-full wp-image-317\" alt=\"Kaixuan sofra tak\u0131m\u0131 simgesi33\" \/><\/figure><div class=\"elementor-image-box-content\"><h3 class=\"elementor-image-box-title\">Rekabet\u00e7i Fiyat<\/h3><p class=\"elementor-image-box-description\">Geli\u015fmi\u015f \u00fcretim ve tedarik zinciri \u00e7\u00f6z\u00fcmleri. Size her zaman rekabet\u00e7i fiyatlarla kaliteli bir \u00fcr\u00fcn tedarik edebiliriz.<\/p><\/div><\/div>\t\t\t\t<\/div>\n\t\t\t\t<\/div>\n\t\t\t\t<\/div>\n\t\t<div class=\"elementor-element elementor-element-78dd10d e-con-full e-flex e-con e-parent\" data-id=\"78dd10d\" data-element_type=\"container\">\n\t\t\t\t<div class=\"elementor-element elementor-element-3d5892e elementor-position-top elementor-widget elementor-widget-image-box\" data-id=\"3d5892e\" data-element_type=\"widget\" data-widget_type=\"image-box.default\">\n\t\t\t\t<div class=\"elementor-widget-container\">\n\t\t\t\t\t<div class=\"elementor-image-box-wrapper\"><figure class=\"elementor-image-box-img\"><img loading=\"lazy\" decoding=\"async\" width=\"123\" height=\"97\" src=\"https:\/\/www.gdkaixuan.com\/wp-content\/uploads\/2023\/04\/Kaixuan-flatware-icon44.png\" class=\"attachment-full size-full wp-image-318\" alt=\"Kaixuan sofra tak\u0131m\u0131 simgesi44\" \/><\/figure><div class=\"elementor-image-box-content\"><h3 class=\"elementor-image-box-title\">Zengin Deneyim<\/h3><p class=\"elementor-image-box-description\">Ge\u00e7ti\u011fimiz 10 y\u0131l boyunca d\u00fcnyan\u0131n d\u00f6rt bir yan\u0131ndaki prestijli m\u00fc\u015fterilere ba\u015far\u0131yla hizmet verdik.<\/p><\/div><\/div>\t\t\t\t<\/div>\n\t\t\t\t<\/div>\n\t\t\t\t<\/div>\n\t\t\t\t<\/div>\n\t\t\t\t\t<\/div>\n\t\t\t\t<\/div>\n\t\t<div class=\"elementor-element elementor-element-0d1119a e-con-full e-flex e-con e-parent\" data-id=\"0d1119a\" data-element_type=\"container\">\n\t\t<div class=\"elementor-element elementor-element-8a7d074 e-con-full e-flex e-con e-parent\" data-id=\"8a7d074\" data-element_type=\"container\" data-settings=\"{&quot;background_background&quot;:&quot;classic&quot;}\">\n\t\t\t\t<\/div>\n\t\t<div class=\"elementor-element elementor-element-32fc256 e-con-full e-flex e-con e-parent\" data-id=\"32fc256\" data-element_type=\"container\" data-settings=\"{&quot;background_background&quot;:&quot;classic&quot;}\">\n\t\t\t\t<div class=\"elementor-element elementor-element-d3f016f elementor-widget elementor-widget-heading\" data-id=\"d3f016f\" data-element_type=\"widget\" data-widget_type=\"heading.default\">\n\t\t\t\t<div class=\"elementor-widget-container\">\n\t\t\t\t\t<h1 class=\"elementor-heading-title elementor-size-default\">\u00d6ZELLE\u015eTI\u0307RMEMI\u0307Z<\/h1>\t\t\t\t<\/div>\n\t\t\t\t<\/div>\n\t\t\t\t<div class=\"elementor-element elementor-element-351fd68 elementor-widget elementor-widget-heading\" data-id=\"351fd68\" data-element_type=\"widget\" data-widget_type=\"heading.default\">\n\t\t\t\t<div class=\"elementor-widget-container\">\n\t\t\t\t\t<h1 class=\"elementor-heading-title elementor-size-default\">PROFESYONEL VE VERIMLI<\/h1>\t\t\t\t<\/div>\n\t\t\t\t<\/div>\n\t\t\t\t<div class=\"elementor-element elementor-element-33a5ec8 elementor-widget elementor-widget-text-editor\" data-id=\"33a5ec8\" data-element_type=\"widget\" data-widget_type=\"text-editor.default\">\n\t\t\t\t<div class=\"elementor-widget-container\">\n\t\t\t\t\t\t\t\t\t<p>M\u00fc\u015fterilerin aralar\u0131ndan se\u00e7im yapabilece\u011fi \u00e7e\u015fitli stil ve boyutlar vard\u0131r. Paslanmaz \u00e7elikten sundu\u011fumuz \u00fcr\u00fcn yelpazesi, mevcut stil ve tasar\u0131mlardan veya spesifikasyonlar\u0131n\u0131za g\u00f6re \u00f6zel tasar\u0131mlar olu\u015fturarak olabilir. Spesifikasyonlar\u0131n\u0131z\u0131 kar\u015f\u0131lamak i\u00e7in formu, logoyu, malzemeyi ve y\u00f6ntemi de\u011fi\u015ftirebiliriz.<\/p>\t\t\t\t\t\t\t\t<\/div>\n\t\t\t\t<\/div>\n\t\t\t\t<div class=\"elementor-element elementor-element-7b727c2 elementor-list-item-link-full_width elementor-widget elementor-widget-icon-list\" data-id=\"7b727c2\" data-element_type=\"widget\" data-widget_type=\"icon-list.default\">\n\t\t\t\t<div class=\"elementor-widget-container\">\n\t\t\t\t\t\t\t<ul class=\"elementor-icon-list-items\">\n\t\t\t\t\t\t\t<li class=\"elementor-icon-list-item\">\n\t\t\t\t\t\t\t\t\t\t\t<span class=\"elementor-icon-list-icon\">\n\t\t\t\t\t\t\t<i aria-hidden=\"true\" class=\"fas fa-check-circle\"><\/i>\t\t\t\t\t\t<\/span>\n\t\t\t\t\t\t\t\t\t\t<span class=\"elementor-icon-list-text\">Sat\u0131c\u0131m\u0131zla ileti\u015fime ge\u00e7in ve ihtiya\u00e7lar\u0131n\u0131z\u0131 bize bildirin.<\/span>\n\t\t\t\t\t\t\t\t\t<\/li>\n\t\t\t\t\t\t\t\t<li class=\"elementor-icon-list-item\">\n\t\t\t\t\t\t\t\t\t\t\t<span class=\"elementor-icon-list-icon\">\n\t\t\t\t\t\t\t<i aria-hidden=\"true\" class=\"fas fa-check-circle\"><\/i>\t\t\t\t\t\t<\/span>\n\t\t\t\t\t\t\t\t\t\t<span class=\"elementor-icon-list-text\">\u00dcr\u00fcn malzemelerimiz uluslararas\u0131 standartlara uygundur.<\/span>\n\t\t\t\t\t\t\t\t\t<\/li>\n\t\t\t\t\t\t\t\t<li class=\"elementor-icon-list-item\">\n\t\t\t\t\t\t\t\t\t\t\t<span class=\"elementor-icon-list-icon\">\n\t\t\t\t\t\t\t<i aria-hidden=\"true\" class=\"fas fa-check-circle\"><\/i>\t\t\t\t\t\t<\/span>\n\t\t\t\t\t\t\t\t\t\t<span class=\"elementor-icon-list-text\">Profesyonel bir tasar\u0131m ekibi arac\u0131l\u0131\u011f\u0131yla \u00f6zelle\u015ftirilmi\u015f ihtiya\u00e7lar\u0131n\u0131z\u0131 kar\u015f\u0131l\u0131yoruz.<\/span>\n\t\t\t\t\t\t\t\t\t<\/li>\n\t\t\t\t\t\t\t\t<li class=\"elementor-icon-list-item\">\n\t\t\t\t\t\t\t\t\t\t\t<span class=\"elementor-icon-list-icon\">\n\t\t\t\t\t\t\t<i aria-hidden=\"true\" class=\"fas fa-check-circle\"><\/i>\t\t\t\t\t\t<\/span>\n\t\t\t\t\t\t\t\t\t\t<span class=\"elementor-icon-list-text\">\u00dcr\u00fcn kalitesini sa\u011flamak i\u00e7in \u00fc\u00e7 a\u015famal\u0131 kalite kontrol ger\u00e7ekle\u015ftiriyoruz.<\/span>\n\t\t\t\t\t\t\t\t\t<\/li>\n\t\t\t\t\t\t<\/ul>\n\t\t\t\t\t\t<\/div>\n\t\t\t\t<\/div>\n\t\t\t\t<\/div>\n\t\t\t\t<\/div>\n\t\t<div class=\"elementor-element elementor-element-a7c9d74 e-con-full e-flex e-con e-parent\" data-id=\"a7c9d74\" data-element_type=\"container\">\n\t\t<div class=\"elementor-element elementor-element-9ee9a88 e-con-full e-flex e-con e-parent\" data-id=\"9ee9a88\" data-element_type=\"container\" data-settings=\"{&quot;background_background&quot;:&quot;classic&quot;}\">\n\t\t\t\t<div class=\"elementor-element elementor-element-9200bc0 elementor-widget elementor-widget-image\" data-id=\"9200bc0\" data-element_type=\"widget\" data-widget_type=\"image.default\">\n\t\t\t\t<div class=\"elementor-widget-container\">\n\t\t\t\t\t\t\t\t\t\t\t\t\t\t\t<img loading=\"lazy\" decoding=\"async\" width=\"662\" height=\"545\" src=\"https:\/\/www.gdkaixuan.com\/wp-content\/uploads\/2023\/04\/kaixuan-cutlery-flatware.webp\" class=\"attachment-full size-full wp-image-321\" alt=\"kaixuan \u00e7atal b\u0131\u00e7ak tak\u0131m\u0131 sofra tak\u0131m\u0131\" srcset=\"https:\/\/www.gdkaixuan.com\/wp-content\/uploads\/2023\/04\/kaixuan-cutlery-flatware.webp 662w, https:\/\/www.gdkaixuan.com\/wp-content\/uploads\/2023\/04\/kaixuan-cutlery-flatware-600x494.webp 600w, https:\/\/www.gdkaixuan.com\/wp-content\/uploads\/2023\/04\/kaixuan-cutlery-flatware-300x247.webp 300w\" sizes=\"(max-width: 662px) 100vw, 662px\" \/>\t\t\t\t\t\t\t\t\t\t\t\t\t\t\t<\/div>\n\t\t\t\t<\/div>\n\t\t\t\t<\/div>\n\t\t<div class=\"elementor-element elementor-element-0d9d786 e-con-full e-flex e-con e-parent\" data-id=\"0d9d786\" data-element_type=\"container\">\n\t\t\t\t<div class=\"elementor-element elementor-element-e7b3b30 elementor-widget elementor-widget-heading\" data-id=\"e7b3b30\" data-element_type=\"widget\" data-widget_type=\"heading.default\">\n\t\t\t\t<div class=\"elementor-widget-container\">\n\t\t\t\t\t<h1 class=\"elementor-heading-title elementor-size-default\">\u00dccretsiz \u00d6rnekler<\/h1>\t\t\t\t<\/div>\n\t\t\t\t<\/div>\n\t\t\t\t<div class=\"elementor-element elementor-element-a7f0f04 elementor-list-item-link-full_width elementor-widget elementor-widget-icon-list\" data-id=\"a7f0f04\" data-element_type=\"widget\" data-widget_type=\"icon-list.default\">\n\t\t\t\t<div class=\"elementor-widget-container\">\n\t\t\t\t\t\t\t<ul class=\"elementor-icon-list-items\">\n\t\t\t\t\t\t\t<li class=\"elementor-icon-list-item\">\n\t\t\t\t\t\t\t\t\t\t\t<span class=\"elementor-icon-list-icon\">\n\t\t\t\t\t\t\t<i aria-hidden=\"true\" class=\"fas fa-check-circle\"><\/i>\t\t\t\t\t\t<\/span>\n\t\t\t\t\t\t\t\t\t\t<span class=\"elementor-icon-list-text\">Kaixuan Cutlery, m\u00fc\u015fterilerine kalite testleri veya ba\u015fka herhangi bir i\u015f amac\u0131 i\u00e7in numuneler sunabilir.<\/span>\n\t\t\t\t\t\t\t\t\t<\/li>\n\t\t\t\t\t\t\t\t<li class=\"elementor-icon-list-item\">\n\t\t\t\t\t\t\t\t\t\t\t<span class=\"elementor-icon-list-icon\">\n\t\t\t\t\t\t\t<i aria-hidden=\"true\" class=\"fas fa-check-circle\"><\/i>\t\t\t\t\t\t<\/span>\n\t\t\t\t\t\t\t\t\t\t<span class=\"elementor-icon-list-text\">Numune mevcut bir paslanmaz \u00e7elik \u00e7atal b\u0131\u00e7ak tak\u0131m\u0131 \u00fcr\u00fcn\u00fcyse, iki g\u00fcn i\u00e7inde g\u00f6nderilmesini ayarlayabiliriz. \u00d6zel numunelere ihtiyac\u0131n\u0131z varsa l\u00fctfen sat\u0131\u015f temsilcimizle ileti\u015fime ge\u00e7in.<\/span>\n\t\t\t\t\t\t\t\t\t<\/li>\n\t\t\t\t\t\t\t\t<li class=\"elementor-icon-list-item\">\n\t\t\t\t\t\t\t\t\t\t\t<span class=\"elementor-icon-list-icon\">\n\t\t\t\t\t\t\t<i aria-hidden=\"true\" class=\"fas fa-check-circle\"><\/i>\t\t\t\t\t\t<\/span>\n\t\t\t\t\t\t\t\t\t\t<span class=\"elementor-icon-list-text\">E-posta adresinizi veya di\u011fer ileti\u015fim bilgilerinizi bize b\u0131rakman\u0131z yeterlidir; sat\u0131\u015f temsilcilerimizden biri sizinle ileti\u015fime ge\u00e7ecek ve m\u00fcmk\u00fcn olan en k\u0131sa s\u00fcrede profesyonel bir yan\u0131t verecektir.<\/span>\n\t\t\t\t\t\t\t\t\t<\/li>\n\t\t\t\t\t\t<\/ul>\n\t\t\t\t\t\t<\/div>\n\t\t\t\t<\/div>\n\t\t\t\t<\/div>\n\t\t\t\t<\/div>\n\t\t<div class=\"elementor-element elementor-element-616690c e-flex e-con-boxed e-con e-parent\" data-id=\"616690c\" data-element_type=\"container\">\n\t\t\t\t\t<div class=\"e-con-inner\">\n\t\t\t\t<div class=\"elementor-element elementor-element-0571a08 elementor-widget elementor-widget-heading\" data-id=\"0571a08\" data-element_type=\"widget\" data-widget_type=\"heading.default\">\n\t\t\t\t<div class=\"elementor-widget-container\">\n\t\t\t\t\t<h1 class=\"elementor-heading-title elementor-size-default\">\u00dcretim S\u00fcreci<\/h1>\t\t\t\t<\/div>\n\t\t\t\t<\/div>\n\t\t\t\t<div class=\"elementor-element elementor-element-6235f8c elementor-widget elementor-widget-text-editor\" data-id=\"6235f8c\" data-element_type=\"widget\" data-widget_type=\"text-editor.default\">\n\t\t\t\t<div class=\"elementor-widget-container\">\n\t\t\t\t\t\t\t\t\t<p>Her ba\u011flant\u0131y\u0131 kavray\u0131n ve d\u00fcnyay\u0131 kalite ile kurun. \u0130\u015fte bilgi i\u00e7in paslanmaz \u00e7elik sofra tak\u0131m\u0131 \u00fcretim s\u00fcrecimiz, bu m\u00fc\u015fterilerin fabrika ve \u00fcr\u00fcnler hakk\u0131nda daha iyi bilgi sahibi olmalar\u0131na yard\u0131mc\u0131 olacakt\u0131r.<\/p>\t\t\t\t\t\t\t\t<\/div>\n\t\t\t\t<\/div>\n\t\t\t\t<div class=\"elementor-element elementor-element-cafc85d elementor-arrows-position-outside elementor-pagination-position-outside elementor-widget elementor-widget-image-carousel\" data-id=\"cafc85d\" data-element_type=\"widget\" data-settings=\"{&quot;slides_to_show&quot;:&quot;2&quot;,&quot;slides_to_show_tablet&quot;:&quot;1&quot;,&quot;slides_to_show_mobile&quot;:&quot;1&quot;,&quot;autoplay_speed&quot;:3000,&quot;image_spacing_custom&quot;:{&quot;unit&quot;:&quot;px&quot;,&quot;size&quot;:30,&quot;sizes&quot;:[]},&quot;navigation&quot;:&quot;both&quot;,&quot;autoplay&quot;:&quot;yes&quot;,&quot;pause_on_hover&quot;:&quot;yes&quot;,&quot;pause_on_interaction&quot;:&quot;yes&quot;,&quot;infinite&quot;:&quot;yes&quot;,&quot;speed&quot;:500}\" data-widget_type=\"image-carousel.default\">\n\t\t\t\t<div class=\"elementor-widget-container\">\n\t\t\t\t\t\t\t<div class=\"elementor-image-carousel-wrapper swiper\" role=\"region\" aria-roledescription=\"carousel\" aria-label=\"Resim Karuseli\" dir=\"ltr\">\n\t\t\t<div class=\"elementor-image-carousel swiper-wrapper\" aria-live=\"off\">\n\t\t\t\t\t\t\t\t<div class=\"swiper-slide\" role=\"group\" aria-roledescription=\"slide\" aria-label=\"1 \/ 9\"><figure class=\"swiper-slide-inner\"><img decoding=\"async\" class=\"swiper-slide-image\" src=\"https:\/\/www.gdkaixuan.com\/wp-content\/uploads\/2023\/04\/kaixuan-cutlery-production-process1.webp\" alt=\"kaixuan \u00e7atal-b\u0131\u00e7ak \u00fcretim s\u00fcreci1\" \/><\/figure><\/div><div class=\"swiper-slide\" role=\"group\" aria-roledescription=\"slide\" aria-label=\"2 \/ 9\"><figure class=\"swiper-slide-inner\"><img decoding=\"async\" class=\"swiper-slide-image\" src=\"https:\/\/www.gdkaixuan.com\/wp-content\/uploads\/2023\/04\/kaixuan-cutlery-production-process2.webp\" alt=\"kaixuan \u00e7atal-b\u0131\u00e7ak \u00fcretim s\u00fcreci2\" \/><\/figure><\/div><div class=\"swiper-slide\" role=\"group\" aria-roledescription=\"slide\" aria-label=\"3 \/ 9\"><figure class=\"swiper-slide-inner\"><img decoding=\"async\" class=\"swiper-slide-image\" src=\"https:\/\/www.gdkaixuan.com\/wp-content\/uploads\/2023\/04\/kaixuan-cutlery-production-process3.webp\" alt=\"kaixuan \u00e7atal-b\u0131\u00e7ak \u00fcretim s\u00fcreci3\" \/><\/figure><\/div><div class=\"swiper-slide\" role=\"group\" aria-roledescription=\"slide\" aria-label=\"4\/9\"><figure class=\"swiper-slide-inner\"><img decoding=\"async\" class=\"swiper-slide-image\" src=\"https:\/\/www.gdkaixuan.com\/wp-content\/uploads\/2023\/04\/kaixuan-cutlery-production-process4.webp\" alt=\"kaixuan \u00e7atal-b\u0131\u00e7ak tak\u0131m\u0131 \u00fcretim s\u00fcreci4\" \/><\/figure><\/div><div class=\"swiper-slide\" role=\"group\" aria-roledescription=\"slide\" aria-label=\"5 \/ 9\"><figure class=\"swiper-slide-inner\"><img decoding=\"async\" class=\"swiper-slide-image\" src=\"https:\/\/www.gdkaixuan.com\/wp-content\/uploads\/2023\/04\/kaixuan-cutlery-production-process5.webp\" alt=\"kaixuan \u00e7atal-b\u0131\u00e7ak \u00fcretim s\u00fcreci5\" \/><\/figure><\/div><div class=\"swiper-slide\" role=\"group\" aria-roledescription=\"slide\" aria-label=\"6\/9\"><figure class=\"swiper-slide-inner\"><img decoding=\"async\" class=\"swiper-slide-image\" src=\"https:\/\/www.gdkaixuan.com\/wp-content\/uploads\/2023\/04\/kaixuan-cutlery-production-process6.webp\" alt=\"kaixuan \u00e7atal-b\u0131\u00e7ak \u00fcretim s\u00fcreci6\" \/><\/figure><\/div><div class=\"swiper-slide\" role=\"group\" aria-roledescription=\"slide\" aria-label=\"7\/9\"><figure class=\"swiper-slide-inner\"><img decoding=\"async\" class=\"swiper-slide-image\" src=\"https:\/\/www.gdkaixuan.com\/wp-content\/uploads\/2023\/04\/kaixuan-cutlery-production-process7.webp\" alt=\"kaixuan \u00e7atal-b\u0131\u00e7ak \u00fcretim s\u00fcreci7\" \/><\/figure><\/div><div class=\"swiper-slide\" role=\"group\" aria-roledescription=\"slide\" aria-label=\"8 \/ 9\"><figure class=\"swiper-slide-inner\"><img decoding=\"async\" class=\"swiper-slide-image\" src=\"https:\/\/www.gdkaixuan.com\/wp-content\/uploads\/2023\/04\/kaixuan-cutlery-production-process8.webp\" alt=\"kaixuan \u00e7atal-b\u0131\u00e7ak \u00fcretim s\u00fcreci8\" \/><\/figure><\/div><div class=\"swiper-slide\" role=\"group\" aria-roledescription=\"slide\" aria-label=\"9 \/ 9\"><figure class=\"swiper-slide-inner\"><img decoding=\"async\" class=\"swiper-slide-image\" src=\"https:\/\/www.gdkaixuan.com\/wp-content\/uploads\/2023\/04\/kaixuan-cutlery-production-process9.webp\" alt=\"kaixuan \u00e7atal-b\u0131\u00e7ak \u00fcretim s\u00fcreci9\" \/><\/figure><\/div>\t\t\t<\/div>\n\t\t\t\t\t\t\t\t\t\t\t\t<div class=\"elementor-swiper-button elementor-swiper-button-prev\" role=\"button\" tabindex=\"0\">\n\t\t\t\t\t\t<i aria-hidden=\"true\" class=\"fas fa-angle-double-left\"><\/i>\t\t\t\t\t<\/div>\n\t\t\t\t\t<div class=\"elementor-swiper-button elementor-swiper-button-next\" role=\"button\" tabindex=\"0\">\n\t\t\t\t\t\t<i aria-hidden=\"true\" class=\"fas fa-angle-double-right\"><\/i>\t\t\t\t\t<\/div>\n\t\t\t\t\n\t\t\t\t\t\t\t\t\t<div class=\"swiper-pagination\"><\/div>\n\t\t\t\t\t\t\t\t\t<\/div>\n\t\t\t\t\t\t<\/div>\n\t\t\t\t<\/div>\n\t\t\t\t\t<\/div>\n\t\t\t\t<\/div>\n\t\t\t\t<\/div>","protected":false},"excerpt":{"rendered":"<p>\u00d6ZELLE\u015eT\u0130RME Ana Sayfa NEDEN B\u0130Z\u0130 SE\u00c7\u0130N Temel i\u015fimiz olan OEM \/ ODM ve \u00f6zel \u00e7atal b\u0131\u00e7ak tak\u0131m\u0131 hizmeti veriyoruz. ihtiya\u00e7lar\u0131n\u0131za g\u00f6re \u015fekil, logo, malzeme, s\u00fcre\u00e7 \u00f6zelle\u015ftirebilirsiniz. \u00dcr\u00fcn \u00c7e\u015fitlili\u011fi \u00c7atal b\u0131\u00e7ak tak\u0131m\u0131 ve Mutfak E\u015fyalar\u0131 alan\u0131nda sundu\u011fumuz \u00fcr\u00fcn yelpazesi, d\u00fczinelerce en son s\u0131cak \u00fcr\u00fcn\u00fc g\u00fcncellemektedir. Y\u00fcksek Kalite Kaixuan sizin [...] yerine getirmek i\u00e7in \u00e7aba g\u00f6sterecektir<\/p>","protected":false},"author":2,"featured_media":0,"parent":0,"menu_order":0,"comment_status":"closed","ping_status":"closed","template":"","meta":{"_seopress_robots_primary_cat":"","_seopress_titles_title":"Custom stainless steel cutlery &amp; flatware sets - Kaixuan","_seopress_titles_desc":"Kaixuan provide OEM\/ODM and custom cutlery service, which is our core business. We can customize the shape, logo, material, process according to your requirements.","_seopress_robots_index":"","footnotes":""},"_links":{"self":[{"href":"https:\/\/www.gdkaixuan.com\/tr\/wp-json\/wp\/v2\/pages\/69"}],"collection":[{"href":"https:\/\/www.gdkaixuan.com\/tr\/wp-json\/wp\/v2\/pages"}],"about":[{"href":"https:\/\/www.gdkaixuan.com\/tr\/wp-json\/wp\/v2\/types\/page"}],"author":[{"embeddable":true,"href":"https:\/\/www.gdkaixuan.com\/tr\/wp-json\/wp\/v2\/users\/2"}],"replies":[{"embeddable":true,"href":"https:\/\/www.gdkaixuan.com\/tr\/wp-json\/wp\/v2\/comments?post=69"}],"version-history":[{"count":52,"href":"https:\/\/www.gdkaixuan.com\/tr\/wp-json\/wp\/v2\/pages\/69\/revisions"}],"predecessor-version":[{"id":1580,"href":"https:\/\/www.gdkaixuan.com\/tr\/wp-json\/wp\/v2\/pages\/69\/revisions\/1580"}],"wp:attachment":[{"href":"https:\/\/www.gdkaixuan.com\/tr\/wp-json\/wp\/v2\/media?parent=69"}],"curies":[{"name":"wp","href":"https:\/\/api.w.org\/{rel}","templated":true}]}}