{"id":67,"date":"2023-04-04T07:23:53","date_gmt":"2023-04-04T07:23:53","guid":{"rendered":"https:\/\/demo.gdjiexun.cn\/?page_id=67"},"modified":"2026-04-04T07:11:09","modified_gmt":"2026-04-04T07:11:09","slug":"contact","status":"publish","type":"page","link":"https:\/\/www.gdkaixuan.com\/tr\/iletisim\/","title":{"rendered":"\u0130leti\u015fim"},"content":{"rendered":"<div data-elementor-type=\"wp-page\" data-elementor-id=\"67\" class=\"elementor elementor-67\" data-elementor-post-type=\"page\">\n\t\t\t\t<div class=\"elementor-element elementor-element-12b76d1 e-flex e-con-boxed e-con e-parent\" data-id=\"12b76d1\" data-element_type=\"container\" data-settings=\"{&quot;background_background&quot;:&quot;classic&quot;}\">\n\t\t\t\t\t<div class=\"e-con-inner\">\n\t\t\t\t<div class=\"elementor-element elementor-element-6e13ce4 elementor-widget elementor-widget-heading\" data-id=\"6e13ce4\" data-element_type=\"widget\" data-widget_type=\"heading.default\">\n\t\t\t\t<div class=\"elementor-widget-container\">\n\t\t\t\t\t<h1 class=\"elementor-heading-title elementor-size-default\">\u0130LET\u0130\u015e\u0130M<\/h1>\t\t\t\t<\/div>\n\t\t\t\t<\/div>\n\t\t\t\t<div class=\"elementor-element elementor-element-1f613a5 elementor-widget elementor-widget-sp-breadcrumbs\" data-id=\"1f613a5\" data-element_type=\"widget\" data-widget_type=\"sp-breadcrumbs.default\">\n\t\t\t\t<div class=\"elementor-widget-container\">\n\t\t\t\t\t<nav  aria-label=\"ekmek k\u0131r\u0131nt\u0131s\u0131\"><ol class=\"breadcrumb\" itemscope itemtype=\"https:\/\/schema.org\/BreadcrumbList\"><li class=\"breadcrumb-item active\" aria-current=\"page\" itemprop=\"itemListElement\" itemscope itemtype=\"https:\/\/schema.org\/ListItem\"><span itemprop=\"name\">Ev<\/span><meta itemprop=\"position\" content=\"1\"><\/li><\/ol><\/nav>\t\t\t\t<\/div>\n\t\t\t\t<\/div>\n\t\t\t\t\t<\/div>\n\t\t\t\t<\/div>\n\t\t<div class=\"elementor-element elementor-element-f986e67 e-flex e-con-boxed e-con e-parent\" data-id=\"f986e67\" data-element_type=\"container\">\n\t\t\t\t\t<div class=\"e-con-inner\">\n\t\t<div class=\"elementor-element elementor-element-4e3f98b e-flex e-con-boxed e-con e-child\" data-id=\"4e3f98b\" data-element_type=\"container\">\n\t\t\t\t\t<div class=\"e-con-inner\">\n\t\t\t\t<div class=\"elementor-element elementor-element-a991dc1 elementor-widget elementor-widget-heading\" data-id=\"a991dc1\" data-element_type=\"widget\" data-widget_type=\"heading.default\">\n\t\t\t\t<div class=\"elementor-widget-container\">\n\t\t\t\t\t<h1 class=\"elementor-heading-title elementor-size-default\">Dan\u0131\u015fmaya Ho\u015f Geldiniz<\/h1>\t\t\t\t<\/div>\n\t\t\t\t<\/div>\n\t\t\t\t<div class=\"elementor-element elementor-element-e97e7a1 elementor-widget elementor-widget-text-editor\" data-id=\"e97e7a1\" data-element_type=\"widget\" data-widget_type=\"text-editor.default\">\n\t\t\t\t<div class=\"elementor-widget-container\">\n\t\t\t\t\t\t\t\t\t<p>OEM\/ODM \u00e7atal b\u0131\u00e7ak tak\u0131m\u0131 \u00fcretim hizmetini 10 y\u0131ld\u0131r vermekteyiz. \u0130htiya\u00e7lar\u0131n\u0131z ne olursa olsun, \u00f6nemli bilgi birikimimiz ve uzmanl\u0131\u011f\u0131m\u0131z tatmin edici bir sonu\u00e7 sa\u011flar. Siz de\u011ferli m\u00fc\u015fterilerimize y\u00fcksek kalite, memnun hizmet, uygun fiyat ve h\u0131zl\u0131 teslimat sunmak i\u00e7in her t\u00fcrl\u00fc \u00e7abay\u0131 g\u00f6steriyoruz.<\/p>\t\t\t\t\t\t\t\t<\/div>\n\t\t\t\t<\/div>\n\t\t\t\t\t<\/div>\n\t\t\t\t<\/div>\n\t\t\t\t\t<\/div>\n\t\t\t\t<\/div>\n\t\t<div class=\"elementor-element elementor-element-1d16163 e-flex e-con-boxed e-con e-parent\" data-id=\"1d16163\" data-element_type=\"container\">\n\t\t\t\t\t<div class=\"e-con-inner\">\n\t\t<div class=\"elementor-element elementor-element-9308b72 e-con-full e-flex e-con e-child\" data-id=\"9308b72\" data-element_type=\"container\">\n\t\t\t\t<div class=\"elementor-element elementor-element-db82108 elementor-widget elementor-widget-heading\" data-id=\"db82108\" data-element_type=\"widget\" data-widget_type=\"heading.default\">\n\t\t\t\t<div class=\"elementor-widget-container\">\n\t\t\t\t\t<h2 class=\"elementor-heading-title elementor-size-default\">Jieyang Kaixuan Paslanmaz \u00c7elik Industrial Co, Ltd.<\/h2>\t\t\t\t<\/div>\n\t\t\t\t<\/div>\n\t\t\t\t<div class=\"elementor-element elementor-element-a8a0899 elementor-icon-list--layout-traditional elementor-list-item-link-full_width elementor-widget elementor-widget-icon-list\" data-id=\"a8a0899\" data-element_type=\"widget\" data-widget_type=\"icon-list.default\">\n\t\t\t\t<div class=\"elementor-widget-container\">\n\t\t\t\t\t\t\t<ul class=\"elementor-icon-list-items\">\n\t\t\t\t\t\t\t<li class=\"elementor-icon-list-item\">\n\t\t\t\t\t\t\t\t\t\t\t<span class=\"elementor-icon-list-icon\">\n\t\t\t\t\t\t\t<i aria-hidden=\"true\" class=\"fas fa-phone-square\"><\/i>\t\t\t\t\t\t<\/span>\n\t\t\t\t\t\t\t\t\t\t<span class=\"elementor-icon-list-text\">+86-663-8899351<\/span>\n\t\t\t\t\t\t\t\t\t<\/li>\n\t\t\t\t\t\t\t\t<li class=\"elementor-icon-list-item\">\n\t\t\t\t\t\t\t\t\t\t\t<span class=\"elementor-icon-list-icon\">\n\t\t\t\t\t\t\t<i aria-hidden=\"true\" class=\"fas fa-envelope-open\"><\/i>\t\t\t\t\t\t<\/span>\n\t\t\t\t\t\t\t\t\t\t<span class=\"elementor-icon-list-text\">sales@gdkaixuan.com<\/span>\n\t\t\t\t\t\t\t\t\t<\/li>\n\t\t\t\t\t\t\t\t<li class=\"elementor-icon-list-item\">\n\t\t\t\t\t\t\t\t\t\t\t<span class=\"elementor-icon-list-icon\">\n\t\t\t\t\t\t\t<i aria-hidden=\"true\" class=\"fas fa-mobile-alt\"><\/i>\t\t\t\t\t\t<\/span>\n\t\t\t\t\t\t\t\t\t\t<span class=\"elementor-icon-list-text\">+86-13925626115 (Wechat\/whatsapp)<\/span>\n\t\t\t\t\t\t\t\t\t<\/li>\n\t\t\t\t\t\t\t\t<li class=\"elementor-icon-list-item\">\n\t\t\t\t\t\t\t\t\t\t\t<span class=\"elementor-icon-list-icon\">\n\t\t\t\t\t\t\t<i aria-hidden=\"true\" class=\"fas fa-globe\"><\/i>\t\t\t\t\t\t<\/span>\n\t\t\t\t\t\t\t\t\t\t<span class=\"elementor-icon-list-text\">https:\/\/www.gdkaixuan.com\/<\/span>\n\t\t\t\t\t\t\t\t\t<\/li>\n\t\t\t\t\t\t\t\t<li class=\"elementor-icon-list-item\">\n\t\t\t\t\t\t\t\t\t\t\t<span class=\"elementor-icon-list-icon\">\n\t\t\t\t\t\t\t<i aria-hidden=\"true\" class=\"fas fa-search-location\"><\/i>\t\t\t\t\t\t<\/span>\n\t\t\t\t\t\t\t\t\t\t<span class=\"elementor-icon-list-text\">Meipan Sanayi B\u00f6lgesi, Meiyun Kasabas\u0131, Rongcheng B\u00f6lgesi, Jieyang, Guangdong, \u00c7in.<\/span>\n\t\t\t\t\t\t\t\t\t<\/li>\n\t\t\t\t\t\t<\/ul>\n\t\t\t\t\t\t<\/div>\n\t\t\t\t<\/div>\n\t\t\t\t<\/div>\n\t\t<div class=\"elementor-element elementor-element-3f7eeb6 e-con-full e-flex e-con e-child\" data-id=\"3f7eeb6\" data-element_type=\"container\">\n\t\t\t\t<div class=\"elementor-element elementor-element-060740c elementor-widget elementor-widget-google_maps\" data-id=\"060740c\" data-element_type=\"widget\" data-widget_type=\"google_maps.default\">\n\t\t\t\t<div class=\"elementor-widget-container\">\n\t\t\t\t\t\t\t<div class=\"elementor-custom-embed\">\n\t\t\t<iframe loading=\"lazy\"\n\t\t\t\t\tsrc=\"https:\/\/maps.google.com\/maps?q=%E6%A2%85%E7%95%94%E5%B7%A5%E4%B8%9A%E5%8C%BA%2C%E6%A2%85%E4%BA%91%E9%95%87%2C%E6%A6%95%E5%9F%8E%E5%8C%BA%2C%E6%8F%AD%E9%98%B3%E5%B8%82%2C%E5%B9%BF%E4%B8%9C%E7%9C%81%2C%E4%B8%AD%E5%9B%BD&#038;t=m&#038;z=10&#038;output=embed&#038;iwloc=near\"\n\t\t\t\t\ttitle=\"\u6885\u7554\u5de5\u4e1a\u533a,\u6885\u4e91\u9547,\u6995\u57ce\u533a,\u63ed\u9633\u5e02,\u5e7f\u4e1c\u7701,\u4e2d\u56fd\"\n\t\t\t\t\taria-label=\"\u6885\u7554\u5de5\u4e1a\u533a,\u6885\u4e91\u9547,\u6995\u57ce\u533a,\u63ed\u9633\u5e02,\u5e7f\u4e1c\u7701,\u4e2d\u56fd\"\n\t\t\t><\/iframe>\n\t\t<\/div>\n\t\t\t\t\t\t<\/div>\n\t\t\t\t<\/div>\n\t\t\t\t<\/div>\n\t\t\t\t\t<\/div>\n\t\t\t\t<\/div>\n\t\t\t\t<\/div>","protected":false},"excerpt":{"rendered":"<p>\u0130LET\u0130\u015e\u0130M Ana Sayfa Dan\u0131\u015fmaya Ho\u015f Geldiniz 10 y\u0131ld\u0131r OEM \/ ODM \u00e7atal b\u0131\u00e7ak tak\u0131m\u0131 \u00fcretim hizmeti verdik. \u0130htiya\u00e7lar\u0131n\u0131z ne olursa olsun, \u00f6nemli bilgi birikimimiz ve uzmanl\u0131\u011f\u0131m\u0131z tatmin edici bir sonu\u00e7 sa\u011flar. Siz de\u011ferli m\u00fc\u015fterilerimize y\u00fcksek kalite, memnun hizmet, uygun fiyat ve h\u0131zl\u0131 teslimat sunmak i\u00e7in her t\u00fcrl\u00fc \u00e7abay\u0131 g\u00f6steriyoruz. Jieyang Kaixuan Paslanmaz \u00c7elik Sanayi A.\u015e., Ltd. +86-663-8899351 [...]<\/p>","protected":false},"author":2,"featured_media":0,"parent":0,"menu_order":0,"comment_status":"closed","ping_status":"closed","template":"","meta":{"_seopress_robots_primary_cat":"","_seopress_titles_title":"Contact stainless steel flatware manufacturers, suppliers, factory ","_seopress_titles_desc":"We have provided OEM\/ODM flatware manufacturing service for 10 years. Whatever your needs are, our considerable cutlery knowledge and expertise ensure a satisfactory result.","_seopress_robots_index":"","footnotes":""},"_links":{"self":[{"href":"https:\/\/www.gdkaixuan.com\/tr\/wp-json\/wp\/v2\/pages\/67"}],"collection":[{"href":"https:\/\/www.gdkaixuan.com\/tr\/wp-json\/wp\/v2\/pages"}],"about":[{"href":"https:\/\/www.gdkaixuan.com\/tr\/wp-json\/wp\/v2\/types\/page"}],"author":[{"embeddable":true,"href":"https:\/\/www.gdkaixuan.com\/tr\/wp-json\/wp\/v2\/users\/2"}],"replies":[{"embeddable":true,"href":"https:\/\/www.gdkaixuan.com\/tr\/wp-json\/wp\/v2\/comments?post=67"}],"version-history":[{"count":40,"href":"https:\/\/www.gdkaixuan.com\/tr\/wp-json\/wp\/v2\/pages\/67\/revisions"}],"predecessor-version":[{"id":2615,"href":"https:\/\/www.gdkaixuan.com\/tr\/wp-json\/wp\/v2\/pages\/67\/revisions\/2615"}],"wp:attachment":[{"href":"https:\/\/www.gdkaixuan.com\/tr\/wp-json\/wp\/v2\/media?parent=67"}],"curies":[{"name":"wp","href":"https:\/\/api.w.org\/{rel}","templated":true}]}}