{"id":963,"date":"2023-04-18T07:58:48","date_gmt":"2023-04-18T07:58:48","guid":{"rendered":"https:\/\/demo.gdjiexun.cn\/?post_type=product&#038;p=963"},"modified":"2023-06-05T03:17:29","modified_gmt":"2023-06-05T03:17:29","slug":"kx-p004-bulk-plastic-handle-cutlery-sets-factory-from-china","status":"publish","type":"product","link":"https:\/\/www.gdkaixuan.com\/de\/produkt\/kx-p004-bulk-plastic-handle-besteck-sets-factory-from-china\/","title":{"rendered":"KX-P004 Bestecksets mit Kunststoffgriff aus China"},"content":{"rendered":"<p><img fetchpriority=\"high\" decoding=\"async\" class=\"aligncenter size-full wp-image-964\" src=\"http:\/\/demo.gdjiexun.cn\/wp-content\/uploads\/2023\/04\/Kaixuan-cutlery-KX-P004.jpg\" alt=\"\" width=\"700\" height=\"700\" srcset=\"https:\/\/www.gdkaixuan.com\/wp-content\/uploads\/2023\/04\/Kaixuan-cutlery-KX-P004.jpg 700w, https:\/\/www.gdkaixuan.com\/wp-content\/uploads\/2023\/04\/Kaixuan-cutlery-KX-P004-600x600.jpg 600w, https:\/\/www.gdkaixuan.com\/wp-content\/uploads\/2023\/04\/Kaixuan-cutlery-KX-P004-100x100.jpg 100w, https:\/\/www.gdkaixuan.com\/wp-content\/uploads\/2023\/04\/Kaixuan-cutlery-KX-P004-500x500.jpg 500w\" sizes=\"(max-width: 700px) 100vw, 700px\" \/><\/p>\n<h5 style=\"color: #0f4087;\">\u25b8 PRODUKTPARAMETER<\/h5>\n<table style=\"height: 131px; width: 100%; border-collapse: collapse; border-style: solid; border-color: #dddddd;\" border=\"1\">\n<tbody>\n<tr style=\"height: 24px;\">\n<td style=\"width: 17.1956%; height: 24px; border: 1px solid #dddddd; background-color: #f2f2f2;\">Artikel Nr:<\/td>\n<td style=\"width: 16.6707%; height: 24px; border: 1px solid #dddddd; background-color: #f2f2f2;\">Name<\/td>\n<td style=\"width: 15.654%; height: 24px; border: 1px solid #dddddd; background-color: #f2f2f2;\">L\u00e4nge(mm)<\/td>\n<td style=\"width: 16.8075%; height: 24px; border: 1px solid #dddddd; background-color: #f2f2f2;\">Breite(mm)<\/td>\n<td style=\"width: 16.5862%; border: 1px solid #dddddd; background-color: #f2f2f2; height: 24px;\">Dicke(mm)<\/td>\n<td style=\"width: 17.086%; height: 24px; border: 1px solid #dddddd; background-color: #f2f2f2;\">Gewicht(g)<\/td>\n<\/tr>\n<tr style=\"height: 24px;\">\n<td style=\"width: 17.1956%; height: 107px; border: 1px solid #dddddd; vertical-align: middle;\" rowspan=\"4\">KX-P004<\/td>\n<td style=\"width: 16.6707%; height: 25px; border: 1px solid #dddddd;\">Tafelmesser<\/td>\n<td style=\"width: 15.654%; height: 25px; border: 1px solid #dddddd;\">227<\/td>\n<td style=\"width: 16.8075%; height: 25px; border: 1px solid #dddddd;\">17<\/td>\n<td style=\"width: 16.5862%; border: 1px solid #dddddd; height: 25px;\">1.5<\/td>\n<td style=\"width: 17.086%; height: 25px; border: 1px solid #dddddd;\">36<\/td>\n<\/tr>\n<tr style=\"height: 24px;\">\n<td style=\"width: 16.6707%; height: 23px; border: 1px solid #dddddd;\">Tafelgabel<\/td>\n<td style=\"width: 15.654%; height: 23px; border: 1px solid #dddddd;\">209<\/td>\n<td style=\"width: 16.8075%; height: 23px; border: 1px solid #dddddd;\">24<\/td>\n<td style=\"width: 16.5862%; border: 1px solid #dddddd; height: 23px;\">1.5<\/td>\n<td style=\"width: 17.086%; height: 23px; border: 1px solid #dddddd;\">32<\/td>\n<\/tr>\n<tr style=\"height: 24px;\">\n<td style=\"width: 16.6707%; height: 25px; border: 1px solid #dddddd;\">Tafell\u00f6ffel<\/td>\n<td style=\"width: 15.654%; height: 25px; border: 1px solid #dddddd;\">211<\/td>\n<td style=\"width: 16.8075%; height: 25px; border: 1px solid #dddddd;\">43<\/td>\n<td style=\"width: 16.5862%; border: 1px solid #dddddd; height: 25px;\">1.5<\/td>\n<td style=\"width: 17.086%; height: 25px; border: 1px solid #dddddd;\">45<\/td>\n<\/tr>\n<tr style=\"height: 41px;\">\n<td style=\"width: 16.6707%; border: 1px solid #dddddd; height: 10px;\">Teel\u00f6ffel<\/td>\n<td style=\"width: 15.654%; border: 1px solid #dddddd; height: 10px;\">155<\/td>\n<td style=\"width: 16.8075%; border: 1px solid #dddddd; height: 10px;\">33<\/td>\n<td style=\"width: 16.5862%; border: 1px solid #dddddd; height: 10px;\">1.5<\/td>\n<td style=\"width: 17.086%; border: 1px solid #dddddd; height: 10px;\">24<\/td>\n<\/tr>\n<\/tbody>\n<\/table>\n<p>&nbsp;<\/p>","protected":false},"excerpt":{"rendered":"<p>\u25b8 PRODUKTPARAMETER Artikel-Nr.: Name L\u00e4nge(mm) Breite(mm) Dicke(mm) Gewicht(g) KX-P004 Tafelmesser 227 17 1,5 36 Tafelgabel 209 24 1,5 32 Tafell\u00f6ffel 211 43 1,5 45 Teel\u00f6ffel 155 33 1,5 24 &nbsp;<\/p>","protected":false},"featured_media":964,"template":"","meta":{"_seopress_robots_primary_cat":"none","_seopress_titles_title":"","_seopress_titles_desc":"","_seopress_robots_index":""},"product_cat":[18],"product_tag":[],"_links":{"self":[{"href":"https:\/\/www.gdkaixuan.com\/de\/wp-json\/wp\/v2\/product\/963"}],"collection":[{"href":"https:\/\/www.gdkaixuan.com\/de\/wp-json\/wp\/v2\/product"}],"about":[{"href":"https:\/\/www.gdkaixuan.com\/de\/wp-json\/wp\/v2\/types\/product"}],"wp:featuredmedia":[{"embeddable":true,"href":"https:\/\/www.gdkaixuan.com\/de\/wp-json\/wp\/v2\/media\/964"}],"wp:attachment":[{"href":"https:\/\/www.gdkaixuan.com\/de\/wp-json\/wp\/v2\/media?parent=963"}],"wp:term":[{"taxonomy":"product_cat","embeddable":true,"href":"https:\/\/www.gdkaixuan.com\/de\/wp-json\/wp\/v2\/product_cat?post=963"},{"taxonomy":"product_tag","embeddable":true,"href":"https:\/\/www.gdkaixuan.com\/de\/wp-json\/wp\/v2\/product_tag?post=963"}],"curies":[{"name":"wp","href":"https:\/\/api.w.org\/{rel}","templated":true}]}}