{"id":909,"date":"2023-04-18T02:41:17","date_gmt":"2023-04-18T02:41:17","guid":{"rendered":"https:\/\/demo.gdjiexun.cn\/?post_type=product&#038;p=909"},"modified":"2023-04-20T07:05:57","modified_gmt":"2023-04-20T07:05:57","slug":"kx-s261-wholesale-stainless-steel-flatware-sets-exporter","status":"publish","type":"product","link":"https:\/\/www.gdkaixuan.com\/de\/produkt\/kx-s261-groshandel-rostfreier-stahl-flachgeschirr-sets-exporter\/","title":{"rendered":"KX-S261 Gro\u00dfhandel Edelstahl-Besteck-Sets Exporteur"},"content":{"rendered":"<p><img fetchpriority=\"high\" decoding=\"async\" class=\"aligncenter size-full wp-image-1247\" src=\"http:\/\/demo.gdjiexun.cn\/wp-content\/uploads\/2023\/04\/Kaixuan-cutlery-KX-S261-1.jpg\" alt=\"\" width=\"700\" height=\"700\" srcset=\"https:\/\/www.gdkaixuan.com\/wp-content\/uploads\/2023\/04\/Kaixuan-cutlery-KX-S261-1.jpg 700w, https:\/\/www.gdkaixuan.com\/wp-content\/uploads\/2023\/04\/Kaixuan-cutlery-KX-S261-1-600x600.jpg 600w, https:\/\/www.gdkaixuan.com\/wp-content\/uploads\/2023\/04\/Kaixuan-cutlery-KX-S261-1-100x100.jpg 100w, https:\/\/www.gdkaixuan.com\/wp-content\/uploads\/2023\/04\/Kaixuan-cutlery-KX-S261-1-500x500.jpg 500w\" sizes=\"(max-width: 700px) 100vw, 700px\" \/><\/p>\n<h5 style=\"color: #0f4087;\">\u25b8 PRODUKTPARAMETER<\/h5>\n<table style=\"height: 231px; width: 97.989%; border-collapse: collapse; border-style: solid; border-color: #dddddd;\" border=\"1\">\n<tbody>\n<tr style=\"height: 24px;\">\n<td style=\"width: 17.1956%; height: 24px; border: 1px solid #dddddd; background-color: #f2f2f2;\">Artikel Nr:<\/td>\n<td style=\"width: 16.8665%; height: 24px; border: 1px solid #dddddd; background-color: #f2f2f2;\">Name<\/td>\n<td style=\"width: 15.4582%; height: 24px; border: 1px solid #dddddd; background-color: #f2f2f2;\">L\u00e4nge(mm)<\/td>\n<td style=\"width: 16.8075%; height: 24px; border: 1px solid #dddddd; background-color: #f2f2f2;\">Breite(mm)<\/td>\n<td style=\"width: 16.5862%; border: 1px solid #dddddd; background-color: #f2f2f2; height: 24px;\">Dicke(mm)<\/td>\n<td style=\"width: 17.086%; height: 24px; border: 1px solid #dddddd; background-color: #f2f2f2;\">Gewicht(g)<\/td>\n<\/tr>\n<tr style=\"height: 24px;\">\n<td style=\"width: 17.1956%; height: 207px; border: 1px solid #dddddd; vertical-align: middle;\" rowspan=\"11\">KX-S261<\/td>\n<td style=\"width: 16.8665%; height: 25px; border: 1px solid #dddddd;\">Steakmesser<\/td>\n<td style=\"width: 15.4582%; height: 25px; border: 1px solid #dddddd;\">240<\/td>\n<td style=\"width: 16.8075%; height: 25px; border: 1px solid #dddddd;\">18<\/td>\n<td style=\"width: 16.5862%; border: 1px solid #dddddd; height: 25px;\">7<\/td>\n<td style=\"width: 17.086%; height: 25px; border: 1px solid #dddddd;\">98.3<\/td>\n<\/tr>\n<tr style=\"height: 41px;\">\n<td style=\"width: 16.8665%; border: 1px solid #dddddd; height: 14px;\">Tafelmesser<\/td>\n<td style=\"width: 15.4582%; border: 1px solid #dddddd; height: 14px;\">233<\/td>\n<td style=\"width: 16.8075%; border: 1px solid #dddddd; height: 14px;\">19<\/td>\n<td style=\"width: 16.5862%; border: 1px solid #dddddd; height: 14px;\">7<\/td>\n<td style=\"width: 17.086%; border: 1px solid #dddddd; height: 14px;\">96.5<\/td>\n<\/tr>\n<tr style=\"height: 24px;\">\n<td style=\"width: 16.8665%; border: 1px solid #dddddd; height: 24px;\">Dessertmesser<\/td>\n<td style=\"width: 15.4582%; border: 1px solid #dddddd; height: 24px;\">211<\/td>\n<td style=\"width: 16.8075%; border: 1px solid #dddddd; height: 24px;\">18<\/td>\n<td style=\"width: 16.5862%; border: 1px solid #dddddd; height: 24px;\">5<\/td>\n<td style=\"width: 17.086%; border: 1px solid #dddddd; height: 24px;\">61.9<\/td>\n<\/tr>\n<tr style=\"height: 24px;\">\n<td style=\"width: 16.8665%; border: 1px solid #dddddd; height: 24px;\">Essgabel<\/td>\n<td style=\"width: 15.4582%; border: 1px solid #dddddd; height: 24px;\">211<\/td>\n<td style=\"width: 16.8075%; border: 1px solid #dddddd; height: 24px;\">28<\/td>\n<td style=\"width: 16.5862%; border: 1px solid #dddddd; height: 24px;\">4<\/td>\n<td style=\"width: 17.086%; border: 1px solid #dddddd; height: 24px;\">57.4<\/td>\n<\/tr>\n<tr style=\"height: 24px;\">\n<td style=\"width: 16.8665%; border: 1px solid #dddddd; height: 24px;\">Tafell\u00f6ffel<\/td>\n<td style=\"width: 15.4582%; border: 1px solid #dddddd; height: 24px;\">211<\/td>\n<td style=\"width: 16.8075%; border: 1px solid #dddddd; height: 24px;\">41<\/td>\n<td style=\"width: 16.5862%; border: 1px solid #dddddd; height: 24px;\">4<\/td>\n<td style=\"width: 17.086%; border: 1px solid #dddddd; height: 24px;\">68.9<\/td>\n<\/tr>\n<tr style=\"height: 24px;\">\n<td style=\"width: 16.8665%; border: 1px solid #dddddd; height: 24px;\">Dessertgabel<\/td>\n<td style=\"width: 15.4582%; border: 1px solid #dddddd; height: 24px;\">188<\/td>\n<td style=\"width: 16.8075%; border: 1px solid #dddddd; height: 24px;\">22<\/td>\n<td style=\"width: 16.5862%; border: 1px solid #dddddd; height: 24px;\">3<\/td>\n<td style=\"width: 17.086%; border: 1px solid #dddddd; height: 24px;\">37.5<\/td>\n<\/tr>\n<tr>\n<td style=\"width: 16.8665%; border: 1px solid #dddddd;\">Dessertl\u00f6ffel<\/td>\n<td style=\"width: 15.4582%; border: 1px solid #dddddd;\">188<\/td>\n<td style=\"width: 16.8075%; border: 1px solid #dddddd;\">38<\/td>\n<td style=\"width: 16.5862%; border: 1px solid #dddddd;\">3<\/td>\n<td style=\"width: 17.086%; border: 1px solid #dddddd;\">45.5<\/td>\n<\/tr>\n<tr>\n<td style=\"width: 16.8665%; border: 1px solid #dddddd;\">Teel\u00f6ffel<\/td>\n<td style=\"width: 15.4582%; border: 1px solid #dddddd;\">158<\/td>\n<td style=\"width: 16.8075%; border: 1px solid #dddddd;\">32<\/td>\n<td style=\"width: 16.5862%; border: 1px solid #dddddd;\">3<\/td>\n<td style=\"width: 17.086%; border: 1px solid #dddddd;\">31.7<\/td>\n<\/tr>\n<tr>\n<td style=\"width: 16.8665%; border: 1px solid #dddddd;\">Kaffeel\u00f6ffel<\/td>\n<td style=\"width: 15.4582%; border: 1px solid #dddddd;\">111<\/td>\n<td style=\"width: 16.8075%; border: 1px solid #dddddd;\">22<\/td>\n<td style=\"width: 16.5862%; border: 1px solid #dddddd;\">2<\/td>\n<td style=\"width: 17.086%; border: 1px solid #dddddd;\">12.4<\/td>\n<\/tr>\n<tr>\n<td style=\"width: 16.8665%; border: 1px solid #dddddd;\">Fischmesser<\/td>\n<td style=\"width: 15.4582%; border: 1px solid #dddddd;\">203<\/td>\n<td style=\"width: 16.8075%; border: 1px solid #dddddd;\">20<\/td>\n<td style=\"width: 16.5862%; border: 1px solid #dddddd;\">3<\/td>\n<td style=\"width: 17.086%; border: 1px solid #dddddd;\">42.7<\/td>\n<\/tr>\n<tr>\n<td style=\"width: 16.8665%; border: 1px solid #dddddd;\">Fischgabel<\/td>\n<td style=\"width: 15.4582%; border: 1px solid #dddddd;\">192<\/td>\n<td style=\"width: 16.8075%; border: 1px solid #dddddd;\">24<\/td>\n<td style=\"width: 16.5862%; border: 1px solid #dddddd;\">3<\/td>\n<td style=\"width: 17.086%; border: 1px solid #dddddd;\">40<\/td>\n<\/tr>\n<\/tbody>\n<\/table>\n<p>&nbsp;<\/p>","protected":false},"excerpt":{"rendered":"<p>\u25b8 PRODUKTPARAMETER Artikel-Nr.: Name L\u00e4nge(mm) Breite(mm) Dicke(mm) Gewicht(g) KX-S261 Steakmesser 240 18 7 98,3 Tafelmesser 233 19 7 96,5 Dessertmesser 211 18 5 61,9 Tafelgabel 211 28 4 57,4 Essl\u00f6ffel 211 41 4 68,9 Dessertgabel 188 22 3 37,5 Dessertl\u00f6ffel 188 38 3 45,5 Teel\u00f6ffel [...]<\/p>","protected":false},"featured_media":1247,"template":"","meta":{"_seopress_robots_primary_cat":"","_seopress_titles_title":"","_seopress_titles_desc":"","_seopress_robots_index":""},"product_cat":[20],"product_tag":[],"_links":{"self":[{"href":"https:\/\/www.gdkaixuan.com\/de\/wp-json\/wp\/v2\/product\/909"}],"collection":[{"href":"https:\/\/www.gdkaixuan.com\/de\/wp-json\/wp\/v2\/product"}],"about":[{"href":"https:\/\/www.gdkaixuan.com\/de\/wp-json\/wp\/v2\/types\/product"}],"wp:featuredmedia":[{"embeddable":true,"href":"https:\/\/www.gdkaixuan.com\/de\/wp-json\/wp\/v2\/media\/1247"}],"wp:attachment":[{"href":"https:\/\/www.gdkaixuan.com\/de\/wp-json\/wp\/v2\/media?parent=909"}],"wp:term":[{"taxonomy":"product_cat","embeddable":true,"href":"https:\/\/www.gdkaixuan.com\/de\/wp-json\/wp\/v2\/product_cat?post=909"},{"taxonomy":"product_tag","embeddable":true,"href":"https:\/\/www.gdkaixuan.com\/de\/wp-json\/wp\/v2\/product_tag?post=909"}],"curies":[{"name":"wp","href":"https:\/\/api.w.org\/{rel}","templated":true}]}}