{"id":866,"date":"2023-04-18T02:05:33","date_gmt":"2023-04-18T02:05:33","guid":{"rendered":"https:\/\/demo.gdjiexun.cn\/?post_type=product&#038;p=866"},"modified":"2023-04-20T07:32:31","modified_gmt":"2023-04-20T07:32:31","slug":"kx-s208-bulk-stainless-steel-cutlery-sets-factory-from-china","status":"publish","type":"product","link":"https:\/\/www.gdkaixuan.com\/de\/produkt\/kx-s208-bulk-rostfreier-stahl-besteck-sets-fabrik-von-china\/","title":{"rendered":"KX-S208 Edelstahl-Bestecksets Fabrik aus China"},"content":{"rendered":"<p><img fetchpriority=\"high\" decoding=\"async\" class=\"aligncenter size-full wp-image-1256\" src=\"http:\/\/demo.gdjiexun.cn\/wp-content\/uploads\/2023\/04\/Kaixuan-cutlery-KX-S208-1.jpg\" alt=\"\" width=\"700\" height=\"700\" srcset=\"https:\/\/www.gdkaixuan.com\/wp-content\/uploads\/2023\/04\/Kaixuan-cutlery-KX-S208-1.jpg 700w, https:\/\/www.gdkaixuan.com\/wp-content\/uploads\/2023\/04\/Kaixuan-cutlery-KX-S208-1-600x600.jpg 600w, https:\/\/www.gdkaixuan.com\/wp-content\/uploads\/2023\/04\/Kaixuan-cutlery-KX-S208-1-100x100.jpg 100w, https:\/\/www.gdkaixuan.com\/wp-content\/uploads\/2023\/04\/Kaixuan-cutlery-KX-S208-1-500x500.jpg 500w\" sizes=\"(max-width: 700px) 100vw, 700px\" \/><\/p>\n<h5 style=\"color: #0f4087;\">\u25b8 PRODUKTPARAMETER<\/h5>\n<table style=\"height: 131px; width: 100%; border-collapse: collapse; border-style: solid; border-color: #dddddd;\" border=\"1\">\n<tbody>\n<tr style=\"height: 24px;\">\n<td style=\"width: 17.1956%; height: 24px; border: 1px solid #dddddd; background-color: #f2f2f2;\">Artikel Nr:<\/td>\n<td style=\"width: 16.6707%; height: 24px; border: 1px solid #dddddd; background-color: #f2f2f2;\">Name<\/td>\n<td style=\"width: 15.654%; height: 24px; border: 1px solid #dddddd; background-color: #f2f2f2;\">L\u00e4nge(mm)<\/td>\n<td style=\"width: 16.8075%; height: 24px; border: 1px solid #dddddd; background-color: #f2f2f2;\">Breite(mm)<\/td>\n<td style=\"width: 16.5862%; border: 1px solid #dddddd; background-color: #f2f2f2; height: 24px;\">Dicke(mm)<\/td>\n<td style=\"width: 17.086%; height: 24px; border: 1px solid #dddddd; background-color: #f2f2f2;\">Gewicht(g)<\/td>\n<\/tr>\n<tr style=\"height: 24px;\">\n<td style=\"width: 17.1956%; height: 107px; border: 1px solid #dddddd; vertical-align: middle;\" rowspan=\"6\">KX-S208<\/td>\n<td style=\"width: 16.6707%; height: 25px; border: 1px solid #dddddd;\">Tafelmesser<\/td>\n<td style=\"width: 15.654%; height: 25px; border: 1px solid #dddddd;\">227<\/td>\n<td style=\"width: 16.8075%; height: 25px; border: 1px solid #dddddd;\">21<\/td>\n<td style=\"width: 16.5862%; border: 1px solid #dddddd; height: 25px;\">4<\/td>\n<td style=\"width: 17.086%; height: 25px; border: 1px solid #dddddd;\">65.5<\/td>\n<\/tr>\n<tr style=\"height: 24px;\">\n<td style=\"width: 16.6707%; height: 23px; border: 1px solid #dddddd;\">Tafelgabel<\/td>\n<td style=\"width: 15.654%; height: 23px; border: 1px solid #dddddd;\">202<\/td>\n<td style=\"width: 16.8075%; height: 23px; border: 1px solid #dddddd;\">26<\/td>\n<td style=\"width: 16.5862%; border: 1px solid #dddddd; height: 23px;\">2.2<\/td>\n<td style=\"width: 17.086%; height: 23px; border: 1px solid #dddddd;\">43<\/td>\n<\/tr>\n<tr style=\"height: 24px;\">\n<td style=\"width: 16.6707%; height: 25px; border: 1px solid #dddddd;\">Tafell\u00f6ffel<\/td>\n<td style=\"width: 15.654%; height: 25px; border: 1px solid #dddddd;\">204<\/td>\n<td style=\"width: 16.8075%; height: 25px; border: 1px solid #dddddd;\">44<\/td>\n<td style=\"width: 16.5862%; border: 1px solid #dddddd; height: 25px;\">2.2<\/td>\n<td style=\"width: 17.086%; height: 25px; border: 1px solid #dddddd;\">47.6<\/td>\n<\/tr>\n<tr style=\"height: 41px;\">\n<td style=\"width: 16.6707%; border: 1px solid #dddddd; height: 10px;\">Teel\u00f6ffel<\/td>\n<td style=\"width: 15.654%; border: 1px solid #dddddd; height: 10px;\">169<\/td>\n<td style=\"width: 16.8075%; border: 1px solid #dddddd; height: 10px;\">34<\/td>\n<td style=\"width: 16.5862%; border: 1px solid #dddddd; height: 10px;\">2<\/td>\n<td style=\"width: 17.086%; border: 1px solid #dddddd; height: 10px;\">31.1<\/td>\n<\/tr>\n<tr>\n<td style=\"width: 16.6707%; border: 1px solid #dddddd;\">Tee-Gabel<\/td>\n<td style=\"width: 15.654%; border: 1px solid #dddddd;\">168<\/td>\n<td style=\"width: 16.8075%; border: 1px solid #dddddd;\">23<\/td>\n<td style=\"width: 16.5862%; border: 1px solid #dddddd;\">2<\/td>\n<td style=\"width: 17.086%; border: 1px solid #dddddd;\">28.9<\/td>\n<\/tr>\n<tr>\n<td style=\"width: 16.6707%; border: 1px solid #dddddd;\">Eisl\u00f6ffel<\/td>\n<td style=\"width: 15.654%; border: 1px solid #dddddd;\">187<\/td>\n<td style=\"width: 16.8075%; border: 1px solid #dddddd;\">30<\/td>\n<td style=\"width: 16.5862%; border: 1px solid #dddddd;\">2<\/td>\n<td style=\"width: 17.086%; border: 1px solid #dddddd;\">29.6<\/td>\n<\/tr>\n<\/tbody>\n<\/table>\n<p>&nbsp;<\/p>","protected":false},"excerpt":{"rendered":"<p>\u25b8 PRODUKTPARAMETER Artikel-Nr.: Name L\u00e4nge(mm) Breite(mm) Dicke(mm) Gewicht(g) KX-S208 Tafelmesser 227 21 4 65,5 Tafelgabel 202 26 2,2 43 Tafell\u00f6ffel 204 44 2,2 47,6 Teel\u00f6ffel 169 34 2 31,1 Teegabel 168 23 2 28,9 Eisl\u00f6ffel 187 30 2 29,6 &nbsp;<\/p>","protected":false},"featured_media":1256,"template":"","meta":{"_seopress_robots_primary_cat":"","_seopress_titles_title":"","_seopress_titles_desc":"","_seopress_robots_index":""},"product_cat":[20],"product_tag":[],"_links":{"self":[{"href":"https:\/\/www.gdkaixuan.com\/de\/wp-json\/wp\/v2\/product\/866"}],"collection":[{"href":"https:\/\/www.gdkaixuan.com\/de\/wp-json\/wp\/v2\/product"}],"about":[{"href":"https:\/\/www.gdkaixuan.com\/de\/wp-json\/wp\/v2\/types\/product"}],"wp:featuredmedia":[{"embeddable":true,"href":"https:\/\/www.gdkaixuan.com\/de\/wp-json\/wp\/v2\/media\/1256"}],"wp:attachment":[{"href":"https:\/\/www.gdkaixuan.com\/de\/wp-json\/wp\/v2\/media?parent=866"}],"wp:term":[{"taxonomy":"product_cat","embeddable":true,"href":"https:\/\/www.gdkaixuan.com\/de\/wp-json\/wp\/v2\/product_cat?post=866"},{"taxonomy":"product_tag","embeddable":true,"href":"https:\/\/www.gdkaixuan.com\/de\/wp-json\/wp\/v2\/product_tag?post=866"}],"curies":[{"name":"wp","href":"https:\/\/api.w.org\/{rel}","templated":true}]}}