{"id":813,"date":"2023-04-17T09:37:34","date_gmt":"2023-04-17T09:37:34","guid":{"rendered":"https:\/\/demo.gdjiexun.cn\/?post_type=product&#038;p=813"},"modified":"2023-04-17T09:39:14","modified_gmt":"2023-04-17T09:39:14","slug":"kx-s180-oem-stainless-steel-flatware-sets-factory-from-china","status":"publish","type":"product","link":"https:\/\/www.gdkaixuan.com\/de\/produkt\/kx-s180-oem-rostfreier-stahl-flatware-sets-fabrik-von-china\/","title":{"rendered":"KX-S180 OEM-Edelstahl-Besteck-Sets Fabrik aus China"},"content":{"rendered":"<p><img fetchpriority=\"high\" decoding=\"async\" class=\"aligncenter size-full wp-image-814\" src=\"http:\/\/demo.gdjiexun.cn\/wp-content\/uploads\/2023\/04\/Kaixuan-cutlery-KX-S180.jpg\" alt=\"\" width=\"700\" height=\"466\" srcset=\"https:\/\/www.gdkaixuan.com\/wp-content\/uploads\/2023\/04\/Kaixuan-cutlery-KX-S180.jpg 700w, https:\/\/www.gdkaixuan.com\/wp-content\/uploads\/2023\/04\/Kaixuan-cutlery-KX-S180-600x399.jpg 600w\" sizes=\"(max-width: 700px) 100vw, 700px\" \/><\/p>\n<h5 style=\"color: #0f4087;\">\u25b8 PRODUKTPARAMETER<\/h5>\n<table style=\"height: 131px; width: 100%; border-collapse: collapse; border-style: solid; border-color: #dddddd;\" border=\"1\">\n<tbody>\n<tr style=\"height: 24px;\">\n<td style=\"width: 17.1956%; height: 24px; border: 1px solid #dddddd; background-color: #f2f2f2;\">Artikel Nr:<\/td>\n<td style=\"width: 16.6707%; height: 24px; border: 1px solid #dddddd; background-color: #f2f2f2;\">Name<\/td>\n<td style=\"width: 15.654%; height: 24px; border: 1px solid #dddddd; background-color: #f2f2f2;\">L\u00e4nge(mm)<\/td>\n<td style=\"width: 16.8075%; height: 24px; border: 1px solid #dddddd; background-color: #f2f2f2;\">Breite(mm)<\/td>\n<td style=\"width: 16.5862%; border: 1px solid #dddddd; background-color: #f2f2f2; height: 24px;\">Dicke(mm)<\/td>\n<td style=\"width: 17.086%; height: 24px; border: 1px solid #dddddd; background-color: #f2f2f2;\">Gewicht(g)<\/td>\n<\/tr>\n<tr style=\"height: 24px;\">\n<td style=\"width: 17.1956%; height: 107px; border: 1px solid #dddddd; vertical-align: middle;\" rowspan=\"5\">KX-S180<\/td>\n<td style=\"width: 16.6707%; height: 25px; border: 1px solid #dddddd;\">Tafelmesser<\/td>\n<td style=\"width: 15.654%; height: 25px; border: 1px solid #dddddd;\">220<\/td>\n<td style=\"width: 16.8075%; height: 25px; border: 1px solid #dddddd;\">18<\/td>\n<td style=\"width: 16.5862%; border: 1px solid #dddddd; height: 25px;\">5<\/td>\n<td style=\"width: 17.086%; height: 25px; border: 1px solid #dddddd;\">77<\/td>\n<\/tr>\n<tr style=\"height: 24px;\">\n<td style=\"width: 16.6707%; height: 23px; border: 1px solid #dddddd;\">Tafelgabel<\/td>\n<td style=\"width: 15.654%; height: 23px; border: 1px solid #dddddd;\">202<\/td>\n<td style=\"width: 16.8075%; height: 23px; border: 1px solid #dddddd;\">27<\/td>\n<td style=\"width: 16.5862%; border: 1px solid #dddddd; height: 23px;\">2.5<\/td>\n<td style=\"width: 17.086%; height: 23px; border: 1px solid #dddddd;\">40<\/td>\n<\/tr>\n<tr style=\"height: 24px;\">\n<td style=\"width: 16.6707%; height: 25px; border: 1px solid #dddddd;\">Tafell\u00f6ffel<\/td>\n<td style=\"width: 15.654%; height: 25px; border: 1px solid #dddddd;\">195<\/td>\n<td style=\"width: 16.8075%; height: 25px; border: 1px solid #dddddd;\">43<\/td>\n<td style=\"width: 16.5862%; border: 1px solid #dddddd; height: 25px;\">2.5<\/td>\n<td style=\"width: 17.086%; height: 25px; border: 1px solid #dddddd;\">45<\/td>\n<\/tr>\n<tr style=\"height: 41px;\">\n<td style=\"width: 16.6707%; border: 1px solid #dddddd; height: 10px;\">Teel\u00f6ffel<\/td>\n<td style=\"width: 15.654%; border: 1px solid #dddddd; height: 10px;\">140<\/td>\n<td style=\"width: 16.8075%; border: 1px solid #dddddd; height: 10px;\">28<\/td>\n<td style=\"width: 16.5862%; border: 1px solid #dddddd; height: 10px;\">2<\/td>\n<td style=\"width: 17.086%; border: 1px solid #dddddd; height: 10px;\">20<\/td>\n<\/tr>\n<tr style=\"height: 24px;\">\n<td style=\"width: 16.6707%; border: 1px solid #dddddd; height: 24px;\">Kuchengabel<\/td>\n<td style=\"width: 15.654%; border: 1px solid #dddddd; height: 24px;\">145<\/td>\n<td style=\"width: 16.8075%; border: 1px solid #dddddd; height: 24px;\">21<\/td>\n<td style=\"width: 16.5862%; border: 1px solid #dddddd; height: 24px;\">2<\/td>\n<td style=\"width: 17.086%; border: 1px solid #dddddd; height: 24px;\">17<\/td>\n<\/tr>\n<\/tbody>\n<\/table>\n<p>&nbsp;<\/p>","protected":false},"excerpt":{"rendered":"<p>\u25b8 PRODUKTPARAMETER Artikel-Nr.: Name L\u00e4nge(mm) Breite(mm) Dicke(mm) Gewicht(g) KX-S180 Tafelmesser 220 18 5 77 Tafelgabel 202 27 2.5 40 Tafell\u00f6ffel 195 43 2.5 45 Teel\u00f6ffel 140 28 2 20 Kuchengabel 145 21 2 17 &nbsp;<\/p>","protected":false},"featured_media":815,"template":"","meta":{"_seopress_robots_primary_cat":"","_seopress_titles_title":"","_seopress_titles_desc":"","_seopress_robots_index":""},"product_cat":[20],"product_tag":[],"_links":{"self":[{"href":"https:\/\/www.gdkaixuan.com\/de\/wp-json\/wp\/v2\/product\/813"}],"collection":[{"href":"https:\/\/www.gdkaixuan.com\/de\/wp-json\/wp\/v2\/product"}],"about":[{"href":"https:\/\/www.gdkaixuan.com\/de\/wp-json\/wp\/v2\/types\/product"}],"wp:featuredmedia":[{"embeddable":true,"href":"https:\/\/www.gdkaixuan.com\/de\/wp-json\/wp\/v2\/media\/815"}],"wp:attachment":[{"href":"https:\/\/www.gdkaixuan.com\/de\/wp-json\/wp\/v2\/media?parent=813"}],"wp:term":[{"taxonomy":"product_cat","embeddable":true,"href":"https:\/\/www.gdkaixuan.com\/de\/wp-json\/wp\/v2\/product_cat?post=813"},{"taxonomy":"product_tag","embeddable":true,"href":"https:\/\/www.gdkaixuan.com\/de\/wp-json\/wp\/v2\/product_tag?post=813"}],"curies":[{"name":"wp","href":"https:\/\/api.w.org\/{rel}","templated":true}]}}