{"id":776,"date":"2023-04-17T08:49:16","date_gmt":"2023-04-17T08:49:16","guid":{"rendered":"https:\/\/demo.gdjiexun.cn\/?post_type=product&#038;p=776"},"modified":"2023-04-17T08:52:08","modified_gmt":"2023-04-17T08:52:08","slug":"kx-s144-wholesale-stainless-steel-flatware-sets-exporter","status":"publish","type":"product","link":"https:\/\/www.gdkaixuan.com\/de\/produkt\/kx-s144-groshandel-rostfreier-stahl-flachgeschirr-sets-exporter\/","title":{"rendered":"KX-S144 Gro\u00dfhandel Edelstahl-Besteck-Sets Exporteur"},"content":{"rendered":"<p><img fetchpriority=\"high\" decoding=\"async\" class=\"aligncenter size-full wp-image-777\" src=\"http:\/\/demo.gdjiexun.cn\/wp-content\/uploads\/2023\/04\/Kaixuan-cutlery-KX-S144.jpg\" alt=\"\" width=\"700\" height=\"466\" srcset=\"https:\/\/www.gdkaixuan.com\/wp-content\/uploads\/2023\/04\/Kaixuan-cutlery-KX-S144.jpg 700w, https:\/\/www.gdkaixuan.com\/wp-content\/uploads\/2023\/04\/Kaixuan-cutlery-KX-S144-600x399.jpg 600w\" sizes=\"(max-width: 700px) 100vw, 700px\" \/><\/p>\n<h5 style=\"color: #0f4087;\">\u25b8 PRODUKTPARAMETER<\/h5>\n<table style=\"height: 131px; width: 100%; border-collapse: collapse; border-style: solid; border-color: #dddddd;\" border=\"1\">\n<tbody>\n<tr style=\"height: 24px;\">\n<td style=\"width: 17.1956%; height: 24px; border: 1px solid #dddddd; background-color: #f2f2f2;\">Artikel Nr:<\/td>\n<td style=\"width: 16.4575%; height: 24px; border: 1px solid #dddddd; background-color: #f2f2f2;\">Name<\/td>\n<td style=\"width: 15.8672%; height: 24px; border: 1px solid #dddddd; background-color: #f2f2f2;\">L\u00e4nge(mm)<\/td>\n<td style=\"width: 16.8075%; height: 24px; border: 1px solid #dddddd; background-color: #f2f2f2;\">Breite(mm)<\/td>\n<td style=\"width: 16.5862%; border: 1px solid #dddddd; background-color: #f2f2f2; height: 24px;\">Dicke(mm)<\/td>\n<td style=\"width: 17.086%; height: 24px; border: 1px solid #dddddd; background-color: #f2f2f2;\">Gewicht(g)<\/td>\n<\/tr>\n<tr style=\"height: 24px;\">\n<td style=\"width: 17.1956%; height: 107px; border: 1px solid #dddddd; vertical-align: middle;\" rowspan=\"5\">KX-S144<\/td>\n<td style=\"width: 16.4575%; height: 25px; border: 1px solid #dddddd;\">Tafelmesser<\/td>\n<td style=\"width: 15.8672%; height: 25px; border: 1px solid #dddddd;\">218<\/td>\n<td style=\"width: 16.8075%; height: 25px; border: 1px solid #dddddd;\">17<\/td>\n<td style=\"width: 16.5862%; border: 1px solid #dddddd; height: 25px;\">5.5<\/td>\n<td style=\"width: 17.086%; height: 25px; border: 1px solid #dddddd;\">72.4<\/td>\n<\/tr>\n<tr style=\"height: 24px;\">\n<td style=\"width: 16.4575%; height: 23px; border: 1px solid #dddddd;\">Tafelgabel<\/td>\n<td style=\"width: 15.8672%; height: 23px; border: 1px solid #dddddd;\">199<\/td>\n<td style=\"width: 16.8075%; height: 23px; border: 1px solid #dddddd;\">27<\/td>\n<td style=\"width: 16.5862%; border: 1px solid #dddddd; height: 23px;\">2.2<\/td>\n<td style=\"width: 17.086%; height: 23px; border: 1px solid #dddddd;\">44.7<\/td>\n<\/tr>\n<tr style=\"height: 24px;\">\n<td style=\"width: 16.4575%; height: 25px; border: 1px solid #dddddd;\">Tafell\u00f6ffel<\/td>\n<td style=\"width: 15.8672%; height: 25px; border: 1px solid #dddddd;\">197<\/td>\n<td style=\"width: 16.8075%; height: 25px; border: 1px solid #dddddd;\">43<\/td>\n<td style=\"width: 16.5862%; border: 1px solid #dddddd; height: 25px;\">2.2<\/td>\n<td style=\"width: 17.086%; height: 25px; border: 1px solid #dddddd;\">52.1<\/td>\n<\/tr>\n<tr style=\"height: 41px;\">\n<td style=\"width: 16.4575%; border: 1px solid #dddddd; height: 10px;\">Teel\u00f6ffel<\/td>\n<td style=\"width: 15.8672%; border: 1px solid #dddddd; height: 10px;\">147<\/td>\n<td style=\"width: 16.8075%; border: 1px solid #dddddd; height: 10px;\">32<\/td>\n<td style=\"width: 16.5862%; border: 1px solid #dddddd; height: 10px;\">1.7<\/td>\n<td style=\"width: 17.086%; border: 1px solid #dddddd; height: 10px;\">22.1<\/td>\n<\/tr>\n<tr style=\"height: 24px;\">\n<td style=\"width: 16.4575%; border: 1px solid #dddddd; height: 24px;\">Dessertl\u00f6ffel<\/td>\n<td style=\"width: 15.8672%; border: 1px solid #dddddd; height: 24px;\">171<\/td>\n<td style=\"width: 16.8075%; border: 1px solid #dddddd; height: 24px;\">40<\/td>\n<td style=\"width: 16.5862%; border: 1px solid #dddddd; height: 24px;\">2.1<\/td>\n<td style=\"width: 17.086%; border: 1px solid #dddddd; height: 24px;\">38.6<\/td>\n<\/tr>\n<\/tbody>\n<\/table>\n<p>&nbsp;<\/p>","protected":false},"excerpt":{"rendered":"<p>\u25b8 PRODUKTPARAMETER Artikel-Nr.: Name L\u00e4nge(mm) Breite(mm) Dicke(mm) Gewicht(g) KX-S144 Tafelmesser 218 17 5,5 72,4 Tafelgabel 199 27 2,2 44,7 Tafell\u00f6ffel 197 43 2,2 52,1 Teel\u00f6ffel 147 32 1,7 22,1 Dessertl\u00f6ffel 171 40 2,1 38,6 &nbsp;<\/p>","protected":false},"featured_media":778,"template":"","meta":{"_seopress_robots_primary_cat":"","_seopress_titles_title":"","_seopress_titles_desc":"","_seopress_robots_index":""},"product_cat":[20],"product_tag":[],"_links":{"self":[{"href":"https:\/\/www.gdkaixuan.com\/de\/wp-json\/wp\/v2\/product\/776"}],"collection":[{"href":"https:\/\/www.gdkaixuan.com\/de\/wp-json\/wp\/v2\/product"}],"about":[{"href":"https:\/\/www.gdkaixuan.com\/de\/wp-json\/wp\/v2\/types\/product"}],"wp:featuredmedia":[{"embeddable":true,"href":"https:\/\/www.gdkaixuan.com\/de\/wp-json\/wp\/v2\/media\/778"}],"wp:attachment":[{"href":"https:\/\/www.gdkaixuan.com\/de\/wp-json\/wp\/v2\/media?parent=776"}],"wp:term":[{"taxonomy":"product_cat","embeddable":true,"href":"https:\/\/www.gdkaixuan.com\/de\/wp-json\/wp\/v2\/product_cat?post=776"},{"taxonomy":"product_tag","embeddable":true,"href":"https:\/\/www.gdkaixuan.com\/de\/wp-json\/wp\/v2\/product_tag?post=776"}],"curies":[{"name":"wp","href":"https:\/\/api.w.org\/{rel}","templated":true}]}}