{"id":750,"date":"2023-04-17T08:14:19","date_gmt":"2023-04-17T08:14:19","guid":{"rendered":"https:\/\/demo.gdjiexun.cn\/?post_type=product&#038;p=750"},"modified":"2023-04-20T08:32:01","modified_gmt":"2023-04-20T08:32:01","slug":"kx-s125-1-wholesale-stainless-steel-flatware-sets-exporter","status":"publish","type":"product","link":"https:\/\/www.gdkaixuan.com\/de\/produkt\/kx-s125-1-groshandel-rostfreier-stahl-flachgeschirr-sets-exporter\/","title":{"rendered":"KX-S125-1 Gro\u00dfhandel Edelstahl-Besteck-Sets Exporteur"},"content":{"rendered":"<p><img fetchpriority=\"high\" decoding=\"async\" class=\"aligncenter size-full wp-image-1268\" src=\"http:\/\/demo.gdjiexun.cn\/wp-content\/uploads\/2023\/04\/Kaixuan-cutlery-KX-S125-1-2.jpg\" alt=\"\" width=\"700\" height=\"700\" srcset=\"https:\/\/www.gdkaixuan.com\/wp-content\/uploads\/2023\/04\/Kaixuan-cutlery-KX-S125-1-2.jpg 700w, https:\/\/www.gdkaixuan.com\/wp-content\/uploads\/2023\/04\/Kaixuan-cutlery-KX-S125-1-2-600x600.jpg 600w, https:\/\/www.gdkaixuan.com\/wp-content\/uploads\/2023\/04\/Kaixuan-cutlery-KX-S125-1-2-100x100.jpg 100w, https:\/\/www.gdkaixuan.com\/wp-content\/uploads\/2023\/04\/Kaixuan-cutlery-KX-S125-1-2-500x500.jpg 500w\" sizes=\"(max-width: 700px) 100vw, 700px\" \/><\/p>\n<h5 style=\"color: #0f4087;\">\u25b8 PRODUKTPARAMETER<\/h5>\n<table style=\"height: 131px; width: 100%; border-collapse: collapse; border-style: solid; border-color: #dddddd;\" border=\"1\">\n<tbody>\n<tr style=\"height: 24px;\">\n<td style=\"width: 17.1956%; height: 24px; border: 1px solid #dddddd; background-color: #f2f2f2;\">Artikel Nr:<\/td>\n<td style=\"width: 16.4575%; height: 24px; border: 1px solid #dddddd; background-color: #f2f2f2;\">Name<\/td>\n<td style=\"width: 15.8672%; height: 24px; border: 1px solid #dddddd; background-color: #f2f2f2;\">L\u00e4nge(mm)<\/td>\n<td style=\"width: 16.8075%; height: 24px; border: 1px solid #dddddd; background-color: #f2f2f2;\">Breite(mm)<\/td>\n<td style=\"width: 16.5862%; border: 1px solid #dddddd; background-color: #f2f2f2; height: 24px;\">Dicke(mm)<\/td>\n<td style=\"width: 17.086%; height: 24px; border: 1px solid #dddddd; background-color: #f2f2f2;\">Gewicht(g)<\/td>\n<\/tr>\n<tr style=\"height: 24px;\">\n<td style=\"width: 17.1956%; height: 107px; border: 1px solid #dddddd; vertical-align: middle;\" rowspan=\"5\">KX-S125-1<\/td>\n<td style=\"width: 16.4575%; height: 25px; border: 1px solid #dddddd;\">Steakmesser<\/td>\n<td style=\"width: 15.8672%; height: 25px; border: 1px solid #dddddd;\">218<\/td>\n<td style=\"width: 16.8075%; height: 25px; border: 1px solid #dddddd;\">22<\/td>\n<td style=\"width: 16.5862%; border: 1px solid #dddddd; height: 25px;\">4.3<\/td>\n<td style=\"width: 17.086%; height: 25px; border: 1px solid #dddddd;\">62<\/td>\n<\/tr>\n<tr style=\"height: 24px;\">\n<td style=\"width: 16.4575%; height: 23px; border: 1px solid #dddddd;\">Tafelgabel<\/td>\n<td style=\"width: 15.8672%; height: 23px; border: 1px solid #dddddd;\">205<\/td>\n<td style=\"width: 16.8075%; height: 23px; border: 1px solid #dddddd;\">26<\/td>\n<td style=\"width: 16.5862%; border: 1px solid #dddddd; height: 23px;\">2<\/td>\n<td style=\"width: 17.086%; height: 23px; border: 1px solid #dddddd;\">36<\/td>\n<\/tr>\n<tr style=\"height: 24px;\">\n<td style=\"width: 16.4575%; height: 25px; border: 1px solid #dddddd;\">Tafell\u00f6ffel<\/td>\n<td style=\"width: 15.8672%; height: 25px; border: 1px solid #dddddd;\">202<\/td>\n<td style=\"width: 16.8075%; height: 25px; border: 1px solid #dddddd;\">45<\/td>\n<td style=\"width: 16.5862%; border: 1px solid #dddddd; height: 25px;\">2<\/td>\n<td style=\"width: 17.086%; height: 25px; border: 1px solid #dddddd;\">44<\/td>\n<\/tr>\n<tr style=\"height: 41px;\">\n<td style=\"width: 16.4575%; border: 1px solid #dddddd; height: 10px;\">Teel\u00f6ffel<\/td>\n<td style=\"width: 15.8672%; border: 1px solid #dddddd; height: 10px;\">158<\/td>\n<td style=\"width: 16.8075%; border: 1px solid #dddddd; height: 10px;\">34<\/td>\n<td style=\"width: 16.5862%; border: 1px solid #dddddd; height: 10px;\">2<\/td>\n<td style=\"width: 17.086%; border: 1px solid #dddddd; height: 10px;\">25.1<\/td>\n<\/tr>\n<tr style=\"height: 24px;\">\n<td style=\"width: 16.4575%; border: 1px solid #dddddd; height: 24px;\">Tee-Gabel<\/td>\n<td style=\"width: 15.8672%; border: 1px solid #dddddd; height: 24px;\">163<\/td>\n<td style=\"width: 16.8075%; border: 1px solid #dddddd; height: 24px;\">23<\/td>\n<td style=\"width: 16.5862%; border: 1px solid #dddddd; height: 24px;\">2<\/td>\n<td style=\"width: 17.086%; border: 1px solid #dddddd; height: 24px;\">24.2<\/td>\n<\/tr>\n<\/tbody>\n<\/table>\n<p>&nbsp;<\/p>","protected":false},"excerpt":{"rendered":"<p>\u25b8 PRODUKTPARAMETER Artikel-Nr.: Name L\u00e4nge(mm) Breite(mm) Dicke(mm) Gewicht(g) KX-S125-1 Steakmesser 218 22 4.3 62 Tafelgabel 205 26 2 36 Tafell\u00f6ffel 202 45 2 44 Teel\u00f6ffel 158 34 2 25.1 Teegabel 163 23 2 24.2 &nbsp;<\/p>","protected":false},"featured_media":1268,"template":"","meta":{"_seopress_robots_primary_cat":"","_seopress_titles_title":"","_seopress_titles_desc":"","_seopress_robots_index":""},"product_cat":[20],"product_tag":[],"_links":{"self":[{"href":"https:\/\/www.gdkaixuan.com\/de\/wp-json\/wp\/v2\/product\/750"}],"collection":[{"href":"https:\/\/www.gdkaixuan.com\/de\/wp-json\/wp\/v2\/product"}],"about":[{"href":"https:\/\/www.gdkaixuan.com\/de\/wp-json\/wp\/v2\/types\/product"}],"wp:featuredmedia":[{"embeddable":true,"href":"https:\/\/www.gdkaixuan.com\/de\/wp-json\/wp\/v2\/media\/1268"}],"wp:attachment":[{"href":"https:\/\/www.gdkaixuan.com\/de\/wp-json\/wp\/v2\/media?parent=750"}],"wp:term":[{"taxonomy":"product_cat","embeddable":true,"href":"https:\/\/www.gdkaixuan.com\/de\/wp-json\/wp\/v2\/product_cat?post=750"},{"taxonomy":"product_tag","embeddable":true,"href":"https:\/\/www.gdkaixuan.com\/de\/wp-json\/wp\/v2\/product_tag?post=750"}],"curies":[{"name":"wp","href":"https:\/\/api.w.org\/{rel}","templated":true}]}}