{"id":627,"date":"2023-04-16T07:12:03","date_gmt":"2023-04-16T07:12:03","guid":{"rendered":"https:\/\/demo.gdjiexun.cn\/?post_type=product&#038;p=627"},"modified":"2023-07-18T09:34:04","modified_gmt":"2023-07-18T09:34:04","slug":"kx-b001-oem-stainless-steel-flatware-sets-factory-from-china","status":"publish","type":"product","link":"https:\/\/www.gdkaixuan.com\/de\/produkt\/kx-b001-oem-rostfreier-stahl-flachwaren-sets-fabrik-von-china\/","title":{"rendered":"KX-B001 OEM-Edelstahl-Besteck-Sets Fabrik aus China"},"content":{"rendered":"<p><img fetchpriority=\"high\" decoding=\"async\" class=\"aligncenter size-full wp-image-629\" src=\"http:\/\/demo.gdjiexun.cn\/wp-content\/uploads\/2023\/04\/Kaixuan-cutlery-KX-B001-1.jpg\" alt=\"\" width=\"700\" height=\"466\" srcset=\"https:\/\/www.gdkaixuan.com\/wp-content\/uploads\/2023\/04\/Kaixuan-cutlery-KX-B001-1.jpg 700w, https:\/\/www.gdkaixuan.com\/wp-content\/uploads\/2023\/04\/Kaixuan-cutlery-KX-B001-1-600x399.jpg 600w, https:\/\/www.gdkaixuan.com\/wp-content\/uploads\/2023\/04\/Kaixuan-cutlery-KX-B001-1-300x200.jpg 300w\" sizes=\"(max-width: 700px) 100vw, 700px\" \/><\/p>\n<p>&nbsp;<\/p>\n<h5 style=\"color: #0f4087;\">\u25b8 PRODUKTPARAMETER<\/h5>\n<table style=\"height: 179px; width: 100%; border-collapse: collapse; border-style: solid; border-color: #dddddd;\" border=\"1\">\n<tbody>\n<tr style=\"height: 24px;\">\n<td style=\"width: 17.1956%; height: 24px; border: 1px solid #dddddd; background-color: #f2f2f2;\">Artikel Nr:<\/td>\n<td style=\"width: 16.4575%; height: 24px; border: 1px solid #dddddd; background-color: #f2f2f2;\">Name<\/td>\n<td style=\"width: 15.8672%; height: 24px; border: 1px solid #dddddd; background-color: #f2f2f2;\">L\u00e4nge(mm)<\/td>\n<td style=\"width: 16.8075%; height: 24px; border: 1px solid #dddddd; background-color: #f2f2f2;\">Breite(mm)<\/td>\n<td style=\"width: 16.5862%; border: 1px solid #dddddd; background-color: #f2f2f2; height: 24px;\">Dicke(mm)<\/td>\n<td style=\"width: 17.086%; height: 24px; border: 1px solid #dddddd; background-color: #f2f2f2;\">Gewicht(g)<\/td>\n<\/tr>\n<tr style=\"height: 24px;\">\n<td style=\"width: 17.1956%; height: 155px; border: 1px solid #dddddd; vertical-align: middle;\" rowspan=\"4\">KX-B001<\/td>\n<td style=\"width: 16.4575%; height: 39px; border: 1px solid #dddddd;\">Tafelmesser<\/td>\n<td style=\"width: 15.8672%; height: 39px; border: 1px solid #dddddd;\">235<\/td>\n<td style=\"width: 16.8075%; height: 39px; border: 1px solid #dddddd;\">19<\/td>\n<td style=\"width: 16.5862%; border: 1px solid #dddddd; height: 39px;\">7<\/td>\n<td style=\"width: 17.086%; height: 39px; border: 1px solid #dddddd;\">75.4<\/td>\n<\/tr>\n<tr style=\"height: 24px;\">\n<td style=\"width: 16.4575%; height: 38px; border: 1px solid #dddddd;\">Tafelgabel<\/td>\n<td style=\"width: 15.8672%; height: 38px; border: 1px solid #dddddd;\">200<\/td>\n<td style=\"width: 16.8075%; height: 38px; border: 1px solid #dddddd;\">24<\/td>\n<td style=\"width: 16.5862%; border: 1px solid #dddddd; height: 38px;\">6<\/td>\n<td style=\"width: 17.086%; height: 38px; border: 1px solid #dddddd;\">58<\/td>\n<\/tr>\n<tr style=\"height: 24px;\">\n<td style=\"width: 16.4575%; height: 37px; border: 1px solid #dddddd;\">Tafell\u00f6ffel<\/td>\n<td style=\"width: 15.8672%; height: 37px; border: 1px solid #dddddd;\">201<\/td>\n<td style=\"width: 16.8075%; height: 37px; border: 1px solid #dddddd;\">44<\/td>\n<td style=\"width: 16.5862%; border: 1px solid #dddddd; height: 37px;\">6<\/td>\n<td style=\"width: 17.086%; height: 37px; border: 1px solid #dddddd;\">77.7<\/td>\n<\/tr>\n<tr style=\"height: 41px;\">\n<td style=\"width: 16.4575%; border: 1px solid #dddddd; height: 41px;\">Teel\u00f6ffel<\/td>\n<td style=\"width: 15.8672%; border: 1px solid #dddddd; height: 41px;\">149<\/td>\n<td style=\"width: 16.8075%; border: 1px solid #dddddd; height: 41px;\">30<\/td>\n<td style=\"width: 16.5862%; border: 1px solid #dddddd; height: 41px;\">5<\/td>\n<td style=\"width: 17.086%; border: 1px solid #dddddd; height: 41px;\">43<\/td>\n<\/tr>\n<\/tbody>\n<\/table>\n<p>&nbsp;<\/p>","protected":false},"excerpt":{"rendered":"<p>&nbsp; \u25b8 PRODUKTPARAMETER Artikel-Nr.: Name L\u00e4nge(mm) Breite(mm) Dicke(mm) Gewicht(g) KX-B001 Tafelmesser 235 19 7 75,4 Tafelgabel 200 24 6 58 Tafell\u00f6ffel 201 44 6 77,7 Teel\u00f6ffel 149 30 5 43 &nbsp;<\/p>","protected":false},"featured_media":628,"template":"","meta":{"_seopress_robots_primary_cat":"none","_seopress_titles_title":"","_seopress_titles_desc":"","_seopress_robots_index":""},"product_cat":[20],"product_tag":[],"_links":{"self":[{"href":"https:\/\/www.gdkaixuan.com\/de\/wp-json\/wp\/v2\/product\/627"}],"collection":[{"href":"https:\/\/www.gdkaixuan.com\/de\/wp-json\/wp\/v2\/product"}],"about":[{"href":"https:\/\/www.gdkaixuan.com\/de\/wp-json\/wp\/v2\/types\/product"}],"wp:featuredmedia":[{"embeddable":true,"href":"https:\/\/www.gdkaixuan.com\/de\/wp-json\/wp\/v2\/media\/628"}],"wp:attachment":[{"href":"https:\/\/www.gdkaixuan.com\/de\/wp-json\/wp\/v2\/media?parent=627"}],"wp:term":[{"taxonomy":"product_cat","embeddable":true,"href":"https:\/\/www.gdkaixuan.com\/de\/wp-json\/wp\/v2\/product_cat?post=627"},{"taxonomy":"product_tag","embeddable":true,"href":"https:\/\/www.gdkaixuan.com\/de\/wp-json\/wp\/v2\/product_tag?post=627"}],"curies":[{"name":"wp","href":"https:\/\/api.w.org\/{rel}","templated":true}]}}