{"id":1993,"date":"2024-07-15T07:28:04","date_gmt":"2024-07-15T07:28:04","guid":{"rendered":"https:\/\/www.gdkaixuan.com\/?post_type=product&#038;p=1993"},"modified":"2024-08-02T08:26:20","modified_gmt":"2024-08-02T08:26:20","slug":"kx-s8000-custom-stainless-steel-flatware-sets-manufacturers-in-china","status":"publish","type":"product","link":"https:\/\/www.gdkaixuan.com\/de\/produkt\/kx-s8000-sonderanfertigungen-rostfreier-stahl-flatware-sets-hersteller-in-china\/","title":{"rendered":"KX-S8000 benutzerdefinierte Edelstahl-Besteck-Sets Hersteller in China"},"content":{"rendered":"<p><a href=\"https:\/\/www.gdkaixuan.com\/de\/?attachment_id=1994\/\" rel=\"attachment wp-att-1994\"><img fetchpriority=\"high\" decoding=\"async\" class=\"aligncenter size-full wp-image-1994\" src=\"https:\/\/www.gdkaixuan.com\/wp-content\/uploads\/2024\/07\/8000.webp\" alt=\"kx s215 benutzerdefinierte edelstahlbesteck sets hersteller in china (\u590d\u5236)\" width=\"700\" height=\"700\" srcset=\"https:\/\/www.gdkaixuan.com\/wp-content\/uploads\/2024\/07\/8000.webp 700w, https:\/\/www.gdkaixuan.com\/wp-content\/uploads\/2024\/07\/8000-600x600.webp 600w, https:\/\/www.gdkaixuan.com\/wp-content\/uploads\/2024\/07\/8000-100x100.webp 100w, https:\/\/www.gdkaixuan.com\/wp-content\/uploads\/2024\/07\/8000-500x500.webp 500w, https:\/\/www.gdkaixuan.com\/wp-content\/uploads\/2024\/07\/8000-12x12.webp 12w\" sizes=\"(max-width: 700px) 100vw, 700px\" \/><\/a><\/p>\n<h5 style=\"color: #0f4087;\">\u25b8 PRODUKTPARAMETER<\/h5>\n<table style=\"height: 131px; width: 100%; border-collapse: collapse; border-style: solid; border-color: #dddddd;\" border=\"1\">\n<tbody>\n<tr style=\"height: 24px;\">\n<td style=\"width: 17.1956%; height: 24px; border: 1px solid #dddddd; background-color: #f2f2f2;\">Artikel Nr:<\/td>\n<td style=\"width: 16.6707%; height: 24px; border: 1px solid #dddddd; background-color: #f2f2f2;\">Name<\/td>\n<td style=\"width: 15.654%; height: 24px; border: 1px solid #dddddd; background-color: #f2f2f2;\">L\u00e4nge(mm)<\/td>\n<td style=\"width: 16.8075%; height: 24px; border: 1px solid #dddddd; background-color: #f2f2f2;\">Breite(mm)<\/td>\n<td style=\"width: 16.5862%; border: 1px solid #dddddd; background-color: #f2f2f2; height: 24px;\">Dicke(mm)<\/td>\n<td style=\"width: 17.086%; height: 24px; border: 1px solid #dddddd; background-color: #f2f2f2;\">Gewicht(g)<\/td>\n<\/tr>\n<tr style=\"height: 24px;\">\n<td style=\"width: 17.1956%; height: 107px; border: 1px solid #dddddd; vertical-align: middle;\" rowspan=\"6\">KX-S8000<\/td>\n<td style=\"width: 16.6707%; height: 25px; border: 1px solid #dddddd;\">Tafelmesser<\/td>\n<td style=\"width: 15.654%; height: 25px; border: 1px solid #dddddd;\">224<\/td>\n<td style=\"width: 16.8075%; height: 25px; border: 1px solid #dddddd;\">18<\/td>\n<td style=\"width: 16.5862%; border: 1px solid #dddddd; height: 25px;\">6.5<\/td>\n<td style=\"width: 17.086%; height: 25px; border: 1px solid #dddddd;\">48.5<\/td>\n<\/tr>\n<tr style=\"height: 24px;\">\n<td style=\"width: 16.6707%; height: 23px; border: 1px solid #dddddd;\">Essgabel<\/td>\n<td style=\"width: 15.654%; height: 23px; border: 1px solid #dddddd;\">211<\/td>\n<td style=\"width: 16.8075%; height: 23px; border: 1px solid #dddddd;\">27<\/td>\n<td style=\"width: 16.5862%; border: 1px solid #dddddd; height: 23px;\">6.2<\/td>\n<td style=\"width: 17.086%; height: 23px; border: 1px solid #dddddd;\">51.8<\/td>\n<\/tr>\n<tr style=\"height: 24px;\">\n<td style=\"width: 16.6707%; height: 25px; border: 1px solid #dddddd;\">Tafell\u00f6ffel<\/td>\n<td style=\"width: 15.654%; height: 25px; border: 1px solid #dddddd;\">210<\/td>\n<td style=\"width: 16.8075%; height: 25px; border: 1px solid #dddddd;\">45<\/td>\n<td style=\"width: 16.5862%; border: 1px solid #dddddd; height: 25px;\">6.2<\/td>\n<td style=\"width: 17.086%; height: 25px; border: 1px solid #dddddd;\">73.4<\/td>\n<\/tr>\n<tr style=\"height: 41px;\">\n<td style=\"width: 16.6707%; border: 1px solid #dddddd; height: 10px;\">Dessertmesser<\/td>\n<td style=\"width: 15.654%; border: 1px solid #dddddd; height: 10px;\">198<\/td>\n<td style=\"width: 16.8075%; border: 1px solid #dddddd; height: 10px;\">17<\/td>\n<td style=\"width: 16.5862%; border: 1px solid #dddddd; height: 10px;\">6.0<\/td>\n<td style=\"width: 17.086%; border: 1px solid #dddddd; height: 10px;\">41.2<\/td>\n<\/tr>\n<tr>\n<td style=\"width: 16.6707%; border: 1px solid #dddddd;\">Dessertgabel<\/td>\n<td style=\"width: 15.654%; border: 1px solid #dddddd;\">181<\/td>\n<td style=\"width: 16.8075%; border: 1px solid #dddddd;\">24<\/td>\n<td style=\"width: 16.5862%; border: 1px solid #dddddd;\">6.2<\/td>\n<td style=\"width: 17.086%; border: 1px solid #dddddd;\">41.2<\/td>\n<\/tr>\n<tr>\n<td style=\"width: 16.6707%; border: 1px solid #dddddd;\">Dessertl\u00f6ffel<\/td>\n<td style=\"width: 15.654%; border: 1px solid #dddddd;\">180<\/td>\n<td style=\"width: 16.8075%; border: 1px solid #dddddd;\">37<\/td>\n<td style=\"width: 16.5862%; border: 1px solid #dddddd;\">6.2<\/td>\n<td style=\"width: 17.086%; border: 1px solid #dddddd;\">54.8<\/td>\n<\/tr>\n<\/tbody>\n<\/table>\n<p>&nbsp;<\/p>","protected":false},"excerpt":{"rendered":"<p>\u25b8 PRODUKTPARAMETER Artikel-Nr.: Name L\u00e4nge(mm) Breite(mm) Dicke(mm) Gewicht(g) KX-S8000 Tafelmesser 224 18 6.5 48.5 Tafelgabel 211 27 6.2 51.8 Tafell\u00f6ffel 210 45 6.2 73.4 Dessertmesser 198 17 6.0 41.2 Dessertgabel 181 24 6.2 41.2 Dessertl\u00f6ffel 180 37 6.2 54.8 &nbsp;<\/p>","protected":false},"featured_media":1994,"template":"","meta":{"_seopress_robots_primary_cat":"none","_seopress_titles_title":"","_seopress_titles_desc":"","_seopress_robots_index":""},"product_cat":[20],"product_tag":[],"_links":{"self":[{"href":"https:\/\/www.gdkaixuan.com\/de\/wp-json\/wp\/v2\/product\/1993"}],"collection":[{"href":"https:\/\/www.gdkaixuan.com\/de\/wp-json\/wp\/v2\/product"}],"about":[{"href":"https:\/\/www.gdkaixuan.com\/de\/wp-json\/wp\/v2\/types\/product"}],"wp:featuredmedia":[{"embeddable":true,"href":"https:\/\/www.gdkaixuan.com\/de\/wp-json\/wp\/v2\/media\/1994"}],"wp:attachment":[{"href":"https:\/\/www.gdkaixuan.com\/de\/wp-json\/wp\/v2\/media?parent=1993"}],"wp:term":[{"taxonomy":"product_cat","embeddable":true,"href":"https:\/\/www.gdkaixuan.com\/de\/wp-json\/wp\/v2\/product_cat?post=1993"},{"taxonomy":"product_tag","embeddable":true,"href":"https:\/\/www.gdkaixuan.com\/de\/wp-json\/wp\/v2\/product_tag?post=1993"}],"curies":[{"name":"wp","href":"https:\/\/api.w.org\/{rel}","templated":true}]}}