{"id":1991,"date":"2024-07-20T07:21:30","date_gmt":"2024-07-20T07:21:30","guid":{"rendered":"https:\/\/www.gdkaixuan.com\/?post_type=product&#038;p=1991"},"modified":"2024-08-02T08:29:19","modified_gmt":"2024-08-02T08:29:19","slug":"kx-s3118-odm-stainless-steel-cutlery-sets-suppliers-in-china","status":"publish","type":"product","link":"https:\/\/www.gdkaixuan.com\/de\/produkt\/kx-s3118-odm-rostfreier-stahl-besteck-sets-lieferanten-in-china\/","title":{"rendered":"KX-S3118 ODM-Edelstahl-Bestecksets Lieferanten in China"},"content":{"rendered":"<p><a href=\"https:\/\/www.gdkaixuan.com\/de\/?attachment_id=1992\/\" rel=\"attachment wp-att-1992\"><img fetchpriority=\"high\" decoding=\"async\" class=\"aligncenter size-full wp-image-1992\" src=\"https:\/\/www.gdkaixuan.com\/wp-content\/uploads\/2024\/07\/3118.webp\" alt=\"kx s3118 odm edelstahlbesteck lieferanten in china\" width=\"700\" height=\"700\" srcset=\"https:\/\/www.gdkaixuan.com\/wp-content\/uploads\/2024\/07\/3118.webp 700w, https:\/\/www.gdkaixuan.com\/wp-content\/uploads\/2024\/07\/3118-600x600.webp 600w, https:\/\/www.gdkaixuan.com\/wp-content\/uploads\/2024\/07\/3118-100x100.webp 100w, https:\/\/www.gdkaixuan.com\/wp-content\/uploads\/2024\/07\/3118-500x500.webp 500w, https:\/\/www.gdkaixuan.com\/wp-content\/uploads\/2024\/07\/3118-12x12.webp 12w\" sizes=\"(max-width: 700px) 100vw, 700px\" \/><\/a><\/p>\n<p>&nbsp;<\/p>\n<h5 style=\"color: #0f4087;\">\u25b8 PRODUKTPARAMETER<\/h5>\n<table style=\"height: 169px; width: 100%; border-collapse: collapse; border-style: solid; border-color: #dddddd;\" border=\"1\">\n<tbody>\n<tr style=\"height: 24px;\">\n<td style=\"width: 17.1956%; height: 24px; border: 1px solid #dddddd; background-color: #f2f2f2;\">Artikel Nr:<\/td>\n<td style=\"width: 16.4575%; height: 24px; border: 1px solid #dddddd; background-color: #f2f2f2;\">Name<\/td>\n<td style=\"width: 15.8672%; height: 24px; border: 1px solid #dddddd; background-color: #f2f2f2;\">L\u00e4nge(mm)<\/td>\n<td style=\"width: 16.8075%; height: 24px; border: 1px solid #dddddd; background-color: #f2f2f2;\">Breite(mm)<\/td>\n<td style=\"width: 16.5862%; border: 1px solid #dddddd; background-color: #f2f2f2; height: 24px;\">Dicke(mm)<\/td>\n<td style=\"width: 17.086%; height: 24px; border: 1px solid #dddddd; background-color: #f2f2f2;\">Gewicht(g)<\/td>\n<\/tr>\n<tr style=\"height: 24px;\">\n<td style=\"width: 17.1956%; height: 145px; border: 1px solid #dddddd; vertical-align: middle;\" rowspan=\"6\">KX-S3118<\/td>\n<td style=\"width: 16.4575%; height: 24px; border: 1px solid #dddddd;\">Tafelmesser<\/td>\n<td style=\"width: 15.8672%; height: 24px; border: 1px solid #dddddd;\">230<\/td>\n<td style=\"width: 16.8075%; height: 24px; border: 1px solid #dddddd;\">21<\/td>\n<td style=\"width: 16.5862%; border: 1px solid #dddddd; height: 24px;\">7.2<\/td>\n<td style=\"width: 17.086%; height: 24px; border: 1px solid #dddddd;\">93.0<\/td>\n<\/tr>\n<tr style=\"height: 24px;\">\n<td style=\"width: 16.4575%; height: 25px; border: 1px solid #dddddd;\">Kuchengabel<\/td>\n<td style=\"width: 15.8672%; height: 25px; border: 1px solid #dddddd;\">179<\/td>\n<td style=\"width: 16.8075%; height: 25px; border: 1px solid #dddddd;\">28<\/td>\n<td style=\"width: 16.5862%; border: 1px solid #dddddd; height: 25px;\">3.5<\/td>\n<td style=\"width: 17.086%; height: 25px; border: 1px solid #dddddd;\">39.2<\/td>\n<\/tr>\n<tr style=\"height: 24px;\">\n<td style=\"width: 16.4575%; height: 24px; border: 1px solid #dddddd;\">Tafell\u00f6ffel<\/td>\n<td style=\"width: 15.8672%; height: 24px; border: 1px solid #dddddd;\">180<\/td>\n<td style=\"width: 16.8075%; height: 24px; border: 1px solid #dddddd;\">38<\/td>\n<td style=\"width: 16.5862%; border: 1px solid #dddddd; height: 24px;\">3.5<\/td>\n<td style=\"width: 17.086%; height: 24px; border: 1px solid #dddddd;\">46.2<\/td>\n<\/tr>\n<tr style=\"height: 24px;\">\n<td style=\"width: 16.4575%; height: 24px; border: 1px solid #dddddd;\">Teel\u00f6ffel<\/td>\n<td style=\"width: 15.8672%; height: 24px; border: 1px solid #dddddd;\">154<\/td>\n<td style=\"width: 16.8075%; height: 24px; border: 1px solid #dddddd;\">33<\/td>\n<td style=\"width: 16.5862%; border: 1px solid #dddddd; height: 24px;\">2.8<\/td>\n<td style=\"width: 17.086%; height: 24px; border: 1px solid #dddddd;\">30.0<\/td>\n<\/tr>\n<tr>\n<td style=\"width: 16.4575%; border: 1px solid #dddddd;\">Bouillonl\u00f6ffel<\/td>\n<td style=\"width: 15.8672%; border: 1px solid #dddddd;\">153<\/td>\n<td style=\"width: 16.8075%; border: 1px solid #dddddd;\">43<\/td>\n<td style=\"width: 16.5862%; border: 1px solid #dddddd;\">2.8<\/td>\n<td style=\"width: 17.086%; border: 1px solid #dddddd;\">35.4<\/td>\n<\/tr>\n<tr>\n<td style=\"width: 16.4575%; border: 1px solid #dddddd;\">Salatgabel<\/td>\n<td style=\"width: 15.8672%; border: 1px solid #dddddd;\">164<\/td>\n<td style=\"width: 16.8075%; border: 1px solid #dddddd;\">23<\/td>\n<td style=\"width: 16.5862%; border: 1px solid #dddddd;\">2.8<\/td>\n<td style=\"width: 17.086%; border: 1px solid #dddddd;\">26.3<\/td>\n<\/tr>\n<\/tbody>\n<\/table>\n<p>&nbsp;<\/p>","protected":false},"excerpt":{"rendered":"<p>&nbsp; \u25b8 PRODUKTPARAMETER Artikel-Nr.: Name L\u00e4nge(mm) Breite(mm) Dicke(mm) Gewicht(g) KX-S3118 Tafelmesser 230 21 7,2 93,0 Tafelgabel 179 28 3,5 39,2 Essl\u00f6ffel 180 38 3,5 46,2 Teel\u00f6ffel 154 33 2,8 30,0 Bouillonl\u00f6ffel 153 43 2,8 35,4 Salatgabel 164 23 2,8 26,3 &nbsp;<\/p>","protected":false},"featured_media":1992,"template":"","meta":{"_seopress_robots_primary_cat":"none","_seopress_titles_title":"","_seopress_titles_desc":"","_seopress_robots_index":""},"product_cat":[20],"product_tag":[],"_links":{"self":[{"href":"https:\/\/www.gdkaixuan.com\/de\/wp-json\/wp\/v2\/product\/1991"}],"collection":[{"href":"https:\/\/www.gdkaixuan.com\/de\/wp-json\/wp\/v2\/product"}],"about":[{"href":"https:\/\/www.gdkaixuan.com\/de\/wp-json\/wp\/v2\/types\/product"}],"wp:featuredmedia":[{"embeddable":true,"href":"https:\/\/www.gdkaixuan.com\/de\/wp-json\/wp\/v2\/media\/1992"}],"wp:attachment":[{"href":"https:\/\/www.gdkaixuan.com\/de\/wp-json\/wp\/v2\/media?parent=1991"}],"wp:term":[{"taxonomy":"product_cat","embeddable":true,"href":"https:\/\/www.gdkaixuan.com\/de\/wp-json\/wp\/v2\/product_cat?post=1991"},{"taxonomy":"product_tag","embeddable":true,"href":"https:\/\/www.gdkaixuan.com\/de\/wp-json\/wp\/v2\/product_tag?post=1991"}],"curies":[{"name":"wp","href":"https:\/\/api.w.org\/{rel}","templated":true}]}}