{"id":1989,"date":"2024-07-19T07:17:47","date_gmt":"2024-07-19T07:17:47","guid":{"rendered":"https:\/\/www.gdkaixuan.com\/?post_type=product&#038;p=1989"},"modified":"2024-08-02T08:28:01","modified_gmt":"2024-08-02T08:28:01","slug":"kx-s3111-custom-stainless-steel-flatware-sets-manufacturers-in-china","status":"publish","type":"product","link":"https:\/\/www.gdkaixuan.com\/de\/produkt\/kx-s3111-individuelle-rostfreier-stahl-flachwaren-sets-hersteller-in-china\/","title":{"rendered":"KX-S3111 benutzerdefinierte Edelstahl-Besteck-Sets Hersteller in China"},"content":{"rendered":"<p><a href=\"https:\/\/www.gdkaixuan.com\/de\/?attachment_id=1990\/\" rel=\"attachment wp-att-1990\"><img fetchpriority=\"high\" decoding=\"async\" class=\"aligncenter size-full wp-image-1990\" src=\"https:\/\/www.gdkaixuan.com\/wp-content\/uploads\/2024\/07\/3111.webp\" alt=\"kx d025 6 benutzerdefinierte Edelstahl-Besteck-Sets Hersteller in China (\u590d\u5236)\" width=\"700\" height=\"700\" srcset=\"https:\/\/www.gdkaixuan.com\/wp-content\/uploads\/2024\/07\/3111.webp 700w, https:\/\/www.gdkaixuan.com\/wp-content\/uploads\/2024\/07\/3111-600x600.webp 600w, https:\/\/www.gdkaixuan.com\/wp-content\/uploads\/2024\/07\/3111-100x100.webp 100w, https:\/\/www.gdkaixuan.com\/wp-content\/uploads\/2024\/07\/3111-500x500.webp 500w, https:\/\/www.gdkaixuan.com\/wp-content\/uploads\/2024\/07\/3111-12x12.webp 12w\" sizes=\"(max-width: 700px) 100vw, 700px\" \/><\/a><\/p>\n<h5 style=\"color: #0f4087;\">\u25b8 PRODUKTPARAMETER<\/h5>\n<table style=\"height: 179px; width: 100%; border-collapse: collapse; border-style: solid; border-color: #dddddd;\" border=\"1\">\n<tbody>\n<tr style=\"height: 24px;\">\n<td style=\"width: 17.1956%; height: 24px; border: 1px solid #dddddd; background-color: #f2f2f2;\">Artikel Nr:<\/td>\n<td style=\"width: 16.4575%; height: 24px; border: 1px solid #dddddd; background-color: #f2f2f2;\">Name<\/td>\n<td style=\"width: 15.8672%; height: 24px; border: 1px solid #dddddd; background-color: #f2f2f2;\">L\u00e4nge(mm)<\/td>\n<td style=\"width: 16.8075%; height: 24px; border: 1px solid #dddddd; background-color: #f2f2f2;\">Breite(mm)<\/td>\n<td style=\"width: 16.5862%; border: 1px solid #dddddd; background-color: #f2f2f2; height: 24px;\">Dicke(mm)<\/td>\n<td style=\"width: 17.086%; height: 24px; border: 1px solid #dddddd; background-color: #f2f2f2;\">Gewicht(g)<\/td>\n<\/tr>\n<tr style=\"height: 24px;\">\n<td style=\"width: 17.1956%; height: 155px; border: 1px solid #dddddd; vertical-align: middle;\" rowspan=\"4\">KX-S3111<\/td>\n<td style=\"width: 16.4575%; height: 39px; border: 1px solid #dddddd;\">Tafelmesser<\/td>\n<td style=\"width: 15.8672%; height: 39px; border: 1px solid #dddddd;\">188<\/td>\n<td style=\"width: 16.8075%; height: 39px; border: 1px solid #dddddd;\">18<\/td>\n<td style=\"width: 16.5862%; border: 1px solid #dddddd; height: 39px;\">5.5<\/td>\n<td style=\"width: 17.086%; height: 39px; border: 1px solid #dddddd;\">68.9<\/td>\n<\/tr>\n<tr style=\"height: 24px;\">\n<td style=\"width: 16.4575%; height: 38px; border: 1px solid #dddddd;\">Essgabel<\/td>\n<td style=\"width: 15.8672%; height: 38px; border: 1px solid #dddddd;\">195<\/td>\n<td style=\"width: 16.8075%; height: 38px; border: 1px solid #dddddd;\">23<\/td>\n<td style=\"width: 16.5862%; border: 1px solid #dddddd; height: 38px;\">2.2<\/td>\n<td style=\"width: 17.086%; height: 38px; border: 1px solid #dddddd;\">36.0<\/td>\n<\/tr>\n<tr style=\"height: 24px;\">\n<td style=\"width: 16.4575%; height: 37px; border: 1px solid #dddddd;\">Tafell\u00f6ffel<\/td>\n<td style=\"width: 15.8672%; height: 37px; border: 1px solid #dddddd;\">183<\/td>\n<td style=\"width: 16.8075%; height: 37px; border: 1px solid #dddddd;\">41<\/td>\n<td style=\"width: 16.5862%; border: 1px solid #dddddd; height: 37px;\">2.2<\/td>\n<td style=\"width: 17.086%; height: 37px; border: 1px solid #dddddd;\">41.4<\/td>\n<\/tr>\n<tr style=\"height: 41px;\">\n<td style=\"width: 16.4575%; border: 1px solid #dddddd; height: 41px;\">Teel\u00f6ffel<\/td>\n<td style=\"width: 15.8672%; border: 1px solid #dddddd; height: 41px;\">153<\/td>\n<td style=\"width: 16.8075%; border: 1px solid #dddddd; height: 41px;\">31<\/td>\n<td style=\"width: 16.5862%; border: 1px solid #dddddd; height: 41px;\">1.8<\/td>\n<td style=\"width: 17.086%; border: 1px solid #dddddd; height: 41px;\">22.8<\/td>\n<\/tr>\n<\/tbody>\n<\/table>\n<p>&nbsp;<\/p>","protected":false},"excerpt":{"rendered":"<p>\u25b8 PRODUKTPARAMETER Artikel-Nr.: Name L\u00e4nge(mm) Breite(mm) Dicke(mm) Gewicht(g) KX-S3111 Tafelmesser 188 18 5,5 68,9 Tafelgabel 195 23 2,2 36,0 Kochl\u00f6ffel 183 41 2,2 41,4 Teel\u00f6ffel 153 31 1,8 22,8 &nbsp;<\/p>","protected":false},"featured_media":1990,"template":"","meta":{"_seopress_robots_primary_cat":"none","_seopress_titles_title":"","_seopress_titles_desc":"","_seopress_robots_index":""},"product_cat":[20],"product_tag":[],"_links":{"self":[{"href":"https:\/\/www.gdkaixuan.com\/de\/wp-json\/wp\/v2\/product\/1989"}],"collection":[{"href":"https:\/\/www.gdkaixuan.com\/de\/wp-json\/wp\/v2\/product"}],"about":[{"href":"https:\/\/www.gdkaixuan.com\/de\/wp-json\/wp\/v2\/types\/product"}],"wp:featuredmedia":[{"embeddable":true,"href":"https:\/\/www.gdkaixuan.com\/de\/wp-json\/wp\/v2\/media\/1990"}],"wp:attachment":[{"href":"https:\/\/www.gdkaixuan.com\/de\/wp-json\/wp\/v2\/media?parent=1989"}],"wp:term":[{"taxonomy":"product_cat","embeddable":true,"href":"https:\/\/www.gdkaixuan.com\/de\/wp-json\/wp\/v2\/product_cat?post=1989"},{"taxonomy":"product_tag","embeddable":true,"href":"https:\/\/www.gdkaixuan.com\/de\/wp-json\/wp\/v2\/product_tag?post=1989"}],"curies":[{"name":"wp","href":"https:\/\/api.w.org\/{rel}","templated":true}]}}