{"id":1985,"date":"2024-07-26T07:09:39","date_gmt":"2024-07-26T07:09:39","guid":{"rendered":"https:\/\/www.gdkaixuan.com\/?post_type=product&#038;p=1985"},"modified":"2024-08-02T08:31:14","modified_gmt":"2024-08-02T08:31:14","slug":"kx-s313-custom-stainless-steel-flatware-sets-manufacturers-in-china","status":"publish","type":"product","link":"https:\/\/www.gdkaixuan.com\/de\/produkt\/kx-s313-sonderanfertigung-rostfreier-stahl-flachwaren-sets-hersteller-in-china\/","title":{"rendered":"KX-S313 benutzerdefinierte Edelstahl-Besteck-Sets Hersteller in China"},"content":{"rendered":"<p><a href=\"https:\/\/www.gdkaixuan.com\/de\/?attachment_id=1986\/\" rel=\"attachment wp-att-1986\"><img fetchpriority=\"high\" decoding=\"async\" class=\"aligncenter size-full wp-image-1986\" src=\"https:\/\/www.gdkaixuan.com\/wp-content\/uploads\/2024\/07\/313.webp\" alt=\"kx s215 benutzerdefinierte edelstahlbesteck sets hersteller in china (\u590d\u5236)\" width=\"700\" height=\"700\" srcset=\"https:\/\/www.gdkaixuan.com\/wp-content\/uploads\/2024\/07\/313.webp 700w, https:\/\/www.gdkaixuan.com\/wp-content\/uploads\/2024\/07\/313-600x600.webp 600w, https:\/\/www.gdkaixuan.com\/wp-content\/uploads\/2024\/07\/313-100x100.webp 100w, https:\/\/www.gdkaixuan.com\/wp-content\/uploads\/2024\/07\/313-500x500.webp 500w, https:\/\/www.gdkaixuan.com\/wp-content\/uploads\/2024\/07\/313-12x12.webp 12w\" sizes=\"(max-width: 700px) 100vw, 700px\" \/><\/a><\/p>\n<h5 style=\"color: #0f4087;\">\u25b8 PRODUKTPARAMETER<\/h5>\n<table style=\"height: 131px; width: 100%; border-collapse: collapse; border-style: solid; border-color: #dddddd;\" border=\"1\">\n<tbody>\n<tr style=\"height: 24px;\">\n<td style=\"width: 17.1956%; height: 24px; border: 1px solid #dddddd; background-color: #f2f2f2;\">Artikel Nr:<\/td>\n<td style=\"width: 16.6707%; height: 24px; border: 1px solid #dddddd; background-color: #f2f2f2;\">Name<\/td>\n<td style=\"width: 15.654%; height: 24px; border: 1px solid #dddddd; background-color: #f2f2f2;\">L\u00e4nge(mm)<\/td>\n<td style=\"width: 16.8075%; height: 24px; border: 1px solid #dddddd; background-color: #f2f2f2;\">Breite(mm)<\/td>\n<td style=\"width: 16.5862%; border: 1px solid #dddddd; background-color: #f2f2f2; height: 24px;\">Dicke(mm)<\/td>\n<td style=\"width: 17.086%; height: 24px; border: 1px solid #dddddd; background-color: #f2f2f2;\">Gewicht(g)<\/td>\n<\/tr>\n<tr style=\"height: 24px;\">\n<td style=\"width: 17.1956%; height: 107px; border: 1px solid #dddddd; vertical-align: middle;\" rowspan=\"7\">KX-S313<\/td>\n<td style=\"width: 16.6707%; height: 25px; border: 1px solid #dddddd;\">Tafelmesser<\/td>\n<td style=\"width: 15.654%; height: 25px; border: 1px solid #dddddd;\">230<\/td>\n<td style=\"width: 16.8075%; height: 25px; border: 1px solid #dddddd;\">19<\/td>\n<td style=\"width: 16.5862%; border: 1px solid #dddddd; height: 25px;\">6.5<\/td>\n<td style=\"width: 17.086%; height: 25px; border: 1px solid #dddddd;\">88.2<\/td>\n<\/tr>\n<tr style=\"height: 24px;\">\n<td style=\"width: 16.6707%; height: 23px; border: 1px solid #dddddd;\">Essgabel<\/td>\n<td style=\"width: 15.654%; height: 23px; border: 1px solid #dddddd;\">209<\/td>\n<td style=\"width: 16.8075%; height: 23px; border: 1px solid #dddddd;\">28<\/td>\n<td style=\"width: 16.5862%; border: 1px solid #dddddd; height: 23px;\">2.5<\/td>\n<td style=\"width: 17.086%; height: 23px; border: 1px solid #dddddd;\">44.0<\/td>\n<\/tr>\n<tr style=\"height: 24px;\">\n<td style=\"width: 16.6707%; height: 25px; border: 1px solid #dddddd;\">Teel\u00f6ffel<\/td>\n<td style=\"width: 15.654%; height: 25px; border: 1px solid #dddddd;\">136<\/td>\n<td style=\"width: 16.8075%; height: 25px; border: 1px solid #dddddd;\">27<\/td>\n<td style=\"width: 16.5862%; border: 1px solid #dddddd; height: 25px;\">2.0<\/td>\n<td style=\"width: 17.086%; height: 25px; border: 1px solid #dddddd;\">18.7<\/td>\n<\/tr>\n<tr style=\"height: 41px;\">\n<td style=\"width: 16.6707%; border: 1px solid #dddddd; height: 10px;\">Dessertmesser<\/td>\n<td style=\"width: 15.654%; border: 1px solid #dddddd; height: 10px;\">202<\/td>\n<td style=\"width: 16.8075%; border: 1px solid #dddddd; height: 10px;\">18<\/td>\n<td style=\"width: 16.5862%; border: 1px solid #dddddd; height: 10px;\">6.0<\/td>\n<td style=\"width: 17.086%; border: 1px solid #dddddd; height: 10px;\">76.9<\/td>\n<\/tr>\n<tr>\n<td style=\"width: 16.6707%; border: 1px solid #dddddd;\">Dessertgabel<\/td>\n<td style=\"width: 15.654%; border: 1px solid #dddddd;\">183<\/td>\n<td style=\"width: 16.8075%; border: 1px solid #dddddd;\">26<\/td>\n<td style=\"width: 16.5862%; border: 1px solid #dddddd;\">2.5<\/td>\n<td style=\"width: 17.086%; border: 1px solid #dddddd;\">32.4<\/td>\n<\/tr>\n<tr>\n<td style=\"width: 16.6707%; border: 1px solid #dddddd;\">Dessertl\u00f6ffel<\/td>\n<td style=\"width: 15.654%; border: 1px solid #dddddd;\">181<\/td>\n<td style=\"width: 16.8075%; border: 1px solid #dddddd;\">38<\/td>\n<td style=\"width: 16.5862%; border: 1px solid #dddddd;\">2.5<\/td>\n<td style=\"width: 17.086%; border: 1px solid #dddddd;\">40.2<\/td>\n<\/tr>\n<tr>\n<td style=\"width: 16.6707%; border: 1px solid #dddddd;\">Suppenl\u00f6ffel<\/td>\n<td style=\"width: 15.654%; border: 1px solid #dddddd;\">175<\/td>\n<td style=\"width: 16.8075%; border: 1px solid #dddddd;\">47<\/td>\n<td style=\"width: 16.5862%; border: 1px solid #dddddd;\">2.5<\/td>\n<td style=\"width: 17.086%; border: 1px solid #dddddd;\">39.7<\/td>\n<\/tr>\n<\/tbody>\n<\/table>\n<p>&nbsp;<\/p>","protected":false},"excerpt":{"rendered":"<p>\u25b8 PRODUKTPARAMETER Artikel-Nr.: Name L\u00e4nge(mm) Breite(mm) Dicke(mm) Gewicht(g) KX-S313 Tafelmesser 230 19 6,5 88,2 Tafelgabel 209 28 2,5 44,0 Teel\u00f6ffel 136 27 2,0 18,7 Dessertmesser 202 18 6,0 76,9 Dessertgabel 183 26 2,5 32,4 Dessertl\u00f6ffel 181 38 2,5 40,2 Suppenl\u00f6ffel 175 47 2,5 39,7 &nbsp;<\/p>","protected":false},"featured_media":1986,"template":"","meta":{"_seopress_robots_primary_cat":"none","_seopress_titles_title":"","_seopress_titles_desc":"","_seopress_robots_index":""},"product_cat":[20],"product_tag":[],"_links":{"self":[{"href":"https:\/\/www.gdkaixuan.com\/de\/wp-json\/wp\/v2\/product\/1985"}],"collection":[{"href":"https:\/\/www.gdkaixuan.com\/de\/wp-json\/wp\/v2\/product"}],"about":[{"href":"https:\/\/www.gdkaixuan.com\/de\/wp-json\/wp\/v2\/types\/product"}],"wp:featuredmedia":[{"embeddable":true,"href":"https:\/\/www.gdkaixuan.com\/de\/wp-json\/wp\/v2\/media\/1986"}],"wp:attachment":[{"href":"https:\/\/www.gdkaixuan.com\/de\/wp-json\/wp\/v2\/media?parent=1985"}],"wp:term":[{"taxonomy":"product_cat","embeddable":true,"href":"https:\/\/www.gdkaixuan.com\/de\/wp-json\/wp\/v2\/product_cat?post=1985"},{"taxonomy":"product_tag","embeddable":true,"href":"https:\/\/www.gdkaixuan.com\/de\/wp-json\/wp\/v2\/product_tag?post=1985"}],"curies":[{"name":"wp","href":"https:\/\/api.w.org\/{rel}","templated":true}]}}