{"id":1983,"date":"2024-07-25T07:01:32","date_gmt":"2024-07-25T07:01:32","guid":{"rendered":"https:\/\/www.gdkaixuan.com\/?post_type=product&#038;p=1983"},"modified":"2024-08-03T08:03:43","modified_gmt":"2024-08-03T08:03:43","slug":"kx-s312-custom-stainless-steel-flatware-sets-manufacturers-in-china","status":"publish","type":"product","link":"https:\/\/www.gdkaixuan.com\/de\/produkt\/kx-s312-sonderanfertigung-rostfreier-stahl-flachwaren-sets-hersteller-in-china\/","title":{"rendered":"KX-S312 benutzerdefinierte Edelstahl-Besteck-Sets Hersteller in China"},"content":{"rendered":"<p><a href=\"https:\/\/www.gdkaixuan.com\/de\/?attachment_id=2032\/\" rel=\"attachment wp-att-2032\"><img fetchpriority=\"high\" decoding=\"async\" class=\"aligncenter size-full wp-image-2032\" src=\"https:\/\/www.gdkaixuan.com\/wp-content\/uploads\/2024\/07\/KX-S312.jpg\" alt=\"kx s312 benutzerdefinierte edelstahlbesteck sets hersteller in china\" width=\"700\" height=\"700\" srcset=\"https:\/\/www.gdkaixuan.com\/wp-content\/uploads\/2024\/07\/KX-S312.jpg 700w, https:\/\/www.gdkaixuan.com\/wp-content\/uploads\/2024\/07\/KX-S312-500x500.jpg 500w, https:\/\/www.gdkaixuan.com\/wp-content\/uploads\/2024\/07\/KX-S312-12x12.jpg 12w, https:\/\/www.gdkaixuan.com\/wp-content\/uploads\/2024\/07\/KX-S312-600x600.jpg 600w, https:\/\/www.gdkaixuan.com\/wp-content\/uploads\/2024\/07\/KX-S312-100x100.jpg 100w\" sizes=\"(max-width: 700px) 100vw, 700px\" \/><\/a><\/p>\n<p>&nbsp;<\/p>\n<h5 style=\"color: #0f4087;\">\u25b8 PRODUKTPARAMETER<\/h5>\n<table style=\"height: 185px; width: 96.6268%; border-collapse: collapse; border-style: solid; border-color: #dddddd;\" border=\"1\">\n<tbody>\n<tr style=\"height: 24px;\">\n<td style=\"width: 17.1956%; height: 24px; border: 1px solid #dddddd; background-color: #f2f2f2;\">Artikel Nr:<\/td>\n<td style=\"width: 17.4606%; height: 24px; border: 1px solid #dddddd; background-color: #f2f2f2;\">Name<\/td>\n<td style=\"width: 14.8641%; height: 24px; border: 1px solid #dddddd; background-color: #f2f2f2;\">L\u00e4nge(mm)<\/td>\n<td style=\"width: 16.8075%; height: 24px; border: 1px solid #dddddd; background-color: #f2f2f2;\">Breite(mm)<\/td>\n<td style=\"width: 16.5862%; border: 1px solid #dddddd; background-color: #f2f2f2; height: 24px;\">Dicke(mm)<\/td>\n<td style=\"width: 17.086%; height: 24px; border: 1px solid #dddddd; background-color: #f2f2f2;\">Gewicht(g)<\/td>\n<\/tr>\n<tr style=\"height: 24px;\">\n<td style=\"width: 17.1956%; height: 161px; border: 1px solid #dddddd; vertical-align: middle;\" rowspan=\"8\">KX-S312<\/td>\n<td style=\"width: 17.4606%; border: 1px solid #dddddd; height: 14px;\">Tafelmesser<\/td>\n<td style=\"width: 14.8641%; border: 1px solid #dddddd; height: 14px;\">238<\/td>\n<td style=\"width: 16.8075%; border: 1px solid #dddddd; height: 14px;\">20<\/td>\n<td style=\"width: 16.5862%; border: 1px solid #dddddd; height: 14px;\">8.0<\/td>\n<td style=\"width: 17.086%; border: 1px solid #dddddd; height: 14px;\">88.8<\/td>\n<\/tr>\n<tr style=\"height: 24px;\">\n<td style=\"width: 17.4606%; border: 1px solid #dddddd; height: 24px;\">Essgabel<\/td>\n<td style=\"width: 14.8641%; border: 1px solid #dddddd; height: 24px;\">199<\/td>\n<td style=\"width: 16.8075%; border: 1px solid #dddddd; height: 24px;\">25<\/td>\n<td style=\"width: 16.5862%; border: 1px solid #dddddd; height: 24px;\">2.5<\/td>\n<td style=\"width: 17.086%; border: 1px solid #dddddd; height: 24px;\">42.5<\/td>\n<\/tr>\n<tr style=\"height: 24px;\">\n<td style=\"width: 17.4606%; border: 1px solid #dddddd; height: 27px;\">Tafell\u00f6ffel<\/td>\n<td style=\"width: 14.8641%; border: 1px solid #dddddd; height: 27px;\">197<\/td>\n<td style=\"width: 16.8075%; border: 1px solid #dddddd; height: 27px;\">42<\/td>\n<td style=\"width: 16.5862%; border: 1px solid #dddddd; height: 27px;\">2.5<\/td>\n<td style=\"width: 17.086%; border: 1px solid #dddddd; height: 27px;\">50.9<\/td>\n<\/tr>\n<tr style=\"height: 24px;\">\n<td style=\"width: 17.4606%; border: 1px solid #dddddd; height: 24px;\">Tee-Gabel<\/td>\n<td style=\"width: 14.8641%; border: 1px solid #dddddd; height: 24px;\">143<\/td>\n<td style=\"width: 16.8075%; border: 1px solid #dddddd; height: 24px;\">27<\/td>\n<td style=\"width: 16.5862%; border: 1px solid #dddddd; height: 24px;\">2.0<\/td>\n<td style=\"width: 17.086%; border: 1px solid #dddddd; height: 24px;\">21.4<\/td>\n<\/tr>\n<tr style=\"height: 24px;\">\n<td style=\"width: 17.4606%; border: 1px solid #dddddd; height: 24px;\">Dessertmesser<\/td>\n<td style=\"width: 14.8641%; border: 1px solid #dddddd; height: 24px;\">220<\/td>\n<td style=\"width: 16.8075%; border: 1px solid #dddddd; height: 24px;\">19<\/td>\n<td style=\"width: 16.5862%; border: 1px solid #dddddd; height: 24px;\">8.0<\/td>\n<td style=\"width: 17.086%; border: 1px solid #dddddd; height: 24px;\">85.4<\/td>\n<\/tr>\n<tr style=\"height: 24px;\">\n<td style=\"width: 17.4606%; border: 1px solid #dddddd; height: 24px;\">Dessertgabel<\/td>\n<td style=\"width: 14.8641%; border: 1px solid #dddddd; height: 24px;\">183<\/td>\n<td style=\"width: 16.8075%; border: 1px solid #dddddd; height: 24px;\">24<\/td>\n<td style=\"width: 16.5862%; border: 1px solid #dddddd; height: 24px;\">3.0<\/td>\n<td style=\"width: 17.086%; border: 1px solid #dddddd; height: 24px;\">35.1<\/td>\n<\/tr>\n<tr>\n<td style=\"width: 17.4606%; border: 1px solid #dddddd;\">Dessertl\u00f6ffel<\/td>\n<td style=\"width: 14.8641%; border: 1px solid #dddddd;\">181<\/td>\n<td style=\"width: 16.8075%; border: 1px solid #dddddd;\">38<\/td>\n<td style=\"width: 16.5862%; border: 1px solid #dddddd;\">3.0<\/td>\n<td style=\"width: 17.086%; border: 1px solid #dddddd;\">44.5<\/td>\n<\/tr>\n<tr style=\"height: 24px;\">\n<td style=\"width: 17.4606%; border: 1px solid #dddddd; height: 24px;\">Bouillonl\u00f6ffel<\/td>\n<td style=\"width: 14.8641%; border: 1px solid #dddddd; height: 24px;\">181<\/td>\n<td style=\"width: 16.8075%; border: 1px solid #dddddd; height: 24px;\">44<\/td>\n<td style=\"width: 16.5862%; border: 1px solid #dddddd; height: 24px;\">2.6<\/td>\n<td style=\"width: 17.086%; border: 1px solid #dddddd; height: 24px;\">43.8<\/td>\n<\/tr>\n<\/tbody>\n<\/table>\n<p>&nbsp;<\/p>","protected":false},"excerpt":{"rendered":"<p>&nbsp; \u25b8 PRODUKTPARAMETER Artikel-Nr.: Name L\u00e4nge(mm) Breite(mm) Dicke(mm) Gewicht(g) KX-S312 Tafelmesser 238 20 8.0 88.8 Tafelgabel 199 25 2.5 42.5 Tafell\u00f6ffel 197 42 2.5 50.9 Teegabel 143 27 2.0 21.4 Dessertmesser 220 19 8.0 85.4 Dessertgabel 183 24 3.0 35.1 Dessertl\u00f6ffel 181 38 3.0 44.5 Bouillon [...]<\/p>","protected":false},"featured_media":2032,"template":"","meta":{"_seopress_robots_primary_cat":"none","_seopress_titles_title":"","_seopress_titles_desc":"","_seopress_robots_index":""},"product_cat":[20],"product_tag":[],"_links":{"self":[{"href":"https:\/\/www.gdkaixuan.com\/de\/wp-json\/wp\/v2\/product\/1983"}],"collection":[{"href":"https:\/\/www.gdkaixuan.com\/de\/wp-json\/wp\/v2\/product"}],"about":[{"href":"https:\/\/www.gdkaixuan.com\/de\/wp-json\/wp\/v2\/types\/product"}],"wp:featuredmedia":[{"embeddable":true,"href":"https:\/\/www.gdkaixuan.com\/de\/wp-json\/wp\/v2\/media\/2032"}],"wp:attachment":[{"href":"https:\/\/www.gdkaixuan.com\/de\/wp-json\/wp\/v2\/media?parent=1983"}],"wp:term":[{"taxonomy":"product_cat","embeddable":true,"href":"https:\/\/www.gdkaixuan.com\/de\/wp-json\/wp\/v2\/product_cat?post=1983"},{"taxonomy":"product_tag","embeddable":true,"href":"https:\/\/www.gdkaixuan.com\/de\/wp-json\/wp\/v2\/product_tag?post=1983"}],"curies":[{"name":"wp","href":"https:\/\/api.w.org\/{rel}","templated":true}]}}