{"id":1086,"date":"2023-04-19T07:30:13","date_gmt":"2023-04-19T07:30:13","guid":{"rendered":"https:\/\/demo.gdjiexun.cn\/?post_type=product&#038;p=1086"},"modified":"2023-04-19T07:45:24","modified_gmt":"2023-04-19T07:45:24","slug":"kx-s1570-wholesale-stainless-steel-flatware-sets-suppliers-in-china","status":"publish","type":"product","link":"https:\/\/www.gdkaixuan.com\/de\/produkt\/kx-s1570-groshandel-rostfreier-stahl-flachwaren-sets-lieferanten-in-china\/","title":{"rendered":"KX-S1570 Gro\u00dfhandel Edelstahl-Besteck-Sets Lieferanten in China"},"content":{"rendered":"<p><img fetchpriority=\"high\" decoding=\"async\" class=\"aligncenter size-full wp-image-1087\" src=\"http:\/\/demo.gdjiexun.cn\/wp-content\/uploads\/2023\/04\/KX-S1570.jpg\" alt=\"\" width=\"700\" height=\"700\" srcset=\"https:\/\/www.gdkaixuan.com\/wp-content\/uploads\/2023\/04\/KX-S1570.jpg 700w, https:\/\/www.gdkaixuan.com\/wp-content\/uploads\/2023\/04\/KX-S1570-600x600.jpg 600w, https:\/\/www.gdkaixuan.com\/wp-content\/uploads\/2023\/04\/KX-S1570-100x100.jpg 100w, https:\/\/www.gdkaixuan.com\/wp-content\/uploads\/2023\/04\/KX-S1570-500x500.jpg 500w\" sizes=\"(max-width: 700px) 100vw, 700px\" \/><\/p>\n<p><img decoding=\"async\" class=\"aligncenter size-full wp-image-1088\" src=\"http:\/\/demo.gdjiexun.cn\/wp-content\/uploads\/2023\/04\/KX-S1570-1.jpg\" alt=\"\" width=\"700\" height=\"700\" srcset=\"https:\/\/www.gdkaixuan.com\/wp-content\/uploads\/2023\/04\/KX-S1570-1.jpg 700w, https:\/\/www.gdkaixuan.com\/wp-content\/uploads\/2023\/04\/KX-S1570-1-600x600.jpg 600w, https:\/\/www.gdkaixuan.com\/wp-content\/uploads\/2023\/04\/KX-S1570-1-100x100.jpg 100w, https:\/\/www.gdkaixuan.com\/wp-content\/uploads\/2023\/04\/KX-S1570-1-500x500.jpg 500w\" sizes=\"(max-width: 700px) 100vw, 700px\" \/><\/p>\n<p><img decoding=\"async\" class=\"aligncenter size-full wp-image-1089\" src=\"http:\/\/demo.gdjiexun.cn\/wp-content\/uploads\/2023\/04\/KX-S1570-2.jpg\" alt=\"\" width=\"700\" height=\"700\" srcset=\"https:\/\/www.gdkaixuan.com\/wp-content\/uploads\/2023\/04\/KX-S1570-2.jpg 700w, https:\/\/www.gdkaixuan.com\/wp-content\/uploads\/2023\/04\/KX-S1570-2-600x600.jpg 600w, https:\/\/www.gdkaixuan.com\/wp-content\/uploads\/2023\/04\/KX-S1570-2-100x100.jpg 100w, https:\/\/www.gdkaixuan.com\/wp-content\/uploads\/2023\/04\/KX-S1570-2-500x500.jpg 500w\" sizes=\"(max-width: 700px) 100vw, 700px\" \/><\/p>\n<h5 style=\"color: #0f4087;\">\u25b8 PRODUKTPARAMETER<\/h5>\n<table style=\"height: 240px; width: 96.1835%; border-collapse: collapse; border-style: solid; border-color: #dddddd;\" border=\"1\">\n<tbody>\n<tr style=\"height: 24px;\">\n<td style=\"width: 17.1956%; height: 24px; border: 1px solid #dddddd; background-color: #f2f2f2;\">Artikel Nr:<\/td>\n<td style=\"width: 15.8192%; height: 24px; border: 1px solid #dddddd; background-color: #f2f2f2;\">Name<\/td>\n<td style=\"width: 16.5055%; height: 24px; border: 1px solid #dddddd; background-color: #f2f2f2;\">L\u00e4nge(mm)<\/td>\n<td style=\"width: 16.8075%; height: 24px; border: 1px solid #dddddd; background-color: #f2f2f2;\">Breite(mm)<\/td>\n<td style=\"width: 16.5862%; border: 1px solid #dddddd; background-color: #f2f2f2; height: 24px;\">Dicke(mm)<\/td>\n<td style=\"width: 17.086%; height: 24px; border: 1px solid #dddddd; background-color: #f2f2f2;\">Gewicht(g)<\/td>\n<\/tr>\n<tr style=\"height: 24px;\">\n<td style=\"width: 17.1956%; height: 216px; border: 1px solid #dddddd; vertical-align: middle;\" rowspan=\"9\">KX-S1570<\/td>\n<td style=\"width: 15.8192%; border: 1px solid #dddddd; height: 21px;\">Tafelmesser<\/td>\n<td style=\"width: 16.5055%; border: 1px solid #dddddd; height: 21px;\">235<\/td>\n<td style=\"width: 16.8075%; border: 1px solid #dddddd; height: 21px;\">15<\/td>\n<td style=\"width: 16.5862%; border: 1px solid #dddddd; height: 21px;\">6<\/td>\n<td style=\"width: 17.086%; border: 1px solid #dddddd; height: 21px;\">61.4<\/td>\n<\/tr>\n<tr style=\"height: 24px;\">\n<td style=\"width: 15.8192%; border: 1px solid #dddddd; height: 24px;\">Essgabel<\/td>\n<td style=\"width: 16.5055%; border: 1px solid #dddddd; height: 24px;\">210<\/td>\n<td style=\"width: 16.8075%; border: 1px solid #dddddd; height: 24px;\">26<\/td>\n<td style=\"width: 16.5862%; border: 1px solid #dddddd; height: 24px;\">4<\/td>\n<td style=\"width: 17.086%; border: 1px solid #dddddd; height: 24px;\">45.5<\/td>\n<\/tr>\n<tr style=\"height: 24px;\">\n<td style=\"width: 15.8192%; border: 1px solid #dddddd; height: 24px;\">Tafell\u00f6ffel<\/td>\n<td style=\"width: 16.5055%; border: 1px solid #dddddd; height: 24px;\">210<\/td>\n<td style=\"width: 16.8075%; border: 1px solid #dddddd; height: 24px;\">40<\/td>\n<td style=\"width: 16.5862%; border: 1px solid #dddddd; height: 24px;\">4<\/td>\n<td style=\"width: 17.086%; border: 1px solid #dddddd; height: 24px;\">56.8<\/td>\n<\/tr>\n<tr style=\"height: 24px;\">\n<td style=\"width: 15.8192%; border: 1px solid #dddddd; height: 24px;\">Teel\u00f6ffel<\/td>\n<td style=\"width: 16.5055%; border: 1px solid #dddddd; height: 24px;\">147<\/td>\n<td style=\"width: 16.8075%; border: 1px solid #dddddd; height: 24px;\">28<\/td>\n<td style=\"width: 16.5862%; border: 1px solid #dddddd; height: 24px;\">2.2<\/td>\n<td style=\"width: 17.086%; border: 1px solid #dddddd; height: 24px;\">18.9<\/td>\n<\/tr>\n<tr style=\"height: 27px;\">\n<td style=\"width: 15.8192%; border: 1px solid #dddddd; height: 27px;\">Kuchengabel<\/td>\n<td style=\"width: 16.5055%; border: 1px solid #dddddd; height: 27px;\">145<\/td>\n<td style=\"width: 16.8075%; border: 1px solid #dddddd; height: 27px;\">24<\/td>\n<td style=\"width: 16.5862%; border: 1px solid #dddddd; height: 27px;\">2.2<\/td>\n<td style=\"width: 17.086%; border: 1px solid #dddddd; height: 27px;\">15.2<\/td>\n<\/tr>\n<tr style=\"height: 24px;\">\n<td style=\"width: 15.8192%; border: 1px solid #dddddd; height: 24px;\">Dessertmesser<\/td>\n<td style=\"width: 16.5055%; border: 1px solid #dddddd; height: 24px;\">213<\/td>\n<td style=\"width: 16.8075%; border: 1px solid #dddddd; height: 24px;\">14<\/td>\n<td style=\"width: 16.5862%; border: 1px solid #dddddd; height: 24px;\">5.5<\/td>\n<td style=\"width: 17.086%; border: 1px solid #dddddd; height: 24px;\">48.6<\/td>\n<\/tr>\n<tr style=\"height: 24px;\">\n<td style=\"width: 15.8192%; border: 1px solid #dddddd; height: 24px;\">Dessertgabel<\/td>\n<td style=\"width: 16.5055%; border: 1px solid #dddddd; height: 24px;\">189<\/td>\n<td style=\"width: 16.8075%; border: 1px solid #dddddd; height: 24px;\">23<\/td>\n<td style=\"width: 16.5862%; border: 1px solid #dddddd; height: 24px;\">3<\/td>\n<td style=\"width: 17.086%; border: 1px solid #dddddd; height: 24px;\">30.7<\/td>\n<\/tr>\n<tr style=\"height: 24px;\">\n<td style=\"width: 15.8192%; border: 1px solid #dddddd; height: 24px;\">Dessertl\u00f6ffel<\/td>\n<td style=\"width: 16.5055%; border: 1px solid #dddddd; height: 24px;\">189<\/td>\n<td style=\"width: 16.8075%; border: 1px solid #dddddd; height: 24px;\">35<\/td>\n<td style=\"width: 16.5862%; border: 1px solid #dddddd; height: 24px;\">3<\/td>\n<td style=\"width: 17.086%; border: 1px solid #dddddd; height: 24px;\">37.9<\/td>\n<\/tr>\n<tr style=\"height: 24px;\">\n<td style=\"width: 15.8192%; border: 1px solid #dddddd; height: 24px;\">Kaffeel\u00f6ffel<\/td>\n<td style=\"width: 16.5055%; border: 1px solid #dddddd; height: 24px;\">111<\/td>\n<td style=\"width: 16.8075%; border: 1px solid #dddddd; height: 24px;\">23<\/td>\n<td style=\"width: 16.5862%; border: 1px solid #dddddd; height: 24px;\">2<\/td>\n<td style=\"width: 17.086%; border: 1px solid #dddddd; height: 24px;\">11.5<\/td>\n<\/tr>\n<\/tbody>\n<\/table>\n<p>&nbsp;<\/p>","protected":false},"excerpt":{"rendered":"<p>\u25b8 PRODUKTPARAMETER Artikel-Nr.: Name L\u00e4nge(mm) Breite(mm) Dicke(mm) Gewicht(g) KX-S1570 Tafelmesser 235 15 6 61,4 Tafelgabel 210 26 4 45,5 Essl\u00f6ffel 210 40 4 56,8 Teel\u00f6ffel 147 28 2,2 18,9 Kuchengabel 145 24 2,2 15,2 Dessertmesser 213 14 5,5 48,6 Dessertgabel 189 23 3 30,7 Dessertl\u00f6ffel [...]<\/p>","protected":false},"featured_media":1087,"template":"","meta":{"_seopress_robots_primary_cat":"","_seopress_titles_title":"","_seopress_titles_desc":"","_seopress_robots_index":""},"product_cat":[20],"product_tag":[],"_links":{"self":[{"href":"https:\/\/www.gdkaixuan.com\/de\/wp-json\/wp\/v2\/product\/1086"}],"collection":[{"href":"https:\/\/www.gdkaixuan.com\/de\/wp-json\/wp\/v2\/product"}],"about":[{"href":"https:\/\/www.gdkaixuan.com\/de\/wp-json\/wp\/v2\/types\/product"}],"wp:featuredmedia":[{"embeddable":true,"href":"https:\/\/www.gdkaixuan.com\/de\/wp-json\/wp\/v2\/media\/1087"}],"wp:attachment":[{"href":"https:\/\/www.gdkaixuan.com\/de\/wp-json\/wp\/v2\/media?parent=1086"}],"wp:term":[{"taxonomy":"product_cat","embeddable":true,"href":"https:\/\/www.gdkaixuan.com\/de\/wp-json\/wp\/v2\/product_cat?post=1086"},{"taxonomy":"product_tag","embeddable":true,"href":"https:\/\/www.gdkaixuan.com\/de\/wp-json\/wp\/v2\/product_tag?post=1086"}],"curies":[{"name":"wp","href":"https:\/\/api.w.org\/{rel}","templated":true}]}}