{"id":1075,"date":"2023-04-19T07:18:10","date_gmt":"2023-04-19T07:18:10","guid":{"rendered":"https:\/\/demo.gdjiexun.cn\/?post_type=product&#038;p=1075"},"modified":"2023-04-19T09:26:25","modified_gmt":"2023-04-19T09:26:25","slug":"kx-s296-odm-stainless-steel-flatware-sets-manufacturers-in-china","status":"publish","type":"product","link":"https:\/\/www.gdkaixuan.com\/de\/produkt\/kx-s296-odm-rostfreier-stahl-flachwaren-sets-hersteller-in-china\/","title":{"rendered":"KX-S296 ODM Edelstahl-Besteck-Sets Hersteller in China"},"content":{"rendered":"<p><img fetchpriority=\"high\" decoding=\"async\" class=\"aligncenter size-full wp-image-1076\" src=\"http:\/\/demo.gdjiexun.cn\/wp-content\/uploads\/2023\/04\/KX-S296.jpg\" alt=\"\" width=\"700\" height=\"700\" srcset=\"https:\/\/www.gdkaixuan.com\/wp-content\/uploads\/2023\/04\/KX-S296.jpg 700w, https:\/\/www.gdkaixuan.com\/wp-content\/uploads\/2023\/04\/KX-S296-600x600.jpg 600w, https:\/\/www.gdkaixuan.com\/wp-content\/uploads\/2023\/04\/KX-S296-100x100.jpg 100w, https:\/\/www.gdkaixuan.com\/wp-content\/uploads\/2023\/04\/KX-S296-500x500.jpg 500w\" sizes=\"(max-width: 700px) 100vw, 700px\" \/><\/p>\n<p><img decoding=\"async\" class=\"aligncenter size-full wp-image-1077\" src=\"http:\/\/demo.gdjiexun.cn\/wp-content\/uploads\/2023\/04\/KX-S296-1.jpg\" alt=\"\" width=\"700\" height=\"700\" srcset=\"https:\/\/www.gdkaixuan.com\/wp-content\/uploads\/2023\/04\/KX-S296-1.jpg 700w, https:\/\/www.gdkaixuan.com\/wp-content\/uploads\/2023\/04\/KX-S296-1-600x600.jpg 600w, https:\/\/www.gdkaixuan.com\/wp-content\/uploads\/2023\/04\/KX-S296-1-100x100.jpg 100w, https:\/\/www.gdkaixuan.com\/wp-content\/uploads\/2023\/04\/KX-S296-1-500x500.jpg 500w\" sizes=\"(max-width: 700px) 100vw, 700px\" \/><\/p>\n<p><img decoding=\"async\" class=\"aligncenter size-full wp-image-1078\" src=\"http:\/\/demo.gdjiexun.cn\/wp-content\/uploads\/2023\/04\/KX-S296-2.jpg\" alt=\"\" width=\"700\" height=\"700\" srcset=\"https:\/\/www.gdkaixuan.com\/wp-content\/uploads\/2023\/04\/KX-S296-2.jpg 700w, https:\/\/www.gdkaixuan.com\/wp-content\/uploads\/2023\/04\/KX-S296-2-600x600.jpg 600w, https:\/\/www.gdkaixuan.com\/wp-content\/uploads\/2023\/04\/KX-S296-2-100x100.jpg 100w, https:\/\/www.gdkaixuan.com\/wp-content\/uploads\/2023\/04\/KX-S296-2-500x500.jpg 500w\" sizes=\"(max-width: 700px) 100vw, 700px\" \/><\/p>\n<p><img loading=\"lazy\" decoding=\"async\" class=\"aligncenter size-full wp-image-1079\" src=\"http:\/\/demo.gdjiexun.cn\/wp-content\/uploads\/2023\/04\/KX-S296-3.jpg\" alt=\"\" width=\"700\" height=\"700\" srcset=\"https:\/\/www.gdkaixuan.com\/wp-content\/uploads\/2023\/04\/KX-S296-3.jpg 700w, https:\/\/www.gdkaixuan.com\/wp-content\/uploads\/2023\/04\/KX-S296-3-600x600.jpg 600w, https:\/\/www.gdkaixuan.com\/wp-content\/uploads\/2023\/04\/KX-S296-3-100x100.jpg 100w, https:\/\/www.gdkaixuan.com\/wp-content\/uploads\/2023\/04\/KX-S296-3-500x500.jpg 500w\" sizes=\"(max-width: 700px) 100vw, 700px\" \/><\/p>\n<h5 style=\"color: #0f4087;\">\u25b8 PRODUKTPARAMETER<\/h5>\n<table style=\"height: 356px; width: 95.4594%; border-collapse: collapse; border-style: solid; border-color: #dddddd;\" border=\"1\">\n<tbody>\n<tr style=\"height: 24px;\">\n<td style=\"width: 17.1956%; height: 24px; border: 1px solid #dddddd; background-color: #f2f2f2;\">Artikel Nr:<\/td>\n<td style=\"width: 15.8192%; height: 24px; border: 1px solid #dddddd; background-color: #f2f2f2;\">Name<\/td>\n<td style=\"width: 16.5055%; height: 24px; border: 1px solid #dddddd; background-color: #f2f2f2;\">L\u00e4nge(mm)<\/td>\n<td style=\"width: 16.8075%; height: 24px; border: 1px solid #dddddd; background-color: #f2f2f2;\">Breite(mm)<\/td>\n<td style=\"width: 16.5862%; border: 1px solid #dddddd; background-color: #f2f2f2; height: 24px;\">Dicke(mm)<\/td>\n<td style=\"width: 17.086%; height: 24px; border: 1px solid #dddddd; background-color: #f2f2f2;\">Gewicht(g)<\/td>\n<\/tr>\n<tr style=\"height: 24px;\">\n<td style=\"width: 17.1956%; height: 332px; border: 1px solid #dddddd; vertical-align: middle;\" rowspan=\"5\">KX-S296<\/td>\n<td style=\"width: 15.8192%; border: 1px solid #dddddd; height: 21px;\">Tafelmesser<\/td>\n<td style=\"width: 16.5055%; border: 1px solid #dddddd; height: 21px;\">234<\/td>\n<td style=\"width: 16.8075%; border: 1px solid #dddddd; height: 21px;\">21<\/td>\n<td style=\"width: 16.5862%; border: 1px solid #dddddd; height: 21px;\">8.5<\/td>\n<td style=\"width: 17.086%; border: 1px solid #dddddd; height: 21px;\">106.2<\/td>\n<\/tr>\n<tr style=\"height: 24px;\">\n<td style=\"width: 15.8192%; border: 1px solid #dddddd; height: 24px;\">Essgabel<\/td>\n<td style=\"width: 16.5055%; border: 1px solid #dddddd; height: 24px;\">201<\/td>\n<td style=\"width: 16.8075%; border: 1px solid #dddddd; height: 24px;\">27<\/td>\n<td style=\"width: 16.5862%; border: 1px solid #dddddd; height: 24px;\">5<\/td>\n<td style=\"width: 17.086%; border: 1px solid #dddddd; height: 24px;\">64.9<\/td>\n<\/tr>\n<tr style=\"height: 24px;\">\n<td style=\"width: 15.8192%; border: 1px solid #dddddd; height: 24px;\">Tafell\u00f6ffel<\/td>\n<td style=\"width: 16.5055%; border: 1px solid #dddddd; height: 24px;\">201<\/td>\n<td style=\"width: 16.8075%; border: 1px solid #dddddd; height: 24px;\">39<\/td>\n<td style=\"width: 16.5862%; border: 1px solid #dddddd; height: 24px;\">5<\/td>\n<td style=\"width: 17.086%; border: 1px solid #dddddd; height: 24px;\">76<\/td>\n<\/tr>\n<tr style=\"height: 48px;\">\n<td style=\"width: 15.8192%; border: 1px solid #dddddd; height: 48px;\">Teel\u00f6ffel<\/td>\n<td style=\"width: 16.5055%; border: 1px solid #dddddd; height: 48px;\">181<\/td>\n<td style=\"width: 16.8075%; border: 1px solid #dddddd; height: 48px;\">33<\/td>\n<td style=\"width: 16.5862%; border: 1px solid #dddddd; height: 48px;\">4<\/td>\n<td style=\"width: 17.086%; border: 1px solid #dddddd; height: 48px;\">55.7<\/td>\n<\/tr>\n<tr style=\"height: 32px;\">\n<td style=\"width: 15.8192%; border: 1px solid #dddddd; height: 32px;\">Kuchengabel<\/td>\n<td style=\"width: 16.5055%; border: 1px solid #dddddd; height: 32px;\">181<\/td>\n<td style=\"width: 16.8075%; border: 1px solid #dddddd; height: 32px;\">23<\/td>\n<td style=\"width: 16.5862%; border: 1px solid #dddddd; height: 32px;\">4<\/td>\n<td style=\"width: 17.086%; border: 1px solid #dddddd; height: 32px;\">45.7<\/td>\n<\/tr>\n<\/tbody>\n<\/table>\n<p>&nbsp;<\/p>","protected":false},"excerpt":{"rendered":"<p>\u25b8 PRODUKTPARAMETER Artikel-Nr.: Name L\u00e4nge(mm) Breite(mm) Dicke(mm) Gewicht(g) KX-S296 Tafelmesser 234 21 8.5 106.2 Tafelgabel 201 27 5 64.9 Essl\u00f6ffel 201 39 5 76 Teel\u00f6ffel 181 33 4 55.7 Kuchengabel 181 23 4 45.7 &nbsp;<\/p>","protected":false},"featured_media":1077,"template":"","meta":{"_seopress_robots_primary_cat":"","_seopress_titles_title":"","_seopress_titles_desc":"","_seopress_robots_index":""},"product_cat":[20],"product_tag":[],"_links":{"self":[{"href":"https:\/\/www.gdkaixuan.com\/de\/wp-json\/wp\/v2\/product\/1075"}],"collection":[{"href":"https:\/\/www.gdkaixuan.com\/de\/wp-json\/wp\/v2\/product"}],"about":[{"href":"https:\/\/www.gdkaixuan.com\/de\/wp-json\/wp\/v2\/types\/product"}],"wp:featuredmedia":[{"embeddable":true,"href":"https:\/\/www.gdkaixuan.com\/de\/wp-json\/wp\/v2\/media\/1077"}],"wp:attachment":[{"href":"https:\/\/www.gdkaixuan.com\/de\/wp-json\/wp\/v2\/media?parent=1075"}],"wp:term":[{"taxonomy":"product_cat","embeddable":true,"href":"https:\/\/www.gdkaixuan.com\/de\/wp-json\/wp\/v2\/product_cat?post=1075"},{"taxonomy":"product_tag","embeddable":true,"href":"https:\/\/www.gdkaixuan.com\/de\/wp-json\/wp\/v2\/product_tag?post=1075"}],"curies":[{"name":"wp","href":"https:\/\/api.w.org\/{rel}","templated":true}]}}