{"id":1073,"date":"2023-04-19T07:11:32","date_gmt":"2023-04-19T07:11:32","guid":{"rendered":"https:\/\/demo.gdjiexun.cn\/?post_type=product&#038;p=1073"},"modified":"2023-04-19T09:27:26","modified_gmt":"2023-04-19T09:27:26","slug":"kx-s292-custom-stainless-steel-flatware-sets-manufacturers-in-china","status":"publish","type":"product","link":"https:\/\/www.gdkaixuan.com\/de\/produkt\/kx-s292-custom-stainless-steel-flatware-sets-manufacturers-in-china\/","title":{"rendered":"KX-S292 benutzerdefinierte Edelstahl-Besteck-Sets Hersteller in China"},"content":{"rendered":"<p><img fetchpriority=\"high\" decoding=\"async\" class=\"aligncenter size-full wp-image-1074\" src=\"http:\/\/demo.gdjiexun.cn\/wp-content\/uploads\/2023\/04\/KX-S292.jpg\" alt=\"\" width=\"700\" height=\"700\" srcset=\"https:\/\/www.gdkaixuan.com\/wp-content\/uploads\/2023\/04\/KX-S292.jpg 700w, https:\/\/www.gdkaixuan.com\/wp-content\/uploads\/2023\/04\/KX-S292-600x600.jpg 600w, https:\/\/www.gdkaixuan.com\/wp-content\/uploads\/2023\/04\/KX-S292-100x100.jpg 100w, https:\/\/www.gdkaixuan.com\/wp-content\/uploads\/2023\/04\/KX-S292-500x500.jpg 500w\" sizes=\"(max-width: 700px) 100vw, 700px\" \/><\/p>\n<h5 style=\"color: #0f4087;\">\u25b8 PRODUKTPARAMETER<\/h5>\n<table style=\"height: 294px; width: 96.1835%; border-collapse: collapse; border-style: solid; border-color: #dddddd;\" border=\"1\">\n<tbody>\n<tr style=\"height: 24px;\">\n<td style=\"width: 17.1956%; height: 24px; border: 1px solid #dddddd; background-color: #f2f2f2;\">Artikel Nr:<\/td>\n<td style=\"width: 15.8192%; height: 24px; border: 1px solid #dddddd; background-color: #f2f2f2;\">Name<\/td>\n<td style=\"width: 16.5055%; height: 24px; border: 1px solid #dddddd; background-color: #f2f2f2;\">L\u00e4nge(mm)<\/td>\n<td style=\"width: 16.8075%; height: 24px; border: 1px solid #dddddd; background-color: #f2f2f2;\">Breite(mm)<\/td>\n<td style=\"width: 16.5862%; border: 1px solid #dddddd; background-color: #f2f2f2; height: 24px;\">Dicke(mm)<\/td>\n<td style=\"width: 17.086%; height: 24px; border: 1px solid #dddddd; background-color: #f2f2f2;\">Gewicht(g)<\/td>\n<\/tr>\n<tr style=\"height: 24px;\">\n<td style=\"width: 17.1956%; height: 270px; border: 1px solid #dddddd; vertical-align: middle;\" rowspan=\"10\">KX-S292<\/td>\n<td style=\"width: 15.8192%; height: 25px; border: 1px solid #dddddd;\">Steakmesser<\/td>\n<td style=\"width: 16.5055%; height: 25px; border: 1px solid #dddddd;\">236<\/td>\n<td style=\"width: 16.8075%; height: 25px; border: 1px solid #dddddd;\">22<\/td>\n<td style=\"width: 16.5862%; border: 1px solid #dddddd; height: 25px;\">\/<\/td>\n<td style=\"width: 17.086%; height: 25px; border: 1px solid #dddddd;\">88.7<\/td>\n<\/tr>\n<tr style=\"height: 41px;\">\n<td style=\"width: 15.8192%; border: 1px solid #dddddd; height: 21px;\">Tafelmesser<\/td>\n<td style=\"width: 16.5055%; border: 1px solid #dddddd; height: 21px;\">236<\/td>\n<td style=\"width: 16.8075%; border: 1px solid #dddddd; height: 21px;\">22<\/td>\n<td style=\"width: 16.5862%; border: 1px solid #dddddd; height: 21px;\">\/<\/td>\n<td style=\"width: 17.086%; border: 1px solid #dddddd; height: 21px;\">89.3<\/td>\n<\/tr>\n<tr style=\"height: 24px;\">\n<td style=\"width: 15.8192%; border: 1px solid #dddddd; height: 24px;\">Essgabel<\/td>\n<td style=\"width: 16.5055%; border: 1px solid #dddddd; height: 24px;\">200<\/td>\n<td style=\"width: 16.8075%; border: 1px solid #dddddd; height: 24px;\">24<\/td>\n<td style=\"width: 16.5862%; border: 1px solid #dddddd; height: 24px;\">4.7<\/td>\n<td style=\"width: 17.086%; border: 1px solid #dddddd; height: 24px;\">58.3<\/td>\n<\/tr>\n<tr style=\"height: 24px;\">\n<td style=\"width: 15.8192%; border: 1px solid #dddddd; height: 24px;\">Tafell\u00f6ffel<\/td>\n<td style=\"width: 16.5055%; border: 1px solid #dddddd; height: 24px;\">202<\/td>\n<td style=\"width: 16.8075%; border: 1px solid #dddddd; height: 24px;\">41<\/td>\n<td style=\"width: 16.5862%; border: 1px solid #dddddd; height: 24px;\">4.7<\/td>\n<td style=\"width: 17.086%; border: 1px solid #dddddd; height: 24px;\">73.5<\/td>\n<\/tr>\n<tr style=\"height: 32px;\">\n<td style=\"width: 15.8192%; border: 1px solid #dddddd; height: 32px;\">Teel\u00f6ffel<\/td>\n<td style=\"width: 16.5055%; border: 1px solid #dddddd; height: 32px;\">145<\/td>\n<td style=\"width: 16.8075%; border: 1px solid #dddddd; height: 32px;\">29<\/td>\n<td style=\"width: 16.5862%; border: 1px solid #dddddd; height: 32px;\">3<\/td>\n<td style=\"width: 17.086%; border: 1px solid #dddddd; height: 32px;\">27.2<\/td>\n<\/tr>\n<tr style=\"height: 24px;\">\n<td style=\"width: 15.8192%; border: 1px solid #dddddd; height: 24px;\">Kaffeel\u00f6ffel<\/td>\n<td style=\"width: 16.5055%; border: 1px solid #dddddd; height: 24px;\">133<\/td>\n<td style=\"width: 16.8075%; border: 1px solid #dddddd; height: 24px;\">26<\/td>\n<td style=\"width: 16.5862%; border: 1px solid #dddddd; height: 24px;\">3<\/td>\n<td style=\"width: 17.086%; border: 1px solid #dddddd; height: 24px;\">22<\/td>\n<\/tr>\n<tr style=\"height: 24px;\">\n<td style=\"width: 15.8192%; border: 1px solid #dddddd; height: 24px;\">Dessertgabel<\/td>\n<td style=\"width: 16.5055%; border: 1px solid #dddddd; height: 24px;\">165<\/td>\n<td style=\"width: 16.8075%; border: 1px solid #dddddd; height: 24px;\">19<\/td>\n<td style=\"width: 16.5862%; border: 1px solid #dddddd; height: 24px;\">3<\/td>\n<td style=\"width: 17.086%; border: 1px solid #dddddd; height: 24px;\">28.4<\/td>\n<\/tr>\n<tr style=\"height: 24px;\">\n<td style=\"width: 15.8192%; border: 1px solid #dddddd; height: 24px;\">Dessertl\u00f6ffel<\/td>\n<td style=\"width: 16.5055%; border: 1px solid #dddddd; height: 24px;\">163<\/td>\n<td style=\"width: 16.8075%; border: 1px solid #dddddd; height: 24px;\">33<\/td>\n<td style=\"width: 16.5862%; border: 1px solid #dddddd; height: 24px;\">3<\/td>\n<td style=\"width: 17.086%; border: 1px solid #dddddd; height: 24px;\">32.6<\/td>\n<\/tr>\n<tr style=\"height: 48px;\">\n<td style=\"width: 15.8192%; border: 1px solid #dddddd; height: 48px;\">Fischmesser<\/td>\n<td style=\"width: 16.5055%; border: 1px solid #dddddd; height: 48px;\">204<\/td>\n<td style=\"width: 16.8075%; border: 1px solid #dddddd; height: 48px;\">18<\/td>\n<td style=\"width: 16.5862%; border: 1px solid #dddddd; height: 48px;\">5<\/td>\n<td style=\"width: 17.086%; border: 1px solid #dddddd; height: 48px;\">57.8<\/td>\n<\/tr>\n<tr style=\"height: 24px;\">\n<td style=\"width: 15.8192%; border: 1px solid #dddddd; height: 24px;\">Fischgabel<\/td>\n<td style=\"width: 16.5055%; border: 1px solid #dddddd; height: 24px;\">199<\/td>\n<td style=\"width: 16.8075%; border: 1px solid #dddddd; height: 24px;\">23<\/td>\n<td style=\"width: 16.5862%; border: 1px solid #dddddd; height: 24px;\">5<\/td>\n<td style=\"width: 17.086%; border: 1px solid #dddddd; height: 24px;\">63<\/td>\n<\/tr>\n<\/tbody>\n<\/table>\n<p>&nbsp;<\/p>","protected":false},"excerpt":{"rendered":"<p>\u25b8 PRODUKTPARAMETER Artikel-Nr.: Name L\u00e4nge(mm) Breite(mm) Dicke(mm) Gewicht(g) KX-S292 Steakmesser 236 22 \/ 88,7 Tafelmesser 236 22 \/ 89,3 Tafelgabel 200 24 4,7 58,3 Essl\u00f6ffel 202 41 4,7 73,5 Teel\u00f6ffel 145 29 3 27,2 Kaffeel\u00f6ffel 133 26 3 22 Dessertgabel 165 19 3 28,4 Dessertl\u00f6ffel [...]<\/p>","protected":false},"featured_media":1074,"template":"","meta":{"_seopress_robots_primary_cat":"","_seopress_titles_title":"","_seopress_titles_desc":"","_seopress_robots_index":""},"product_cat":[20],"product_tag":[],"_links":{"self":[{"href":"https:\/\/www.gdkaixuan.com\/de\/wp-json\/wp\/v2\/product\/1073"}],"collection":[{"href":"https:\/\/www.gdkaixuan.com\/de\/wp-json\/wp\/v2\/product"}],"about":[{"href":"https:\/\/www.gdkaixuan.com\/de\/wp-json\/wp\/v2\/types\/product"}],"wp:featuredmedia":[{"embeddable":true,"href":"https:\/\/www.gdkaixuan.com\/de\/wp-json\/wp\/v2\/media\/1074"}],"wp:attachment":[{"href":"https:\/\/www.gdkaixuan.com\/de\/wp-json\/wp\/v2\/media?parent=1073"}],"wp:term":[{"taxonomy":"product_cat","embeddable":true,"href":"https:\/\/www.gdkaixuan.com\/de\/wp-json\/wp\/v2\/product_cat?post=1073"},{"taxonomy":"product_tag","embeddable":true,"href":"https:\/\/www.gdkaixuan.com\/de\/wp-json\/wp\/v2\/product_tag?post=1073"}],"curies":[{"name":"wp","href":"https:\/\/api.w.org\/{rel}","templated":true}]}}