{"id":1071,"date":"2023-04-19T07:09:02","date_gmt":"2023-04-19T07:09:02","guid":{"rendered":"https:\/\/demo.gdjiexun.cn\/?post_type=product&#038;p=1071"},"modified":"2023-04-19T07:44:16","modified_gmt":"2023-04-19T07:44:16","slug":"kx-s291-wholesale-stainless-steel-flatware-sets-suppliers-in-china","status":"publish","type":"product","link":"https:\/\/www.gdkaixuan.com\/de\/produkt\/kx-s291-groshandel-rostfreier-stahl-flachwaren-sets-lieferanten-in-china\/","title":{"rendered":"KX-S291 Gro\u00dfhandel Edelstahl-Besteck-Sets Lieferanten in China"},"content":{"rendered":"<p><img fetchpriority=\"high\" decoding=\"async\" class=\"aligncenter size-full wp-image-1072\" src=\"http:\/\/demo.gdjiexun.cn\/wp-content\/uploads\/2023\/04\/KX-S291.jpg\" alt=\"\" width=\"700\" height=\"700\" srcset=\"https:\/\/www.gdkaixuan.com\/wp-content\/uploads\/2023\/04\/KX-S291.jpg 700w, https:\/\/www.gdkaixuan.com\/wp-content\/uploads\/2023\/04\/KX-S291-600x600.jpg 600w, https:\/\/www.gdkaixuan.com\/wp-content\/uploads\/2023\/04\/KX-S291-100x100.jpg 100w, https:\/\/www.gdkaixuan.com\/wp-content\/uploads\/2023\/04\/KX-S291-500x500.jpg 500w\" sizes=\"(max-width: 700px) 100vw, 700px\" \/><\/p>\n<h5 style=\"color: #0f4087;\">\u25b8 PRODUKTPARAMETER<\/h5>\n<table style=\"height: 356px; width: 95.4594%; border-collapse: collapse; border-style: solid; border-color: #dddddd;\" border=\"1\">\n<tbody>\n<tr style=\"height: 24px;\">\n<td style=\"width: 17.1956%; height: 24px; border: 1px solid #dddddd; background-color: #f2f2f2;\">Artikel Nr:<\/td>\n<td style=\"width: 15.8192%; height: 24px; border: 1px solid #dddddd; background-color: #f2f2f2;\">Name<\/td>\n<td style=\"width: 16.5055%; height: 24px; border: 1px solid #dddddd; background-color: #f2f2f2;\">L\u00e4nge(mm)<\/td>\n<td style=\"width: 16.8075%; height: 24px; border: 1px solid #dddddd; background-color: #f2f2f2;\">Breite(mm)<\/td>\n<td style=\"width: 16.5862%; border: 1px solid #dddddd; background-color: #f2f2f2; height: 24px;\">Dicke(mm)<\/td>\n<td style=\"width: 17.086%; height: 24px; border: 1px solid #dddddd; background-color: #f2f2f2;\">Gewicht(g)<\/td>\n<\/tr>\n<tr style=\"height: 24px;\">\n<td style=\"width: 17.1956%; height: 332px; border: 1px solid #dddddd; vertical-align: middle;\" rowspan=\"5\">KX-S291<\/td>\n<td style=\"width: 15.8192%; border: 1px solid #dddddd; height: 21px;\">Tafelmesser<\/td>\n<td style=\"width: 16.5055%; border: 1px solid #dddddd; height: 21px;\">217<\/td>\n<td style=\"width: 16.8075%; border: 1px solid #dddddd; height: 21px;\">17<\/td>\n<td style=\"width: 16.5862%; border: 1px solid #dddddd; height: 21px;\">7.8<\/td>\n<td style=\"width: 17.086%; border: 1px solid #dddddd; height: 21px;\">74.5<\/td>\n<\/tr>\n<tr style=\"height: 24px;\">\n<td style=\"width: 15.8192%; border: 1px solid #dddddd; height: 24px;\">Essgabel<\/td>\n<td style=\"width: 16.5055%; border: 1px solid #dddddd; height: 24px;\">204<\/td>\n<td style=\"width: 16.8075%; border: 1px solid #dddddd; height: 24px;\">23<\/td>\n<td style=\"width: 16.5862%; border: 1px solid #dddddd; height: 24px;\">7.3<\/td>\n<td style=\"width: 17.086%; border: 1px solid #dddddd; height: 24px;\">61.4<\/td>\n<\/tr>\n<tr style=\"height: 24px;\">\n<td style=\"width: 15.8192%; border: 1px solid #dddddd; height: 24px;\">Tafell\u00f6ffel<\/td>\n<td style=\"width: 16.5055%; border: 1px solid #dddddd; height: 24px;\">198<\/td>\n<td style=\"width: 16.8075%; border: 1px solid #dddddd; height: 24px;\">39<\/td>\n<td style=\"width: 16.5862%; border: 1px solid #dddddd; height: 24px;\">7.3<\/td>\n<td style=\"width: 17.086%; border: 1px solid #dddddd; height: 24px;\">75.9<\/td>\n<\/tr>\n<tr style=\"height: 48px;\">\n<td style=\"width: 15.8192%; border: 1px solid #dddddd; height: 48px;\">Teel\u00f6ffel<\/td>\n<td style=\"width: 16.5055%; border: 1px solid #dddddd; height: 48px;\">147<\/td>\n<td style=\"width: 16.8075%; border: 1px solid #dddddd; height: 48px;\">29<\/td>\n<td style=\"width: 16.5862%; border: 1px solid #dddddd; height: 48px;\">6.6<\/td>\n<td style=\"width: 17.086%; border: 1px solid #dddddd; height: 48px;\">41.9<\/td>\n<\/tr>\n<tr style=\"height: 32px;\">\n<td style=\"width: 15.8192%; border: 1px solid #dddddd; height: 32px;\">Kuchengabel<\/td>\n<td style=\"width: 16.5055%; border: 1px solid #dddddd; height: 32px;\">149<\/td>\n<td style=\"width: 16.8075%; border: 1px solid #dddddd; height: 32px;\">20<\/td>\n<td style=\"width: 16.5862%; border: 1px solid #dddddd; height: 32px;\">6.6<\/td>\n<td style=\"width: 17.086%; border: 1px solid #dddddd; height: 32px;\">37.6<\/td>\n<\/tr>\n<\/tbody>\n<\/table>\n<p>&nbsp;<\/p>","protected":false},"excerpt":{"rendered":"<p>\u25b8 PRODUKTPARAMETER Artikel-Nr.: Name L\u00e4nge(mm) Breite(mm) Dicke(mm) Gewicht(g) KX-S291 Tafelmesser 217 17 7,8 74,5 Tafelgabel 204 23 7,3 61,4 Essl\u00f6ffel 198 39 7,3 75,9 Teel\u00f6ffel 147 29 6,6 41,9 Kuchengabel 149 20 6,6 37,6 &nbsp;<\/p>","protected":false},"featured_media":1072,"template":"","meta":{"_seopress_robots_primary_cat":"","_seopress_titles_title":"","_seopress_titles_desc":"","_seopress_robots_index":""},"product_cat":[20],"product_tag":[],"_links":{"self":[{"href":"https:\/\/www.gdkaixuan.com\/de\/wp-json\/wp\/v2\/product\/1071"}],"collection":[{"href":"https:\/\/www.gdkaixuan.com\/de\/wp-json\/wp\/v2\/product"}],"about":[{"href":"https:\/\/www.gdkaixuan.com\/de\/wp-json\/wp\/v2\/types\/product"}],"wp:featuredmedia":[{"embeddable":true,"href":"https:\/\/www.gdkaixuan.com\/de\/wp-json\/wp\/v2\/media\/1072"}],"wp:attachment":[{"href":"https:\/\/www.gdkaixuan.com\/de\/wp-json\/wp\/v2\/media?parent=1071"}],"wp:term":[{"taxonomy":"product_cat","embeddable":true,"href":"https:\/\/www.gdkaixuan.com\/de\/wp-json\/wp\/v2\/product_cat?post=1071"},{"taxonomy":"product_tag","embeddable":true,"href":"https:\/\/www.gdkaixuan.com\/de\/wp-json\/wp\/v2\/product_tag?post=1071"}],"curies":[{"name":"wp","href":"https:\/\/api.w.org\/{rel}","templated":true}]}}