{"id":1064,"date":"2023-04-19T02:51:31","date_gmt":"2023-04-19T02:51:31","guid":{"rendered":"https:\/\/demo.gdjiexun.cn\/?post_type=product&#038;p=1064"},"modified":"2024-09-11T00:59:40","modified_gmt":"2024-09-11T00:59:40","slug":"kx-s259-1-custom-stainless-steel-flatware-sets-manufacturers-in-china","status":"publish","type":"product","link":"https:\/\/www.gdkaixuan.com\/de\/produkt\/kx-s259-1-custom-stainless-steel-flatware-sets-manufacturers-in-china\/","title":{"rendered":"KX-S259-1 benutzerdefinierte Edelstahl-Besteck-Sets Hersteller in China"},"content":{"rendered":"<p><img fetchpriority=\"high\" decoding=\"async\" class=\"aligncenter size-full wp-image-1066\" src=\"http:\/\/demo.gdjiexun.cn\/wp-content\/uploads\/2023\/04\/KX-S259-1.jpg\" alt=\"\" width=\"700\" height=\"467\" srcset=\"https:\/\/www.gdkaixuan.com\/wp-content\/uploads\/2023\/04\/KX-S259-1.jpg 700w, https:\/\/www.gdkaixuan.com\/wp-content\/uploads\/2023\/04\/KX-S259-1-600x400.jpg 600w\" sizes=\"(max-width: 700px) 100vw, 700px\" \/><\/p>\n<h5 style=\"color: #0f4087;\">\u25b8 PRODUKTPARAMETER<\/h5>\n<table style=\"height: 382px; width: 96.1835%; border-collapse: collapse; border-style: solid; border-color: #dddddd;\" border=\"1\">\n<tbody>\n<tr style=\"height: 24px;\">\n<td style=\"width: 17.1956%; height: 24px; border: 1px solid #dddddd; background-color: #f2f2f2;\">Artikel Nr:<\/td>\n<td style=\"width: 15.8192%; height: 24px; border: 1px solid #dddddd; background-color: #f2f2f2;\">Name<\/td>\n<td style=\"width: 16.5055%; height: 24px; border: 1px solid #dddddd; background-color: #f2f2f2;\">L\u00e4nge(mm)<\/td>\n<td style=\"width: 16.8075%; height: 24px; border: 1px solid #dddddd; background-color: #f2f2f2;\">Breite(mm)<\/td>\n<td style=\"width: 16.5862%; border: 1px solid #dddddd; background-color: #f2f2f2; height: 24px;\">Dicke(mm)<\/td>\n<td style=\"width: 17.086%; height: 24px; border: 1px solid #dddddd; background-color: #f2f2f2;\">Gewicht(g)<\/td>\n<\/tr>\n<tr style=\"height: 24px;\">\n<td style=\"width: 17.1956%; height: 358px; border: 1px solid #dddddd; vertical-align: middle;\" rowspan=\"13\">KX-S259-1<\/td>\n<td style=\"width: 15.8192%; height: 25px; border: 1px solid #dddddd;\">Steakmesser<\/td>\n<td style=\"width: 16.5055%; height: 25px; border: 1px solid #dddddd;\">231<\/td>\n<td style=\"width: 16.8075%; height: 25px; border: 1px solid #dddddd;\">21<\/td>\n<td style=\"width: 16.5862%; border: 1px solid #dddddd; height: 25px;\">6<\/td>\n<td style=\"width: 17.086%; height: 25px; border: 1px solid #dddddd;\">99.6<\/td>\n<\/tr>\n<tr style=\"height: 41px;\">\n<td style=\"width: 15.8192%; border: 1px solid #dddddd; height: 21px;\">Tafelmesser<\/td>\n<td style=\"width: 16.5055%; border: 1px solid #dddddd; height: 21px;\">240<\/td>\n<td style=\"width: 16.8075%; border: 1px solid #dddddd; height: 21px;\">21<\/td>\n<td style=\"width: 16.5862%; border: 1px solid #dddddd; height: 21px;\">9<\/td>\n<td style=\"width: 17.086%; border: 1px solid #dddddd; height: 21px;\">104.4<\/td>\n<\/tr>\n<tr style=\"height: 24px;\">\n<td style=\"width: 15.8192%; border: 1px solid #dddddd; height: 24px;\">Essgabel<\/td>\n<td style=\"width: 16.5055%; border: 1px solid #dddddd; height: 24px;\">210<\/td>\n<td style=\"width: 16.8075%; border: 1px solid #dddddd; height: 24px;\">25<\/td>\n<td style=\"width: 16.5862%; border: 1px solid #dddddd; height: 24px;\">2.9<\/td>\n<td style=\"width: 17.086%; border: 1px solid #dddddd; height: 24px;\">55.3<\/td>\n<\/tr>\n<tr style=\"height: 24px;\">\n<td style=\"width: 15.8192%; border: 1px solid #dddddd; height: 24px;\">Tafell\u00f6ffel<\/td>\n<td style=\"width: 16.5055%; border: 1px solid #dddddd; height: 24px;\">206<\/td>\n<td style=\"width: 16.8075%; border: 1px solid #dddddd; height: 24px;\">43<\/td>\n<td style=\"width: 16.5862%; border: 1px solid #dddddd; height: 24px;\">2.9<\/td>\n<td style=\"width: 17.086%; border: 1px solid #dddddd; height: 24px;\">71.5<\/td>\n<\/tr>\n<tr>\n<td style=\"width: 15.8192%; border: 1px solid #dddddd;\">Teel\u00f6ffel<\/td>\n<td style=\"width: 16.5055%; border: 1px solid #dddddd;\">134<\/td>\n<td style=\"width: 16.8075%; border: 1px solid #dddddd;\">28<\/td>\n<td style=\"width: 16.5862%; border: 1px solid #dddddd;\">1.9<\/td>\n<td style=\"width: 17.086%; border: 1px solid #dddddd;\">21.8<\/td>\n<\/tr>\n<tr style=\"height: 24px;\">\n<td style=\"width: 15.8192%; border: 1px solid #dddddd; height: 24px;\">Dessertmesser<\/td>\n<td style=\"width: 16.5055%; border: 1px solid #dddddd; height: 24px;\">200<\/td>\n<td style=\"width: 16.8075%; border: 1px solid #dddddd; height: 24px;\">18<\/td>\n<td style=\"width: 16.5862%; border: 1px solid #dddddd; height: 24px;\">5<\/td>\n<td style=\"width: 17.086%; border: 1px solid #dddddd; height: 24px;\">62.3<\/td>\n<\/tr>\n<tr style=\"height: 24px;\">\n<td style=\"width: 15.8192%; border: 1px solid #dddddd; height: 24px;\">Dessertgabel<\/td>\n<td style=\"width: 16.5055%; border: 1px solid #dddddd; height: 24px;\">194<\/td>\n<td style=\"width: 16.8075%; border: 1px solid #dddddd; height: 24px;\">23<\/td>\n<td style=\"width: 16.5862%; border: 1px solid #dddddd; height: 24px;\">2.45<\/td>\n<td style=\"width: 17.086%; border: 1px solid #dddddd; height: 24px;\">41.4<\/td>\n<\/tr>\n<tr style=\"height: 24px;\">\n<td style=\"width: 15.8192%; border: 1px solid #dddddd; height: 24px;\">Dessertl\u00f6ffel<\/td>\n<td style=\"width: 16.5055%; border: 1px solid #dddddd; height: 24px;\">188<\/td>\n<td style=\"width: 16.8075%; border: 1px solid #dddddd; height: 24px;\">39<\/td>\n<td style=\"width: 16.5862%; border: 1px solid #dddddd; height: 24px;\">2.45<\/td>\n<td style=\"width: 17.086%; border: 1px solid #dddddd; height: 24px;\">49<\/td>\n<\/tr>\n<tr>\n<td style=\"width: 15.8192%; border: 1px solid #dddddd;\">Kaffeel\u00f6ffel<\/td>\n<td style=\"width: 16.5055%; border: 1px solid #dddddd;\">119<\/td>\n<td style=\"width: 16.8075%; border: 1px solid #dddddd;\">25<\/td>\n<td style=\"width: 16.5862%; border: 1px solid #dddddd;\">1.95<\/td>\n<td style=\"width: 17.086%; border: 1px solid #dddddd;\">15.6<\/td>\n<\/tr>\n<tr style=\"height: 24px;\">\n<td style=\"width: 15.8192%; border: 1px solid #dddddd; height: 24px;\">Eisl\u00f6ffel<\/td>\n<td style=\"width: 16.5055%; border: 1px solid #dddddd; height: 24px;\">194<\/td>\n<td style=\"width: 16.8075%; border: 1px solid #dddddd; height: 24px;\">28<\/td>\n<td style=\"width: 16.5862%; border: 1px solid #dddddd; height: 24px;\">1.95<\/td>\n<td style=\"width: 17.086%; border: 1px solid #dddddd; height: 24px;\">27<\/td>\n<\/tr>\n<tr style=\"height: 24px;\">\n<td style=\"width: 15.8192%; border: 1px solid #dddddd; height: 24px;\">Fischmesser<\/td>\n<td style=\"width: 16.5055%; border: 1px solid #dddddd; height: 24px;\">199<\/td>\n<td style=\"width: 16.8075%; border: 1px solid #dddddd; height: 24px;\">21<\/td>\n<td style=\"width: 16.5862%; border: 1px solid #dddddd; height: 24px;\">2.5<\/td>\n<td style=\"width: 17.086%; border: 1px solid #dddddd; height: 24px;\">42<\/td>\n<\/tr>\n<tr>\n<td style=\"width: 15.8192%; border: 1px solid #dddddd;\">Fischgabel<\/td>\n<td style=\"width: 16.5055%; border: 1px solid #dddddd;\">192<\/td>\n<td style=\"width: 16.8075%; border: 1px solid #dddddd;\">22<\/td>\n<td style=\"width: 16.5862%; border: 1px solid #dddddd;\">2.5<\/td>\n<td style=\"width: 17.086%; border: 1px solid #dddddd;\">39.5<\/td>\n<\/tr>\n<tr style=\"height: 24px;\">\n<td style=\"width: 15.8192%; border: 1px solid #dddddd; height: 24px;\">Eisl\u00f6ffel<\/td>\n<td style=\"width: 16.5055%; border: 1px solid #dddddd; height: 24px;\">129<\/td>\n<td style=\"width: 16.8075%; border: 1px solid #dddddd; height: 24px;\">23<\/td>\n<td style=\"width: 16.5862%; border: 1px solid #dddddd; height: 24px;\">2<\/td>\n<td style=\"width: 17.086%; border: 1px solid #dddddd; height: 24px;\">21<\/td>\n<\/tr>\n<\/tbody>\n<\/table>\n<p>&nbsp;<\/p>","protected":false},"excerpt":{"rendered":"<p>\u25b8 PRODUKTPARAMETER Artikel-Nr.: Name L\u00e4nge(mm) Breite(mm) Dicke(mm) Gewicht(g) KX-S259-1 Steakmesser 231 21 6 99,6 Tafelmesser 240 21 9 104,4 Tafelgabel 210 25 2,9 55,3 Essl\u00f6ffel 206 43 2,9 71,5 Teel\u00f6ffel 134 28 1,9 21,8 Dessertmesser 200 18 5 62,3 Dessertgabel 194 23 2,45 41,4 Dessertl\u00f6ffel [...]<\/p>","protected":false},"featured_media":1065,"template":"","meta":{"_seopress_robots_primary_cat":"none","_seopress_titles_title":"","_seopress_titles_desc":"","_seopress_robots_index":""},"product_cat":[20],"product_tag":[],"_links":{"self":[{"href":"https:\/\/www.gdkaixuan.com\/de\/wp-json\/wp\/v2\/product\/1064"}],"collection":[{"href":"https:\/\/www.gdkaixuan.com\/de\/wp-json\/wp\/v2\/product"}],"about":[{"href":"https:\/\/www.gdkaixuan.com\/de\/wp-json\/wp\/v2\/types\/product"}],"wp:featuredmedia":[{"embeddable":true,"href":"https:\/\/www.gdkaixuan.com\/de\/wp-json\/wp\/v2\/media\/1065"}],"wp:attachment":[{"href":"https:\/\/www.gdkaixuan.com\/de\/wp-json\/wp\/v2\/media?parent=1064"}],"wp:term":[{"taxonomy":"product_cat","embeddable":true,"href":"https:\/\/www.gdkaixuan.com\/de\/wp-json\/wp\/v2\/product_cat?post=1064"},{"taxonomy":"product_tag","embeddable":true,"href":"https:\/\/www.gdkaixuan.com\/de\/wp-json\/wp\/v2\/product_tag?post=1064"}],"curies":[{"name":"wp","href":"https:\/\/api.w.org\/{rel}","templated":true}]}}