{"id":69,"date":"2023-04-04T07:24:08","date_gmt":"2023-04-04T07:24:08","guid":{"rendered":"https:\/\/demo.gdjiexun.cn\/?page_id=69"},"modified":"2023-06-01T02:47:52","modified_gmt":"2023-06-01T02:47:52","slug":"customization","status":"publish","type":"page","link":"https:\/\/www.gdkaixuan.com\/de\/personalisierung\/","title":{"rendered":"Personalisierung"},"content":{"rendered":"<div data-elementor-type=\"wp-page\" data-elementor-id=\"69\" class=\"elementor elementor-69\" data-elementor-post-type=\"page\">\n\t\t\t\t<div class=\"elementor-element elementor-element-c925c0b e-flex e-con-boxed e-con e-parent\" data-id=\"c925c0b\" data-element_type=\"container\" data-settings=\"{&quot;background_background&quot;:&quot;classic&quot;}\">\n\t\t\t\t\t<div class=\"e-con-inner\">\n\t\t\t\t<div class=\"elementor-element elementor-element-e2c2612 elementor-widget elementor-widget-heading\" data-id=\"e2c2612\" data-element_type=\"widget\" data-widget_type=\"heading.default\">\n\t\t\t\t<div class=\"elementor-widget-container\">\n\t\t\t\t\t<h1 class=\"elementor-heading-title elementor-size-default\">CUSTOMIZATION<\/h1>\t\t\t\t<\/div>\n\t\t\t\t<\/div>\n\t\t\t\t<div class=\"elementor-element elementor-element-20e6eba elementor-widget elementor-widget-sp-breadcrumbs\" data-id=\"20e6eba\" data-element_type=\"widget\" data-widget_type=\"sp-breadcrumbs.default\">\n\t\t\t\t<div class=\"elementor-widget-container\">\n\t\t\t\t\t<nav  aria-label=\"Brotkr\u00fcmel\"><ol class=\"breadcrumb\" itemscope itemtype=\"https:\/\/schema.org\/BreadcrumbList\"><li class=\"breadcrumb-item active\" aria-current=\"page\" itemprop=\"itemListElement\" itemscope itemtype=\"https:\/\/schema.org\/ListItem\"><span itemprop=\"name\">Startseite<\/span><meta itemprop=\"position\" content=\"1\"><\/li><\/ol><\/nav>\t\t\t\t<\/div>\n\t\t\t\t<\/div>\n\t\t\t\t\t<\/div>\n\t\t\t\t<\/div>\n\t\t<div class=\"elementor-element elementor-element-ce8c9dc e-flex e-con-boxed e-con e-parent\" data-id=\"ce8c9dc\" data-element_type=\"container\">\n\t\t\t\t\t<div class=\"e-con-inner\">\n\t\t\t\t<div class=\"elementor-element elementor-element-05c2ac5 elementor-widget elementor-widget-heading\" data-id=\"05c2ac5\" data-element_type=\"widget\" data-widget_type=\"heading.default\">\n\t\t\t\t<div class=\"elementor-widget-container\">\n\t\t\t\t\t<h1 class=\"elementor-heading-title elementor-size-default\">WARUM SIE UNS W\u00c4HLEN<\/h1>\t\t\t\t<\/div>\n\t\t\t\t<\/div>\n\t\t\t\t<div class=\"elementor-element elementor-element-ecf8707 elementor-widget elementor-widget-text-editor\" data-id=\"ecf8707\" data-element_type=\"widget\" data-widget_type=\"text-editor.default\">\n\t\t\t\t<div class=\"elementor-widget-container\">\n\t\t\t\t\t\t\t\t\t<p>Unser Kerngesch\u00e4ft ist der OEM\/ODM-Service f\u00fcr Bestecke nach Kundenwunsch, bei dem wir die Form, das Logo, das Material und die Verarbeitung Ihren Anforderungen entsprechend anpassen k\u00f6nnen.<\/p>\t\t\t\t\t\t\t\t<\/div>\n\t\t\t\t<\/div>\n\t\t\t\t\t<\/div>\n\t\t\t\t<\/div>\n\t\t<div class=\"elementor-element elementor-element-6b2fa3e e-flex e-con-boxed e-con e-parent\" data-id=\"6b2fa3e\" data-element_type=\"container\">\n\t\t\t\t\t<div class=\"e-con-inner\">\n\t\t<div class=\"elementor-element elementor-element-daef79f e-con-full e-flex e-con e-parent\" data-id=\"daef79f\" data-element_type=\"container\">\n\t\t<div class=\"elementor-element elementor-element-b83a779 e-con-full e-flex e-con e-parent\" data-id=\"b83a779\" data-element_type=\"container\">\n\t\t\t\t<div class=\"elementor-element elementor-element-71b640e elementor-position-top elementor-widget elementor-widget-image-box\" data-id=\"71b640e\" data-element_type=\"widget\" data-widget_type=\"image-box.default\">\n\t\t\t\t<div class=\"elementor-widget-container\">\n\t\t\t\t\t<div class=\"elementor-image-box-wrapper\"><figure class=\"elementor-image-box-img\"><img decoding=\"async\" width=\"123\" height=\"97\" src=\"https:\/\/www.gdkaixuan.com\/wp-content\/uploads\/2023\/04\/Kaixuan-flatware-icon11.png\" class=\"attachment-full size-full wp-image-315\" alt=\"Kaixuan Besteck icon11\" \/><\/figure><div class=\"elementor-image-box-content\"><h3 class=\"elementor-image-box-title\">Produktvielfalt<\/h3><p class=\"elementor-image-box-description\">Die Produktpalette, die wir im Bereich Besteck und K\u00fcchenutensilien anbieten, aktualisiert Dutzende der neuesten Produkte.<\/p><\/div><\/div>\t\t\t\t<\/div>\n\t\t\t\t<\/div>\n\t\t\t\t<\/div>\n\t\t<div class=\"elementor-element elementor-element-bce4e1e e-con-full e-flex e-con e-parent\" data-id=\"bce4e1e\" data-element_type=\"container\">\n\t\t\t\t<div class=\"elementor-element elementor-element-b3e4cf8 elementor-position-top elementor-widget elementor-widget-image-box\" data-id=\"b3e4cf8\" data-element_type=\"widget\" data-widget_type=\"image-box.default\">\n\t\t\t\t<div class=\"elementor-widget-container\">\n\t\t\t\t\t<div class=\"elementor-image-box-wrapper\"><figure class=\"elementor-image-box-img\"><img decoding=\"async\" width=\"123\" height=\"97\" src=\"https:\/\/www.gdkaixuan.com\/wp-content\/uploads\/2023\/04\/Kaixuan-flatware-icon22.png\" class=\"attachment-full size-full wp-image-316\" alt=\"Kaixuan Besteck icon22\" \/><\/figure><div class=\"elementor-image-box-content\"><h3 class=\"elementor-image-box-title\">Hohe Qualit\u00e4t<\/h3><p class=\"elementor-image-box-description\">Kaixuan wird sich bem\u00fchen, Ihre Anforderungen in Bezug auf Geschmack, Preis und Lieferung zu erf\u00fcllen - kundenorientierte Qualit\u00e4t<\/p><\/div><\/div>\t\t\t\t<\/div>\n\t\t\t\t<\/div>\n\t\t\t\t<\/div>\n\t\t\t\t<\/div>\n\t\t<div class=\"elementor-element elementor-element-cb4bfe0 e-con-full e-flex e-con e-parent\" data-id=\"cb4bfe0\" data-element_type=\"container\">\n\t\t<div class=\"elementor-element elementor-element-4e00353 e-con-full e-flex e-con e-parent\" data-id=\"4e00353\" data-element_type=\"container\">\n\t\t\t\t<div class=\"elementor-element elementor-element-27f6af0 elementor-position-top elementor-widget elementor-widget-image-box\" data-id=\"27f6af0\" data-element_type=\"widget\" data-widget_type=\"image-box.default\">\n\t\t\t\t<div class=\"elementor-widget-container\">\n\t\t\t\t\t<div class=\"elementor-image-box-wrapper\"><figure class=\"elementor-image-box-img\"><img decoding=\"async\" width=\"123\" height=\"97\" src=\"https:\/\/www.gdkaixuan.com\/wp-content\/uploads\/2023\/04\/Kaixuan-flatware-icon33.png\" class=\"attachment-full size-full wp-image-317\" alt=\"Kaixuan Besteck icon33\" \/><\/figure><div class=\"elementor-image-box-content\"><h3 class=\"elementor-image-box-title\">Konkurrenzf\u00e4higer Preis<\/h3><p class=\"elementor-image-box-description\">Fortschrittliche Fertigungs- und Lieferkettenl\u00f6sungen. Wir k\u00f6nnen immer liefern Sie eine gute Qualit\u00e4t Artikel mit wettbewerbsf\u00e4higen Preis.<\/p><\/div><\/div>\t\t\t\t<\/div>\n\t\t\t\t<\/div>\n\t\t\t\t<\/div>\n\t\t<div class=\"elementor-element elementor-element-78dd10d e-con-full e-flex e-con e-parent\" data-id=\"78dd10d\" data-element_type=\"container\">\n\t\t\t\t<div class=\"elementor-element elementor-element-3d5892e elementor-position-top elementor-widget elementor-widget-image-box\" data-id=\"3d5892e\" data-element_type=\"widget\" data-widget_type=\"image-box.default\">\n\t\t\t\t<div class=\"elementor-widget-container\">\n\t\t\t\t\t<div class=\"elementor-image-box-wrapper\"><figure class=\"elementor-image-box-img\"><img loading=\"lazy\" decoding=\"async\" width=\"123\" height=\"97\" src=\"https:\/\/www.gdkaixuan.com\/wp-content\/uploads\/2023\/04\/Kaixuan-flatware-icon44.png\" class=\"attachment-full size-full wp-image-318\" alt=\"Kaixuan Besteck icon44\" \/><\/figure><div class=\"elementor-image-box-content\"><h3 class=\"elementor-image-box-title\">Reiche Erfahrung<\/h3><p class=\"elementor-image-box-description\">In den letzten 10 Jahren haben wir erfolgreich renommierte Kunden in der ganzen Welt bedient.<\/p><\/div><\/div>\t\t\t\t<\/div>\n\t\t\t\t<\/div>\n\t\t\t\t<\/div>\n\t\t\t\t<\/div>\n\t\t\t\t\t<\/div>\n\t\t\t\t<\/div>\n\t\t<div class=\"elementor-element elementor-element-0d1119a e-con-full e-flex e-con e-parent\" data-id=\"0d1119a\" data-element_type=\"container\">\n\t\t<div class=\"elementor-element elementor-element-8a7d074 e-con-full e-flex e-con e-parent\" data-id=\"8a7d074\" data-element_type=\"container\" data-settings=\"{&quot;background_background&quot;:&quot;classic&quot;}\">\n\t\t\t\t<\/div>\n\t\t<div class=\"elementor-element elementor-element-32fc256 e-con-full e-flex e-con e-parent\" data-id=\"32fc256\" data-element_type=\"container\" data-settings=\"{&quot;background_background&quot;:&quot;classic&quot;}\">\n\t\t\t\t<div class=\"elementor-element elementor-element-d3f016f elementor-widget elementor-widget-heading\" data-id=\"d3f016f\" data-element_type=\"widget\" data-widget_type=\"heading.default\">\n\t\t\t\t<div class=\"elementor-widget-container\">\n\t\t\t\t\t<h1 class=\"elementor-heading-title elementor-size-default\">UNSERE ANPASSUNG<\/h1>\t\t\t\t<\/div>\n\t\t\t\t<\/div>\n\t\t\t\t<div class=\"elementor-element elementor-element-351fd68 elementor-widget elementor-widget-heading\" data-id=\"351fd68\" data-element_type=\"widget\" data-widget_type=\"heading.default\">\n\t\t\t\t<div class=\"elementor-widget-container\">\n\t\t\t\t\t<h1 class=\"elementor-heading-title elementor-size-default\">PROFESSIONELL &amp; EFFIZIENT<\/h1>\t\t\t\t<\/div>\n\t\t\t\t<\/div>\n\t\t\t\t<div class=\"elementor-element elementor-element-33a5ec8 elementor-widget elementor-widget-text-editor\" data-id=\"33a5ec8\" data-element_type=\"widget\" data-widget_type=\"text-editor.default\">\n\t\t\t\t<div class=\"elementor-widget-container\">\n\t\t\t\t\t\t\t\t\t<p>Die Kunden k\u00f6nnen aus einer Vielzahl von Stilen und Gr\u00f6\u00dfen w\u00e4hlen. Die Palette der von uns angebotenen Produkte aus rostfreiem Stahl kann aus bestehenden Stilen und Designs oder durch die Erstellung von Sonderanfertigungen nach Ihren Vorgaben erfolgen. Wir k\u00f6nnen die Form, das Logo, das Material und die Methode nach Ihren Vorgaben \u00e4ndern.<\/p>\t\t\t\t\t\t\t\t<\/div>\n\t\t\t\t<\/div>\n\t\t\t\t<div class=\"elementor-element elementor-element-7b727c2 elementor-list-item-link-full_width elementor-widget elementor-widget-icon-list\" data-id=\"7b727c2\" data-element_type=\"widget\" data-widget_type=\"icon-list.default\">\n\t\t\t\t<div class=\"elementor-widget-container\">\n\t\t\t\t\t\t\t<ul class=\"elementor-icon-list-items\">\n\t\t\t\t\t\t\t<li class=\"elementor-icon-list-item\">\n\t\t\t\t\t\t\t\t\t\t\t<span class=\"elementor-icon-list-icon\">\n\t\t\t\t\t\t\t<i aria-hidden=\"true\" class=\"fas fa-check-circle\"><\/i>\t\t\t\t\t\t<\/span>\n\t\t\t\t\t\t\t\t\t\t<span class=\"elementor-icon-list-text\">Kontaktieren Sie unseren Verk\u00e4ufer und teilen Sie uns Ihren Bedarf mit.<\/span>\n\t\t\t\t\t\t\t\t\t<\/li>\n\t\t\t\t\t\t\t\t<li class=\"elementor-icon-list-item\">\n\t\t\t\t\t\t\t\t\t\t\t<span class=\"elementor-icon-list-icon\">\n\t\t\t\t\t\t\t<i aria-hidden=\"true\" class=\"fas fa-check-circle\"><\/i>\t\t\t\t\t\t<\/span>\n\t\t\t\t\t\t\t\t\t\t<span class=\"elementor-icon-list-text\">Unsere Produktmaterialien entsprechen internationalen Standards.<\/span>\n\t\t\t\t\t\t\t\t\t<\/li>\n\t\t\t\t\t\t\t\t<li class=\"elementor-icon-list-item\">\n\t\t\t\t\t\t\t\t\t\t\t<span class=\"elementor-icon-list-icon\">\n\t\t\t\t\t\t\t<i aria-hidden=\"true\" class=\"fas fa-check-circle\"><\/i>\t\t\t\t\t\t<\/span>\n\t\t\t\t\t\t\t\t\t\t<span class=\"elementor-icon-list-text\">Wir erf\u00fcllen Ihre individuellen Anforderungen durch ein professionelles Designteam.<\/span>\n\t\t\t\t\t\t\t\t\t<\/li>\n\t\t\t\t\t\t\t\t<li class=\"elementor-icon-list-item\">\n\t\t\t\t\t\t\t\t\t\t\t<span class=\"elementor-icon-list-icon\">\n\t\t\t\t\t\t\t<i aria-hidden=\"true\" class=\"fas fa-check-circle\"><\/i>\t\t\t\t\t\t<\/span>\n\t\t\t\t\t\t\t\t\t\t<span class=\"elementor-icon-list-text\">Wir f\u00fchren drei Stufen der Qualit\u00e4tskontrolle durch, um die Produktqualit\u00e4t zu gew\u00e4hrleisten.<\/span>\n\t\t\t\t\t\t\t\t\t<\/li>\n\t\t\t\t\t\t<\/ul>\n\t\t\t\t\t\t<\/div>\n\t\t\t\t<\/div>\n\t\t\t\t<\/div>\n\t\t\t\t<\/div>\n\t\t<div class=\"elementor-element elementor-element-a7c9d74 e-con-full e-flex e-con e-parent\" data-id=\"a7c9d74\" data-element_type=\"container\">\n\t\t<div class=\"elementor-element elementor-element-9ee9a88 e-con-full e-flex e-con e-parent\" data-id=\"9ee9a88\" data-element_type=\"container\" data-settings=\"{&quot;background_background&quot;:&quot;classic&quot;}\">\n\t\t\t\t<div class=\"elementor-element elementor-element-9200bc0 elementor-widget elementor-widget-image\" data-id=\"9200bc0\" data-element_type=\"widget\" data-widget_type=\"image.default\">\n\t\t\t\t<div class=\"elementor-widget-container\">\n\t\t\t\t\t\t\t\t\t\t\t\t\t\t\t<img loading=\"lazy\" decoding=\"async\" width=\"662\" height=\"545\" src=\"https:\/\/www.gdkaixuan.com\/wp-content\/uploads\/2023\/04\/kaixuan-cutlery-flatware.webp\" class=\"attachment-full size-full wp-image-321\" alt=\"kaixuan Besteck Besteck\" srcset=\"https:\/\/www.gdkaixuan.com\/wp-content\/uploads\/2023\/04\/kaixuan-cutlery-flatware.webp 662w, https:\/\/www.gdkaixuan.com\/wp-content\/uploads\/2023\/04\/kaixuan-cutlery-flatware-600x494.webp 600w, https:\/\/www.gdkaixuan.com\/wp-content\/uploads\/2023\/04\/kaixuan-cutlery-flatware-300x247.webp 300w\" sizes=\"(max-width: 662px) 100vw, 662px\" \/>\t\t\t\t\t\t\t\t\t\t\t\t\t\t\t<\/div>\n\t\t\t\t<\/div>\n\t\t\t\t<\/div>\n\t\t<div class=\"elementor-element elementor-element-0d9d786 e-con-full e-flex e-con e-parent\" data-id=\"0d9d786\" data-element_type=\"container\">\n\t\t\t\t<div class=\"elementor-element elementor-element-e7b3b30 elementor-widget elementor-widget-heading\" data-id=\"e7b3b30\" data-element_type=\"widget\" data-widget_type=\"heading.default\">\n\t\t\t\t<div class=\"elementor-widget-container\">\n\t\t\t\t\t<h1 class=\"elementor-heading-title elementor-size-default\">Kostenlose Proben<\/h1>\t\t\t\t<\/div>\n\t\t\t\t<\/div>\n\t\t\t\t<div class=\"elementor-element elementor-element-a7f0f04 elementor-list-item-link-full_width elementor-widget elementor-widget-icon-list\" data-id=\"a7f0f04\" data-element_type=\"widget\" data-widget_type=\"icon-list.default\">\n\t\t\t\t<div class=\"elementor-widget-container\">\n\t\t\t\t\t\t\t<ul class=\"elementor-icon-list-items\">\n\t\t\t\t\t\t\t<li class=\"elementor-icon-list-item\">\n\t\t\t\t\t\t\t\t\t\t\t<span class=\"elementor-icon-list-icon\">\n\t\t\t\t\t\t\t<i aria-hidden=\"true\" class=\"fas fa-check-circle\"><\/i>\t\t\t\t\t\t<\/span>\n\t\t\t\t\t\t\t\t\t\t<span class=\"elementor-icon-list-text\">Kaixuan Cutlery kann den Kunden Muster f\u00fcr Qualit\u00e4tstests oder andere Gesch\u00e4ftszwecke anbieten.<\/span>\n\t\t\t\t\t\t\t\t\t<\/li>\n\t\t\t\t\t\t\t\t<li class=\"elementor-icon-list-item\">\n\t\t\t\t\t\t\t\t\t\t\t<span class=\"elementor-icon-list-icon\">\n\t\t\t\t\t\t\t<i aria-hidden=\"true\" class=\"fas fa-check-circle\"><\/i>\t\t\t\t\t\t<\/span>\n\t\t\t\t\t\t\t\t\t\t<span class=\"elementor-icon-list-text\">Handelt es sich bei dem Muster um ein bestehendes Besteck aus rostfreiem Stahl, k\u00f6nnen wir es innerhalb von zwei Tagen verschicken. Bitte wenden Sie sich an unseren Vertriebsmitarbeiter, wenn Sie individuelle Muster ben\u00f6tigen.<\/span>\n\t\t\t\t\t\t\t\t\t<\/li>\n\t\t\t\t\t\t\t\t<li class=\"elementor-icon-list-item\">\n\t\t\t\t\t\t\t\t\t\t\t<span class=\"elementor-icon-list-icon\">\n\t\t\t\t\t\t\t<i aria-hidden=\"true\" class=\"fas fa-check-circle\"><\/i>\t\t\t\t\t\t<\/span>\n\t\t\t\t\t\t\t\t\t\t<span class=\"elementor-icon-list-text\">Hinterlassen Sie einfach Ihre E-Mail-Adresse oder andere Kontaktinformationen bei uns, und einer unserer Vertriebsmitarbeiter wird sich mit Ihnen in Verbindung setzen und Ihnen so schnell wie m\u00f6glich eine professionelle Antwort geben.<\/span>\n\t\t\t\t\t\t\t\t\t<\/li>\n\t\t\t\t\t\t<\/ul>\n\t\t\t\t\t\t<\/div>\n\t\t\t\t<\/div>\n\t\t\t\t<\/div>\n\t\t\t\t<\/div>\n\t\t<div class=\"elementor-element elementor-element-616690c e-flex e-con-boxed e-con e-parent\" data-id=\"616690c\" data-element_type=\"container\">\n\t\t\t\t\t<div class=\"e-con-inner\">\n\t\t\t\t<div class=\"elementor-element elementor-element-0571a08 elementor-widget elementor-widget-heading\" data-id=\"0571a08\" data-element_type=\"widget\" data-widget_type=\"heading.default\">\n\t\t\t\t<div class=\"elementor-widget-container\">\n\t\t\t\t\t<h1 class=\"elementor-heading-title elementor-size-default\">Produktionsprozess<\/h1>\t\t\t\t<\/div>\n\t\t\t\t<\/div>\n\t\t\t\t<div class=\"elementor-element elementor-element-6235f8c elementor-widget elementor-widget-text-editor\" data-id=\"6235f8c\" data-element_type=\"widget\" data-widget_type=\"text-editor.default\">\n\t\t\t\t<div class=\"elementor-widget-container\">\n\t\t\t\t\t\t\t\t\t<p>Ergreifen Sie jedes Glied und bauen Sie die Welt mit Qualit\u00e4t auf. Hier ist unsere Edelstahl-Besteck Produktionsprozess f\u00fcr Informationen, wird dies helfen, Kunden wissen besser \u00fcber die Fabrik und Produkte.<\/p>\t\t\t\t\t\t\t\t<\/div>\n\t\t\t\t<\/div>\n\t\t\t\t<div class=\"elementor-element elementor-element-cafc85d elementor-arrows-position-outside elementor-pagination-position-outside elementor-widget elementor-widget-image-carousel\" data-id=\"cafc85d\" data-element_type=\"widget\" data-settings=\"{&quot;slides_to_show&quot;:&quot;2&quot;,&quot;slides_to_show_tablet&quot;:&quot;1&quot;,&quot;slides_to_show_mobile&quot;:&quot;1&quot;,&quot;autoplay_speed&quot;:3000,&quot;image_spacing_custom&quot;:{&quot;unit&quot;:&quot;px&quot;,&quot;size&quot;:30,&quot;sizes&quot;:[]},&quot;navigation&quot;:&quot;both&quot;,&quot;autoplay&quot;:&quot;yes&quot;,&quot;pause_on_hover&quot;:&quot;yes&quot;,&quot;pause_on_interaction&quot;:&quot;yes&quot;,&quot;infinite&quot;:&quot;yes&quot;,&quot;speed&quot;:500}\" data-widget_type=\"image-carousel.default\">\n\t\t\t\t<div class=\"elementor-widget-container\">\n\t\t\t\t\t\t\t<div class=\"elementor-image-carousel-wrapper swiper\" role=\"region\" aria-roledescription=\"carousel\" aria-label=\"Bild-Karussell\" dir=\"ltr\">\n\t\t\t<div class=\"elementor-image-carousel swiper-wrapper\" aria-live=\"off\">\n\t\t\t\t\t\t\t\t<div class=\"swiper-slide\" role=\"group\" aria-roledescription=\"slide\" aria-label=\"1 von 9\"><figure class=\"swiper-slide-inner\"><img decoding=\"async\" class=\"swiper-slide-image\" src=\"https:\/\/www.gdkaixuan.com\/wp-content\/uploads\/2023\/04\/kaixuan-cutlery-production-process1.webp\" alt=\"kaixuan besteck-herstellungsprozess1\" \/><\/figure><\/div><div class=\"swiper-slide\" role=\"group\" aria-roledescription=\"slide\" aria-label=\"2 von 9\"><figure class=\"swiper-slide-inner\"><img decoding=\"async\" class=\"swiper-slide-image\" src=\"https:\/\/www.gdkaixuan.com\/wp-content\/uploads\/2023\/04\/kaixuan-cutlery-production-process2.webp\" alt=\"kaixuan besteck produktion-prozess2\" \/><\/figure><\/div><div class=\"swiper-slide\" role=\"group\" aria-roledescription=\"slide\" aria-label=\"3 von 9\"><figure class=\"swiper-slide-inner\"><img decoding=\"async\" class=\"swiper-slide-image\" src=\"https:\/\/www.gdkaixuan.com\/wp-content\/uploads\/2023\/04\/kaixuan-cutlery-production-process3.webp\" alt=\"kaixuan besteck produktion-prozess3\" \/><\/figure><\/div><div class=\"swiper-slide\" role=\"group\" aria-roledescription=\"slide\" aria-label=\"4 von 9\"><figure class=\"swiper-slide-inner\"><img decoding=\"async\" class=\"swiper-slide-image\" src=\"https:\/\/www.gdkaixuan.com\/wp-content\/uploads\/2023\/04\/kaixuan-cutlery-production-process4.webp\" alt=\"kaixuan besteck produktionsprozess4\" \/><\/figure><\/div><div class=\"swiper-slide\" role=\"group\" aria-roledescription=\"slide\" aria-label=\"5 von 9\"><figure class=\"swiper-slide-inner\"><img decoding=\"async\" class=\"swiper-slide-image\" src=\"https:\/\/www.gdkaixuan.com\/wp-content\/uploads\/2023\/04\/kaixuan-cutlery-production-process5.webp\" alt=\"kaixuan besteck-herstellungsprozess5\" \/><\/figure><\/div><div class=\"swiper-slide\" role=\"group\" aria-roledescription=\"slide\" aria-label=\"6 von 9\"><figure class=\"swiper-slide-inner\"><img decoding=\"async\" class=\"swiper-slide-image\" src=\"https:\/\/www.gdkaixuan.com\/wp-content\/uploads\/2023\/04\/kaixuan-cutlery-production-process6.webp\" alt=\"kaixuan besteck produktionsprozess6\" \/><\/figure><\/div><div class=\"swiper-slide\" role=\"group\" aria-roledescription=\"slide\" aria-label=\"7 von 9\"><figure class=\"swiper-slide-inner\"><img decoding=\"async\" class=\"swiper-slide-image\" src=\"https:\/\/www.gdkaixuan.com\/wp-content\/uploads\/2023\/04\/kaixuan-cutlery-production-process7.webp\" alt=\"kaixuan besteck-herstellungsprozess7\" \/><\/figure><\/div><div class=\"swiper-slide\" role=\"group\" aria-roledescription=\"slide\" aria-label=\"8 von 9\"><figure class=\"swiper-slide-inner\"><img decoding=\"async\" class=\"swiper-slide-image\" src=\"https:\/\/www.gdkaixuan.com\/wp-content\/uploads\/2023\/04\/kaixuan-cutlery-production-process8.webp\" alt=\"kaixuan besteck-herstellungsprozess8\" \/><\/figure><\/div><div class=\"swiper-slide\" role=\"group\" aria-roledescription=\"slide\" aria-label=\"9 von 9\"><figure class=\"swiper-slide-inner\"><img decoding=\"async\" class=\"swiper-slide-image\" src=\"https:\/\/www.gdkaixuan.com\/wp-content\/uploads\/2023\/04\/kaixuan-cutlery-production-process9.webp\" alt=\"kaixuan besteck-herstellungsprozess9\" \/><\/figure><\/div>\t\t\t<\/div>\n\t\t\t\t\t\t\t\t\t\t\t\t<div class=\"elementor-swiper-button elementor-swiper-button-prev\" role=\"button\" tabindex=\"0\">\n\t\t\t\t\t\t<i aria-hidden=\"true\" class=\"fas fa-angle-double-left\"><\/i>\t\t\t\t\t<\/div>\n\t\t\t\t\t<div class=\"elementor-swiper-button elementor-swiper-button-next\" role=\"button\" tabindex=\"0\">\n\t\t\t\t\t\t<i aria-hidden=\"true\" class=\"fas fa-angle-double-right\"><\/i>\t\t\t\t\t<\/div>\n\t\t\t\t\n\t\t\t\t\t\t\t\t\t<div class=\"swiper-pagination\"><\/div>\n\t\t\t\t\t\t\t\t\t<\/div>\n\t\t\t\t\t\t<\/div>\n\t\t\t\t<\/div>\n\t\t\t\t\t<\/div>\n\t\t\t\t<\/div>\n\t\t\t\t<\/div>","protected":false},"excerpt":{"rendered":"<p>KUNDENANPASSUNG Home WARUM W\u00c4HLEN SIE UNS Wir bieten OEM\/ODM und kundenspezifische Bestecke an, was unser Kerngesch\u00e4ft ist. Wir k\u00f6nnen die Form, das Logo, das Material und die Verarbeitung entsprechend Ihren Anforderungen anpassen. Produktvielfalt Die Produktpalette, die wir im Bereich Besteck und K\u00fcchenger\u00e4te anbieten, wird durch Dutzende der neuesten Produkte aktualisiert. Hohe Qualit\u00e4t Kaixuan wird sich bem\u00fchen, Ihre W\u00fcnsche zu erf\u00fcllen [...]<\/p>","protected":false},"author":2,"featured_media":0,"parent":0,"menu_order":0,"comment_status":"closed","ping_status":"closed","template":"","meta":{"_seopress_robots_primary_cat":"","_seopress_titles_title":"Custom stainless steel cutlery &amp; flatware sets - Kaixuan","_seopress_titles_desc":"Kaixuan provide OEM\/ODM and custom cutlery service, which is our core business. We can customize the shape, logo, material, process according to your requirements.","_seopress_robots_index":"","footnotes":""},"_links":{"self":[{"href":"https:\/\/www.gdkaixuan.com\/de\/wp-json\/wp\/v2\/pages\/69"}],"collection":[{"href":"https:\/\/www.gdkaixuan.com\/de\/wp-json\/wp\/v2\/pages"}],"about":[{"href":"https:\/\/www.gdkaixuan.com\/de\/wp-json\/wp\/v2\/types\/page"}],"author":[{"embeddable":true,"href":"https:\/\/www.gdkaixuan.com\/de\/wp-json\/wp\/v2\/users\/2"}],"replies":[{"embeddable":true,"href":"https:\/\/www.gdkaixuan.com\/de\/wp-json\/wp\/v2\/comments?post=69"}],"version-history":[{"count":52,"href":"https:\/\/www.gdkaixuan.com\/de\/wp-json\/wp\/v2\/pages\/69\/revisions"}],"predecessor-version":[{"id":1580,"href":"https:\/\/www.gdkaixuan.com\/de\/wp-json\/wp\/v2\/pages\/69\/revisions\/1580"}],"wp:attachment":[{"href":"https:\/\/www.gdkaixuan.com\/de\/wp-json\/wp\/v2\/media?parent=69"}],"curies":[{"name":"wp","href":"https:\/\/api.w.org\/{rel}","templated":true}]}}